{"id":703,"date":"2024-09-27T09:08:04","date_gmt":"2024-09-27T09:08:04","guid":{"rendered":"https:\/\/www.gdwanjiada.net\/?post_type=product&#038;p=703"},"modified":"2025-12-17T07:12:16","modified_gmt":"2025-12-17T07:12:16","slug":"wholesale-smart-air-purifier","status":"publish","type":"product","link":"https:\/\/www.gdwanjiada.net\/fr\/produit\/wholesale-smart-air-purifier\/","title":{"rendered":"Wholesale Smart Air Purifier With Fan And H11 Filter Element (Purificateur d'air intelligent avec ventilateur et \u00e9l\u00e9ment filtrant H11)"},"content":{"rendered":"<h3 class=\"wp-block-heading has-text-align-center\">Sp\u00e9cifications du purificateur d'air Wholesale Smart<\/h3><figure class=\"wp-block-table\"><table class=\"has-fixed-layout\"><tbody><tr><td rowspan=\"2\">Mod\u00e8le<\/td><td rowspan=\"2\">Puissance (w)<\/td><td rowspan=\"2\">Volt\/Freq<\/td><td rowspan=\"2\">Zone d'application (\u33a1)<\/td><td rowspan=\"2\">R\u00e9servoir d'eau (L)<\/td><td rowspan=\"2\">Capacit\u00e9 d'\u00e9vaporation (ml\/h)<\/td><td rowspan=\"2\">Taille du produit<br>(mm)<\/td><td rowspan=\"2\">Taille de l'emballage<br>(mm)<\/td><td rowspan=\"2\">N.W. (kg)<\/td><td rowspan=\"2\">Poids (kg)<\/td><td colspan=\"2\">Chargement Qt\u00e9(pcs)<\/td><\/tr><tr><td>20'GP<\/td><td>40'HQ<\/td><\/tr><tr><td>WJD8060B<\/td><td>55<\/td><td>220V\/50Hz<\/td><td>60<\/td><td>\/<\/td><td>\/<\/td><td>250*250*610<\/td><td>295*295*660<\/td><td>4.9<\/td><td>5.9<\/td><td>520<\/td><td>1280<\/td><\/tr><\/tbody><\/table><\/figure><div class=\"wp-block-columns is-layout-flex wp-container-core-columns-is-layout-9d6595d7 wp-block-columns-is-layout-flex\"><div class=\"wp-block-column is-layout-flow wp-block-column-is-layout-flow\" style=\"flex-basis:50%\"><h3 class=\"wp-block-heading has-text-align-left\">Avantages du purificateur d'air intelligent en gros<\/h3>\n\n<ul class=\"wp-block-list\"><li><strong>Fonctionnement par touche intelligente et par t\u00e9l\u00e9commande :<\/strong> Notre purificateur d'air intelligent est \u00e9quip\u00e9 d'un \u00e9cran tactile et d'une t\u00e9l\u00e9commande. Les utilisateurs peuvent facilement contr\u00f4ler l'appareil, r\u00e9gler la vitesse du vent ou changer de fonction en fonction de leurs besoins, et l'utilisation est pratique.<\/li>\n\n<li><strong>D\u00e9tection intelligente de la qualit\u00e9 de l'air : <\/strong>Nos purificateurs d'air avec ventilateurs sont dot\u00e9s d'un syst\u00e8me intelligent de d\u00e9tection de la qualit\u00e9 de l'air, qui surveille les conditions de l'air int\u00e9rieur en temps r\u00e9el et ajuste automatiquement le mode de purification pour vous offrir un environnement frais et propre.<\/li>\n\n<li><strong>R\u00e9glage de la vitesse du vent \u00e0 trois vitesses : <\/strong>Ce purificateur d'air intelligent en gros dispose de trois vitesses de vent au choix. Les utilisateurs peuvent ajuster la vitesse du vent en fonction des diff\u00e9rents besoins environnementaux pour assurer une circulation d'air confortable.<\/li>\n\n<li><strong>Purification efficace + \u00e9limination du formald\u00e9hyde + fonction ventilateur : <\/strong>Nos purificateurs d'air en gros avec ventilateurs sont \u00e9quip\u00e9s de filtres H11, qui peuvent purifier efficacement l'air, \u00e9liminer le formald\u00e9hyde et les substances nocives, et ont des fonctions de ventilateur pour rendre l'air frais et naturel.<\/li><\/ul><\/div>\n\n<div class=\"wp-block-column is-layout-flow wp-block-column-is-layout-flow\"><figure class=\"wp-block-image size-full\"><img decoding=\"async\" width=\"800\" height=\"800\" src=\"https:\/\/www.gdwanjiada.net\/wp-content\/uploads\/2024\/09\/Wholesale-Smart-Air-Purifier-With-Fan-And-H11-Filter-Element-9.webp\" alt=\"Wholesale Smart Air Purifier With Fan And H11 Filter Element-9 (Purificateur d&#039;air intelligent avec ventilateur et filtre H11)\" class=\"wp-image-712\" srcset=\"https:\/\/www.gdwanjiada.net\/wp-content\/uploads\/2024\/09\/Wholesale-Smart-Air-Purifier-With-Fan-And-H11-Filter-Element-9.webp 800w, https:\/\/www.gdwanjiada.net\/wp-content\/uploads\/2024\/09\/Wholesale-Smart-Air-Purifier-With-Fan-And-H11-Filter-Element-9-300x300.webp 300w, https:\/\/www.gdwanjiada.net\/wp-content\/uploads\/2024\/09\/Wholesale-Smart-Air-Purifier-With-Fan-And-H11-Filter-Element-9-150x150.webp 150w, https:\/\/www.gdwanjiada.net\/wp-content\/uploads\/2024\/09\/Wholesale-Smart-Air-Purifier-With-Fan-And-H11-Filter-Element-9-768x768.webp 768w, https:\/\/www.gdwanjiada.net\/wp-content\/uploads\/2024\/09\/Wholesale-Smart-Air-Purifier-With-Fan-And-H11-Filter-Element-9-600x600.webp 600w, https:\/\/www.gdwanjiada.net\/wp-content\/uploads\/2024\/09\/Wholesale-Smart-Air-Purifier-With-Fan-And-H11-Filter-Element-9-100x100.webp 100w\" sizes=\"(max-width: 800px) 100vw, 800px\" \/><\/figure><\/div><\/div>","protected":false},"excerpt":{"rendered":"<p>Nous vous invitons \u00e0 acheter en gros des purificateurs d'air avec ventilateurs. Notre purificateur d'air intelligent en gros int\u00e8gre des op\u00e9rations tactiles et de contr\u00f4le \u00e0 distance, et est \u00e9quip\u00e9 d'un syst\u00e8me intelligent de d\u00e9tection de la qualit\u00e9 de l'air pour assurer la surveillance en temps r\u00e9el et l'optimisation de la qualit\u00e9 de l'air. Le couvercle arri\u00e8re amovible facilite le nettoyage de l'\u00e9l\u00e9ment filtrant et constitue une solution id\u00e9ale pour la purification de l'air int\u00e9rieur.<\/p>\n<h2>Caract\u00e9ristiques du produit\uff1a<\/h2>\n<ul>\n<li>Panneau de commande tactile, t\u00e9l\u00e9commande infrarouge.<\/li>\n<li>D\u00e9tection intelligente de la qualit\u00e9 de l'air, affichage de la temp\u00e9rature et de l'humidit\u00e9.<\/li>\n<li>Trois vitesses de vent au choix.<\/li>\n<li>Gauche-droite par pivotement automatique, Haut-bas par r\u00e9glage de l'angle directionnel (0\u00b0\/30\u00b0\/60\u00b0\/90\u00b0) du ventilateur de circulation d'air.<\/li>\n<li>Vent fort pour la circulation de l'air, arriv\u00e9e d'air de 8 m, entreprise de climatisation.<\/li>\n<li>Fonction anionique, purifie l'air.<\/li>\n<li>Poign\u00e9e cach\u00e9e, facile \u00e0 transporter.<\/li>\n<li>Panneau arri\u00e8re amovible, facilitant le nettoyage de l'\u00e9l\u00e9ment filtrant.<\/li>\n<li>Purification\/\u00e9limination du formald\u00e9hyde + ventilateur<\/li>\n<\/ul>","protected":false},"featured_media":707,"comment_status":"closed","ping_status":"closed","template":"","meta":{"_acf_changed":false},"product_brand":[],"product_cat":[25],"product_tag":[],"class_list":{"0":"post-703","1":"product","2":"type-product","3":"status-publish","4":"has-post-thumbnail","6":"product_cat-wholesale-air-purifiers","8":"first","9":"instock","10":"shipping-taxable","11":"product-type-simple"},"acf":[],"_links":{"self":[{"href":"https:\/\/www.gdwanjiada.net\/fr\/wp-json\/wp\/v2\/product\/703","targetHints":{"allow":["GET"]}}],"collection":[{"href":"https:\/\/www.gdwanjiada.net\/fr\/wp-json\/wp\/v2\/product"}],"about":[{"href":"https:\/\/www.gdwanjiada.net\/fr\/wp-json\/wp\/v2\/types\/product"}],"replies":[{"embeddable":true,"href":"https:\/\/www.gdwanjiada.net\/fr\/wp-json\/wp\/v2\/comments?post=703"}],"wp:featuredmedia":[{"embeddable":true,"href":"https:\/\/www.gdwanjiada.net\/fr\/wp-json\/wp\/v2\/media\/707"}],"wp:attachment":[{"href":"https:\/\/www.gdwanjiada.net\/fr\/wp-json\/wp\/v2\/media?parent=703"}],"wp:term":[{"taxonomy":"product_brand","embeddable":true,"href":"https:\/\/www.gdwanjiada.net\/fr\/wp-json\/wp\/v2\/product_brand?post=703"},{"taxonomy":"product_cat","embeddable":true,"href":"https:\/\/www.gdwanjiada.net\/fr\/wp-json\/wp\/v2\/product_cat?post=703"},{"taxonomy":"product_tag","embeddable":true,"href":"https:\/\/www.gdwanjiada.net\/fr\/wp-json\/wp\/v2\/product_tag?post=703"}],"curies":[{"name":"wp","href":"https:\/\/api.w.org\/{rel}","templated":true}]}}