{"id":683,"date":"2024-09-27T08:53:47","date_gmt":"2024-09-27T08:53:47","guid":{"rendered":"https:\/\/www.gdwanjiada.net\/?post_type=product&#038;p=683"},"modified":"2025-12-17T07:09:35","modified_gmt":"2025-12-17T07:09:35","slug":"wholesale-air-purifier-with-humidifier","status":"publish","type":"product","link":"https:\/\/www.gdwanjiada.net\/fr\/produit\/wholesale-air-purifier-with-humidifier\/","title":{"rendered":"Wholesale Air Purifier With Humidifier and Fan, Water Tank (Purificateur d'air avec humidificateur et ventilateur, r\u00e9servoir d'eau)"},"content":{"rendered":"<h3 class=\"wp-block-heading has-text-align-center\">Sp\u00e9cifications du purificateur d'air en gros<\/h3><figure class=\"wp-block-table\"><table class=\"has-fixed-layout\"><tbody><tr><td rowspan=\"2\">Mod\u00e8le<\/td><td rowspan=\"2\">Puissance (w)<\/td><td rowspan=\"2\">Volt\/Freq<\/td><td rowspan=\"2\">Zone d'application (\u33a1)<\/td><td rowspan=\"2\">R\u00e9servoir d'eau (L)<\/td><td rowspan=\"2\">Capacit\u00e9 d'\u00e9vaporation (ml\/h)<\/td><td rowspan=\"2\">Taille du produit<br>(mm)<\/td><td rowspan=\"2\">Taille de l'emballage<br>(mm)<\/td><td rowspan=\"2\">N.W. (kg)<\/td><td rowspan=\"2\">Poids (kg)<\/td><td colspan=\"2\">Chargement Qt\u00e9(pcs)<\/td><\/tr><tr><td>20'GP<\/td><td>40'HQ<\/td><\/tr><tr><td>WJD8060A<\/td><td>55<\/td><td>220V\/50Hz<\/td><td>60<\/td><td>3.6<\/td><td>300<\/td><td>250*250*610<\/td><td>295*295*660<\/td><td>4.9<\/td><td>5.9<\/td><td>520<\/td><td>1280<\/td><\/tr><\/tbody><\/table><\/figure><div class=\"wp-block-columns is-layout-flex wp-container-core-columns-is-layout-9d6595d7 wp-block-columns-is-layout-flex\"><div class=\"wp-block-column is-layout-flow wp-block-column-is-layout-flow\" style=\"flex-basis:50%\"><h3 class=\"wp-block-heading has-text-align-left\">Avantages des purificateurs d'air en gros<\/h3>\n\n<ul class=\"wp-block-list\"><li><strong>R\u00e9glage de la vitesse du vent \u00e0 trois vitesses : <\/strong>Notre purificateur d'air en gros avec ventilateur offre trois options de vitesse. Les utilisateurs peuvent r\u00e9gler l'intensit\u00e9 du vent en fonction de leurs besoins pour s'adapter \u00e0 diff\u00e9rents environnements int\u00e9rieurs, qu'il s'agisse d'une ventilation l\u00e9g\u00e8re ou d'un apport d'air puissant.<\/li>\n\n<li><strong>Multi-fonctions en un : <\/strong>Ce ventilateur de purification en gros int\u00e8gre des fonctions de purification de l'air, d'\u00e9limination du formald\u00e9hyde, d'humidification et de ventilation. Gr\u00e2ce \u00e0 un puissant syst\u00e8me de purification, il \u00e9limine efficacement les substances nocives pr\u00e9sentes dans l'air, tout en augmentant l'humidit\u00e9 de l'air pour rendre l'air int\u00e9rieur plus frais.<\/li>\n\n<li><strong>Humidification sans brouillard : <\/strong>Notre purificateur d'air en gros avec ventilateur adopte une technologie d'humidification sans brouillard, qui peut fournir une humidification importante sans mouiller le sol. Il est particuli\u00e8rement adapt\u00e9 \u00e0 une utilisation dans un environnement int\u00e9rieur propre pour am\u00e9liorer le confort.<\/li>\n\n<li><strong>Humidification continue pendant 12 heures : <\/strong>Ce ventilateur de purification en gros est dot\u00e9 d'un r\u00e9servoir d'eau int\u00e9gr\u00e9 de grande capacit\u00e9 (3,6 litres). Une fois rempli d'eau, il peut \u00eatre utilis\u00e9 en continu pendant environ 12 heures. Il convient \u00e0 un fonctionnement \u00e0 long terme, r\u00e9duisant les probl\u00e8mes li\u00e9s \u00e0 l'ajout fr\u00e9quent d'eau, et convient \u00e0 une utilisation par tous les temps dans les maisons ou les bureaux.<\/li><\/ul><\/div>\n\n<div class=\"wp-block-column is-layout-flow wp-block-column-is-layout-flow\"><figure class=\"wp-block-image size-full\"><img decoding=\"async\" width=\"800\" height=\"800\" src=\"https:\/\/www.gdwanjiada.net\/wp-content\/uploads\/2024\/09\/Wholesale-Air-Purifier-With-Humidifier-and-Fan-3.6L-Water-Tank-7.webp\" alt=\"Wholesale Air Purifier With Humidifier and Fan, 3.6L Water Tank-7\" class=\"wp-image-697\" srcset=\"https:\/\/www.gdwanjiada.net\/wp-content\/uploads\/2024\/09\/Wholesale-Air-Purifier-With-Humidifier-and-Fan-3.6L-Water-Tank-7.webp 800w, https:\/\/www.gdwanjiada.net\/wp-content\/uploads\/2024\/09\/Wholesale-Air-Purifier-With-Humidifier-and-Fan-3.6L-Water-Tank-7-300x300.webp 300w, https:\/\/www.gdwanjiada.net\/wp-content\/uploads\/2024\/09\/Wholesale-Air-Purifier-With-Humidifier-and-Fan-3.6L-Water-Tank-7-150x150.webp 150w, https:\/\/www.gdwanjiada.net\/wp-content\/uploads\/2024\/09\/Wholesale-Air-Purifier-With-Humidifier-and-Fan-3.6L-Water-Tank-7-768x768.webp 768w, https:\/\/www.gdwanjiada.net\/wp-content\/uploads\/2024\/09\/Wholesale-Air-Purifier-With-Humidifier-and-Fan-3.6L-Water-Tank-7-600x600.webp 600w, https:\/\/www.gdwanjiada.net\/wp-content\/uploads\/2024\/09\/Wholesale-Air-Purifier-With-Humidifier-and-Fan-3.6L-Water-Tank-7-100x100.webp 100w\" sizes=\"(max-width: 800px) 100vw, 800px\" \/><\/figure><\/div><\/div>","protected":false},"excerpt":{"rendered":"<p>Bienvenue dans l'achat de ventilateurs de purification en gros. Notre purificateur d'air en gros int\u00e8gre les fonctions de purification, d'\u00e9limination du formald\u00e9hyde, d'humidification et de ventilation, et offre trois options de r\u00e9glage de la vitesse du vent pour garantir un air pur et humide et une diffusion de l'air sur de longues distances. C'est un choix id\u00e9al pour la maison et le bureau.<\/p>\n<h2>Caract\u00e9ristiques du produit\uff1a<\/h2>\n<ul>\n<li>Panneau de commande tactile, t\u00e9l\u00e9commande infrarouge.<\/li>\n<li>D\u00e9tection intelligente de la qualit\u00e9 de l'air, affichage de la temp\u00e9rature et de l'humidit\u00e9.<\/li>\n<li>Trois vitesses d'enroulement au choix.<\/li>\n<li>Gauche-droite par pivotement automatique, Haut-bas par r\u00e9glage de l'angle directionnel (0\u00b0\/30\u00b0\/60\u00b0\/90\u00b0) du ventilateur de circulation d'air.<\/li>\n<li>Vent fort pour la circulation de l'air, arriv\u00e9e d'air de 8 m, entreprise de climatisation.<\/li>\n<li>Fonction anionique, purifie l'air.<\/li>\n<li>Poign\u00e9e cach\u00e9e, facile \u00e0 transporter.<\/li>\n<li>Panneau arri\u00e8re amovible, facilitant le nettoyage de l'\u00e9l\u00e9ment filtrant.<\/li>\n<li>Purification\/\u00e9limination du formald\u00e9hyde + humidification + ventilateur.<\/li>\n<li>Humidification sans brume, grande capacit\u00e9 d'humidification, fourniture d'air pur sur de longues distances, sans mouiller le sol.<\/li>\n<li>Grand r\u00e9servoir d'eau, disponible pendant 12 heures avec de l'eau pleine.<\/li>\n<\/ul>","protected":false},"featured_media":693,"comment_status":"closed","ping_status":"closed","template":"","meta":{"_acf_changed":false},"product_brand":[],"product_cat":[25],"product_tag":[],"class_list":{"0":"post-683","1":"product","2":"type-product","3":"status-publish","4":"has-post-thumbnail","6":"product_cat-wholesale-air-purifiers","8":"first","9":"instock","10":"shipping-taxable","11":"product-type-simple"},"acf":[],"_links":{"self":[{"href":"https:\/\/www.gdwanjiada.net\/fr\/wp-json\/wp\/v2\/product\/683","targetHints":{"allow":["GET"]}}],"collection":[{"href":"https:\/\/www.gdwanjiada.net\/fr\/wp-json\/wp\/v2\/product"}],"about":[{"href":"https:\/\/www.gdwanjiada.net\/fr\/wp-json\/wp\/v2\/types\/product"}],"replies":[{"embeddable":true,"href":"https:\/\/www.gdwanjiada.net\/fr\/wp-json\/wp\/v2\/comments?post=683"}],"wp:featuredmedia":[{"embeddable":true,"href":"https:\/\/www.gdwanjiada.net\/fr\/wp-json\/wp\/v2\/media\/693"}],"wp:attachment":[{"href":"https:\/\/www.gdwanjiada.net\/fr\/wp-json\/wp\/v2\/media?parent=683"}],"wp:term":[{"taxonomy":"product_brand","embeddable":true,"href":"https:\/\/www.gdwanjiada.net\/fr\/wp-json\/wp\/v2\/product_brand?post=683"},{"taxonomy":"product_cat","embeddable":true,"href":"https:\/\/www.gdwanjiada.net\/fr\/wp-json\/wp\/v2\/product_cat?post=683"},{"taxonomy":"product_tag","embeddable":true,"href":"https:\/\/www.gdwanjiada.net\/fr\/wp-json\/wp\/v2\/product_tag?post=683"}],"curies":[{"name":"wp","href":"https:\/\/api.w.org\/{rel}","templated":true}]}}