{"id":659,"date":"2024-09-27T08:13:38","date_gmt":"2024-09-27T08:13:38","guid":{"rendered":"https:\/\/www.gdwanjiada.net\/?post_type=product&#038;p=659"},"modified":"2025-12-17T07:01:13","modified_gmt":"2025-12-17T07:01:13","slug":"wholesale-air-purifiers-humidifier-fans","status":"publish","type":"product","link":"https:\/\/www.gdwanjiada.net\/fr\/produit\/wholesale-air-purifiers-humidifier-fans\/","title":{"rendered":"Vente en gros de purificateurs d'air et de ventilateurs d'humidification, r\u00e9servoir d'eau de 3,6 litres"},"content":{"rendered":"<h3 class=\"wp-block-heading has-text-align-center\">Sp\u00e9cifications des purificateurs d'air et des ventilateurs d'humidification en gros<\/h3><figure class=\"wp-block-table\"><table class=\"has-fixed-layout\"><tbody><tr><td rowspan=\"2\">Mod\u00e8le<\/td><td rowspan=\"2\">Puissance (w)<\/td><td rowspan=\"2\">Volt\/Freq<\/td><td rowspan=\"2\">Zone d'application (\u33a1)<\/td><td rowspan=\"2\">R\u00e9servoir d'eau (L)<\/td><td rowspan=\"2\">Capacit\u00e9 d'\u00e9vaporation (ml\/h)<\/td><td rowspan=\"2\">Taille du produit<br>(mm)<\/td><td rowspan=\"2\">Taille de l'emballage<br>(mm)<\/td><td rowspan=\"2\">N.W. (kg)<\/td><td rowspan=\"2\">Poids (kg)<\/td><td colspan=\"2\">Chargement Qt\u00e9(pcs)<\/td><\/tr><tr><td>20'GP<\/td><td>40'HQ<\/td><\/tr><tr><td>WJD8050A<\/td><td>55<\/td><td>220V\/50Hz<\/td><td>30<\/td><td>3.6<\/td><td>300<\/td><td>250*250*460<\/td><td>295*295*520<\/td><td>3.8<\/td><td>4.8<\/td><td>680<\/td><td>1600<\/td><\/tr><\/tbody><\/table><\/figure><div class=\"wp-block-columns is-layout-flex wp-container-core-columns-is-layout-9d6595d7 wp-block-columns-is-layout-flex\"><div class=\"wp-block-column is-layout-flow wp-block-column-is-layout-flow\" style=\"flex-basis:50%\"><h3 class=\"wp-block-heading has-text-align-left\">Avantages de la vente en gros de purificateurs d'air et de ventilateurs d'humidification<\/h3>\n\n<ul class=\"wp-block-list\"><li><strong>T\u00e9l\u00e9commande :<\/strong> Nos ventilateurs humidificateurs purificateurs d'air en gros sont \u00e9quip\u00e9s d'une t\u00e9l\u00e9commande, les utilisateurs peuvent facilement op\u00e9rer \u00e0 distance, ajuster diverses fonctions et les r\u00e9glages de vitesse du vent, l'op\u00e9ration est plus pratique et intelligente, et fournit une meilleure exp\u00e9rience utilisateur.<\/li>\n\n<li><strong>Fonction de barre d'oxyg\u00e8ne \u00e0 ions n\u00e9gatifs : <\/strong>Nos ventilateurs purificateurs d'air intelligents sont dot\u00e9s de g\u00e9n\u00e9rateurs d'ions n\u00e9gatifs int\u00e9gr\u00e9s, qui purifient efficacement l'air, \u00e9liminent les substances nocives et les odeurs dans l'air, aident \u00e0 \u00e9liminer le formald\u00e9hyde, la fum\u00e9e et d'autres polluants, am\u00e9liorent la qualit\u00e9 de l'air \u00e0 l'int\u00e9rieur et cr\u00e9ent un environnement de vie plus sain.<\/li>\n\n<li><strong>Conception portative, facile \u00e0 d\u00e9placer : <\/strong>Ces ventilateurs humidificateurs purificateurs d'air en gros adoptent une conception portative \u00e0 rainure cach\u00e9e, les utilisateurs peuvent facilement d\u00e9placer l'\u00e9quipement \u00e0 tout moment, adapt\u00e9 \u00e0 diff\u00e9rentes pi\u00e8ces de la maison ou du bureau, et am\u00e9liorer la praticit\u00e9 et la flexibilit\u00e9 du produit.<\/li>\n\n<li><strong>Humidification sans brouillard, pas de sol mouill\u00e9 : <\/strong>Nos ventilateurs purificateurs d'air intelligents sont \u00e9quip\u00e9s d'un r\u00e9servoir d'eau de grande capacit\u00e9 de 3,6 litres et prennent en charge la technologie d'humidification sans brouillard. Tout en humidifiant efficacement l'air, il ne mouillera pas le sol, garantissant un environnement int\u00e9rieur propre et ordonn\u00e9, particuli\u00e8rement adapt\u00e9 aux espaces qui doivent rester propres.<\/li><\/ul><\/div>\n\n<div class=\"wp-block-column is-layout-flow wp-block-column-is-layout-flow\"><figure class=\"wp-block-image size-full\"><img decoding=\"async\" width=\"800\" height=\"800\" src=\"https:\/\/www.gdwanjiada.net\/wp-content\/uploads\/2024\/09\/Wholesale-Air-Purifiers-Humidifier-Fans-With-3.6L-Water-Tank-7.webp\" alt=\"Wholesale Air Purifiers + Humidifier Fans With 3.6L Water Tank-7\" class=\"wp-image-669\" srcset=\"https:\/\/www.gdwanjiada.net\/wp-content\/uploads\/2024\/09\/Wholesale-Air-Purifiers-Humidifier-Fans-With-3.6L-Water-Tank-7.webp 800w, https:\/\/www.gdwanjiada.net\/wp-content\/uploads\/2024\/09\/Wholesale-Air-Purifiers-Humidifier-Fans-With-3.6L-Water-Tank-7-300x300.webp 300w, https:\/\/www.gdwanjiada.net\/wp-content\/uploads\/2024\/09\/Wholesale-Air-Purifiers-Humidifier-Fans-With-3.6L-Water-Tank-7-150x150.webp 150w, https:\/\/www.gdwanjiada.net\/wp-content\/uploads\/2024\/09\/Wholesale-Air-Purifiers-Humidifier-Fans-With-3.6L-Water-Tank-7-768x768.webp 768w, https:\/\/www.gdwanjiada.net\/wp-content\/uploads\/2024\/09\/Wholesale-Air-Purifiers-Humidifier-Fans-With-3.6L-Water-Tank-7-600x600.webp 600w, https:\/\/www.gdwanjiada.net\/wp-content\/uploads\/2024\/09\/Wholesale-Air-Purifiers-Humidifier-Fans-With-3.6L-Water-Tank-7-100x100.webp 100w\" sizes=\"(max-width: 800px) 100vw, 800px\" \/><\/figure><\/div><\/div>","protected":false},"excerpt":{"rendered":"<p>Bienvenue dans l'achat de ventilateurs purificateurs d'air intelligents. Ce ventilateur humidificateur purificateur d'air en gros avec t\u00e9l\u00e9commande combine la purification par ions n\u00e9gatifs, la conception portable et l'humidification sans brouillard. Le r\u00e9servoir d'eau de grande capacit\u00e9 de 3,6 litres peut fournir 12 heures d'effet d'humidification. Il peut purifier l'air et \u00e9liminer les substances nocives telles que le formald\u00e9hyde, ce qui en fait un choix id\u00e9al pour la maison et le bureau.<\/p>\n<h2>Caract\u00e9ristiques du produit\uff1a<\/h2>\n<ul>\n<li>Panneau de commande tactile, t\u00e9l\u00e9commande infrarouge.<\/li>\n<li>D\u00e9tection intelligente de la qualit\u00e9 de l'air, affichage de la temp\u00e9rature et de l'humidit\u00e9.<\/li>\n<li>Fonction anionique, purifie l'air.<\/li>\n<li>Poign\u00e9e cach\u00e9e, facile \u00e0 transporter.<\/li>\n<li>Panneau arri\u00e8re amovible, facilitant le nettoyage de l'\u00e9l\u00e9ment filtrant.<\/li>\n<li>Purification\/\u00e9limination du formald\u00e9hyde + humidification.<\/li>\n<li>Humidification sans brume, grande capacit\u00e9 d'humidification, ne mouille pas le sol.<\/li>\n<li>Grand r\u00e9servoir d'eau, disponible pendant 12 heures avec de l'eau pleine.<\/li>\n<\/ul>","protected":false},"featured_media":663,"comment_status":"closed","ping_status":"closed","template":"","meta":{"_acf_changed":false},"product_brand":[],"product_cat":[25],"product_tag":[],"class_list":{"0":"post-659","1":"product","2":"type-product","3":"status-publish","4":"has-post-thumbnail","6":"product_cat-wholesale-air-purifiers","8":"first","9":"instock","10":"shipping-taxable","11":"product-type-simple"},"acf":[],"_links":{"self":[{"href":"https:\/\/www.gdwanjiada.net\/fr\/wp-json\/wp\/v2\/product\/659","targetHints":{"allow":["GET"]}}],"collection":[{"href":"https:\/\/www.gdwanjiada.net\/fr\/wp-json\/wp\/v2\/product"}],"about":[{"href":"https:\/\/www.gdwanjiada.net\/fr\/wp-json\/wp\/v2\/types\/product"}],"replies":[{"embeddable":true,"href":"https:\/\/www.gdwanjiada.net\/fr\/wp-json\/wp\/v2\/comments?post=659"}],"wp:featuredmedia":[{"embeddable":true,"href":"https:\/\/www.gdwanjiada.net\/fr\/wp-json\/wp\/v2\/media\/663"}],"wp:attachment":[{"href":"https:\/\/www.gdwanjiada.net\/fr\/wp-json\/wp\/v2\/media?parent=659"}],"wp:term":[{"taxonomy":"product_brand","embeddable":true,"href":"https:\/\/www.gdwanjiada.net\/fr\/wp-json\/wp\/v2\/product_brand?post=659"},{"taxonomy":"product_cat","embeddable":true,"href":"https:\/\/www.gdwanjiada.net\/fr\/wp-json\/wp\/v2\/product_cat?post=659"},{"taxonomy":"product_tag","embeddable":true,"href":"https:\/\/www.gdwanjiada.net\/fr\/wp-json\/wp\/v2\/product_tag?post=659"}],"curies":[{"name":"wp","href":"https:\/\/api.w.org\/{rel}","templated":true}]}}