{"id":647,"date":"2024-09-27T07:39:06","date_gmt":"2024-09-27T07:39:06","guid":{"rendered":"https:\/\/www.gdwanjiada.net\/?post_type=product&#038;p=647"},"modified":"2024-09-27T07:59:08","modified_gmt":"2024-09-27T07:59:08","slug":"circulation-fans-wholesale","status":"publish","type":"product","link":"https:\/\/www.gdwanjiada.net\/fr\/produit\/circulation-fans-wholesale\/","title":{"rendered":"Ventilateurs de circulation turbo puissants Wholesale, Ventilateurs oscillants"},"content":{"rendered":"<h3 class=\"wp-block-heading has-text-align-center\">Sp\u00e9cifications des ventilateurs de circulation en gros<\/h3><figure class=\"wp-block-table\"><table class=\"has-fixed-layout\"><tbody><tr><td rowspan=\"2\">Mod\u00e8le<\/td><td rowspan=\"2\">Puissance (w)<\/td><td rowspan=\"2\">Volt\/Freq<\/td><td colspan=\"5\">Emballage<\/td><td colspan=\"2\">Chargement Qt\u00e9 (pcs)<\/td><\/tr><tr><td>Taille du produit (mm)<\/td><td>237*237*308<\/td><td>N.W. (kg)<\/td><td>Poids (kg)<\/td><td>Qt\u00e9 d'emballage (pcs)<\/td><td>20'GP<\/td><td>40'HQ<\/td><\/tr><tr><td rowspan=\"2\">WJD18A<\/td><td rowspan=\"2\">40<\/td><td rowspan=\"2\">220V\/50Hz<\/td><td>Bo\u00eete int\u00e9rieure (mm)<\/td><td>255*255*335<\/td><td>1.5<\/td><td>1.88<\/td><td>1<\/td><td>1230 pi\u00e8ces<\/td><td>2952 pi\u00e8ces<\/td><\/tr><tr><td>Carton (mm)<\/td><td>785*260*690<\/td><td>11.3<\/td><td>12.3<\/td><td>6<\/td><td>205 ctns<\/td><td>492 ctns<\/td><\/tr><\/tbody><\/table><\/figure><div class=\"wp-block-columns is-layout-flex wp-container-core-columns-is-layout-9d6595d7 wp-block-columns-is-layout-flex\"><div class=\"wp-block-column is-layout-flow wp-block-column-is-layout-flow\" style=\"flex-basis:50%\"><h3 class=\"wp-block-heading has-text-align-left\">Avantages des ventilateurs de circulation (vente en gros)<\/h3>\n\n<ul class=\"wp-block-list\"><li><strong>Conception compacte : <\/strong>Ces ventilateurs de circulation turbo en gros adoptent un design compact, qui ne prend pas trop de place. Ils peuvent \u00eatre plac\u00e9s sur le bureau, au sol ou ailleurs, ce qui permet aux utilisateurs de les d\u00e9placer et de les utiliser de mani\u00e8re flexible, et d'am\u00e9liorer le confort de l'environnement de la maison ou du bureau.<\/li>\n\n<li><strong>R\u00e9glage du vent \u00e0 trois vitesses :<\/strong> Ces ventilateurs de refroidissement \u00e9lectriques en gros offrent une fonction de r\u00e9glage du vent \u00e0 trois vitesses. Les utilisateurs peuvent choisir librement la vitesse du vent en fonction de leurs pr\u00e9f\u00e9rences personnelles ou des conditions m\u00e9t\u00e9orologiques, profiter d'un vent doux, d'un vent moyen ou d'un vent fort, et r\u00e9pondre \u00e0 divers besoins de refroidissement.<\/li>\n\n<li><strong>Forte capacit\u00e9 d'alimentation en air : <\/strong>Nos ventilateurs de circulation en gros sont dot\u00e9s d'une forte puissance \u00e9olienne et la distance d'alimentation en air peut atteindre 6 m\u00e8tres. Ils peuvent rapidement favoriser la circulation de l'air \u00e0 l'int\u00e9rieur et remplir toute la pi\u00e8ce d'un flux d'air frais, ce qui est particuli\u00e8rement adapt\u00e9 \u00e0 l'utilisation en \u00e9t\u00e9.<\/li>\n\n<li><strong>Fonction d'arr\u00eat temporis\u00e9 :<\/strong> Nos ventilateurs \u00e9lectriques de refroidissement en gros sont \u00e9quip\u00e9s d'une fonction d'arr\u00eat programm\u00e9. Les utilisateurs peuvent pr\u00e9r\u00e9gler l'heure d'arr\u00eat en fonction de l'utilisation r\u00e9elle pour \u00e9viter de gaspiller de l'\u00e9lectricit\u00e9. Il est plus s\u00fbr et plus intelligent \u00e0 utiliser, et convient pour une utilisation nocturne ou \u00e0 long terme.<\/li><\/ul><\/div>\n\n<div class=\"wp-block-column is-layout-flow wp-block-column-is-layout-flow\"><figure class=\"wp-block-image size-full\"><img decoding=\"async\" width=\"800\" height=\"800\" src=\"https:\/\/www.gdwanjiada.net\/wp-content\/uploads\/2024\/09\/Powerful-Turbo-Circulation-Fan-Wholesale-Electric-Cooling-Fans-2.webp\" alt=\"Ventilateur de circulation turbo puissant Wholesale, Ventilateurs de refroidissement \u00e9lectriques-2\" class=\"wp-image-649\" srcset=\"https:\/\/www.gdwanjiada.net\/wp-content\/uploads\/2024\/09\/Powerful-Turbo-Circulation-Fan-Wholesale-Electric-Cooling-Fans-2.webp 800w, https:\/\/www.gdwanjiada.net\/wp-content\/uploads\/2024\/09\/Powerful-Turbo-Circulation-Fan-Wholesale-Electric-Cooling-Fans-2-300x300.webp 300w, https:\/\/www.gdwanjiada.net\/wp-content\/uploads\/2024\/09\/Powerful-Turbo-Circulation-Fan-Wholesale-Electric-Cooling-Fans-2-150x150.webp 150w, https:\/\/www.gdwanjiada.net\/wp-content\/uploads\/2024\/09\/Powerful-Turbo-Circulation-Fan-Wholesale-Electric-Cooling-Fans-2-768x768.webp 768w, https:\/\/www.gdwanjiada.net\/wp-content\/uploads\/2024\/09\/Powerful-Turbo-Circulation-Fan-Wholesale-Electric-Cooling-Fans-2-600x600.webp 600w, https:\/\/www.gdwanjiada.net\/wp-content\/uploads\/2024\/09\/Powerful-Turbo-Circulation-Fan-Wholesale-Electric-Cooling-Fans-2-100x100.webp 100w\" sizes=\"(max-width: 800px) 100vw, 800px\" \/><\/figure><\/div><\/div><p><\/p>","protected":false},"excerpt":{"rendered":"<p>Nous vous invitons \u00e0 acheter des ventilateurs \u00e9lectriques de refroidissement en gros. Nos ventilateurs de circulation compacts sont dot\u00e9s d'un r\u00e9glage de la vitesse du vent \u00e0 trois vitesses et d'une fonction d'arr\u00eat programm\u00e9. Avec une distance d'alimentation en air allant jusqu'\u00e0 6 m\u00e8tres, ils font rapidement circuler l'air et gardent la pi\u00e8ce fra\u00eeche, ce qui les rend parfaits pour une vari\u00e9t\u00e9 d'occasions telles que la maison ou le bureau.<\/p>\n<h2>Caract\u00e9ristiques du produit\uff1a<\/h2>\n<ul>\n<li>3 vitesses d'enroulement au choix.<\/li>\n<li>Les orifices d'a\u00e9ration amovibles sont faciles \u00e0 nettoyer.<\/li>\n<li>Manuellement vers le haut et vers le bas, automatiquement vers la gauche et vers la droite pour l'oscillation.<\/li>\n<li>Vent fort de 6m d'alimentation en air, circulation de l'air et de l'entreprise du climatiseur.<\/li>\n<li>R\u00e9glage de la dur\u00e9e de 1 \u00e0 7 heures<\/li>\n<\/ul>","protected":false},"featured_media":648,"comment_status":"closed","ping_status":"closed","template":"","meta":{"_acf_changed":false},"product_brand":[],"product_cat":[24],"product_tag":[],"class_list":{"0":"post-647","1":"product","2":"type-product","3":"status-publish","4":"has-post-thumbnail","6":"product_cat-air-circulation-fan-wholesale","8":"first","9":"instock","10":"shipping-taxable","11":"product-type-simple"},"acf":[],"_links":{"self":[{"href":"https:\/\/www.gdwanjiada.net\/fr\/wp-json\/wp\/v2\/product\/647","targetHints":{"allow":["GET"]}}],"collection":[{"href":"https:\/\/www.gdwanjiada.net\/fr\/wp-json\/wp\/v2\/product"}],"about":[{"href":"https:\/\/www.gdwanjiada.net\/fr\/wp-json\/wp\/v2\/types\/product"}],"replies":[{"embeddable":true,"href":"https:\/\/www.gdwanjiada.net\/fr\/wp-json\/wp\/v2\/comments?post=647"}],"wp:featuredmedia":[{"embeddable":true,"href":"https:\/\/www.gdwanjiada.net\/fr\/wp-json\/wp\/v2\/media\/648"}],"wp:attachment":[{"href":"https:\/\/www.gdwanjiada.net\/fr\/wp-json\/wp\/v2\/media?parent=647"}],"wp:term":[{"taxonomy":"product_brand","embeddable":true,"href":"https:\/\/www.gdwanjiada.net\/fr\/wp-json\/wp\/v2\/product_brand?post=647"},{"taxonomy":"product_cat","embeddable":true,"href":"https:\/\/www.gdwanjiada.net\/fr\/wp-json\/wp\/v2\/product_cat?post=647"},{"taxonomy":"product_tag","embeddable":true,"href":"https:\/\/www.gdwanjiada.net\/fr\/wp-json\/wp\/v2\/product_tag?post=647"}],"curies":[{"name":"wp","href":"https:\/\/api.w.org\/{rel}","templated":true}]}}