{"id":609,"date":"2024-09-26T11:24:45","date_gmt":"2024-09-26T11:24:45","guid":{"rendered":"https:\/\/www.gdwanjiada.net\/?post_type=product&#038;p=609"},"modified":"2024-09-26T11:37:03","modified_gmt":"2024-09-26T11:37:03","slug":"industrial-air-cooler-wholesale","status":"publish","type":"product","link":"https:\/\/www.gdwanjiada.net\/fr\/produit\/industrial-air-cooler-wholesale\/","title":{"rendered":"Refroidisseur d'air industriel 80L Wholesale, Evaporative Air Cooler"},"content":{"rendered":"<h3 class=\"wp-block-heading has-text-align-center\">Sp\u00e9cifications des refroidisseurs d'air industriels en gros<\/h3><figure class=\"wp-block-table\"><table class=\"has-fixed-layout\"><tbody><tr><td rowspan=\"2\">Mod\u00e8le<\/td><td rowspan=\"2\">Puissance (W)&nbsp;<\/td><td colspan=\"3\">D\u00e9bit d'air (m\u00b3\/h)<\/td><td rowspan=\"2\">Capacit\u00e9 du r\u00e9servoir d'eau (L)<\/td><td colspan=\"3\">Taille du produit (mm)&nbsp;<\/td><td rowspan=\"2\">Taille du coussin de refroidissement (mm)<\/td><td rowspan=\"2\">Emballage<\/td><td rowspan=\"2\">Poids net \/ poids brut (kg)&nbsp;&nbsp;<\/td><td rowspan=\"2\">Taille de l'emballage (mm)&nbsp;<\/td><td colspan=\"2\">Chargement Qt\u00e9<\/td><\/tr><tr><td>H<\/td><td>M<\/td><td>L<\/td><td>L<\/td><td>W<\/td><td>H<\/td><td>20'GP<\/td><td>40'HQ<\/td><\/tr><tr><td>WJD8000F-2Z<\/td><td>200<\/td><td>8000<\/td><td>6000<\/td><td>3500<\/td><td>80.0<\/td><td>680<\/td><td>410<\/td><td>1250<\/td><td>75*520*690<\/td><td>1 pi\u00e8ce<\/td><td>18\/21<\/td><td>695*460*980<\/td><td>98<\/td><td>230<\/td><\/tr><\/tbody><\/table><\/figure><div class=\"wp-block-columns is-layout-flex wp-container-core-columns-is-layout-9d6595d7 wp-block-columns-is-layout-flex\"><div class=\"wp-block-column is-layout-flow wp-block-column-is-layout-flow\" style=\"flex-basis:50%\"><h3 class=\"wp-block-heading has-text-align-left\">Avantages du refroidisseur d'air industriel en gros<\/h3>\n\n<ul class=\"wp-block-list\"><li><strong>Grand volume d'air et faible niveau sonore :<\/strong> Ce refroidisseur d'air industriel en gros est \u00e9quip\u00e9 d'une roue \u00e0 flux axial de grand diam\u00e8tre, qui fournit un volume d'air important et convient pour couvrir de grands espaces industriels. En m\u00eame temps, il fonctionne \u00e0 faible bruit pour assurer un refroidissement efficace sans affecter la tranquillit\u00e9 de l'environnement de travail.<\/li>\n\n<li><strong>Fonctionnement pratique : <\/strong>Notre refroidisseur d'air \u00e9vaporatif en gros est \u00e9quip\u00e9 d'un r\u00e9servoir d'eau de grande capacit\u00e9 avec une conception divis\u00e9e, qui est pratique pour le d\u00e9montage et l'entretien, peut prolonger efficacement la dur\u00e9e de fonctionnement, r\u00e9duire les probl\u00e8mes li\u00e9s \u00e0 l'ajout fr\u00e9quent d'eau et r\u00e9pondre aux besoins d'utilisation \u00e0 long terme dans les sites industriels.<\/li>\n\n<li><strong>Conception avec retournement par le haut : <\/strong>Les utilisateurs peuvent facilement ajouter de l'eau, des gla\u00e7ons ou des cristaux de glace pour am\u00e9liorer l'effet de refroidissement et maintenir l'environnement industriel chaud au frais.<\/li>\n\n<li><strong>\u00c9cran anti-poussi\u00e8re amovible : <\/strong>Notre refroidisseur d'air \u00e9vaporatif en gros est \u00e9quip\u00e9 d'un \u00e9cran anti-poussi\u00e8re amovible, ce qui permet aux utilisateurs de le nettoyer facilement et r\u00e9guli\u00e8rement pour s'assurer que l'\u00e9quipement reste efficace pendant longtemps, que l'air est frais et qu'il convient mieux \u00e0 une utilisation dans des environnements industriels.<\/li><\/ul><\/div>\n\n<div class=\"wp-block-column is-layout-flow wp-block-column-is-layout-flow\"><figure class=\"wp-block-image size-full\"><img decoding=\"async\" width=\"800\" height=\"800\" src=\"https:\/\/www.gdwanjiada.net\/wp-content\/uploads\/2024\/09\/80L-Industrial-Air-Cooler-Wholesale-Evaporative-Air-Cooler-5.webp\" alt=\"Refroidisseur d&#039;air industriel 80L Wholesale, Evaporative Air Cooler-5\" class=\"wp-image-614\" srcset=\"https:\/\/www.gdwanjiada.net\/wp-content\/uploads\/2024\/09\/80L-Industrial-Air-Cooler-Wholesale-Evaporative-Air-Cooler-5.webp 800w, https:\/\/www.gdwanjiada.net\/wp-content\/uploads\/2024\/09\/80L-Industrial-Air-Cooler-Wholesale-Evaporative-Air-Cooler-5-300x300.webp 300w, https:\/\/www.gdwanjiada.net\/wp-content\/uploads\/2024\/09\/80L-Industrial-Air-Cooler-Wholesale-Evaporative-Air-Cooler-5-150x150.webp 150w, https:\/\/www.gdwanjiada.net\/wp-content\/uploads\/2024\/09\/80L-Industrial-Air-Cooler-Wholesale-Evaporative-Air-Cooler-5-768x768.webp 768w, https:\/\/www.gdwanjiada.net\/wp-content\/uploads\/2024\/09\/80L-Industrial-Air-Cooler-Wholesale-Evaporative-Air-Cooler-5-600x600.webp 600w, https:\/\/www.gdwanjiada.net\/wp-content\/uploads\/2024\/09\/80L-Industrial-Air-Cooler-Wholesale-Evaporative-Air-Cooler-5-100x100.webp 100w\" sizes=\"(max-width: 800px) 100vw, 800px\" \/><\/figure><\/div><\/div><p><\/p>","protected":false},"excerpt":{"rendered":"<p>Nous vous invitons \u00e0 acheter en gros des refroidisseurs d'air par \u00e9vaporation. Ce refroidisseur d'air industriel en gros est \u00e9quip\u00e9 d'une roue \u00e0 flux axial de grand diam\u00e8tre. \u00c9quip\u00e9 d'un r\u00e9servoir d'eau de 80L, fournissant un support de r\u00e9frig\u00e9ration \u00e0 long terme.<\/p>\n<h2>Caract\u00e9ristiques du produit\uff1a<\/h2>\n<ul>\n<li>Il int\u00e8gre les fonctions de refroidissement, d'humidification et de purification et constitue un appareil polyvalent.<\/li>\n<li>Il utilise une entr\u00e9e d'air sur trois c\u00f4t\u00e9s et des rideaux humides de refroidissement par \u00e9vaporation \u00e0 haut rendement, et l'effet de refroidissement est plus \u00e9vident.<\/li>\n<li>Fonction d'enroulement manuel vers le haut et vers le bas, fonction d'enroulement automatique vers la gauche et vers la droite, trois options de vitesse d'enroulement.<\/li>\n<li>Roue \u00e0 flux axial de grand diam\u00e8tre, grand volume d'air, faible bruit.<\/li>\n<li>R\u00e9servoir d'eau divis\u00e9 de grande capacit\u00e9, facile \u00e0 nettoyer.<\/li>\n<li>La partie sup\u00e9rieure du fuselage peut \u00eatre retourn\u00e9e pour ajouter de l'eau, de la glace et des cristaux de glace afin de rafra\u00eechir le fuselage.<\/li>\n<li>Filet anti-poussi\u00e8re amovible pour un nettoyage facile.<\/li>\n<li>La roue avant est dot\u00e9e d'une fonction de blocage du frein, ce qui est pratique pour le d\u00e9placement et la mise en place.<\/li>\n<li>La pompe submersible dispose de multiples fonctions de protection, d'une quantit\u00e9 d'eau suffisante et d'une s\u00e9curit\u00e9 garantie.<\/li>\n<li>Moteur en cuivre pur.<\/li>\n<li>L'emballage invers\u00e9 du r\u00e9servoir d'eau permet d'\u00e9conomiser de l'espace et de r\u00e9duire les co\u00fbts de transport.<\/li>\n<li>La fonction de bar \u00e0 oxyg\u00e8ne \u00e0 ions n\u00e9gatifs augmente l'oxyg\u00e8ne actif et purifie l'air.<\/li>\n<li>Fonction d'arr\u00eat automatique programm\u00e9 de 1 \u00e0 12 heures.<\/li>\n<li>Trois types de vent au choix : imitation du vent naturel, vent de sommeil et vent standard.<\/li>\n<\/ul>","protected":false},"featured_media":610,"comment_status":"closed","ping_status":"closed","template":"","meta":{"_acf_changed":false},"product_brand":[],"product_cat":[26],"product_tag":[29],"class_list":{"0":"post-609","1":"product","2":"type-product","3":"status-publish","4":"has-post-thumbnail","6":"product_cat-wholesale-air-coolers","7":"product_tag-wholesale-industrial-evaporative-air-coolers","9":"first","10":"instock","11":"shipping-taxable","12":"product-type-simple"},"acf":[],"_links":{"self":[{"href":"https:\/\/www.gdwanjiada.net\/fr\/wp-json\/wp\/v2\/product\/609","targetHints":{"allow":["GET"]}}],"collection":[{"href":"https:\/\/www.gdwanjiada.net\/fr\/wp-json\/wp\/v2\/product"}],"about":[{"href":"https:\/\/www.gdwanjiada.net\/fr\/wp-json\/wp\/v2\/types\/product"}],"replies":[{"embeddable":true,"href":"https:\/\/www.gdwanjiada.net\/fr\/wp-json\/wp\/v2\/comments?post=609"}],"wp:featuredmedia":[{"embeddable":true,"href":"https:\/\/www.gdwanjiada.net\/fr\/wp-json\/wp\/v2\/media\/610"}],"wp:attachment":[{"href":"https:\/\/www.gdwanjiada.net\/fr\/wp-json\/wp\/v2\/media?parent=609"}],"wp:term":[{"taxonomy":"product_brand","embeddable":true,"href":"https:\/\/www.gdwanjiada.net\/fr\/wp-json\/wp\/v2\/product_brand?post=609"},{"taxonomy":"product_cat","embeddable":true,"href":"https:\/\/www.gdwanjiada.net\/fr\/wp-json\/wp\/v2\/product_cat?post=609"},{"taxonomy":"product_tag","embeddable":true,"href":"https:\/\/www.gdwanjiada.net\/fr\/wp-json\/wp\/v2\/product_tag?post=609"}],"curies":[{"name":"wp","href":"https:\/\/api.w.org\/{rel}","templated":true}]}}