{"id":570,"date":"2024-09-26T10:06:23","date_gmt":"2024-09-26T10:06:23","guid":{"rendered":"https:\/\/www.gdwanjiada.net\/?post_type=product&#038;p=570"},"modified":"2026-04-17T02:27:50","modified_gmt":"2026-04-17T02:27:50","slug":"evaporative-cooling-fans-wholesale","status":"publish","type":"product","link":"https:\/\/www.gdwanjiada.net\/fr\/produit\/evaporative-cooling-fans-wholesale\/","title":{"rendered":"Ventilateurs de refroidissement par \u00e9vaporation pour l'ext\u00e9rieur Wholesale Supply"},"content":{"rendered":"<h3 class=\"wp-block-heading has-text-align-center\">Sp\u00e9cifications des ventilateurs de refroidissement par \u00e9vaporation Wholesale<\/h3><figure class=\"wp-block-table\"><table class=\"has-fixed-layout\"><tbody><tr><td rowspan=\"2\">Mod\u00e8le<\/td><td rowspan=\"2\">Puissance (W)&nbsp;<\/td><td colspan=\"3\">D\u00e9bit d'air (m\u00b3\/h)<\/td><td rowspan=\"2\">Capacit\u00e9 du r\u00e9servoir d'eau (L)<\/td><td colspan=\"3\">Taille du produit (mm)&nbsp;<\/td><td rowspan=\"2\">Consommation d'eau (L\/H)<\/td><td rowspan=\"2\">Taille du coussin de refroidissement (mm)<\/td><td rowspan=\"2\">Emballage<\/td><td rowspan=\"2\">Poids net \/ poids brut (kg)&nbsp;&nbsp;<\/td><td rowspan=\"2\">Taille de l'emballage (mm)&nbsp;<\/td><td colspan=\"2\">Chargement Qt\u00e9<\/td><\/tr><tr><td>H<\/td><td>M<\/td><td>L<\/td><td>L<\/td><td>W<\/td><td>H<\/td><td>20'GP<\/td><td>40'HQ<\/td><\/tr><tr><td>WJD2800F-3Z<\/td><td>125<\/td><td>2500<\/td><td>1800<\/td><td>1300<\/td><td>28.0<\/td><td>470<\/td><td>345<\/td><td>1300<\/td><td>4.0<\/td><td>360*65*495<\/td><td>1 pi\u00e8ce<\/td><td>11.\u00a06\/13.7<\/td><td>520*390*930<\/td><td>155<\/td><td>368<\/td><\/tr><\/tbody><\/table><\/figure><div class=\"wp-block-columns is-layout-flex wp-container-core-columns-is-layout-9d6595d7 wp-block-columns-is-layout-flex\"><div class=\"wp-block-column is-layout-flow wp-block-column-is-layout-flow\" style=\"flex-basis:50%\"><h3 class=\"wp-block-heading has-text-align-left\">Avantages des ventilateurs de refroidissement par \u00e9vaporation (vente en gros)<\/h3>\n\n<ul class=\"wp-block-list\"><li><strong>Economies d'\u00e9nergie et efficacit\u00e9 : <\/strong>Nos ventilateurs de refroidissement par \u00e9vaporation adoptent la technologie de refroidissement par \u00e9vaporation, utilisant le principe de l'\u00e9vaporation de l'eau pour \u00e9vacuer la chaleur, r\u00e9duisant rapidement la temp\u00e9rature ambiante, \u00e9conomisant l'\u00e9nergie et respectueux de l'environnement.<\/li>\n\n<li><strong>Fonction de verrouillage des enfants, protection de la s\u00e9curit\u00e9 : <\/strong>Ce refroidisseur d'air en gros est \u00e9quip\u00e9 d'une fonction de verrouillage pour enfants afin d'emp\u00eacher les enfants de le toucher accidentellement ou de l'utiliser de mani\u00e8re incorrecte, et d'am\u00e9liorer la s\u00e9curit\u00e9 d'utilisation. Il est particuli\u00e8rement adapt\u00e9 aux lieux publics tr\u00e8s fr\u00e9quent\u00e9s ou aux environnements o\u00f9 des enfants sont actifs, afin de garantir un fonctionnement s\u00fbr de l'\u00e9quipement.<\/li>\n\n<li><strong>Grand volume d'air et large couverture : <\/strong>Nos ventilateurs de refroidissement par \u00e9vaporation en gros ont un fort volume d'air, avec trois types de vent au choix, adapt\u00e9s \u00e0 de grandes surfaces, et peuvent rapidement fournir de l'air frais pour les environnements commerciaux et am\u00e9liorer le confort.<\/li>\n\n<li><strong>Robuste et durable, il convient aux environnements commerciaux :<\/strong> Ce refroidisseur d'air en gros est con\u00e7u pour les lieux commerciaux. Le corps est fabriqu\u00e9 en cuivre pur, la structure est robuste et durable, peut fonctionner de mani\u00e8re stable pendant une longue p\u00e9riode, s'adapter \u00e0 divers environnements commerciaux complexes et assurer des effets de refroidissement durables.<\/li><\/ul><\/div>\n\n<div class=\"wp-block-column is-layout-flow wp-block-column-is-layout-flow\"><figure class=\"wp-block-image size-full\"><img decoding=\"async\" width=\"800\" height=\"800\" src=\"https:\/\/www.gdwanjiada.net\/wp-content\/uploads\/2024\/09\/Wholesale-Portable-Air-Cooler-For-Outdoor-and-Commercial-Places-4.webp\" alt=\"Refroidisseur d&#039;air portable en gros pour l&#039;ext\u00e9rieur et les lieux commerciaux-4\" class=\"wp-image-564\" srcset=\"https:\/\/www.gdwanjiada.net\/wp-content\/uploads\/2024\/09\/Wholesale-Portable-Air-Cooler-For-Outdoor-and-Commercial-Places-4.webp 800w, https:\/\/www.gdwanjiada.net\/wp-content\/uploads\/2024\/09\/Wholesale-Portable-Air-Cooler-For-Outdoor-and-Commercial-Places-4-300x300.webp 300w, https:\/\/www.gdwanjiada.net\/wp-content\/uploads\/2024\/09\/Wholesale-Portable-Air-Cooler-For-Outdoor-and-Commercial-Places-4-150x150.webp 150w, https:\/\/www.gdwanjiada.net\/wp-content\/uploads\/2024\/09\/Wholesale-Portable-Air-Cooler-For-Outdoor-and-Commercial-Places-4-768x768.webp 768w, https:\/\/www.gdwanjiada.net\/wp-content\/uploads\/2024\/09\/Wholesale-Portable-Air-Cooler-For-Outdoor-and-Commercial-Places-4-600x600.webp 600w, https:\/\/www.gdwanjiada.net\/wp-content\/uploads\/2024\/09\/Wholesale-Portable-Air-Cooler-For-Outdoor-and-Commercial-Places-4-100x100.webp 100w\" sizes=\"(max-width: 800px) 100vw, 800px\" \/><\/figure><\/div><\/div>","protected":false},"excerpt":{"rendered":"<p>Bienvenue pour acheter des refroidisseurs d'air en gros. Nos ventilateurs de refroidissement par \u00e9vaporation en gros fournissent un grand volume d'air, peuvent refroidir rapidement, et sont \u00e9conomes en \u00e9nergie et efficaces. \u00c9quip\u00e9 d'une fonction de verrouillage pour enfants afin d'\u00e9viter toute erreur de manipulation et d'assurer une utilisation s\u00fbre. La conception robuste et durable convient aux lieux commerciaux.<\/p>\n<h2>Ventilateurs de refroidissement par \u00e9vaporation Caract\u00e9ristiques en gros\uff1a<\/h2>\n<ul>\n<li>Il int\u00e8gre les fonctions de refroidissement, d'humidification et de purification et constitue un appareil polyvalent.<\/li>\n<li>Il utilise une entr\u00e9e d'air sur trois c\u00f4t\u00e9s et des rideaux humides de refroidissement par \u00e9vaporation \u00e0 haute efficacit\u00e9, et l'effet de refroidissement est plus \u00e9vident.<\/li>\n<li>Panneau de contr\u00f4le multifonctionnel, affichage dynamique des LED et de la temp\u00e9rature, fonction intelligente de contr\u00f4le \u00e0 distance.<\/li>\n<li>Fonction de bar \u00e0 oxyg\u00e8ne \u00e0 ions n\u00e9gatifs, augmentation de l'oxyg\u00e8ne actif, purification de l'air.<\/li>\n<li>Roue \u00e0 flux axial de grand diam\u00e8tre, grand volume d'air et faible bruit.<\/li>\n<li>Imitation du vent naturel, vent de sommeil, vent standard, trois types de vent au choix.<\/li>\n<li>Fonction d'arr\u00eat automatique programm\u00e9 de 1 \u00e0 24 heures.<\/li>\n<li>Fonction d'enroulement manuel vers le haut et vers le bas, fonction d'enroulement automatique vers la gauche et vers la droite, trois options de vitesse d'enroulement.<\/li>\n<li>Pompe submersible dot\u00e9e de multiples fonctions de protection, eau en quantit\u00e9 suffisante, s\u00e9curit\u00e9 garantie.<\/li>\n<li>La roue avant est dot\u00e9e d'une fonction de blocage du frein, ce qui est pratique pour le d\u00e9placement et la mise en place.<\/li>\n<li>Avec une fonction de verrouillage pour les enfants afin d'\u00e9viter qu'ils n'utilisent l'appareil de mani\u00e8re incorrecte.<\/li>\n<li>Moteur en cuivre pur.<\/li>\n<\/ul>","protected":false},"featured_media":571,"comment_status":"closed","ping_status":"closed","template":"","meta":{"_acf_changed":false},"product_brand":[],"product_cat":[26],"product_tag":[28],"class_list":{"0":"post-570","1":"product","2":"type-product","3":"status-publish","4":"has-post-thumbnail","6":"product_cat-wholesale-air-coolers","7":"product_tag-commercial-air-coolers-wholesale","9":"first","10":"instock","11":"shipping-taxable","12":"product-type-simple"},"acf":[],"_links":{"self":[{"href":"https:\/\/www.gdwanjiada.net\/fr\/wp-json\/wp\/v2\/product\/570","targetHints":{"allow":["GET"]}}],"collection":[{"href":"https:\/\/www.gdwanjiada.net\/fr\/wp-json\/wp\/v2\/product"}],"about":[{"href":"https:\/\/www.gdwanjiada.net\/fr\/wp-json\/wp\/v2\/types\/product"}],"replies":[{"embeddable":true,"href":"https:\/\/www.gdwanjiada.net\/fr\/wp-json\/wp\/v2\/comments?post=570"}],"wp:featuredmedia":[{"embeddable":true,"href":"https:\/\/www.gdwanjiada.net\/fr\/wp-json\/wp\/v2\/media\/571"}],"wp:attachment":[{"href":"https:\/\/www.gdwanjiada.net\/fr\/wp-json\/wp\/v2\/media?parent=570"}],"wp:term":[{"taxonomy":"product_brand","embeddable":true,"href":"https:\/\/www.gdwanjiada.net\/fr\/wp-json\/wp\/v2\/product_brand?post=570"},{"taxonomy":"product_cat","embeddable":true,"href":"https:\/\/www.gdwanjiada.net\/fr\/wp-json\/wp\/v2\/product_cat?post=570"},{"taxonomy":"product_tag","embeddable":true,"href":"https:\/\/www.gdwanjiada.net\/fr\/wp-json\/wp\/v2\/product_tag?post=570"}],"curies":[{"name":"wp","href":"https:\/\/api.w.org\/{rel}","templated":true}]}}