{"id":550,"date":"2024-09-26T09:28:05","date_gmt":"2024-09-26T09:28:05","guid":{"rendered":"https:\/\/www.gdwanjiada.net\/?post_type=product&#038;p=550"},"modified":"2025-11-15T09:59:31","modified_gmt":"2025-11-15T09:59:31","slug":"commercial-air-cooler-fans-wholesale","status":"publish","type":"product","link":"https:\/\/www.gdwanjiada.net\/fr\/produit\/commercial-air-cooler-fans-wholesale\/","title":{"rendered":"Ventilateurs refroidisseurs d'air commerciaux Wholesale avec r\u00e9servoir d'eau 28L"},"content":{"rendered":"<h3 class=\"wp-block-heading has-text-align-center\">Sp\u00e9cifications des ventilateurs refroidisseurs d'air commerciaux Wholesale<\/h3><figure class=\"wp-block-table\"><table class=\"has-fixed-layout\"><tbody><tr><td rowspan=\"2\">Mod\u00e8le<\/td><td rowspan=\"2\">Puissance (W)&nbsp;<\/td><td colspan=\"3\">D\u00e9bit d'air (m\u00b3\/h)<\/td><td rowspan=\"2\">Capacit\u00e9 du r\u00e9servoir d'eau (L)<\/td><td colspan=\"3\">Taille du produit (mm)&nbsp;<\/td><td rowspan=\"2\">Consommation d'eau (L\/H)<\/td><td rowspan=\"2\">Taille du coussin de refroidissement (mm)<\/td><td rowspan=\"2\">Emballage<\/td><td rowspan=\"2\">Poids net \/ poids brut (kg)&nbsp;&nbsp;<\/td><td rowspan=\"2\">Taille de l'emballage (mm)&nbsp;<\/td><td colspan=\"2\">Chargement Qt\u00e9<\/td><\/tr><tr><td>H<\/td><td>M<\/td><td>L<\/td><td>L<\/td><td>W<\/td><td>H<\/td><td>20'GP<\/td><td>40'HQ<\/td><\/tr><tr><td>WJD2800F-1Z<\/td><td>125<\/td><td>2500<\/td><td>1800<\/td><td>1300<\/td><td>28.0<\/td><td>470<\/td><td>345<\/td><td>950<\/td><td>4.0<\/td><td>360*65*495<\/td><td>1 pi\u00e8ce<\/td><td>12\/14.1<\/td><td>520*390*930<\/td><td>155<\/td><td>368<\/td><\/tr><\/tbody><\/table><\/figure><div class=\"wp-block-columns is-layout-flex wp-container-core-columns-is-layout-9d6595d7 wp-block-columns-is-layout-flex\"><div class=\"wp-block-column is-layout-flow wp-block-column-is-layout-flow\" style=\"flex-basis:50%\"><h3 class=\"wp-block-heading has-text-align-left\">Avantages des ventilateurs refroidisseurs d'air commerciaux en gros<\/h3>\n\n<ul class=\"wp-block-list\"><li><strong>Roue avant avec blocage du frein : <\/strong>Ce ventilateur de refroidissement d'air commercial de gros est \u00e9quip\u00e9 d'une fonction de blocage des roues avant pour garantir qu'il peut \u00eatre fermement fix\u00e9 lorsqu'il est utilis\u00e9 dans diff\u00e9rentes positions, qu'il est facile \u00e0 d\u00e9placer et s\u00fbr, et qu'il convient \u00e0 une utilisation flexible dans de multiples sc\u00e9narios dans des environnements commerciaux.<\/li>\n\n<li><strong>R\u00e9servoir d'eau de grande capacit\u00e9 de 28 litres : <\/strong>Ce refroidisseur \u00e9vaporatif en gros est \u00e9quip\u00e9 d'un r\u00e9servoir d'eau de grande capacit\u00e9 de 28 litres, qui ne n\u00e9cessite pas d'ajout fr\u00e9quent d'eau pour un fonctionnement \u00e0 long terme. Il est particuli\u00e8rement adapt\u00e9 aux grands espaces commerciaux qui n\u00e9cessitent un refroidissement \u00e0 long terme, am\u00e9liorant la commodit\u00e9 d'utilisation et l'effet de refroidissement continu.<\/li>\n\n<li><strong>Entr\u00e9e d'air \u00e0 trois c\u00f4t\u00e9s : <\/strong>Notre ventilateur refroidisseur d'air commercial adopte une conception d'admission d'air \u00e0 trois c\u00f4t\u00e9s pour am\u00e9liorer l'efficacit\u00e9 de la circulation de l'air, refroidir rapidement une grande surface, assurer un effet de refroidissement uniforme et fournir un environnement plus confortable pour les lieux commerciaux.<\/li>\n\n<li><strong>Utilisation plus s\u00fbre : <\/strong>Ce refroidisseur \u00e9vaporatif en gros est \u00e9quip\u00e9 d'une pompe submersible int\u00e9gr\u00e9e et de plusieurs dispositifs de protection pour \u00e9viter les pannes de la pompe \u00e0 eau ou les probl\u00e8mes \u00e9lectriques, assurer la s\u00e9curit\u00e9 pendant le fonctionnement \u00e0 long terme et am\u00e9liorer consid\u00e9rablement la fiabilit\u00e9 de l'utilisation.<\/li><\/ul><\/div>\n\n<div class=\"wp-block-column is-layout-flow wp-block-column-is-layout-flow\"><figure class=\"wp-block-image size-full\"><img decoding=\"async\" width=\"800\" height=\"800\" src=\"https:\/\/www.gdwanjiada.net\/wp-content\/uploads\/2024\/09\/Commercial-Air-Cooler-Fans-Wholesale-With-28L-Water-Tank-5.webp\" alt=\"Ventilateurs refroidisseurs d&#039;air commerciaux Wholesale avec r\u00e9servoir d&#039;eau 28L-5\" class=\"wp-image-555\" srcset=\"https:\/\/www.gdwanjiada.net\/wp-content\/uploads\/2024\/09\/Commercial-Air-Cooler-Fans-Wholesale-With-28L-Water-Tank-5.webp 800w, https:\/\/www.gdwanjiada.net\/wp-content\/uploads\/2024\/09\/Commercial-Air-Cooler-Fans-Wholesale-With-28L-Water-Tank-5-300x300.webp 300w, https:\/\/www.gdwanjiada.net\/wp-content\/uploads\/2024\/09\/Commercial-Air-Cooler-Fans-Wholesale-With-28L-Water-Tank-5-150x150.webp 150w, https:\/\/www.gdwanjiada.net\/wp-content\/uploads\/2024\/09\/Commercial-Air-Cooler-Fans-Wholesale-With-28L-Water-Tank-5-768x768.webp 768w, https:\/\/www.gdwanjiada.net\/wp-content\/uploads\/2024\/09\/Commercial-Air-Cooler-Fans-Wholesale-With-28L-Water-Tank-5-600x600.webp 600w, https:\/\/www.gdwanjiada.net\/wp-content\/uploads\/2024\/09\/Commercial-Air-Cooler-Fans-Wholesale-With-28L-Water-Tank-5-100x100.webp 100w\" sizes=\"(max-width: 800px) 100vw, 800px\" \/><\/figure><\/div><\/div>","protected":false},"excerpt":{"rendered":"<p>Bienvenue dans l'achat de refroidisseurs \u00e9vaporatifs. Notre ventilateur refroidisseur d'air commercial 28L adopte une conception d'entr\u00e9e d'air \u00e0 trois c\u00f4t\u00e9s pour am\u00e9liorer l'efficacit\u00e9 de refroidissement et la circulation de l'air. La roue avant nouvellement ajout\u00e9e avec la fonction de blocage du frein facilite le d\u00e9placement et le rend plus s\u00fbr, ce qui en fait une solution de refroidissement id\u00e9ale pour les grands espaces commerciaux.<\/p>\n<h2>Caract\u00e9ristiques du produit\uff1a<\/h2>\n<ul>\n<li>Il int\u00e8gre les fonctions de refroidissement, d'humidification et de purification et constitue un appareil polyvalent.<\/li>\n<li>Il utilise une entr\u00e9e d'air sur trois c\u00f4t\u00e9s et des rideaux humides de refroidissement par \u00e9vaporation \u00e0 haut rendement, et l'effet de refroidissement est plus \u00e9vident.<\/li>\n<li>Panneau de commande multifonctions, \u00e9cran couleur \u00e0 LED et fonction de t\u00e9l\u00e9commande intelligente.<\/li>\n<li>Fonction de bar \u00e0 oxyg\u00e8ne \u00e0 ions n\u00e9gatifs, augmentation de l'oxyg\u00e8ne actif, purification de l'air.<\/li>\n<li>Roue \u00e0 flux axial de grand diam\u00e8tre, grand volume d'air, faible bruit.<\/li>\n<li>Trois types d'options de vent : imitation de vent naturel, vent de sommeil et vent standard.<\/li>\n<li>Fonction d'arr\u00eat automatique programm\u00e9 de 0,5 \u00e0 7,5 heures.<\/li>\n<li>Fonction d'enroulement manuel vers le haut et vers le bas, fonction d'enroulement automatique vers la gauche et vers la droite, trois options de vitesse d'enroulement.<\/li>\n<li>Pompe submersible dot\u00e9e de multiples fonctions de protection, d'un volume d'eau suffisant et d'une s\u00e9curit\u00e9 garantie.<\/li>\n<li>La roue avant est dot\u00e9e d'une fonction de blocage du frein, ce qui est pratique pour le d\u00e9placement et la mise en place.<\/li>\n<li>Moteur en cuivre pur.<\/li>\n<\/ul>","protected":false},"featured_media":551,"comment_status":"closed","ping_status":"closed","template":"","meta":{"_acf_changed":false},"product_brand":[],"product_cat":[26],"product_tag":[28],"class_list":{"0":"post-550","1":"product","2":"type-product","3":"status-publish","4":"has-post-thumbnail","6":"product_cat-wholesale-air-coolers","7":"product_tag-commercial-air-coolers-wholesale","9":"first","10":"instock","11":"shipping-taxable","12":"product-type-simple"},"acf":[],"_links":{"self":[{"href":"https:\/\/www.gdwanjiada.net\/fr\/wp-json\/wp\/v2\/product\/550","targetHints":{"allow":["GET"]}}],"collection":[{"href":"https:\/\/www.gdwanjiada.net\/fr\/wp-json\/wp\/v2\/product"}],"about":[{"href":"https:\/\/www.gdwanjiada.net\/fr\/wp-json\/wp\/v2\/types\/product"}],"replies":[{"embeddable":true,"href":"https:\/\/www.gdwanjiada.net\/fr\/wp-json\/wp\/v2\/comments?post=550"}],"wp:featuredmedia":[{"embeddable":true,"href":"https:\/\/www.gdwanjiada.net\/fr\/wp-json\/wp\/v2\/media\/551"}],"wp:attachment":[{"href":"https:\/\/www.gdwanjiada.net\/fr\/wp-json\/wp\/v2\/media?parent=550"}],"wp:term":[{"taxonomy":"product_brand","embeddable":true,"href":"https:\/\/www.gdwanjiada.net\/fr\/wp-json\/wp\/v2\/product_brand?post=550"},{"taxonomy":"product_cat","embeddable":true,"href":"https:\/\/www.gdwanjiada.net\/fr\/wp-json\/wp\/v2\/product_cat?post=550"},{"taxonomy":"product_tag","embeddable":true,"href":"https:\/\/www.gdwanjiada.net\/fr\/wp-json\/wp\/v2\/product_tag?post=550"}],"curies":[{"name":"wp","href":"https:\/\/api.w.org\/{rel}","templated":true}]}}