{"id":505,"date":"2024-09-26T07:52:56","date_gmt":"2024-09-26T07:52:56","guid":{"rendered":"https:\/\/www.gdwanjiada.net\/?post_type=product&#038;p=505"},"modified":"2025-11-15T04:02:24","modified_gmt":"2025-11-15T04:02:24","slug":"portable-air-cooler-wholesale","status":"publish","type":"product","link":"https:\/\/www.gdwanjiada.net\/fr\/produit\/portable-air-cooler-wholesale\/","title":{"rendered":"5.5L Portable Air Cooler Wholesale Factory Supply for Home"},"content":{"rendered":"<h3 class=\"wp-block-heading has-text-align-center\">Sp\u00e9cifications du refroidisseur d'air portable Wholesale<\/h3><figure class=\"wp-block-table\"><table class=\"has-fixed-layout\"><tbody><tr><td rowspan=\"2\">Mod\u00e8le<\/td><td rowspan=\"2\">Puissance (W)&nbsp;<\/td><td colspan=\"3\">D\u00e9bit d'air (m\u00b3\/h)<\/td><td rowspan=\"2\">Capacit\u00e9 du r\u00e9servoir d'eau (L)<\/td><td colspan=\"3\">Taille du produit (mm)&nbsp;<\/td><td rowspan=\"2\">Taille du coussin de refroidissement (mm)<\/td><td rowspan=\"2\">Emballage<\/td><td rowspan=\"2\">Poids net \/ poids brut (kg)&nbsp;&nbsp;<\/td><td rowspan=\"2\">Taille de l'emballage (mm)&nbsp;<\/td><td colspan=\"2\">Chargement Qt\u00e9<\/td><\/tr><tr><td>H<\/td><td>M<\/td><td>L<\/td><td>L<\/td><td>W<\/td><td>H<\/td><td>20'GP<\/td><td>40'HQ<\/td><\/tr><tr><td>WJD880F-1M<\/td><td>90<\/td><td>900<\/td><td>600<\/td><td>300<\/td><td>5.5<\/td><td>280<\/td><td>280<\/td><td>635<\/td><td>30*210*265<\/td><td>1 pi\u00e8ce<\/td><td>4.5\/6<\/td><td>330*330*670<\/td><td>428<\/td><td>1008<\/td><\/tr><\/tbody><\/table><\/figure><div class=\"wp-block-columns is-layout-flex wp-container-core-columns-is-layout-9d6595d7 wp-block-columns-is-layout-flex\"><div class=\"wp-block-column is-layout-flow wp-block-column-is-layout-flow\" style=\"flex-basis:50%\"><h3 class=\"wp-block-heading has-text-align-left\">Avantages du refroidisseur d'air portable (vente en gros)<\/h3>\n\n<ul class=\"wp-block-list\"><li><strong>R\u00e9servoir d'eau de grande capacit\u00e9 de 6 litres : <\/strong>Ce refroidisseur d'air portable en gros est \u00e9quip\u00e9 d'un r\u00e9servoir d'eau de grande capacit\u00e9 de 6 litres, ce qui r\u00e9duit les probl\u00e8mes li\u00e9s aux remplissages fr\u00e9quents d'eau et peut fournir un effet de refroidissement continu \u00e0 long terme, ce qui le rend tout \u00e0 fait adapt\u00e9 \u00e0 une utilisation quotidienne \u00e0 la maison.<\/li>\n\n<li><strong>\u00c9conomie d'\u00e9nergie et protection de l'environnement :<\/strong> Notre refroidisseur d'air portable en gros est con\u00e7u \u00e0 l'aide d'une technologie \u00e9conome en \u00e9nergie. Le produit est \u00e9conome en \u00e9nergie avec une consommation d'\u00e9nergie minimale. Cependant, la fonction de refroidissement turbo reste puissante. Il est pr\u00e9f\u00e9r\u00e9 \u00e0 la climatisation traditionnelle et est plus respectueux de l'environnement. Parfait pour une utilisation \u00e0 long terme sans co\u00fbts \u00e9nerg\u00e9tiques \u00e9lev\u00e9s. C'est un choix \u00e9conomique pour un usage domestique.<\/li>\n\n<li><strong>Conception portable : <\/strong>Ce refroidisseur d'air portable a une conception robuste et l\u00e9g\u00e8re et l'inclusion de poulies sur le fond permet de le d\u00e9placer facilement d'un endroit \u00e0 l'autre. Quel que soit l'endroit, salon, chambre ou cuisine, vous pouvez rester au frais n'importe o\u00f9 et n'importe quand.<\/li>\n\n<li><strong>Fonctionnement multifonctionnel : <\/strong>Notre refroidisseur d'air en gros int\u00e8gre plusieurs modes fonctionnels, tels que le refroidissement, l'humidification et le r\u00e9glage de la vitesse du vent. Le fonctionnement est simple et intuitif et convient \u00e0 toute la famille.<\/li><\/ul><\/div>\n\n<div class=\"wp-block-column is-layout-flow wp-block-column-is-layout-flow\"><figure class=\"wp-block-image size-full\"><img decoding=\"async\" width=\"800\" height=\"800\" src=\"https:\/\/www.gdwanjiada.net\/wp-content\/uploads\/2024\/09\/6L-Portable-Air-Cooler-Wholesale-With-Factory-Price-For-Home-Use-3.webp\" alt=\"Refroidisseur d&#039;air portable 6L avec prix d&#039;usine pour usage domestique-3\" class=\"wp-image-509\" srcset=\"https:\/\/www.gdwanjiada.net\/wp-content\/uploads\/2024\/09\/6L-Portable-Air-Cooler-Wholesale-With-Factory-Price-For-Home-Use-3.webp 800w, https:\/\/www.gdwanjiada.net\/wp-content\/uploads\/2024\/09\/6L-Portable-Air-Cooler-Wholesale-With-Factory-Price-For-Home-Use-3-300x300.webp 300w, https:\/\/www.gdwanjiada.net\/wp-content\/uploads\/2024\/09\/6L-Portable-Air-Cooler-Wholesale-With-Factory-Price-For-Home-Use-3-150x150.webp 150w, https:\/\/www.gdwanjiada.net\/wp-content\/uploads\/2024\/09\/6L-Portable-Air-Cooler-Wholesale-With-Factory-Price-For-Home-Use-3-768x768.webp 768w, https:\/\/www.gdwanjiada.net\/wp-content\/uploads\/2024\/09\/6L-Portable-Air-Cooler-Wholesale-With-Factory-Price-For-Home-Use-3-600x600.webp 600w, https:\/\/www.gdwanjiada.net\/wp-content\/uploads\/2024\/09\/6L-Portable-Air-Cooler-Wholesale-With-Factory-Price-For-Home-Use-3-100x100.webp 100w\" sizes=\"(max-width: 800px) 100vw, 800px\" \/><\/figure><\/div><\/div>","protected":false},"excerpt":{"rendered":"<p>Nous vous invitons \u00e0 acheter notre refroidisseur d'air en gros. Ce refroidisseur d'air portable est \u00e9quip\u00e9 d'un r\u00e9servoir d'eau de grande capacit\u00e9 de 5,5 litres afin de fournir un effet de refroidissement de longue dur\u00e9e. La conception \u00e9conome en \u00e9nergie et \u00e0 faible consommation tient compte de la protection de l'environnement et de la haute efficacit\u00e9. La poulie inf\u00e9rieure permet de la d\u00e9placer facilement \u00e0 tout moment. Il est multifonctionnel et facile \u00e0 utiliser. C'est un compagnon de refroidissement id\u00e9al pour la famille.<\/p>\n<h2>Caract\u00e9ristiques du produit\uff1a<\/h2>\n<ul>\n<li>Fonctions de refroidissement, d'humidification et de purification, un seul appareil pour de multiples usages.<\/li>\n<li>Levage manuel, lames automatiques gauche et droite.<\/li>\n<li>Trois vitesses de vent sont disponibles en option.<\/li>\n<li>Alimentation en air \u00e0 grand angle pour un vent confortable.<\/li>\n<li>Le r\u00e9servoir d'eau peut \u00eatre retir\u00e9 de la machine pour faciliter le nettoyage.<\/li>\n<li>Fermer manuellement l'\u00e9vent.<\/li>\n<\/ul>","protected":false},"featured_media":2055,"comment_status":"closed","ping_status":"closed","template":"","meta":{"_acf_changed":false},"product_brand":[],"product_cat":[26],"product_tag":[27],"class_list":{"0":"post-505","1":"product","2":"type-product","3":"status-publish","4":"has-post-thumbnail","6":"product_cat-wholesale-air-coolers","7":"product_tag-wholesale-home-air-coolers","9":"first","10":"instock","11":"shipping-taxable","12":"product-type-simple"},"acf":[],"_links":{"self":[{"href":"https:\/\/www.gdwanjiada.net\/fr\/wp-json\/wp\/v2\/product\/505","targetHints":{"allow":["GET"]}}],"collection":[{"href":"https:\/\/www.gdwanjiada.net\/fr\/wp-json\/wp\/v2\/product"}],"about":[{"href":"https:\/\/www.gdwanjiada.net\/fr\/wp-json\/wp\/v2\/types\/product"}],"replies":[{"embeddable":true,"href":"https:\/\/www.gdwanjiada.net\/fr\/wp-json\/wp\/v2\/comments?post=505"}],"wp:featuredmedia":[{"embeddable":true,"href":"https:\/\/www.gdwanjiada.net\/fr\/wp-json\/wp\/v2\/media\/2055"}],"wp:attachment":[{"href":"https:\/\/www.gdwanjiada.net\/fr\/wp-json\/wp\/v2\/media?parent=505"}],"wp:term":[{"taxonomy":"product_brand","embeddable":true,"href":"https:\/\/www.gdwanjiada.net\/fr\/wp-json\/wp\/v2\/product_brand?post=505"},{"taxonomy":"product_cat","embeddable":true,"href":"https:\/\/www.gdwanjiada.net\/fr\/wp-json\/wp\/v2\/product_cat?post=505"},{"taxonomy":"product_tag","embeddable":true,"href":"https:\/\/www.gdwanjiada.net\/fr\/wp-json\/wp\/v2\/product_tag?post=505"}],"curies":[{"name":"wp","href":"https:\/\/api.w.org\/{rel}","templated":true}]}}