{"id":429,"date":"2024-09-25T03:35:38","date_gmt":"2024-09-25T03:35:38","guid":{"rendered":"https:\/\/www.gdwanjiada.net\/?post_type=product&#038;p=429"},"modified":"2025-11-15T02:14:55","modified_gmt":"2025-11-15T02:14:55","slug":"evaporative-air-coolers-wholesale","status":"publish","type":"product","link":"https:\/\/www.gdwanjiada.net\/fr\/produit\/evaporative-air-coolers-wholesale\/","title":{"rendered":"Best Evaporative Air Coolers Wholesale With Remote Control For Bedroom (Refroidisseurs d'air \u00e9vaporatifs avec t\u00e9l\u00e9commande pour la chambre \u00e0 coucher)"},"content":{"rendered":"<h3 class=\"wp-block-heading has-text-align-center\">Sp\u00e9cifications des refroidisseurs d'air par \u00e9vaporation en gros<\/h3><figure class=\"wp-block-table\"><table class=\"has-fixed-layout\"><tbody><tr><td rowspan=\"2\">Mod\u00e8le<\/td><td rowspan=\"2\">Puissance (W)&nbsp;<\/td><td colspan=\"3\">D\u00e9bit d'air (m\u00b3\/h)<\/td><td rowspan=\"2\">Capacit\u00e9 du r\u00e9servoir d'eau (L)<\/td><td colspan=\"3\">Taille du produit (mm)&nbsp;<\/td><td rowspan=\"2\">Taille du coussin de refroidissement (mm)<\/td><td rowspan=\"2\">Emballage<\/td><td rowspan=\"2\">Poids net \/ poids brut (kg)&nbsp;&nbsp;<\/td><td rowspan=\"2\">Taille de l'emballage (mm)&nbsp;<\/td><td colspan=\"2\">Chargement Qt\u00e9<\/td><\/tr><tr><td>H<\/td><td>M<\/td><td>L<\/td><td>L<\/td><td>W<\/td><td>H<\/td><td>20'GP<\/td><td>40'HQ<\/td><\/tr><tr><td>WJD880F-1L<\/td><td>90<\/td><td>900<\/td><td>600<\/td><td>300<\/td><td>5.5<\/td><td>280<\/td><td>280<\/td><td>635<\/td><td>30*210*265<\/td><td>1 pi\u00e8ce<\/td><td>4.5\/6<\/td><td>330*330*670<\/td><td>428<\/td><td>1008<\/td><\/tr><\/tbody><\/table><\/figure><div class=\"wp-block-columns is-layout-flex wp-container-core-columns-is-layout-9d6595d7 wp-block-columns-is-layout-flex\"><div class=\"wp-block-column is-layout-flow wp-block-column-is-layout-flow\" style=\"flex-basis:50%\"><h3 class=\"wp-block-heading has-text-align-left\">Avantages des refroidisseurs d'air par \u00e9vaporation (vente en gros)<\/h3>\n\n<ul class=\"wp-block-list\"><li><strong>Refroidissement efficace : <\/strong>Nos refroidisseurs d'air par \u00e9vaporation utilisent les derni\u00e8res technologies de refroidissement par \u00e9vaporation pour refroidir rapidement les espaces int\u00e9rieurs.<\/li>\n\n<li><strong>\u00c9conomie d'\u00e9nergie et protection de l'environnement :<\/strong> Nos refroidisseurs d'air en gros sont bas\u00e9s sur l'\u00e9conomie d'\u00e9nergie, la faible consommation, l'absence d'utilisation de r\u00e9frig\u00e9rants et le refroidissement par le processus naturel d'\u00e9vaporation de l'eau, ce qui pr\u00e9serve l'environnement et permet d'\u00e9conomiser de l'\u00e9nergie.<\/li>\n\n<li><strong>Fonctionnement facile : <\/strong>Nos refroidisseurs d'air \u00e9vaporatifs en gros ont une conception humaine et sont \u00e9quip\u00e9s d'une vari\u00e9t\u00e9 de modes de fonction intelligents, y compris le r\u00e9glage de la vitesse du vent, l'arr\u00eat programm\u00e9, etc. L'interface de fonctionnement est simple et facile \u00e0 comprendre.<\/li>\n\n<li><strong>Mouvement flexible : <\/strong>Ces refroidisseurs d'air en gros sont l\u00e9gers et \u00e9quip\u00e9s de roulettes universelles \u00e0 la base, ce qui permet de les d\u00e9placer facilement d'une pi\u00e8ce \u00e0 l'autre sans effort.<\/li><\/ul><\/div>\n\n<div class=\"wp-block-column is-layout-flow wp-block-column-is-layout-flow\"><figure class=\"wp-block-image size-full\"><img decoding=\"async\" width=\"800\" height=\"800\" src=\"https:\/\/www.gdwanjiada.net\/wp-content\/uploads\/2024\/09\/Factory-Supply-Evaporative-Air-Coolers-Wholesale-For-Home-Use-6.webp\" alt=\"Factory Supply Evaporative Air Coolers Wholesale For Home Use-6 (Refroidisseurs d&#039;air par \u00e9vaporation)\" class=\"wp-image-440\" srcset=\"https:\/\/www.gdwanjiada.net\/wp-content\/uploads\/2024\/09\/Factory-Supply-Evaporative-Air-Coolers-Wholesale-For-Home-Use-6.webp 800w, https:\/\/www.gdwanjiada.net\/wp-content\/uploads\/2024\/09\/Factory-Supply-Evaporative-Air-Coolers-Wholesale-For-Home-Use-6-300x300.webp 300w, https:\/\/www.gdwanjiada.net\/wp-content\/uploads\/2024\/09\/Factory-Supply-Evaporative-Air-Coolers-Wholesale-For-Home-Use-6-150x150.webp 150w, https:\/\/www.gdwanjiada.net\/wp-content\/uploads\/2024\/09\/Factory-Supply-Evaporative-Air-Coolers-Wholesale-For-Home-Use-6-768x768.webp 768w, https:\/\/www.gdwanjiada.net\/wp-content\/uploads\/2024\/09\/Factory-Supply-Evaporative-Air-Coolers-Wholesale-For-Home-Use-6-600x600.webp 600w, https:\/\/www.gdwanjiada.net\/wp-content\/uploads\/2024\/09\/Factory-Supply-Evaporative-Air-Coolers-Wholesale-For-Home-Use-6-100x100.webp 100w\" sizes=\"(max-width: 800px) 100vw, 800px\" \/><\/figure><\/div><\/div>","protected":false},"excerpt":{"rendered":"<p>Nos refroidisseurs d'air par \u00e9vaporation en gros utilisent une technologie avanc\u00e9e pour obtenir un refroidissement efficace et fournir un environnement confortable et frais pour la famille. Il est \u00e9conome en \u00e9nergie et respectueux de l'environnement et dispose d'un syst\u00e8me d'exploitation simple et facile \u00e0 utiliser, associ\u00e9 \u00e0 une conception flexible et mobile, pour r\u00e9pondre aux besoins d'utilisation en diverses occasions.<\/p>\n<h2>Caract\u00e9ristiques du produit\uff1a<\/h2>\n<ul>\n<li>Fonction de refroidissement, d'humidification et de purification, un appareil polyvalent.<\/li>\n<li>Manuellement vers le haut et vers le bas, automatiquement vers la gauche et vers la droite par les lames.<\/li>\n<li>Trois vitesses de vent au choix.<\/li>\n<li>Le grand angle offre un vent confortable.<\/li>\n<li>Le r\u00e9servoir d'eau peut \u00eatre retir\u00e9 de la machine, ce qui facilite le nettoyage.<\/li>\n<li>Fermer manuellement les bouches d'a\u00e9ration.<\/li>\n<\/ul>","protected":false},"featured_media":436,"comment_status":"closed","ping_status":"closed","template":"","meta":{"_acf_changed":false},"product_brand":[],"product_cat":[26],"product_tag":[27],"class_list":{"0":"post-429","1":"product","2":"type-product","3":"status-publish","4":"has-post-thumbnail","6":"product_cat-wholesale-air-coolers","7":"product_tag-wholesale-home-air-coolers","9":"first","10":"instock","11":"shipping-taxable","12":"product-type-simple"},"acf":[],"_links":{"self":[{"href":"https:\/\/www.gdwanjiada.net\/fr\/wp-json\/wp\/v2\/product\/429","targetHints":{"allow":["GET"]}}],"collection":[{"href":"https:\/\/www.gdwanjiada.net\/fr\/wp-json\/wp\/v2\/product"}],"about":[{"href":"https:\/\/www.gdwanjiada.net\/fr\/wp-json\/wp\/v2\/types\/product"}],"replies":[{"embeddable":true,"href":"https:\/\/www.gdwanjiada.net\/fr\/wp-json\/wp\/v2\/comments?post=429"}],"wp:featuredmedia":[{"embeddable":true,"href":"https:\/\/www.gdwanjiada.net\/fr\/wp-json\/wp\/v2\/media\/436"}],"wp:attachment":[{"href":"https:\/\/www.gdwanjiada.net\/fr\/wp-json\/wp\/v2\/media?parent=429"}],"wp:term":[{"taxonomy":"product_brand","embeddable":true,"href":"https:\/\/www.gdwanjiada.net\/fr\/wp-json\/wp\/v2\/product_brand?post=429"},{"taxonomy":"product_cat","embeddable":true,"href":"https:\/\/www.gdwanjiada.net\/fr\/wp-json\/wp\/v2\/product_cat?post=429"},{"taxonomy":"product_tag","embeddable":true,"href":"https:\/\/www.gdwanjiada.net\/fr\/wp-json\/wp\/v2\/product_tag?post=429"}],"curies":[{"name":"wp","href":"https:\/\/api.w.org\/{rel}","templated":true}]}}