{"id":2139,"date":"2025-12-17T08:02:39","date_gmt":"2025-12-17T08:02:39","guid":{"rendered":"https:\/\/www.gdwanjiada.net\/?post_type=product&#038;p=2139"},"modified":"2025-12-17T08:03:30","modified_gmt":"2025-12-17T08:03:30","slug":"wholesale-air-cooler-fan","status":"publish","type":"product","link":"https:\/\/www.gdwanjiada.net\/fr\/produit\/wholesale-air-cooler-fan\/","title":{"rendered":"Ventilateur de refroidissement d'air en gros, refroidisseur d'\u00e9vaporation portable en vrac"},"content":{"rendered":"<h3 class=\"wp-block-heading has-text-align-center\">Sp\u00e9cifications du ventilateur refroidisseur d'air Wholesale<\/h3><figure class=\"wp-block-table\"><table class=\"has-fixed-layout\"><tbody><tr><td>Mod\u00e8le<\/td><td>Tension<\/td><td>Puissance<\/td><td>Vitesse du vent<\/td><td>Capacit\u00e9 de la batterie<\/td><td>D\u00e9bit d'air<\/td><td>R\u00e9servoir d'eau<\/td><td>G.W.<\/td><td>N.W.<\/td><td>Taille du produit<\/td><td>Taille de l'emballage<\/td><td colspan=\"2\">Chargement Qt\u00e9<\/td><\/tr><tr><td rowspan=\"2\">WJD4500F-1D<\/td><td rowspan=\"2\">DC24V<\/td><td rowspan=\"2\">75W<\/td><td rowspan=\"2\">6<\/td><td rowspan=\"2\">4000mAh*12pcs<\/td><td rowspan=\"2\">4500m\u00b3\/h<\/td><td rowspan=\"2\">42L<\/td><td rowspan=\"2\">14,6 kg<\/td><td rowspan=\"2\">12,6 kg<\/td><td rowspan=\"2\">500*410*960mm<\/td><td rowspan=\"2\">550*460*1020mm<\/td><td>20 GP<\/td><td>40 HQ<\/td><\/tr><tr><td>122 pi\u00e8ces<\/td><td>278 pi\u00e8ces<\/td><\/tr><\/tbody><\/table><\/figure><div class=\"wp-block-columns is-layout-flex wp-container-core-columns-is-layout-9d6595d7 wp-block-columns-is-layout-flex\"><div class=\"wp-block-column is-layout-flow wp-block-column-is-layout-flow\" style=\"flex-basis:50%\"><h3 class=\"wp-block-heading has-text-align-left\">Avantages du ventilateur refroidisseur d'air en gros<\/h3>\n\n<ul class=\"wp-block-list\"><li><strong>Grand r\u00e9servoir d'eau de 42 litres :<\/strong> Ces ventilateurs de refroidissement d'air en gros offrent un refroidissement continu sur des p\u00e9riodes prolong\u00e9es. Le grand r\u00e9servoir d'eau de 42 litres r\u00e9duit le besoin de remplissage fr\u00e9quent, ce qui le rend adapt\u00e9 aux applications commerciales, aux projets d'ing\u00e9nierie et \u00e0 l'utilisation en ext\u00e9rieur.<\/li>\n\n<li><strong>Trois prises d'air + quatre rideaux de refroidissement :<\/strong> Ces ventilateurs refroidisseurs d'air en gros permettent un refroidissement par \u00e9vaporation efficace. Les doubles rideaux de refroidissement \u00e0 l'arri\u00e8re et la structure d'admission d'air \u00e0 trois c\u00f4t\u00e9s, \u00e0 gauche et \u00e0 droite, permettent un refroidissement plus rapide et un air frais plus concentr\u00e9, ce qui les rend particuli\u00e8rement adapt\u00e9s aux march\u00e9s situ\u00e9s dans des zones s\u00e8ches et \u00e0 haute temp\u00e9rature.<\/li>\n\n<li><strong>D\u00e9bit d'air \u00e9lev\u00e9 et fonctionnement ultra-silencieux :<\/strong> Ce ventilateur de refroidissement d'air en gros utilise des pales de ventilateur axial de grand diam\u00e8tre et un moteur \u00e0 courant continu, ce qui permet d'obtenir un d\u00e9bit d'air \u00e9lev\u00e9 tout en maintenant un fonctionnement silencieux, adapt\u00e9 aux environnements silencieux tels que les chambres \u00e0 coucher et les bureaux.<\/li>\n\n<li><strong>Longue dur\u00e9e de vie de la batterie et portabilit\u00e9 sans fil :<\/strong> Ces bulks refroidisseurs d'air sont \u00e9quip\u00e9s de 12 batteries lithium-ion 21700 int\u00e9gr\u00e9es, offrant jusqu'\u00e0 48 heures d'autonomie en mode bas, r\u00e9pondant ainsi aux besoins d'une utilisation sans fil prolong\u00e9e. \u00c9quip\u00e9s de quatre roues omnidirectionnelles, y compris une fonction de verrouillage sur les roues avant, ils offrent un d\u00e9placement facile et un positionnement stable, permettant une v\u00e9ritable libert\u00e9 de mouvement dans toute la maison.<\/li><\/ul><\/div>\n\n<div class=\"wp-block-column is-layout-flow wp-block-column-is-layout-flow\"><figure class=\"wp-block-image size-full\"><img decoding=\"async\" width=\"1200\" height=\"1200\" src=\"https:\/\/www.gdwanjiada.net\/wp-content\/uploads\/2025\/12\/wholesale-air-cooler-fan-portable-evaporative-cooler-bulk-1.webp\" alt=\"wholesale-air-cooler-fan-portable-evaporative-cooler-bulk-1\" class=\"wp-image-2141\" srcset=\"https:\/\/www.gdwanjiada.net\/wp-content\/uploads\/2025\/12\/wholesale-air-cooler-fan-portable-evaporative-cooler-bulk-1.webp 1200w, https:\/\/www.gdwanjiada.net\/wp-content\/uploads\/2025\/12\/wholesale-air-cooler-fan-portable-evaporative-cooler-bulk-1-300x300.webp 300w, https:\/\/www.gdwanjiada.net\/wp-content\/uploads\/2025\/12\/wholesale-air-cooler-fan-portable-evaporative-cooler-bulk-1-150x150.webp 150w, https:\/\/www.gdwanjiada.net\/wp-content\/uploads\/2025\/12\/wholesale-air-cooler-fan-portable-evaporative-cooler-bulk-1-768x768.webp 768w, https:\/\/www.gdwanjiada.net\/wp-content\/uploads\/2025\/12\/wholesale-air-cooler-fan-portable-evaporative-cooler-bulk-1-12x12.webp 12w, https:\/\/www.gdwanjiada.net\/wp-content\/uploads\/2025\/12\/wholesale-air-cooler-fan-portable-evaporative-cooler-bulk-1-600x600.webp 600w, https:\/\/www.gdwanjiada.net\/wp-content\/uploads\/2025\/12\/wholesale-air-cooler-fan-portable-evaporative-cooler-bulk-1-100x100.webp 100w\" sizes=\"(max-width: 1200px) 100vw, 1200px\" \/><\/figure><\/div><\/div><p><\/p>","protected":false},"excerpt":{"rendered":"<p>Nous vous invitons \u00e0 acheter notre ventilateur refroidisseur d'air portable 42L qui offre un refroidissement puissant, une humidification et une purification de l'air en un seul appareil. La batterie lithium 21700 int\u00e9gr\u00e9e offre jusqu'\u00e0 48 heures d'autonomie, ce qui en fait l'appareil id\u00e9al pour les applications de refroidissement commerciales, ext\u00e9rieures et portables. Une solution fiable et de grande valeur pour les commandes en gros, les OEM et la distribution en gros.<\/p>\n<h2>Caract\u00e9ristiques du ventilateur de refroidissement d'air Wholesale\uff1a<\/h2>\n<ul>\n<li>Fonction de refroidissement, d'humidification et de purification, un appareil polyvalent<\/li>\n<li>4 coussinets de refroidissement (double coussinets de refroidissement \u00e0 l'arri\u00e8re) et le vent entre par 3 c\u00f4t\u00e9s, ce qui rend l'effet de refroidissement plus \u00e9vident.<\/li>\n<li>Panneau de commande multifonctions, affichage dynamique par LED, affichage de la temp\u00e9rature et t\u00e9l\u00e9commande intelligente<\/li>\n<li>Fonction anionique, purifie l'air<\/li>\n<li>Pales de ventilateur axial de grand diam\u00e8tre, moteur \u00e0 courant continu, grand vent, faible bruit<\/li>\n<li>R\u00e9glage de la dur\u00e9e de 1 \u00e0 12 heures<\/li>\n<li>Choix entre le vent naturel, le vent dormant et le vent standard<\/li>\n<li>Manuellement de haut en bas, automatiquement de gauche \u00e0 droite par les lames<\/li>\n<li>Fonction de verrouillage par les roulettes avant, facile \u00e0 d\u00e9placer et \u00e0 placer<\/li>\n<li>La pompe \u00e0 eau \u00e0 protection multiple<\/li>\n<li>Possibilit\u00e9 d'ajouter de l'eau, de la glace ou un bac \u00e0 glace dans la partie sup\u00e9rieure, pour un meilleur refroidissement<\/li>\n<li>Batterie lithium 12pcs 21700 int\u00e9gr\u00e9e, la vitesse la plus basse dure 48 heures, la vitesse la plus haute dure 3 heures et est compl\u00e8tement recharg\u00e9e en 16 heures.<\/li>\n<\/ul>","protected":false},"featured_media":2147,"comment_status":"closed","ping_status":"closed","template":"","meta":{"_acf_changed":false},"product_brand":[],"product_cat":[26],"product_tag":[28,27],"class_list":{"0":"post-2139","1":"product","2":"type-product","3":"status-publish","4":"has-post-thumbnail","6":"product_cat-wholesale-air-coolers","7":"product_tag-commercial-air-coolers-wholesale","8":"product_tag-wholesale-home-air-coolers","10":"first","11":"instock","12":"shipping-taxable","13":"product-type-simple"},"acf":[],"_links":{"self":[{"href":"https:\/\/www.gdwanjiada.net\/fr\/wp-json\/wp\/v2\/product\/2139","targetHints":{"allow":["GET"]}}],"collection":[{"href":"https:\/\/www.gdwanjiada.net\/fr\/wp-json\/wp\/v2\/product"}],"about":[{"href":"https:\/\/www.gdwanjiada.net\/fr\/wp-json\/wp\/v2\/types\/product"}],"replies":[{"embeddable":true,"href":"https:\/\/www.gdwanjiada.net\/fr\/wp-json\/wp\/v2\/comments?post=2139"}],"wp:featuredmedia":[{"embeddable":true,"href":"https:\/\/www.gdwanjiada.net\/fr\/wp-json\/wp\/v2\/media\/2147"}],"wp:attachment":[{"href":"https:\/\/www.gdwanjiada.net\/fr\/wp-json\/wp\/v2\/media?parent=2139"}],"wp:term":[{"taxonomy":"product_brand","embeddable":true,"href":"https:\/\/www.gdwanjiada.net\/fr\/wp-json\/wp\/v2\/product_brand?post=2139"},{"taxonomy":"product_cat","embeddable":true,"href":"https:\/\/www.gdwanjiada.net\/fr\/wp-json\/wp\/v2\/product_cat?post=2139"},{"taxonomy":"product_tag","embeddable":true,"href":"https:\/\/www.gdwanjiada.net\/fr\/wp-json\/wp\/v2\/product_tag?post=2139"}],"curies":[{"name":"wp","href":"https:\/\/api.w.org\/{rel}","templated":true}]}}