{"id":2075,"date":"2025-12-05T08:05:11","date_gmt":"2025-12-05T08:05:11","guid":{"rendered":"https:\/\/www.gdwanjiada.net\/?post_type=product&#038;p=2075"},"modified":"2025-12-05T08:05:12","modified_gmt":"2025-12-05T08:05:12","slug":"air-cooler-fans-bulk","status":"publish","type":"product","link":"https:\/\/www.gdwanjiada.net\/fr\/produit\/air-cooler-fans-bulk\/","title":{"rendered":"Ventilateurs de refroidissement d'air en vrac, Refroidisseurs \u00e9vaporatifs efficaces en gros"},"content":{"rendered":"<h3 class=\"wp-block-heading has-text-align-center\">Sp\u00e9cifications des ventilateurs refroidisseurs d'air portables en vrac<\/h3><figure class=\"wp-block-table\"><table class=\"has-fixed-layout\"><tbody><tr><td>Mod\u00e8le<\/td><td>Tension<\/td><td>Puissance<\/td><td>Vitesse du vent<\/td><td>Capacit\u00e9 de la batterie<\/td><td>D\u00e9bit d'air<\/td><td>R\u00e9servoir d'eau<\/td><td>G.W.<\/td><td>N.W.<\/td><td>Taille du produit<\/td><td>Taille de l'emballage<\/td><td colspan=\"2\">Chargement Qt\u00e9<\/td><\/tr><tr><td rowspan=\"2\">WJD2800F-3D<\/td><td rowspan=\"2\">DC24V<\/td><td rowspan=\"2\">75W<\/td><td rowspan=\"2\">6<\/td><td rowspan=\"2\">4000mAh*12pcs<\/td><td rowspan=\"2\">2500m\u00b3\/h<\/td><td rowspan=\"2\">28L<\/td><td rowspan=\"2\">13,7 kg<\/td><td rowspan=\"2\">11,6 kg<\/td><td rowspan=\"2\">470*345*950mm<\/td><td rowspan=\"2\">520*390*930mm<\/td><td>20 GP<\/td><td>40 HQ<\/td><\/tr><tr><td>155 pi\u00e8ces<\/td><td>365 pcs<\/td><\/tr><\/tbody><\/table><\/figure><div class=\"wp-block-columns is-layout-flex wp-container-core-columns-is-layout-9d6595d7 wp-block-columns-is-layout-flex\"><div class=\"wp-block-column is-layout-flow wp-block-column-is-layout-flow\" style=\"flex-basis:50%\"><h3 class=\"wp-block-heading has-text-align-left\">Avantages des ventilateurs refroidisseurs d'air portables en vrac<\/h3>\n\n<ul class=\"wp-block-list\"><li><strong>Syst\u00e8me de refroidissement par \u00e9vaporation \u00e0 haut rendement :<\/strong> Ces ventilateurs refroidisseurs d'air portables sont dot\u00e9s d'un coussin de refroidissement par \u00e9vaporation \u00e0 trois c\u00f4t\u00e9s et d'une entr\u00e9e d'air \u00e0 trois c\u00f4t\u00e9s, ce qui am\u00e9liore consid\u00e9rablement l'efficacit\u00e9 du refroidissement par \u00e9vaporation. Il en r\u00e9sulte un refroidissement plus puissant, une plus grande surface d'application et un refroidissement plus rapide.<\/li>\n\n<li><strong>Conception pratique et portable :<\/strong> Ces ventilateurs refroidisseurs d'air portables en vrac sont \u00e9quip\u00e9s de quatre roues omnidirectionnelles pour un d\u00e9placement facile ; une fen\u00eatre transparente sur le niveau d'eau et un r\u00e9servoir d'eau \/ bec verseur ouvert permettent de verser directement l'eau ou de la remplir \u00e0 l'aide d'une bouilloire, ce qui les rend pratiques \u00e0 utiliser.<\/li>\n\n<li><strong>Batterie int\u00e9gr\u00e9e de grande capacit\u00e9 :<\/strong> Ces ventilateurs refroidisseurs d'air portables en vrac sont \u00e9quip\u00e9s de 12 piles au lithium 21700 int\u00e9gr\u00e9es, ce qui permet une utilisation continue : r\u00e9glage le plus bas : 48 heures, r\u00e9glage le plus \u00e9lev\u00e9 : 3 heures, et une charge compl\u00e8te en 16 heures. Convient pour l'ext\u00e9rieur, le camping et l'utilisation portable.<\/li>\n\n<li><strong>Contr\u00f4le intelligent multimode : <\/strong>Le panneau de commande sup\u00e9rieur du refroidisseur \u00e9vaporatif Thies efficient wholesale permet plusieurs r\u00e9glages de la vitesse du ventilateur (\"fort\/moyen\/faible\"), dispose d'un mode d'\u00e9conomie d'\u00e9nergie ECO et s'utilise de mani\u00e8re intuitive. Il permet une oscillation manuelle haut\/bas et une oscillation automatique gauche\/droite, augmentant ainsi la couverture du flux d'air et s'adaptant \u00e0 diff\u00e9rents sc\u00e9narios.<\/li>\n\n<li><strong>Circulation d'air dans un grand espace :<\/strong> Ces ventilateurs refroidisseurs d'air portables adoptent des pales de ventilateur axial de grand diam\u00e8tre avec un puissant moteur \u00e0 courant continu, ce qui permet de faire circuler rapidement l'air dans un volume \u00e9lev\u00e9 et \u00e0 faible bruit. Le salon, le bureau, les petites entreprises, etc. sont des solutions de refroidissement peu co\u00fbteuses.<\/li><\/ul><\/div>\n\n<div class=\"wp-block-column is-layout-flow wp-block-column-is-layout-flow\"><figure class=\"wp-block-image size-full\"><img decoding=\"async\" width=\"800\" height=\"800\" src=\"https:\/\/www.gdwanjiada.net\/wp-content\/uploads\/2025\/12\/portable-air-cooler-fans-bulk-efficient-evaporative-cooler-wholesale-7.webp\" alt=\"refroidisseur d&#039;air portable - ventilateurs - refroidisseur d&#039;\u00e9vaporation \u00e0 haut rendement - vente en gros - 7\" class=\"wp-image-2114\" srcset=\"https:\/\/www.gdwanjiada.net\/wp-content\/uploads\/2025\/12\/portable-air-cooler-fans-bulk-efficient-evaporative-cooler-wholesale-7.webp 800w, https:\/\/www.gdwanjiada.net\/wp-content\/uploads\/2025\/12\/portable-air-cooler-fans-bulk-efficient-evaporative-cooler-wholesale-7-300x300.webp 300w, https:\/\/www.gdwanjiada.net\/wp-content\/uploads\/2025\/12\/portable-air-cooler-fans-bulk-efficient-evaporative-cooler-wholesale-7-150x150.webp 150w, https:\/\/www.gdwanjiada.net\/wp-content\/uploads\/2025\/12\/portable-air-cooler-fans-bulk-efficient-evaporative-cooler-wholesale-7-768x768.webp 768w, https:\/\/www.gdwanjiada.net\/wp-content\/uploads\/2025\/12\/portable-air-cooler-fans-bulk-efficient-evaporative-cooler-wholesale-7-12x12.webp 12w, https:\/\/www.gdwanjiada.net\/wp-content\/uploads\/2025\/12\/portable-air-cooler-fans-bulk-efficient-evaporative-cooler-wholesale-7-600x600.webp 600w, https:\/\/www.gdwanjiada.net\/wp-content\/uploads\/2025\/12\/portable-air-cooler-fans-bulk-efficient-evaporative-cooler-wholesale-7-100x100.webp 100w\" sizes=\"(max-width: 800px) 100vw, 800px\" \/><\/figure><\/div><\/div>","protected":false},"excerpt":{"rendered":"<p>Nous vous invitons \u00e0 acheter nos ventilateurs refroidisseurs d'air portables en vrac. Il est dot\u00e9 de fonctions d'humidification et de refroidissement, de trois vitesses de ventilation r\u00e9glables et de roulettes faciles \u00e0 d\u00e9placer. Il comprend \u00e9galement un r\u00e9servoir d'eau visible, un panneau de commande sup\u00e9rieur et une conception s\u00fbre. Id\u00e9al pour les chambres, les bureaux et les climats secs. Efficace sur le plan \u00e9nerg\u00e9tique et portable, c'est une solution de refroidissement personnelle id\u00e9ale.<\/p>\n<h2>Ventilateurs refroidisseurs d'air portables Caract\u00e9ristiques en vrac\uff1a<\/h2>\n<ul>\n<li>Fonction de refroidissement, d'humidification et de purification, un appareil polyvalent<\/li>\n<li>Des coussinets de refroidissement sur 3 c\u00f4t\u00e9s et une entr\u00e9e d'air rendent l'effet de refroidissement plus \u00e9vident.<\/li>\n<li>Panneau de commande multifonctions, \u00e9cran LED color\u00e9, t\u00e9l\u00e9commande intelligente<\/li>\n<li>Fonction anionique, purifie l'air<\/li>\n<li>Pales de ventilateur axial de grand diam\u00e8tre, moteur \u00e0 courant continu, grand vent, faible bruit<\/li>\n<li>R\u00e9glage de la dur\u00e9e de 1 \u00e0 12 heures<\/li>\n<li>Choix entre le vent naturel, le vent de sommeil et le vent standard<\/li>\n<li>Manuellement de haut en bas, automatiquement de gauche \u00e0 droite par les lames<\/li>\n<li>Fonction de verrouillage par les roulettes avant, facile \u00e0 d\u00e9placer et \u00e0 placer<\/li>\n<li>La pompe \u00e0 eau \u00e0 protection multiple<\/li>\n<li>Batterie lithium 12pcs 21700 int\u00e9gr\u00e9e, la vitesse la plus faible dure 48 heures, la vitesse la plus \u00e9lev\u00e9e dure 3 heures et est compl\u00e8tement recharg\u00e9e en 16 heures.<\/li>\n<\/ul>","protected":false},"featured_media":2108,"comment_status":"closed","ping_status":"closed","template":"","meta":{"_acf_changed":false},"product_brand":[],"product_cat":[26],"product_tag":[28,27],"class_list":{"0":"post-2075","1":"product","2":"type-product","3":"status-publish","4":"has-post-thumbnail","6":"product_cat-wholesale-air-coolers","7":"product_tag-commercial-air-coolers-wholesale","8":"product_tag-wholesale-home-air-coolers","10":"first","11":"instock","12":"shipping-taxable","13":"product-type-simple"},"acf":[],"_links":{"self":[{"href":"https:\/\/www.gdwanjiada.net\/fr\/wp-json\/wp\/v2\/product\/2075","targetHints":{"allow":["GET"]}}],"collection":[{"href":"https:\/\/www.gdwanjiada.net\/fr\/wp-json\/wp\/v2\/product"}],"about":[{"href":"https:\/\/www.gdwanjiada.net\/fr\/wp-json\/wp\/v2\/types\/product"}],"replies":[{"embeddable":true,"href":"https:\/\/www.gdwanjiada.net\/fr\/wp-json\/wp\/v2\/comments?post=2075"}],"wp:featuredmedia":[{"embeddable":true,"href":"https:\/\/www.gdwanjiada.net\/fr\/wp-json\/wp\/v2\/media\/2108"}],"wp:attachment":[{"href":"https:\/\/www.gdwanjiada.net\/fr\/wp-json\/wp\/v2\/media?parent=2075"}],"wp:term":[{"taxonomy":"product_brand","embeddable":true,"href":"https:\/\/www.gdwanjiada.net\/fr\/wp-json\/wp\/v2\/product_brand?post=2075"},{"taxonomy":"product_cat","embeddable":true,"href":"https:\/\/www.gdwanjiada.net\/fr\/wp-json\/wp\/v2\/product_cat?post=2075"},{"taxonomy":"product_tag","embeddable":true,"href":"https:\/\/www.gdwanjiada.net\/fr\/wp-json\/wp\/v2\/product_tag?post=2075"}],"curies":[{"name":"wp","href":"https:\/\/api.w.org\/{rel}","templated":true}]}}