{"id":2057,"date":"2025-11-15T09:12:35","date_gmt":"2025-11-15T09:12:35","guid":{"rendered":"https:\/\/www.gdwanjiada.net\/?post_type=product&#038;p=2057"},"modified":"2025-12-17T07:34:14","modified_gmt":"2025-12-17T07:34:14","slug":"battery-powered-air-cooler-wholesale","status":"publish","type":"product","link":"https:\/\/www.gdwanjiada.net\/fr\/produit\/battery-powered-air-cooler-wholesale\/","title":{"rendered":"Refroidisseur d'air efficace aliment\u00e9 par batterie avec 6 vitesses"},"content":{"rendered":"<h3 class=\"wp-block-heading has-text-align-center\">Sp\u00e9cifications du refroidisseur d'air aliment\u00e9 par batterie Wholesale<\/h3><figure class=\"wp-block-table\"><table class=\"has-fixed-layout\"><tbody><tr><td>Mod\u00e8le<\/td><td>Tension<\/td><td>Puissance<\/td><td>Vitesse du vent<\/td><td>Capacit\u00e9 de la batterie<\/td><td>D\u00e9bit d'air<\/td><td>R\u00e9servoir d'eau<\/td><td>G.W.<\/td><td>N.W.<\/td><td>Taille du produit<\/td><td>Taille de l'emballage<\/td><td colspan=\"2\">Chargement Qt\u00e9<\/td><\/tr><tr><td rowspan=\"2\">WJD980F-3D<\/td><td rowspan=\"2\">DC 12V<\/td><td rowspan=\"2\">24W<\/td><td rowspan=\"2\">6<\/td><td rowspan=\"2\">4000mAh*3pcs<\/td><td rowspan=\"2\">900m\u00b3\/h<\/td><td rowspan=\"2\">5.5L<\/td><td rowspan=\"2\">6,5 kg<\/td><td rowspan=\"2\">5kg<\/td><td rowspan=\"2\">280*280*710<br>mm<\/td><td rowspan=\"2\">330*330*745mm<\/td><td>20 GP<\/td><td>40 HQ<\/td><\/tr><tr><td>346 pi\u00e8ces<\/td><td>832 pi\u00e8ces<\/td><\/tr><\/tbody><\/table><\/figure><div class=\"wp-block-columns is-layout-flex wp-container-core-columns-is-layout-9d6595d7 wp-block-columns-is-layout-flex\"><div class=\"wp-block-column is-layout-flow wp-block-column-is-layout-flow\" style=\"flex-basis:50%\"><h3 class=\"wp-block-heading has-text-align-left\">Avantages des refroidisseurs d'air aliment\u00e9s par batterie (vente en gros)<\/h3>\n\n<ul class=\"wp-block-list\"><li><strong>Syst\u00e8me de batterie puissant : <\/strong>Ces ventilateurs refroidisseurs d'air en gros sont \u00e9quip\u00e9s de trois batteries lithium 21700 int\u00e9gr\u00e9es, offrant jusqu'\u00e0 18 heures d'utilisation continue. Id\u00e9al pour les grossistes en \u00e9quipement de plein air, les vendeurs en ligne, les fournisseurs de mat\u00e9riel de location et les marques de camping qui \u00e9tendent leur gamme de produits de refroidissement pour les environnements sans \u00e9lectricit\u00e9.<\/li>\n\n<li><strong>Capacit\u00e9s personnalisables : <\/strong>Le refroidisseur d'air aliment\u00e9 par batterie peut \u00eatre personnalis\u00e9 en fonction de la couleur du corps, du logo, de l'emballage et des param\u00e8tres fonctionnels. Les projets OEM\/ODM sont pris en charge, ce qui en fait un choix id\u00e9al pour les clients qui cherchent \u00e0 cr\u00e9er leur propre marque et \u00e0 renforcer leur avantage concurrentiel.<\/li>\n\n<li><strong>Conception multifonctionnelle tout-en-un :<\/strong> Le refroidisseur d'air aliment\u00e9 par batterie int\u00e8gre le refroidissement, l'humidification et la purification de l'air. Cette unit\u00e9 peut remplacer de nombreux petits appareils de refroidissement, r\u00e9duisant ainsi les co\u00fbts d'approvisionnement pour les clients finaux. Il permet aux grossistes de r\u00e9pondre \u00e0 un plus grand nombre de besoins des consommateurs avec un seul produit, am\u00e9liorant ainsi l'efficacit\u00e9 du portefeuille de produits.<\/li>\n\n<li><strong>Entretien facile :<\/strong> Le refroidisseur d'air aliment\u00e9 par batterie dispose d'un r\u00e9servoir d'eau amovible, d'une structure de conduit d'air facile \u00e0 nettoyer et de roulettes durables qui r\u00e9duisent les taux de d\u00e9faillance et les co\u00fbts apr\u00e8s-vente, ce qui en fait un produit id\u00e9al pour les achats en gros B2B et les partenariats \u00e0 long terme.<\/li>\n\n<li><strong>\u00c9cran tactile int\u00e9gr\u00e9 :<\/strong> Le refroidisseur d'air aliment\u00e9 par batterie est dot\u00e9 d'un \u00e9cran tactile noir int\u00e9gr\u00e9 avec des \u00e9tiquettes claires (vitesse du ventilateur, refroidissement et oscillation). Cette conception est non seulement technologiquement avanc\u00e9e et facile \u00e0 nettoyer, mais elle poss\u00e8de \u00e9galement une logique de fonctionnement intuitive, permettant aux utilisateurs de d\u00e9marrer facilement sans apprentissage, am\u00e9liorant ainsi l'exp\u00e9rience de l'utilisateur.<\/li><\/ul><\/div>\n\n<div class=\"wp-block-column is-layout-flow wp-block-column-is-layout-flow\"><figure class=\"wp-block-image size-full\"><img decoding=\"async\" width=\"1200\" height=\"1200\" src=\"https:\/\/www.gdwanjiada.net\/wp-content\/uploads\/2025\/11\/efficient-battery-powered-air-cooler\u200b-wholesale-with-6-speed-7.webp\" alt=\"efficient-battery-powered-air-cooler-wholesale-with-6-speed-7\" class=\"wp-image-2063\" srcset=\"https:\/\/www.gdwanjiada.net\/wp-content\/uploads\/2025\/11\/efficient-battery-powered-air-cooler\u200b-wholesale-with-6-speed-7.webp 1200w, https:\/\/www.gdwanjiada.net\/wp-content\/uploads\/2025\/11\/efficient-battery-powered-air-cooler\u200b-wholesale-with-6-speed-7-300x300.webp 300w, https:\/\/www.gdwanjiada.net\/wp-content\/uploads\/2025\/11\/efficient-battery-powered-air-cooler\u200b-wholesale-with-6-speed-7-150x150.webp 150w, https:\/\/www.gdwanjiada.net\/wp-content\/uploads\/2025\/11\/efficient-battery-powered-air-cooler\u200b-wholesale-with-6-speed-7-768x768.webp 768w, https:\/\/www.gdwanjiada.net\/wp-content\/uploads\/2025\/11\/efficient-battery-powered-air-cooler\u200b-wholesale-with-6-speed-7-12x12.webp 12w, https:\/\/www.gdwanjiada.net\/wp-content\/uploads\/2025\/11\/efficient-battery-powered-air-cooler\u200b-wholesale-with-6-speed-7-600x600.webp 600w, https:\/\/www.gdwanjiada.net\/wp-content\/uploads\/2025\/11\/efficient-battery-powered-air-cooler\u200b-wholesale-with-6-speed-7-100x100.webp 100w\" sizes=\"(max-width: 1200px) 100vw, 1200px\" \/><\/figure><\/div><\/div>","protected":false},"excerpt":{"rendered":"<p>Nous vous invitons \u00e0 acheter en gros notre refroidisseur d'air aliment\u00e9 par batterie. Ce refroidisseur d'air \u00e0 eau en gros int\u00e8gre le refroidissement, l'humidification et la purification. Le grand r\u00e9servoir d'eau de 5,5 litres peut \u00eatre rempli de glace et de cristaux de glace pour un refroidissement suppl\u00e9mentaire. L'alimentation en air \u00e0 grand angle offre une plus grande surface de refroidissement. C'est une solution id\u00e9ale pour les maisons, les bureaux, les espaces ext\u00e9rieurs et les acheteurs en gros \u00e0 la recherche d'un \u00e9quipement de refroidissement portable fiable.<\/p>\n<h2>Caract\u00e9ristiques du produit\uff1a<\/h2>\n<ul>\n<li>Fonction de refroidissement, d'humidification et de purification, un appareil polyvalent<\/li>\n<li>Manuellement de haut en bas, automatiquement de gauche \u00e0 droite par les lames<\/li>\n<li>6 vitesses au choix<\/li>\n<li>Grand angle pour un vent confortable<\/li>\n<li>Possibilit\u00e9 d'ajouter de l'eau, de la glace ou un bac \u00e0 glace \u00e0 l'emplacement sup\u00e9rieur, pour un meilleur refroidissement<\/li>\n<li>Le r\u00e9servoir d'eau peut \u00eatre retir\u00e9 de la machine, ce qui facilite le nettoyage.<\/li>\n<li>Fermer manuellement les bouches d'a\u00e9ration<\/li>\n<li>Avec des roulettes universelles, facile \u00e0 d\u00e9placer et \u00e0 placer<\/li>\n<li>R\u00e9glage de la dur\u00e9e de 1 \u00e0 9 heures<\/li>\n<li>Batterie lithium 3pcs 21700 int\u00e9gr\u00e9e, la vitesse la plus basse dure 18 heures, la vitesse la plus haute dure 2 heures et est compl\u00e8tement recharg\u00e9e en 6 heures.<\/li>\n<\/ul>","protected":false},"featured_media":2067,"comment_status":"closed","ping_status":"closed","template":"","meta":{"_acf_changed":false},"product_brand":[],"product_cat":[26],"product_tag":[27],"class_list":{"0":"post-2057","1":"product","2":"type-product","3":"status-publish","4":"has-post-thumbnail","6":"product_cat-wholesale-air-coolers","7":"product_tag-wholesale-home-air-coolers","9":"first","10":"instock","11":"shipping-taxable","12":"product-type-simple"},"acf":[],"_links":{"self":[{"href":"https:\/\/www.gdwanjiada.net\/fr\/wp-json\/wp\/v2\/product\/2057","targetHints":{"allow":["GET"]}}],"collection":[{"href":"https:\/\/www.gdwanjiada.net\/fr\/wp-json\/wp\/v2\/product"}],"about":[{"href":"https:\/\/www.gdwanjiada.net\/fr\/wp-json\/wp\/v2\/types\/product"}],"replies":[{"embeddable":true,"href":"https:\/\/www.gdwanjiada.net\/fr\/wp-json\/wp\/v2\/comments?post=2057"}],"wp:featuredmedia":[{"embeddable":true,"href":"https:\/\/www.gdwanjiada.net\/fr\/wp-json\/wp\/v2\/media\/2067"}],"wp:attachment":[{"href":"https:\/\/www.gdwanjiada.net\/fr\/wp-json\/wp\/v2\/media?parent=2057"}],"wp:term":[{"taxonomy":"product_brand","embeddable":true,"href":"https:\/\/www.gdwanjiada.net\/fr\/wp-json\/wp\/v2\/product_brand?post=2057"},{"taxonomy":"product_cat","embeddable":true,"href":"https:\/\/www.gdwanjiada.net\/fr\/wp-json\/wp\/v2\/product_cat?post=2057"},{"taxonomy":"product_tag","embeddable":true,"href":"https:\/\/www.gdwanjiada.net\/fr\/wp-json\/wp\/v2\/product_tag?post=2057"}],"curies":[{"name":"wp","href":"https:\/\/api.w.org\/{rel}","templated":true}]}}