{"id":2034,"date":"2025-11-15T03:39:07","date_gmt":"2025-11-15T03:39:07","guid":{"rendered":"https:\/\/www.gdwanjiada.net\/?post_type=product&#038;p=2034"},"modified":"2025-11-15T08:31:51","modified_gmt":"2025-11-15T08:31:51","slug":"air-cooler-fan-wholesale","status":"publish","type":"product","link":"https:\/\/www.gdwanjiada.net\/fr\/produit\/air-cooler-fan-wholesale\/","title":{"rendered":"Ventilateur de refroidissement d'air en gros \u00e0 6 vitesses, ventilateur de refroidissement par \u00e9vaporation"},"content":{"rendered":"<h3 class=\"wp-block-heading has-text-align-center\">Sp\u00e9cifications du ventilateur refroidisseur d'air Wholesale<\/h3><figure class=\"wp-block-table\"><table class=\"has-fixed-layout\"><tbody><tr><td>Mod\u00e8le<\/td><td>Tension<\/td><td>Puissance<\/td><td>Vitesse du vent<\/td><td>Capacit\u00e9 de la batterie<\/td><td>D\u00e9bit d'air<\/td><td>R\u00e9servoir d'eau<\/td><td>G.W.<\/td><td>N.W.<\/td><td>Taille du produit<\/td><td>Taille de l'emballage<\/td><td colspan=\"2\">Chargement Qt\u00e9<\/td><\/tr><tr><td rowspan=\"2\">WJD880F-1D<\/td><td rowspan=\"2\">DC 12V<\/td><td rowspan=\"2\">24W<\/td><td rowspan=\"2\">6<\/td><td rowspan=\"2\">4000mAh*3pcs<\/td><td rowspan=\"2\">800m\u00b3\/h<\/td><td rowspan=\"2\">5.5L<\/td><td rowspan=\"2\">6kg<\/td><td rowspan=\"2\">4,5 kg<\/td><td rowspan=\"2\">280*280*635mm<\/td><td rowspan=\"2\">330*330*670mm<\/td><td>20 GP<\/td><td>40 HQ<\/td><\/tr><tr><td>428 pi\u00e8ces<\/td><td>1008 pi\u00e8ces<\/td><\/tr><\/tbody><\/table><\/figure><div class=\"wp-block-columns is-layout-flex wp-container-core-columns-is-layout-9d6595d7 wp-block-columns-is-layout-flex\"><div class=\"wp-block-column is-layout-flow wp-block-column-is-layout-flow\" style=\"flex-basis:50%\"><h3 class=\"wp-block-heading has-text-align-left\">Avantages du ventilateur refroidisseur d'air en gros<\/h3>\n\n<ul class=\"wp-block-list\"><li><strong>Aspect simple et \u00e9l\u00e9gant :<\/strong> Le ventilateur refroidisseur d'air en gros se pr\u00e9sente sous la forme d'un corps blanc pur et d'un design minimal. Gr\u00e2ce \u00e0 ses quatre roulettes omnidirectionnelles, il peut \u00eatre transport\u00e9 et repositionn\u00e9 facilement et de mani\u00e8re flexible dans de nombreux espaces, tels que les bureaux, les salons ou les chambres \u00e0 coucher, et s'int\u00e9grera parfaitement dans les diff\u00e9rents environnements de la maison ou du bureau pour am\u00e9liorer l'espace.\u00a0<\/li>\n\n<li><strong>Fonctions de base trois-en-un :<\/strong> Ces refroidisseurs d'air \u00e0 \u00e9vaporation en gros assurent le refroidissement, l'humidification et la purification de l'air, ce qui permet de r\u00e9pondre aux besoins de climatisation en cas de saisons multiples tout en minimisant les achats suppl\u00e9mentaires pour l'utilisateur final. Le panneau de commande intelligent centralise les fonctions de vitesse du ventilateur, de refroidissement, d'oscillation et de minuterie, simplifiant ainsi le fonctionnement de mani\u00e8re intuitive.\u00a0<\/li>\n\n<li><strong>6 vitesses de ventilation r\u00e9glables :<\/strong> Le ventilateur du refroidisseur d'air en gros dispose de 6 vitesses de ventilation, allant d'une brise l\u00e9g\u00e8re \u00e0 un souffle puissant, ce qui lui permet de r\u00e9pondre aux diff\u00e9rents besoins en mati\u00e8re de flux d'air selon les sc\u00e9narios, et plus pr\u00e9cis\u00e9ment selon les utilisateurs. R\u00e9glez manuellement la direction du flux d'air vers le haut et vers le bas, et oscillez automatiquement vers la gauche et vers la droite, couvrant ainsi une large zone pour une circulation d'air plus efficace.<\/li>\n\n<li><strong>Batterie au lithium int\u00e9gr\u00e9e pour une plus grande autonomie : <\/strong>Ces refroidisseurs d'air \u00e0 \u00e9vaporation en gros int\u00e8grent 3 piles au lithium 21700 haute performance pour une utilisation portable sans fil. Le mode basse consommation offre jusqu'\u00e0 18 heures d'autonomie, r\u00e9pondant ainsi aux besoins d'une utilisation mobile prolong\u00e9e.<\/li>\n\n<li><strong>R\u00e9servoir d'eau visible :<\/strong> Le ventilateur refroidisseur d'air en gros est \u00e9quip\u00e9 d'un r\u00e9servoir d'eau ind\u00e9pendant et amovible de 5,5 litres pour un remplissage et un nettoyage extr\u00eamement pratiques. La conception interne comprend un module de pompe \u00e0 eau ind\u00e9pendant reli\u00e9 par un tuyau flexible, ce qui permet d'obtenir une structure claire, un fonctionnement stable et un entretien facile.<\/li>\n\n<li><strong>Services de personnalisation : <\/strong>Le ventilateur refroidisseur d'air en gros peut \u00eatre personnalis\u00e9 avec des logos de marque et offrir diverses options d'emballage (bo\u00eete en couleur\/bo\u00eete en papier kraft\/carton ext\u00e9rieur personnalis\u00e9) pour r\u00e9pondre aux divers besoins du march\u00e9 des OEM, ODM en gros et des clients de marque.<\/li><\/ul><\/div>\n\n<div class=\"wp-block-column is-layout-flow wp-block-column-is-layout-flow\"><figure class=\"wp-block-image size-full\"><img decoding=\"async\" width=\"800\" height=\"800\" src=\"https:\/\/www.gdwanjiada.net\/wp-content\/uploads\/2025\/11\/air-cooler-fan-wholesale-in-6-speed-evap-air-cooler-supply-8.webp\" alt=\"air-cooler-fan-wholesale-in-6-speed-evap-air-cooler-supply-8\" class=\"wp-image-2051\" srcset=\"https:\/\/www.gdwanjiada.net\/wp-content\/uploads\/2025\/11\/air-cooler-fan-wholesale-in-6-speed-evap-air-cooler-supply-8.webp 800w, https:\/\/www.gdwanjiada.net\/wp-content\/uploads\/2025\/11\/air-cooler-fan-wholesale-in-6-speed-evap-air-cooler-supply-8-300x300.webp 300w, https:\/\/www.gdwanjiada.net\/wp-content\/uploads\/2025\/11\/air-cooler-fan-wholesale-in-6-speed-evap-air-cooler-supply-8-150x150.webp 150w, https:\/\/www.gdwanjiada.net\/wp-content\/uploads\/2025\/11\/air-cooler-fan-wholesale-in-6-speed-evap-air-cooler-supply-8-768x768.webp 768w, https:\/\/www.gdwanjiada.net\/wp-content\/uploads\/2025\/11\/air-cooler-fan-wholesale-in-6-speed-evap-air-cooler-supply-8-12x12.webp 12w, https:\/\/www.gdwanjiada.net\/wp-content\/uploads\/2025\/11\/air-cooler-fan-wholesale-in-6-speed-evap-air-cooler-supply-8-600x600.webp 600w, https:\/\/www.gdwanjiada.net\/wp-content\/uploads\/2025\/11\/air-cooler-fan-wholesale-in-6-speed-evap-air-cooler-supply-8-100x100.webp 100w\" sizes=\"(max-width: 800px) 100vw, 800px\" \/><\/figure><\/div><\/div><p><\/p>","protected":false},"excerpt":{"rendered":"<p>Le ventilateur refroidisseur d'air 5.5L est dot\u00e9 d'un contr\u00f4le intelligent de la vitesse \u00e0 6 vitesses, int\u00e9grant le refroidissement, l'humidification et la purification, et d'un panneau tactile clair. Il adopte de mani\u00e8re innovante un r\u00e9servoir d'eau amovible et une conception de pompe \u00e0 eau ind\u00e9pendante, et dispose d'une batterie au lithium haute capacit\u00e9 21700 int\u00e9gr\u00e9e pour une utilisation sans fil de longue dur\u00e9e. Convient \u00e0 la vente en gros multi-sc\u00e9narios et \u00e0 la personnalisation des marques.<\/p>\n<h2>Caract\u00e9ristiques du produit\uff1a<\/h2>\n<ul>\n<li>Fonction de refroidissement, d'humidification et de purification, un appareil polyvalent<\/li>\n<li>Manuellement de haut en bas, automatiquement de gauche \u00e0 droite par les lames<\/li>\n<li>6 vitesses au choix<\/li>\n<li>Grand angle pour un vent confortable<\/li>\n<li>Le r\u00e9servoir d'eau peut \u00eatre retir\u00e9 de la machine, ce qui facilite le nettoyage.<\/li>\n<li>Fermer manuellement les bouches d'a\u00e9ration<\/li>\n<li>Avec des roulettes universelles, facile \u00e0 d\u00e9placer et \u00e0 placer<\/li>\n<li>R\u00e9glage de la dur\u00e9e de 1 \u00e0 9 heures<\/li>\n<li>Batterie lithium 3pcs 21700 int\u00e9gr\u00e9e, la vitesse la plus basse dure 18 heures, la vitesse la plus haute dure 2 heures et est compl\u00e8tement recharg\u00e9e en 6 heures.<\/li>\n<\/ul>","protected":false},"featured_media":2044,"comment_status":"closed","ping_status":"closed","template":"","meta":{"_acf_changed":false},"product_brand":[],"product_cat":[26],"product_tag":[27],"class_list":{"0":"post-2034","1":"product","2":"type-product","3":"status-publish","4":"has-post-thumbnail","6":"product_cat-wholesale-air-coolers","7":"product_tag-wholesale-home-air-coolers","9":"first","10":"instock","11":"shipping-taxable","12":"product-type-simple"},"acf":[],"_links":{"self":[{"href":"https:\/\/www.gdwanjiada.net\/fr\/wp-json\/wp\/v2\/product\/2034","targetHints":{"allow":["GET"]}}],"collection":[{"href":"https:\/\/www.gdwanjiada.net\/fr\/wp-json\/wp\/v2\/product"}],"about":[{"href":"https:\/\/www.gdwanjiada.net\/fr\/wp-json\/wp\/v2\/types\/product"}],"replies":[{"embeddable":true,"href":"https:\/\/www.gdwanjiada.net\/fr\/wp-json\/wp\/v2\/comments?post=2034"}],"wp:featuredmedia":[{"embeddable":true,"href":"https:\/\/www.gdwanjiada.net\/fr\/wp-json\/wp\/v2\/media\/2044"}],"wp:attachment":[{"href":"https:\/\/www.gdwanjiada.net\/fr\/wp-json\/wp\/v2\/media?parent=2034"}],"wp:term":[{"taxonomy":"product_brand","embeddable":true,"href":"https:\/\/www.gdwanjiada.net\/fr\/wp-json\/wp\/v2\/product_brand?post=2034"},{"taxonomy":"product_cat","embeddable":true,"href":"https:\/\/www.gdwanjiada.net\/fr\/wp-json\/wp\/v2\/product_cat?post=2034"},{"taxonomy":"product_tag","embeddable":true,"href":"https:\/\/www.gdwanjiada.net\/fr\/wp-json\/wp\/v2\/product_tag?post=2034"}],"curies":[{"name":"wp","href":"https:\/\/api.w.org\/{rel}","templated":true}]}}