{"id":1904,"date":"2025-08-16T03:59:20","date_gmt":"2025-08-16T03:59:20","guid":{"rendered":"https:\/\/www.gdwanjiada.net\/?post_type=product&#038;p=1904"},"modified":"2025-08-16T03:59:22","modified_gmt":"2025-08-16T03:59:22","slug":"wholesale-portable-desk-fan","status":"publish","type":"product","link":"https:\/\/www.gdwanjiada.net\/fr\/produit\/wholesale-portable-desk-fan\/","title":{"rendered":"Wholesale Portable Desk Fan, Cooling Fan Manufacturer With Oscillating"},"content":{"rendered":"<h3 class=\"wp-block-heading has-text-align-center\"><strong><strong>Sp\u00e9cifications du ventilateur de bureau portable Wholesale<\/strong><\/strong><\/h3><figure class=\"wp-block-table\"><table class=\"has-fixed-layout\"><tbody><tr><td rowspan=\"2\">Mod\u00e8le<\/td><td rowspan=\"2\">Puissance (W)<\/td><td rowspan=\"2\">Tension\uff08V\uff09<\/td><td rowspan=\"2\">Taille du produit\uff08mm\uff09<\/td><td rowspan=\"2\">Taille de l'emballage\uff08mm\uff09<\/td><td rowspan=\"2\">Taille du carton\uff08mm\uff09<\/td><td rowspan=\"2\">Emballage Q'ty\uff08pc\uff09<\/td><td rowspan=\"2\">Carton G.W.\uff08kg\uff09<\/td><td colspan=\"2\">Chargement Q'ty<\/td><\/tr><tr><td>20GP<\/td><td>40HQ<\/td><\/tr><tr><td>W10A<\/td><td>9<\/td><td>5<\/td><td>250*260*120<\/td><td>255*265*135<\/td><td>815*700*530<\/td><td>30<\/td><td>0.9<\/td><td>2670<\/td><td>6660<\/td><\/tr><\/tbody><\/table><\/figure><div class=\"wp-block-columns is-layout-flex wp-container-core-columns-is-layout-9d6595d7 wp-block-columns-is-layout-flex\"><div class=\"wp-block-column is-layout-flow wp-block-column-is-layout-flow\" style=\"flex-basis:50%\"><h3 class=\"wp-block-heading\">Avantages de la <strong><strong><strong><strong>Vente en gros de ventilateurs de bureau portables<\/strong><\/strong><\/strong><\/strong><\/h3>\n\n<ul class=\"wp-block-list\"><li><strong>Oscillation automatique Smart Wide-Angle de 120\u00b0 : <\/strong>Cooling Fan Manufacturer est une solution d'oscillation int\u00e9gr\u00e9e haut de gamme qui offre un angle de distribution d'air de 120 degr\u00e9s pour une couverture large et uniforme d'un espace plus vaste sans avoir \u00e0 \u00eatre r\u00e9gl\u00e9e manuellement, avec un refroidissement constant.<\/li>\n\n<li><strong>Puissante commande \u00e0 trois vitesses : <\/strong>Le ventilateur de bureau portable wholesale est dot\u00e9 d'un moteur puissant \u00e0 trois vitesses : basse, moyenne et haute, soigneusement con\u00e7ues pour s'adapter aux diff\u00e9rents niveaux de temp\u00e9rature et aux pr\u00e9f\u00e9rences personnelles, afin que vous puissiez profiter d'une fra\u00eecheur apaisante ou d'une brise rafra\u00eechissante.<\/li>\n\n<li><strong>Fonctionnement ultra-silencieux et \u00e9conome en \u00e9nergie :<\/strong> Le ventilateur de bureau portable wholesale est fabriqu\u00e9 \u00e0 l'aide de pales de ventilateur et d'un moteur silencieux, ce qui lui permet d'\u00eatre le moins bruyant possible, m\u00eame \u00e0 grande vitesse, et de ne pas perturber le sommeil pendant la nuit. Il offre \u00e9galement des avantages en mati\u00e8re d'\u00e9conomie d'\u00e9nergie, ce qui permet d'\u00e9conomiser de l'\u00e9nergie et du courant.<\/li>\n\n<li><strong>Conception simple et s\u00e9curis\u00e9e :<\/strong> Le mini ventilateur \u00e0 double t\u00eate de gros pr\u00e9sente un design minimaliste et \u00e9l\u00e9gant \u00e0 la fois fonctionnel et facile \u00e0 utiliser, ainsi qu'une base robuste et un filet de s\u00e9curit\u00e9 (en particulier pour les petits doigts des jeunes enfants) pour une plus grande tranquillit\u00e9 d'esprit.<\/li>\n\n<li><strong>Qualit\u00e9 durable et garantie :<\/strong> Le ventilateur de bureau portable \u00e0 double t\u00eate utilise des mat\u00e9riaux de haute qualit\u00e9 et des composants de base bien con\u00e7us (tels que le moteur et l'engrenage d'oscillation), garantissant une endurance de longue dur\u00e9e et des performances fiables.<\/li><\/ul><\/div>\n\n<div class=\"wp-block-column is-layout-flow wp-block-column-is-layout-flow\"><div class=\"wp-block-columns is-layout-flex wp-container-core-columns-is-layout-9d6595d7 wp-block-columns-is-layout-flex\"><div class=\"wp-block-column is-layout-flow wp-block-column-is-layout-flow\" style=\"flex-basis:100%\"><figure class=\"wp-block-gallery has-nested-images columns-default is-cropped wp-block-gallery-1 is-layout-flex wp-block-gallery-is-layout-flex\"><figure class=\"wp-block-image size-full\"><img decoding=\"async\" width=\"800\" height=\"800\" data-id=\"1908\" src=\"https:\/\/www.gdwanjiada.net\/wp-content\/uploads\/2025\/08\/Cooling-Fan-Manufacturer-With-Oscillating.jpg\" alt=\"wholesale-portable-desk-fan-cooling-fan-manufacturer-with-oscillating-1\" class=\"wp-image-1908\" srcset=\"https:\/\/www.gdwanjiada.net\/wp-content\/uploads\/2025\/08\/Cooling-Fan-Manufacturer-With-Oscillating.jpg 800w, https:\/\/www.gdwanjiada.net\/wp-content\/uploads\/2025\/08\/Cooling-Fan-Manufacturer-With-Oscillating-300x300.jpg 300w, https:\/\/www.gdwanjiada.net\/wp-content\/uploads\/2025\/08\/Cooling-Fan-Manufacturer-With-Oscillating-150x150.jpg 150w, https:\/\/www.gdwanjiada.net\/wp-content\/uploads\/2025\/08\/Cooling-Fan-Manufacturer-With-Oscillating-768x768.jpg 768w, https:\/\/www.gdwanjiada.net\/wp-content\/uploads\/2025\/08\/Cooling-Fan-Manufacturer-With-Oscillating-12x12.jpg 12w, https:\/\/www.gdwanjiada.net\/wp-content\/uploads\/2025\/08\/Cooling-Fan-Manufacturer-With-Oscillating-600x600.jpg 600w, https:\/\/www.gdwanjiada.net\/wp-content\/uploads\/2025\/08\/Cooling-Fan-Manufacturer-With-Oscillating-100x100.jpg 100w\" sizes=\"(max-width: 800px) 100vw, 800px\" \/><\/figure><\/figure><\/div><\/div><\/div><\/div>","protected":false},"excerpt":{"rendered":"<p>Profitez d'un refroidissement intelligent \u00e0 angle large ! Notre ventilateur de bureau portable avec fonction d'oscillation est dot\u00e9 d'une oscillation automatique intelligente de 120\u00b0 pour une r\u00e9partition uniforme de l'air. Les trois niveaux de vitesse du vent sont r\u00e9glables pour r\u00e9pondre \u00e0 vos besoins de refroidissement. Sa conception simple et s\u00fbre et sa construction durable garantissent un \u00e9t\u00e9 confortable et frais. Contactez-nous pour commander un ventilateur d'\u00e9t\u00e9 !<\/p>\n<h2>Caract\u00e9ristiques du produit\uff1a<\/h2>\n<ul>\n<li>Double ventilateur pour une circulation efficace de l'air.<\/li>\n<li>A accrocher au mur ou \u00e0 poser sur un bureau.<\/li>\n<li>Panneau de contr\u00f4le multifonctionnel, 6 vitesses de vent r\u00e9glables.<\/li>\n<li>R\u00e9glage de la dur\u00e9e de 1 \u00e0 9 heures.<\/li>\n<li>Oscillation grand angle \u00e0 360\u00b0 avec apport d'air ambiant en 3D.<\/li>\n<li>Batterie au lithium de grande capacit\u00e9.<\/li>\n<li>Moteur turbo \u00e0 haute vitesse.<\/li>\n<\/ul>\n<p>\n<script src=\"chrome-extension:\/\/fpelahbljekknahkcaegamhcndkfpfnc\/iFrame.js\" type=\"text\/javascript\"><\/script><\/p>","protected":false},"featured_media":1908,"comment_status":"closed","ping_status":"closed","template":"","meta":{"_acf_changed":false},"product_brand":[],"product_cat":[24],"product_tag":[],"class_list":{"0":"post-1904","1":"product","2":"type-product","3":"status-publish","4":"has-post-thumbnail","6":"product_cat-air-circulation-fan-wholesale","8":"first","9":"instock","10":"shipping-taxable","11":"product-type-simple"},"acf":[],"_links":{"self":[{"href":"https:\/\/www.gdwanjiada.net\/fr\/wp-json\/wp\/v2\/product\/1904","targetHints":{"allow":["GET"]}}],"collection":[{"href":"https:\/\/www.gdwanjiada.net\/fr\/wp-json\/wp\/v2\/product"}],"about":[{"href":"https:\/\/www.gdwanjiada.net\/fr\/wp-json\/wp\/v2\/types\/product"}],"replies":[{"embeddable":true,"href":"https:\/\/www.gdwanjiada.net\/fr\/wp-json\/wp\/v2\/comments?post=1904"}],"wp:featuredmedia":[{"embeddable":true,"href":"https:\/\/www.gdwanjiada.net\/fr\/wp-json\/wp\/v2\/media\/1908"}],"wp:attachment":[{"href":"https:\/\/www.gdwanjiada.net\/fr\/wp-json\/wp\/v2\/media?parent=1904"}],"wp:term":[{"taxonomy":"product_brand","embeddable":true,"href":"https:\/\/www.gdwanjiada.net\/fr\/wp-json\/wp\/v2\/product_brand?post=1904"},{"taxonomy":"product_cat","embeddable":true,"href":"https:\/\/www.gdwanjiada.net\/fr\/wp-json\/wp\/v2\/product_cat?post=1904"},{"taxonomy":"product_tag","embeddable":true,"href":"https:\/\/www.gdwanjiada.net\/fr\/wp-json\/wp\/v2\/product_tag?post=1904"}],"curies":[{"name":"wp","href":"https:\/\/api.w.org\/{rel}","templated":true}]}}