{"id":1890,"date":"2025-08-06T07:21:02","date_gmt":"2025-08-06T07:21:02","guid":{"rendered":"https:\/\/www.gdwanjiada.net\/?post_type=product&#038;p=1890"},"modified":"2025-09-01T07:03:32","modified_gmt":"2025-09-01T07:03:32","slug":"custom-portable-fan-2","status":"publish","type":"product","link":"https:\/\/www.gdwanjiada.net\/fr\/produit\/custom-portable-fan-2\/","title":{"rendered":"Ventilateur portable avec LED, ventilateur rechargeable en gros avec r\u00e9glage progressif de la vitesse"},"content":{"rendered":"<h3 class=\"wp-block-heading has-text-align-center\">Sp\u00e9cifications du ventilateur portable sur mesure<\/h3><figure class=\"wp-block-table\"><table class=\"has-fixed-layout\"><tbody><tr><td rowspan=\"2\">Mod\u00e8le<\/td><td rowspan=\"2\">Tension\uff08V\uff09<\/td><td rowspan=\"2\">Taille du produit\uff08mm\uff09<\/td><td rowspan=\"2\">Taille de l'emballage\uff08mm\uff09<\/td><td rowspan=\"2\">Taille du carton\uff08mm\uff09<\/td><td rowspan=\"2\">Emballage Q'ty\uff08pc\uff09<\/td><td rowspan=\"2\">Carton G.W.\uff08kg\uff09<\/td><td rowspan=\"2\">Capacit\u00e9 de la batterie<\/td><td colspan=\"2\">Chargement Q'ty<\/td><\/tr><tr><td>20GP<\/td><td>40HQ<\/td><\/tr><tr><td>MR66-B<\/td><td>5<\/td><td>130*115*135<\/td><td>135*135*150<\/td><td>700*560*325<\/td><td>40<\/td><td>0.4<\/td><td>3000mh<\/td><td>8600<\/td><td>21160<\/td><\/tr><\/tbody><\/table><\/figure><div class=\"wp-block-columns is-layout-flex wp-container-core-columns-is-layout-9d6595d7 wp-block-columns-is-layout-flex\"><div class=\"wp-block-column is-layout-flow wp-block-column-is-layout-flow\" style=\"flex-basis:50%\"><h3 class=\"wp-block-heading has-text-align-left\">Avantages des ventilateurs portables sur mesure<\/h3>\n\n<ul class=\"wp-block-list\"><li><strong>Alimentation en air \u00e0 tr\u00e8s longue distance :<\/strong> Le ventilateur portable personnalis\u00e9 est adopt\u00e9 pour assurer la circulation de l'air sur de tr\u00e8s longues distances, couvrir rapidement de grands espaces et r\u00e9soudre le probl\u00e8me de l'att\u00e9nuation du vent des ventilateurs traditionnels.<\/li>\n\n<li><strong>R\u00e9gulation progressive de la vitesse : <\/strong>Le ventilateur rechargeable en gros prend en charge la r\u00e9gulation progressive de la vitesse, ce qui permet aux utilisateurs d'ajuster librement la vitesse du vent en fonction de leurs besoins, pour une exp\u00e9rience plus personnalis\u00e9e.<\/li>\n\n<li>Haute efficacit\u00e9, \u00e9conomie d'\u00e9nergie et silence : Le ventilateur portable personnalis\u00e9 est entra\u00een\u00e9 par un moteur \u00e0 noyau de cuivre, avec une consommation d'\u00e9nergie de seulement 1,3 kWh\/jour, un bruit de fonctionnement de 27,9 d\u00e9cibels, en tenant compte de l'\u00e9conomie d'\u00e9nergie et du silence nocturne.<\/li>\n\n<li><strong>Adaptation intelligente multi-sc\u00e8ne : <\/strong>Le ventilateur rechargeable de gros prend en charge un mode d'utilisation double bureau\/sol, s'adaptant \u00e0 la maison, au bureau et \u00e0 d'autres environnements ; fonction de charge USB en option (batterie 3000mAh) pour r\u00e9pondre aux besoins temporaires d'alimentation \u00e0 l'ext\u00e9rieur.<\/li>\n\n<li><strong>Conception industrielle durable : <\/strong>Le ventilateur portable personnalis\u00e9 est \u00e9tanche \u00e0 la poussi\u00e8re et \u00e0 l'eau, avec des pales de ventilateur en acier inoxydable et un filtre amovible, pour prolonger la dur\u00e9e de vie et maintenir une alimentation en air propre.<\/li><\/ul><\/div>\n\n<div class=\"wp-block-column is-layout-flow wp-block-column-is-layout-flow\"><figure class=\"wp-block-gallery has-nested-images columns-default is-cropped wp-block-gallery-1 is-layout-flex wp-block-gallery-is-layout-flex\"><figure class=\"wp-block-image size-full is-style-default\"><img decoding=\"async\" width=\"800\" height=\"800\" data-id=\"1793\" src=\"https:\/\/www.gdwanjiada.net\/wp-content\/uploads\/2025\/06\/Air-Circulation-Fan-Custom-5.jpg\" alt=\"custom-portable-fan-with-led-wholesale-rechargeable-fan-1\" class=\"wp-image-1793\" srcset=\"https:\/\/www.gdwanjiada.net\/wp-content\/uploads\/2025\/06\/Air-Circulation-Fan-Custom-5.jpg 800w, https:\/\/www.gdwanjiada.net\/wp-content\/uploads\/2025\/06\/Air-Circulation-Fan-Custom-5-300x300.jpg 300w, https:\/\/www.gdwanjiada.net\/wp-content\/uploads\/2025\/06\/Air-Circulation-Fan-Custom-5-150x150.jpg 150w, https:\/\/www.gdwanjiada.net\/wp-content\/uploads\/2025\/06\/Air-Circulation-Fan-Custom-5-768x768.jpg 768w, https:\/\/www.gdwanjiada.net\/wp-content\/uploads\/2025\/06\/Air-Circulation-Fan-Custom-5-12x12.jpg 12w, https:\/\/www.gdwanjiada.net\/wp-content\/uploads\/2025\/06\/Air-Circulation-Fan-Custom-5-600x600.jpg 600w, https:\/\/www.gdwanjiada.net\/wp-content\/uploads\/2025\/06\/Air-Circulation-Fan-Custom-5-100x100.jpg 100w\" sizes=\"(max-width: 800px) 100vw, 800px\" \/><\/figure><\/figure><\/div><\/div>","protected":false},"excerpt":{"rendered":"<p>Bienvenue sur notre site de vente en gros de ventilateurs rechargeables. Ce ventilateur portable personnalis\u00e9 est dot\u00e9 d'un \u00e9cran LED et d'un r\u00e9glage progressif de la vitesse, offrant un contr\u00f4le pr\u00e9cis du flux d'air et un affichage de l'\u00e9tat en temps r\u00e9el. Con\u00e7u avec un angle r\u00e9glable manuellement \u00e0 180\u00b0, il permet une direction flexible de l'air. Avec une batterie rechargeable et un corps compact, il est parfait pour une utilisation \u00e0 la maison ou au bureau. La personnalisation OEM\/ODM est disponible pour les commandes en gros.<\/p>\n<h2>Caract\u00e9ristiques du produit\uff1a<\/h2>\n<ul>\n<li>Alimentation en air \u00e0 longue distance, refroidissement instantan\u00e9 et rapide<\/li>\n<li>D\u00e9bit d'air tr\u00e8s puissant, fonctionnement ultra-silencieux<\/li>\n<li>Lumi\u00e8re d'ambiance<\/li>\n<li>R\u00e9glage de la vitesse sans tige par pression longue, augmentation\/diminution de la vitesse de 1 \u00e0 100, chaque pression +\/- fait monter ou descendre 25 vitesses.<\/li>\n<li>180\u00b0 vers le haut et vers le bas pour l'angle r\u00e9glable manuellement<\/li>\n<li>Accrochage mural, suspension et pose en trois modes d'utilisation pour un espace illimit\u00e9 en option.<\/li>\n<\/ul>","protected":false},"featured_media":1794,"comment_status":"closed","ping_status":"closed","template":"","meta":{"_acf_changed":false},"product_brand":[],"product_cat":[24,23],"product_tag":[],"class_list":{"0":"post-1890","1":"product","2":"type-product","3":"status-publish","4":"has-post-thumbnail","6":"product_cat-air-circulation-fan-wholesale","7":"product_cat-wholesale-portable-fans","9":"first","10":"instock","11":"shipping-taxable","12":"product-type-simple"},"acf":[],"_links":{"self":[{"href":"https:\/\/www.gdwanjiada.net\/fr\/wp-json\/wp\/v2\/product\/1890","targetHints":{"allow":["GET"]}}],"collection":[{"href":"https:\/\/www.gdwanjiada.net\/fr\/wp-json\/wp\/v2\/product"}],"about":[{"href":"https:\/\/www.gdwanjiada.net\/fr\/wp-json\/wp\/v2\/types\/product"}],"replies":[{"embeddable":true,"href":"https:\/\/www.gdwanjiada.net\/fr\/wp-json\/wp\/v2\/comments?post=1890"}],"wp:featuredmedia":[{"embeddable":true,"href":"https:\/\/www.gdwanjiada.net\/fr\/wp-json\/wp\/v2\/media\/1794"}],"wp:attachment":[{"href":"https:\/\/www.gdwanjiada.net\/fr\/wp-json\/wp\/v2\/media?parent=1890"}],"wp:term":[{"taxonomy":"product_brand","embeddable":true,"href":"https:\/\/www.gdwanjiada.net\/fr\/wp-json\/wp\/v2\/product_brand?post=1890"},{"taxonomy":"product_cat","embeddable":true,"href":"https:\/\/www.gdwanjiada.net\/fr\/wp-json\/wp\/v2\/product_cat?post=1890"},{"taxonomy":"product_tag","embeddable":true,"href":"https:\/\/www.gdwanjiada.net\/fr\/wp-json\/wp\/v2\/product_tag?post=1890"}],"curies":[{"name":"wp","href":"https:\/\/api.w.org\/{rel}","templated":true}]}}