{"id":1839,"date":"2025-07-10T08:14:02","date_gmt":"2025-07-10T08:14:02","guid":{"rendered":"https:\/\/www.gdwanjiada.net\/?post_type=product&#038;p=1839"},"modified":"2025-07-10T08:18:15","modified_gmt":"2025-07-10T08:18:15","slug":"custom-portable-fans","status":"publish","type":"product","link":"https:\/\/www.gdwanjiada.net\/fr\/produit\/custom-portable-fans\/","title":{"rendered":"Ventilateur portable \u00e0 deux t\u00eates, ventilateur de circulation d'air en gros avec hauteur r\u00e9glable"},"content":{"rendered":"<h3 class=\"wp-block-heading has-text-align-center\"><strong>Sp\u00e9cifications des ventilateurs portables personnalis\u00e9s \u00e0 deux t\u00eates<\/strong><\/h3><figure class=\"wp-block-table\"><table class=\"has-fixed-layout\"><tbody><tr><td rowspan=\"2\">Mod\u00e8le<\/td><td rowspan=\"2\">Puissance (w)<\/td><td rowspan=\"2\">Volt\/Freq<\/td><td colspan=\"3\">emballage<\/td><td rowspan=\"2\">Poids (kg)<\/td><td rowspan=\"2\">Qt\u00e9 d'emballage (pcs)<\/td><td colspan=\"2\">Chargement qty(pcs)<\/td><\/tr><tr><td>Taille du produit (mm)<\/td><td>Bo\u00eete int\u00e9rieure (mm)<\/td><td>Carton (mm)<\/td><td>20GP<\/td><td>40HQ<\/td><\/tr><tr><td>Y6<\/td><td>5<\/td><td>5V<\/td><td>140*350*330<\/td><td>356*100*242<\/td><td>730*630*505<\/td><td>0.9<\/td><td>24<\/td><td>2808<\/td><td>6960<\/td><\/tr><\/tbody><\/table><\/figure><div class=\"wp-block-columns is-layout-flex wp-container-core-columns-is-layout-9d6595d7 wp-block-columns-is-layout-flex\"><div class=\"wp-block-column is-layout-flow wp-block-column-is-layout-flow\"><h2 class=\"wp-block-heading\">Avantages des ventilateurs portables personnalis\u00e9s \u00e0 deux t\u00eates<\/h2>\n\n<ul class=\"wp-block-list\"><li><strong>Conception de flux d'air \u00e0 deux t\u00eates :<\/strong> Ces ventilateurs portables personnalis\u00e9s sont dot\u00e9s de deux t\u00eates de ventilateur qui assurent une circulation d'air puissante et efficace sur une plus grande surface pour un meilleur refroidissement.<\/li>\n\n<li><strong>Options de placement multiples :<\/strong> Adaptable \u00e0 de multiples emplacements - peut \u00eatre fix\u00e9, mont\u00e9 sur un mur ou utilis\u00e9 comme ventilateur de bureau pour s'adapter \u00e0 de nombreux espaces.<\/li>\n\n<li><strong>Options de confort personnalis\u00e9es : <\/strong>Ces ventilateurs portables en gros sont r\u00e9glables en hauteur, disposent de 4 vitesses de vent, d'une minuterie de 1 \u00e0 4 heures et d'un contr\u00f4le de l'\u00e9clairage par pression longue pour une exp\u00e9rience personnalis\u00e9e.<\/li>\n\n<li><strong>Les options flexibles renforcent le caract\u00e8re distinctif de la marque :<\/strong> Ces ventilateurs portables personnalis\u00e9s \u00e0 deux t\u00eates permettent de personnaliser la couleur de la coque et l'impression du logo, ce qui garantit l'uniformit\u00e9 de l'aspect du produit et de la marque. Ils conviennent donc parfaitement aux collaborations avec des marques, aux boutiques de cadeaux et \u00e0 d'autres sc\u00e9narios de vente multi-variables.<\/li><\/ul><\/div>\n\n<div class=\"wp-block-column is-layout-flow wp-block-column-is-layout-flow\"><figure class=\"wp-block-image size-full\"><img decoding=\"async\" width=\"800\" height=\"800\" src=\"https:\/\/www.gdwanjiada.net\/wp-content\/uploads\/2025\/06\/Rechargeble-Twin-Headed-Fan-with-Adjustable-Height-Light-Adjustment-and-timer.jpg\" alt=\"ventilateurs-portables-personnalis\u00e9s-\u00e0-deux-t\u00eates-ventilateur-de-circulation-d&#039;air-wholesale-1\" class=\"wp-image-1828\" srcset=\"https:\/\/www.gdwanjiada.net\/wp-content\/uploads\/2025\/06\/Rechargeble-Twin-Headed-Fan-with-Adjustable-Height-Light-Adjustment-and-timer.jpg 800w, https:\/\/www.gdwanjiada.net\/wp-content\/uploads\/2025\/06\/Rechargeble-Twin-Headed-Fan-with-Adjustable-Height-Light-Adjustment-and-timer-300x300.jpg 300w, https:\/\/www.gdwanjiada.net\/wp-content\/uploads\/2025\/06\/Rechargeble-Twin-Headed-Fan-with-Adjustable-Height-Light-Adjustment-and-timer-150x150.jpg 150w, https:\/\/www.gdwanjiada.net\/wp-content\/uploads\/2025\/06\/Rechargeble-Twin-Headed-Fan-with-Adjustable-Height-Light-Adjustment-and-timer-768x768.jpg 768w, https:\/\/www.gdwanjiada.net\/wp-content\/uploads\/2025\/06\/Rechargeble-Twin-Headed-Fan-with-Adjustable-Height-Light-Adjustment-and-timer-12x12.jpg 12w, https:\/\/www.gdwanjiada.net\/wp-content\/uploads\/2025\/06\/Rechargeble-Twin-Headed-Fan-with-Adjustable-Height-Light-Adjustment-and-timer-600x600.jpg 600w, https:\/\/www.gdwanjiada.net\/wp-content\/uploads\/2025\/06\/Rechargeble-Twin-Headed-Fan-with-Adjustable-Height-Light-Adjustment-and-timer-100x100.jpg 100w\" sizes=\"(max-width: 800px) 100vw, 800px\" \/><\/figure><\/div><\/div>","protected":false},"excerpt":{"rendered":"<p>N'h\u00e9sitez pas \u00e0 nous contacter pour l'achat en gros de nos ventilateurs portables personnalis\u00e9s. Ce ventilateur portable \u00e0 deux t\u00eates allie un design peu encombrant \u00e0 une circulation d'air puissante. Gr\u00e2ce \u00e0 ses options de montage polyvalentes et \u00e0 ses r\u00e9glages personnalis\u00e9s, dont l'aromath\u00e9rapie et les fonctions anti-moustiques, il ne se contente pas de rafra\u00eechir votre espace, mais am\u00e9liore \u00e9galement le confort et l'ambiance.<\/p>\n<p><strong>Caract\u00e9ristiques du produit :<\/strong><\/p>\n<ul>\n<li>Double ventilateur pour une circulation efficace de l'air.<\/li>\n<li>A utiliser pour le serrage, l'accrochage au mur ou sur le bureau.<\/li>\n<li>Double r\u00e9glage de la hauteur.<\/li>\n<li>Le r\u00e9glage de la dur\u00e9e de 1 \u00e0 4 heures.<\/li>\n<li>R\u00e9glage du vent \u00e0 4 vitesses.<\/li>\n<li>Interm\u00e9diaire peut ajouter de l'aromath\u00e9rapie, de l'anti-moustique.<\/li>\n<li>Appuyer longuement sur le r\u00e9glage de la lumi\u00e8re.<\/li>\n<\/ul>\n<p>&nbsp;<\/p>","protected":false},"featured_media":1828,"comment_status":"closed","ping_status":"closed","template":"","meta":{"_acf_changed":false},"product_brand":[],"product_cat":[24,23],"product_tag":[],"class_list":{"0":"post-1839","1":"product","2":"type-product","3":"status-publish","4":"has-post-thumbnail","6":"product_cat-air-circulation-fan-wholesale","7":"product_cat-wholesale-portable-fans","9":"first","10":"instock","11":"shipping-taxable","12":"product-type-simple"},"acf":[],"_links":{"self":[{"href":"https:\/\/www.gdwanjiada.net\/fr\/wp-json\/wp\/v2\/product\/1839","targetHints":{"allow":["GET"]}}],"collection":[{"href":"https:\/\/www.gdwanjiada.net\/fr\/wp-json\/wp\/v2\/product"}],"about":[{"href":"https:\/\/www.gdwanjiada.net\/fr\/wp-json\/wp\/v2\/types\/product"}],"replies":[{"embeddable":true,"href":"https:\/\/www.gdwanjiada.net\/fr\/wp-json\/wp\/v2\/comments?post=1839"}],"wp:featuredmedia":[{"embeddable":true,"href":"https:\/\/www.gdwanjiada.net\/fr\/wp-json\/wp\/v2\/media\/1828"}],"wp:attachment":[{"href":"https:\/\/www.gdwanjiada.net\/fr\/wp-json\/wp\/v2\/media?parent=1839"}],"wp:term":[{"taxonomy":"product_brand","embeddable":true,"href":"https:\/\/www.gdwanjiada.net\/fr\/wp-json\/wp\/v2\/product_brand?post=1839"},{"taxonomy":"product_cat","embeddable":true,"href":"https:\/\/www.gdwanjiada.net\/fr\/wp-json\/wp\/v2\/product_cat?post=1839"},{"taxonomy":"product_tag","embeddable":true,"href":"https:\/\/www.gdwanjiada.net\/fr\/wp-json\/wp\/v2\/product_tag?post=1839"}],"curies":[{"name":"wp","href":"https:\/\/api.w.org\/{rel}","templated":true}]}}