{"id":1801,"date":"2025-06-20T03:45:46","date_gmt":"2025-06-20T03:45:46","guid":{"rendered":"https:\/\/www.gdwanjiada.net\/?post_type=product&#038;p=1801"},"modified":"2025-06-20T03:49:28","modified_gmt":"2025-06-20T03:49:28","slug":"portable-fan-in-bulk","status":"publish","type":"product","link":"https:\/\/www.gdwanjiada.net\/fr\/produit\/portable-fan-in-bulk\/","title":{"rendered":"Ventilateur portable en vrac avec batterie au lithium, fonctionnement \u00e0 bouton unique et angle r\u00e9glable"},"content":{"rendered":"<h3 class=\"wp-block-heading has-text-align-center\">Sp\u00e9cifications du ventilateur portable en vrac<\/h3><figure class=\"wp-block-table\"><table class=\"has-fixed-layout\"><tbody><tr><td rowspan=\"2\">Mod\u00e8le<\/td><td rowspan=\"2\">Tension\uff08V\uff09<\/td><td rowspan=\"2\">Taille du produit\uff08mm\uff09<\/td><td rowspan=\"2\">Taille de l'emballage\uff08mm\uff09<\/td><td rowspan=\"2\">Taille du carton\uff08mm\uff09<\/td><td rowspan=\"2\">Emballage Q'ty\uff08pc\uff09<\/td><td rowspan=\"2\">Carton G.W.\uff08kg\uff09<\/td><td rowspan=\"2\">Capacit\u00e9 de la batterie<\/td><td colspan=\"2\">Chargement Q'ty<\/td><\/tr><tr><td>20GP<\/td><td>40HQ<\/td><\/tr><tr><td>Z-01<\/td><td>5<\/td><td>195*120*210<\/td><td>205*145*225<\/td><td>610*430*700<\/td><td>24<\/td><td>0.5<\/td><td>3000mh<\/td><td>4400<\/td><td>8832<\/td><\/tr><\/tbody><\/table><\/figure><div class=\"wp-block-columns is-layout-flex wp-container-core-columns-is-layout-9d6595d7 wp-block-columns-is-layout-flex\"><div class=\"wp-block-column is-layout-flow wp-block-column-is-layout-flow\" style=\"flex-basis:50%\"><h3 class=\"wp-block-heading has-text-align-left\">Avantages du ventilateur portable en vrac<\/h3>\n\n<ul class=\"wp-block-list\"><li><strong>Circulation spiral\u00e9e et colonnaire de vents forts : <\/strong>Le ventilateur de circulation d'air en gros utilise la technologie du flux d'air tourbillonnaire pour rassembler la force du vent en une colonne de vent en spirale, avec 4 r\u00e9glages de la vitesse du vent, formant rapidement une convection de l'air int\u00e9rieur, \u00e9quilibrant la temp\u00e9rature et l'humidit\u00e9, et r\u00e9solvant les probl\u00e8mes d'\u00e9touffement locaux.<\/li>\n\n<li><strong>Sensation de vent naturel et conception silencieuse :<\/strong> Le ventilateur portable en vrac est dot\u00e9 de plusieurs pales inclin\u00e9es qui coupent le flux d'air, simulent la sensation de vent naturel et soufflent longtemps sans \u00e9tourdissement. Le moteur \u00e0 courant continu a un faible bruit de fonctionnement, ce qui convient pour le sommeil ou les sc\u00e8nes de bureau.<\/li>\n\n<li><strong>T\u00eate pivotante manuelle de haut en bas et installation flexible :<\/strong> Le ventilateur de circulation d'air de gros prend en charge la t\u00eate pivotante vers le haut et vers le bas pour obtenir une alimentation en air sans angles morts dans toute la maison ; la conception suspendue\/verticale \u00e0 double usage permet d'\u00e9conomiser de l'espace et convient aux entrep\u00f4ts, aux salles de s\u00e9jour, aux chambres \u00e0 coucher et \u00e0 d'autres environnements.<\/li>\n\n<li><strong>Conception portable et l\u00e9g\u00e8re : <\/strong>Le ventilateur portable en vrac, de taille compacte et de construction l\u00e9g\u00e8re, est parfait pour les voyages, le camping, les bureaux ou l'utilisation personnelle au chevet du lit.<\/li><\/ul><\/div>\n\n<div class=\"wp-block-column is-layout-flow wp-block-column-is-layout-flow\"><figure class=\"wp-block-gallery has-nested-images columns-default is-cropped wp-block-gallery-1 is-layout-flex wp-block-gallery-is-layout-flex\"><figure class=\"wp-block-image size-full\"><img decoding=\"async\" width=\"800\" height=\"800\" data-id=\"1802\" src=\"https:\/\/www.gdwanjiada.net\/wp-content\/uploads\/2025\/06\/Wholesale-Air-Circulation-Fan-1.jpg\" alt=\"ventilateur portable en vrac-avec-pile-lithium-un-bouton-de-op\u00e9ration-et-angle-ajustable-1\" class=\"wp-image-1802\" srcset=\"https:\/\/www.gdwanjiada.net\/wp-content\/uploads\/2025\/06\/Wholesale-Air-Circulation-Fan-1.jpg 800w, https:\/\/www.gdwanjiada.net\/wp-content\/uploads\/2025\/06\/Wholesale-Air-Circulation-Fan-1-300x300.jpg 300w, https:\/\/www.gdwanjiada.net\/wp-content\/uploads\/2025\/06\/Wholesale-Air-Circulation-Fan-1-150x150.jpg 150w, https:\/\/www.gdwanjiada.net\/wp-content\/uploads\/2025\/06\/Wholesale-Air-Circulation-Fan-1-768x768.jpg 768w, https:\/\/www.gdwanjiada.net\/wp-content\/uploads\/2025\/06\/Wholesale-Air-Circulation-Fan-1-12x12.jpg 12w, https:\/\/www.gdwanjiada.net\/wp-content\/uploads\/2025\/06\/Wholesale-Air-Circulation-Fan-1-600x600.jpg 600w, https:\/\/www.gdwanjiada.net\/wp-content\/uploads\/2025\/06\/Wholesale-Air-Circulation-Fan-1-100x100.jpg 100w\" sizes=\"(max-width: 800px) 100vw, 800px\" \/><\/figure><\/figure><\/div><\/div>","protected":false},"excerpt":{"rendered":"<p>Nous vous invitons \u00e0 commander notre ventilateur portable en gros. Ce ventilateur de circulation d'air en gros est con\u00e7u pour une circulation d'air efficace. Il peut \u00eatre install\u00e9 verticalement ou suspendu. Il favorise la circulation de l'air dans toute la maison gr\u00e2ce \u00e0 des vents forts en spirale et en colonne, ce qui permet de r\u00e9soudre les probl\u00e8mes de congestion, d'humidit\u00e9 et d'odeurs. Equip\u00e9 d'un moteur silencieux et d'une t\u00eate pivotante \u00e0 grand angle, il permet d'\u00e9conomiser de l'\u00e9nergie et de l'\u00e9lectricit\u00e9 et constitue un choix id\u00e9al pour les maisons, les supermarch\u00e9s et les environnements de stockage.<\/p>\n<h2>Caract\u00e9ristiques du produit\uff1a<\/h2>\n<ul>\n<li>Fonctionnement marche\/arr\u00eat \u00e0 l'aide d'un seul bouton<\/li>\n<li>4 vitesses de vent r\u00e9glables<\/li>\n<li>Batterie au lithium de grande capacit\u00e9<\/li>\n<li>Basculer manuellement la sortie d'air vers le haut et vers le bas<\/li>\n<li>A suspendre ou \u00e0 poser<\/li>\n<\/ul>","protected":false},"featured_media":1802,"comment_status":"closed","ping_status":"closed","template":"","meta":{"_acf_changed":false},"product_brand":[],"product_cat":[24,23],"product_tag":[],"class_list":{"0":"post-1801","1":"product","2":"type-product","3":"status-publish","4":"has-post-thumbnail","6":"product_cat-air-circulation-fan-wholesale","7":"product_cat-wholesale-portable-fans","9":"first","10":"instock","11":"shipping-taxable","12":"product-type-simple"},"acf":[],"_links":{"self":[{"href":"https:\/\/www.gdwanjiada.net\/fr\/wp-json\/wp\/v2\/product\/1801","targetHints":{"allow":["GET"]}}],"collection":[{"href":"https:\/\/www.gdwanjiada.net\/fr\/wp-json\/wp\/v2\/product"}],"about":[{"href":"https:\/\/www.gdwanjiada.net\/fr\/wp-json\/wp\/v2\/types\/product"}],"replies":[{"embeddable":true,"href":"https:\/\/www.gdwanjiada.net\/fr\/wp-json\/wp\/v2\/comments?post=1801"}],"wp:featuredmedia":[{"embeddable":true,"href":"https:\/\/www.gdwanjiada.net\/fr\/wp-json\/wp\/v2\/media\/1802"}],"wp:attachment":[{"href":"https:\/\/www.gdwanjiada.net\/fr\/wp-json\/wp\/v2\/media?parent=1801"}],"wp:term":[{"taxonomy":"product_brand","embeddable":true,"href":"https:\/\/www.gdwanjiada.net\/fr\/wp-json\/wp\/v2\/product_brand?post=1801"},{"taxonomy":"product_cat","embeddable":true,"href":"https:\/\/www.gdwanjiada.net\/fr\/wp-json\/wp\/v2\/product_cat?post=1801"},{"taxonomy":"product_tag","embeddable":true,"href":"https:\/\/www.gdwanjiada.net\/fr\/wp-json\/wp\/v2\/product_tag?post=1801"}],"curies":[{"name":"wp","href":"https:\/\/api.w.org\/{rel}","templated":true}]}}