{"id":1656,"date":"2025-03-21T04:02:25","date_gmt":"2025-03-21T04:02:25","guid":{"rendered":"https:\/\/www.gdwanjiada.net\/?post_type=product&#038;p=1656"},"modified":"2025-03-21T04:11:46","modified_gmt":"2025-03-21T04:11:46","slug":"wholesale-small-heater","status":"publish","type":"product","link":"https:\/\/www.gdwanjiada.net\/fr\/produit\/wholesale-small-heater\/","title":{"rendered":"Petits ventilateurs de chauffage en gros, chauds et rouges, avec commande \u00e0 2 vitesses"},"content":{"rendered":"<h3 class=\"wp-block-heading has-text-align-center\">Sp\u00e9cifications du petit appareil de chauffage en gros<\/h3><figure class=\"wp-block-table\"><table class=\"has-fixed-layout\"><tbody><tr><td rowspan=\"2\">Mod\u00e8le<\/td><td rowspan=\"2\">Puissance\uff08W\uff09<\/td><td rowspan=\"2\">Tension\uff08V\uff09<\/td><td rowspan=\"2\">Vitesse<\/td><td rowspan=\"2\">G.W.\uff08g\uff09<\/td><td rowspan=\"2\">Taille du produit\uff08mm\uff09<\/td><td rowspan=\"2\">Taille de l'emballage\uff08mm\uff09<\/td><td rowspan=\"2\">Taille du carton\uff08mm\uff09<\/td><td rowspan=\"2\">Emballage Q'ty\uff08pc\uff09<\/td><td rowspan=\"2\">Carton G.W.\uff08kg\uff09<\/td><td rowspan=\"2\">Alimentation \u00e9lectrique<\/td><td rowspan=\"2\">Mode chauffage<\/td><td colspan=\"2\">Chargement Q'ty<\/td><\/tr><tr><td>20GP<\/td><td>40HQ<\/td><\/tr><tr><td>AQL039<\/td><td>800\/1200<\/td><td>220<\/td><td>2<\/td><td>720<\/td><td>207*133*110<\/td><td>228*168*150<\/td><td>620*475*510<\/td><td>24<\/td><td>18.5<\/td><td>Fiche<\/td><td>PTC<\/td><td>4512<\/td><td>10968<\/td><\/tr><\/tbody><\/table><\/figure><div class=\"wp-block-columns is-layout-flex wp-container-core-columns-is-layout-9d6595d7 wp-block-columns-is-layout-flex\"><div class=\"wp-block-column is-layout-flow wp-block-column-is-layout-flow\" style=\"flex-basis:50%\"><h3 class=\"wp-block-heading has-text-align-left\">Avantages de la vente en gros de petits appareils de chauffage<\/h3>\n\n<ul class=\"wp-block-list\"><li><strong>Chauffage rapide, chaleur durable : <\/strong>Nos chauffages de bureau en vrac utilisent des \u00e9l\u00e9ments chauffants en c\u00e9ramique PTC \u00e0 haute efficacit\u00e9, qui chauffent d\u00e8s la mise en marche, peuvent rapidement augmenter la temp\u00e9rature int\u00e9rieure et maintenir la chaleur en permanence, offrant ainsi une exp\u00e9rience de chaleur durable.<\/li>\n\n<li><strong>R\u00e9glage \u00e0 deux vitesses, contr\u00f4le flexible de la temp\u00e9rature : <\/strong>Ces petits ventilateurs de chauffage en gros ont deux fonctions de r\u00e9gulation de la vitesse du vent, ce qui permet de choisir entre de l'air chaud doux ou de l'air chaud fort en fonction de la temp\u00e9rature ambiante, de r\u00e9pondre \u00e0 diff\u00e9rents besoins de chauffage et de convenir \u00e0 diff\u00e9rents environnements d'utilisation.<\/li>\n\n<li><strong>Protection intelligente, utilisation plus s\u00fbre : <\/strong>Ces appareils de chauffage de bureau en vrac sont \u00e9quip\u00e9s d'une protection contre le basculement, qui coupe directement l'alimentation \u00e9lectrique lorsque l'appareil est renvers\u00e9 accidentellement, afin d'\u00e9viter les accidents. Il est \u00e9galement dot\u00e9 d'une protection contre la surchauffe et la surintensit\u00e9, ce qui permet d'\u00e9viter les dommages \u00e9lectriques et d'accro\u00eetre la s\u00e9curit\u00e9 d'utilisation.<\/li>\n\n<li><strong>Petit et portable, il convient \u00e0 une grande vari\u00e9t\u00e9 de sc\u00e9narios :<\/strong> Nos petits ventilateurs de chauffage en gros sont compacts et l\u00e9gers, occupant un petit espace, et peuvent \u00eatre d\u00e9plac\u00e9s vers des bureaux, des chambres, des salles d'\u00e9tude et d'autres endroits \u00e0 tout moment, pour que la chaleur vous accompagne n'importe o\u00f9 et n'importe quand.<\/li><\/ul><\/div>\n\n<div class=\"wp-block-column is-layout-flow wp-block-column-is-layout-flow\"><figure class=\"wp-block-image size-full\"><img decoding=\"async\" width=\"800\" height=\"800\" src=\"https:\/\/www.gdwanjiada.net\/wp-content\/uploads\/2025\/03\/Warm-Red-Wholesale-Small-Heater-Fans-With-2-Speed-Control-3.webp\" alt=\"Petit ventilateur de chauffage rouge chaud avec 2 vitesses - 3\" class=\"wp-image-1659\" srcset=\"https:\/\/www.gdwanjiada.net\/wp-content\/uploads\/2025\/03\/Warm-Red-Wholesale-Small-Heater-Fans-With-2-Speed-Control-3.webp 800w, https:\/\/www.gdwanjiada.net\/wp-content\/uploads\/2025\/03\/Warm-Red-Wholesale-Small-Heater-Fans-With-2-Speed-Control-3-300x300.webp 300w, https:\/\/www.gdwanjiada.net\/wp-content\/uploads\/2025\/03\/Warm-Red-Wholesale-Small-Heater-Fans-With-2-Speed-Control-3-150x150.webp 150w, https:\/\/www.gdwanjiada.net\/wp-content\/uploads\/2025\/03\/Warm-Red-Wholesale-Small-Heater-Fans-With-2-Speed-Control-3-768x768.webp 768w, https:\/\/www.gdwanjiada.net\/wp-content\/uploads\/2025\/03\/Warm-Red-Wholesale-Small-Heater-Fans-With-2-Speed-Control-3-12x12.webp 12w, https:\/\/www.gdwanjiada.net\/wp-content\/uploads\/2025\/03\/Warm-Red-Wholesale-Small-Heater-Fans-With-2-Speed-Control-3-600x600.webp 600w, https:\/\/www.gdwanjiada.net\/wp-content\/uploads\/2025\/03\/Warm-Red-Wholesale-Small-Heater-Fans-With-2-Speed-Control-3-100x100.webp 100w\" sizes=\"(max-width: 800px) 100vw, 800px\" \/><figcaption class=\"wp-element-caption\">Petit ventilateur de chauffage rouge chaud avec 2 vitesses - 3<\/figcaption><\/figure><\/div><\/div>","protected":false},"excerpt":{"rendered":"<p>Bienvenue dans l'achat en gros de petits ventilateurs de chauffage. Ces petits radiateurs \u00e9lectriques rouges adoptent la technologie de chauffage c\u00e9ramique PTC, le chauffage rapide, le r\u00e9glage \u00e0 deux vitesses, la protection contre le basculement et les fonctions de protection contre la surchauffe. Ils sont compacts et l\u00e9gers et conviennent \u00e0 une large gamme d'applications.<\/p>\n<h2>Caract\u00e9ristiques du produit\uff1a<\/h2>\n<ul>\n<li>Air chauff\u00e9 avec commande \u00e0 deux vitesses.<\/li>\n<li>Bascule avec protection contre la mise hors tension.<\/li>\n<li>La temp\u00e9rature augmente rapidement.<\/li>\n<li>Chauffage par PTC, haute efficacit\u00e9 et durabilit\u00e9.<\/li>\n<li>Protection multiple contre la surchauffe ou la surintensit\u00e9.<\/li>\n<li>Mat\u00e9riau ABS ignifuge pour la s\u00e9curit\u00e9.<\/li>\n<\/ul>","protected":false},"featured_media":1657,"comment_status":"closed","ping_status":"closed","template":"","meta":{"_acf_changed":false},"product_brand":[],"product_cat":[22],"product_tag":[],"class_list":{"0":"post-1656","1":"product","2":"type-product","3":"status-publish","4":"has-post-thumbnail","6":"product_cat-wholesale-fan-heaters","8":"first","9":"instock","10":"shipping-taxable","11":"product-type-simple"},"acf":[],"_links":{"self":[{"href":"https:\/\/www.gdwanjiada.net\/fr\/wp-json\/wp\/v2\/product\/1656","targetHints":{"allow":["GET"]}}],"collection":[{"href":"https:\/\/www.gdwanjiada.net\/fr\/wp-json\/wp\/v2\/product"}],"about":[{"href":"https:\/\/www.gdwanjiada.net\/fr\/wp-json\/wp\/v2\/types\/product"}],"replies":[{"embeddable":true,"href":"https:\/\/www.gdwanjiada.net\/fr\/wp-json\/wp\/v2\/comments?post=1656"}],"wp:featuredmedia":[{"embeddable":true,"href":"https:\/\/www.gdwanjiada.net\/fr\/wp-json\/wp\/v2\/media\/1657"}],"wp:attachment":[{"href":"https:\/\/www.gdwanjiada.net\/fr\/wp-json\/wp\/v2\/media?parent=1656"}],"wp:term":[{"taxonomy":"product_brand","embeddable":true,"href":"https:\/\/www.gdwanjiada.net\/fr\/wp-json\/wp\/v2\/product_brand?post=1656"},{"taxonomy":"product_cat","embeddable":true,"href":"https:\/\/www.gdwanjiada.net\/fr\/wp-json\/wp\/v2\/product_cat?post=1656"},{"taxonomy":"product_tag","embeddable":true,"href":"https:\/\/www.gdwanjiada.net\/fr\/wp-json\/wp\/v2\/product_tag?post=1656"}],"curies":[{"name":"wp","href":"https:\/\/api.w.org\/{rel}","templated":true}]}}