{"id":1605,"date":"2025-03-05T03:28:42","date_gmt":"2025-03-05T03:28:42","guid":{"rendered":"https:\/\/www.gdwanjiada.net\/?post_type=product&#038;p=1605"},"modified":"2025-03-05T03:48:55","modified_gmt":"2025-03-05T03:48:55","slug":"wholesale-desktop-heater","status":"publish","type":"product","link":"https:\/\/www.gdwanjiada.net\/fr\/produit\/wholesale-desktop-heater\/","title":{"rendered":"Chauffage de bureau en gros, chauffage \u00e9lectrique portable en vrac"},"content":{"rendered":"<h3 class=\"wp-block-heading has-text-align-center\">Sp\u00e9cifications de l'appareil de chauffage de bureau Wholesale<\/h3><figure class=\"wp-block-table\"><table class=\"has-fixed-layout\"><tbody><tr><td>Mod\u00e8le<\/td><td>Mode chauffage<\/td><td>Volt\/Freq<\/td><td colspan=\"2\">Puissance (W)&nbsp;<\/td><td colspan=\"3\">Taille du produit (mm)&nbsp;<\/td><td colspan=\"2\">Emballage<\/td><td>Poids net \/ poids brut (kg)&nbsp;<\/td><td>Taille de l'emballage (mm)<\/td><td colspan=\"2\">Chargement Qt\u00e9 (pcs)<\/td><\/tr><tr><td rowspan=\"2\">WJD501R<\/td><td rowspan=\"2\">PTC<\/td><td rowspan=\"2\">220V\/50Hz<\/td><td>Froid<br>vent<\/td><td>Chaleur<br>vent<\/td><td>Longueur<\/td><td>Largeur<\/td><td>Hauteur<\/td><td>Bo\u00eete int\u00e9rieure<\/td><td>1 pi\u00e8ce<\/td><td>0.4\/0.48<\/td><td>133*80*190<\/td><td>20'GP<\/td><td>40'HQ<\/td><\/tr><tr><td>\/<\/td><td>500<\/td><td>100<\/td><td>65<\/td><td>175<\/td><td>Carton<\/td><td>48 pi\u00e8ces<\/td><td>23.04\/24.54<\/td><td>540*330*590<\/td><td>14352<\/td><td>33792<\/td><\/tr><\/tbody><\/table><\/figure><div class=\"wp-block-columns is-layout-flex wp-container-core-columns-is-layout-9d6595d7 wp-block-columns-is-layout-flex\"><div class=\"wp-block-column is-layout-flow wp-block-column-is-layout-flow\" style=\"flex-basis:50%\"><h3 class=\"wp-block-heading has-text-align-left\">Avantages de la vente en gros d'appareils de chauffage de bureau<\/h3>\n\n<ul class=\"wp-block-list\"><li><strong>Flexible et applicable :<\/strong> Cette chaufferette de bureau est de petite taille et peut \u00eatre plac\u00e9e sur le bureau, le sol ou le chevet de la chambre \u00e0 coucher. Il convient \u00e0 diff\u00e9rents environnements tels que la maison et le bureau.<\/li>\n\n<li><strong>Chauffage rapide et durable : <\/strong>Nos radiateurs \u00e9lectriques portables sont \u00e9quip\u00e9s de la technologie de chauffage c\u00e9ramique PTC. Il se r\u00e9chauffe rapidement apr\u00e8s avoir \u00e9t\u00e9 mis en marche, diffuse uniform\u00e9ment la chaleur, est durable, et est plus \u00e9conome en \u00e9nergie et efficace, de sorte que la chaleur peut vous accompagner \u00e0 tout moment.<\/li>\n\n<li><strong>Fonctionnement \u00e0 faible bruit : <\/strong>Ce radiateur de bureau fonctionne \u00e0 faible bruit et ne perturbe pas le sommeil, m\u00eame lorsqu'il fonctionne pendant la nuit. Il est id\u00e9al pour les chambres \u00e0 coucher et les bureaux qui exigent des conditions silencieuses.<\/li>\n\n<li><strong>Multiples protections de s\u00e9curit\u00e9 : <\/strong>Nos chauffages \u00e9lectriques portables en gros int\u00e8grent une protection contre la surchauffe, une protection contre la surintensit\u00e9 et utilisent une enveloppe en mat\u00e9riau ignifuge pour garantir qu'ils restent s\u00fbrs et fiables m\u00eame en cas d'utilisation prolong\u00e9e, afin d'\u00e9viter les risques pour la s\u00e9curit\u00e9.<\/li><\/ul><\/div>\n\n<div class=\"wp-block-column is-layout-flow wp-block-column-is-layout-flow\"><figure class=\"wp-block-image size-full\"><img decoding=\"async\" width=\"800\" height=\"800\" src=\"https:\/\/www.gdwanjiada.net\/wp-content\/uploads\/2025\/03\/Wholesale-Desktop-Heater-Portable-Electric-Heater-Bulk.webp\" alt=\"Chauffage de bureau en gros, Chauffage \u00e9lectrique portable en vrac\" class=\"wp-image-1611\" srcset=\"https:\/\/www.gdwanjiada.net\/wp-content\/uploads\/2025\/03\/Wholesale-Desktop-Heater-Portable-Electric-Heater-Bulk.webp 800w, https:\/\/www.gdwanjiada.net\/wp-content\/uploads\/2025\/03\/Wholesale-Desktop-Heater-Portable-Electric-Heater-Bulk-300x300.webp 300w, https:\/\/www.gdwanjiada.net\/wp-content\/uploads\/2025\/03\/Wholesale-Desktop-Heater-Portable-Electric-Heater-Bulk-150x150.webp 150w, https:\/\/www.gdwanjiada.net\/wp-content\/uploads\/2025\/03\/Wholesale-Desktop-Heater-Portable-Electric-Heater-Bulk-768x768.webp 768w, https:\/\/www.gdwanjiada.net\/wp-content\/uploads\/2025\/03\/Wholesale-Desktop-Heater-Portable-Electric-Heater-Bulk-12x12.webp 12w, https:\/\/www.gdwanjiada.net\/wp-content\/uploads\/2025\/03\/Wholesale-Desktop-Heater-Portable-Electric-Heater-Bulk-600x600.webp 600w, https:\/\/www.gdwanjiada.net\/wp-content\/uploads\/2025\/03\/Wholesale-Desktop-Heater-Portable-Electric-Heater-Bulk-100x100.webp 100w\" sizes=\"(max-width: 800px) 100vw, 800px\" \/><\/figure><\/div><\/div>","protected":false},"excerpt":{"rendered":"<p>Nous vous invitons \u00e0 acheter des radiateurs \u00e9lectriques portables. Ce radiateur de bureau adopte la technologie de chauffage c\u00e9ramique PTC, un chauffage rapide, une \u00e9conomie d'\u00e9nergie et une longue dur\u00e9e de vie. De petite taille, il est spacieux et peut \u00eatre plac\u00e9 \u00e0 plusieurs endroits, et il est peu bruyant. Avec de nombreuses fonctions de protection, le chauffage est plus s\u00fbr et plus fiable.<\/p>\n<h2>Caract\u00e9ristiques du produit\uff1a<\/h2>\n<ul>\n<li>M\u00e9thodes de placement multiples, faciles \u00e0 mettre en place.<\/li>\n<li>Peu bruyant, il ne perturbe pas le sommeil.<\/li>\n<li>Chauffage PTC, chauffage rapide, efficace et durable.<\/li>\n<li>Protection multiple contre les surchauffes et les surintensit\u00e9s.<\/li>\n<li>Mat\u00e9riau ignifuge, conception raisonnable, s\u00fbre et fiable.<\/li>\n<\/ul>","protected":false},"featured_media":1606,"comment_status":"closed","ping_status":"closed","template":"","meta":{"_acf_changed":false},"product_brand":[],"product_cat":[22],"product_tag":[],"class_list":{"0":"post-1605","1":"product","2":"type-product","3":"status-publish","4":"has-post-thumbnail","6":"product_cat-wholesale-fan-heaters","8":"first","9":"instock","10":"shipping-taxable","11":"product-type-simple"},"acf":[],"_links":{"self":[{"href":"https:\/\/www.gdwanjiada.net\/fr\/wp-json\/wp\/v2\/product\/1605","targetHints":{"allow":["GET"]}}],"collection":[{"href":"https:\/\/www.gdwanjiada.net\/fr\/wp-json\/wp\/v2\/product"}],"about":[{"href":"https:\/\/www.gdwanjiada.net\/fr\/wp-json\/wp\/v2\/types\/product"}],"replies":[{"embeddable":true,"href":"https:\/\/www.gdwanjiada.net\/fr\/wp-json\/wp\/v2\/comments?post=1605"}],"wp:featuredmedia":[{"embeddable":true,"href":"https:\/\/www.gdwanjiada.net\/fr\/wp-json\/wp\/v2\/media\/1606"}],"wp:attachment":[{"href":"https:\/\/www.gdwanjiada.net\/fr\/wp-json\/wp\/v2\/media?parent=1605"}],"wp:term":[{"taxonomy":"product_brand","embeddable":true,"href":"https:\/\/www.gdwanjiada.net\/fr\/wp-json\/wp\/v2\/product_brand?post=1605"},{"taxonomy":"product_cat","embeddable":true,"href":"https:\/\/www.gdwanjiada.net\/fr\/wp-json\/wp\/v2\/product_cat?post=1605"},{"taxonomy":"product_tag","embeddable":true,"href":"https:\/\/www.gdwanjiada.net\/fr\/wp-json\/wp\/v2\/product_tag?post=1605"}],"curies":[{"name":"wp","href":"https:\/\/api.w.org\/{rel}","templated":true}]}}