{"id":1570,"date":"2025-01-16T03:23:19","date_gmt":"2025-01-16T03:23:19","guid":{"rendered":"https:\/\/www.gdwanjiada.net\/?post_type=product&#038;p=1570"},"modified":"2025-01-21T08:52:51","modified_gmt":"2025-01-21T08:52:51","slug":"wholesale-battery-operated-fans","status":"publish","type":"product","link":"https:\/\/www.gdwanjiada.net\/fr\/produit\/wholesale-battery-operated-fans\/","title":{"rendered":"Ventilateur \u00e0 piles blanc en gros, petit ventilateur portable en vrac"},"content":{"rendered":"<h3 class=\"wp-block-heading has-text-align-center\">Sp\u00e9cifications des ventilateurs \u00e0 piles en gros<\/h3><figure class=\"wp-block-table\"><table class=\"has-fixed-layout\"><tbody><tr><td rowspan=\"2\">Mod\u00e8le<\/td><td rowspan=\"2\">Puissance\uff08W\uff09<\/td><td rowspan=\"2\">Tension\uff08V\uff09<\/td><td rowspan=\"2\">Mode vitesse<\/td><td rowspan=\"2\">G.W.\uff08g\uff09<\/td><td rowspan=\"2\">Taille du produit\uff08mm\uff09<\/td><td rowspan=\"2\">Taille de l'emballage\uff08mm\uff09<\/td><td rowspan=\"2\">Taille du carton\uff08mm\uff09<\/td><td rowspan=\"2\">Emballage Q'ty\uff08pc\uff09<\/td><td rowspan=\"2\">Carton G.W.\uff08kg\uff09<\/td><td rowspan=\"2\">Alimentation \u00e9lectrique<\/td><td rowspan=\"2\">Capacit\u00e9 de la batterie<\/td><td colspan=\"2\">Chargement Q'ty<\/td><\/tr><tr><td>20GP<\/td><td>40HQ<\/td><\/tr><tr><td>F04<\/td><td>5<\/td><td>5<\/td><td>3<\/td><td>650<\/td><td>190*200*230<\/td><td>367*184*184<\/td><td>820*420*615<\/td><td>24<\/td><td>17.6<\/td><td>Fiche<\/td><td>1200mh<\/td><td>3192<\/td><td>7704<\/td><\/tr><\/tbody><\/table><\/figure><div class=\"wp-block-columns is-layout-flex wp-container-core-columns-is-layout-9d6595d7 wp-block-columns-is-layout-flex\"><div class=\"wp-block-column is-layout-flow wp-block-column-is-layout-flow\" style=\"flex-basis:50%\"><h3 class=\"wp-block-heading has-text-align-left\">Avantages des ventilateurs \u00e0 piles en gros<\/h3>\n\n<ul class=\"wp-block-list\"><li><strong>Portable et compact, il peut \u00eatre utilis\u00e9 dans de nombreux sc\u00e9narios : <\/strong>Nos ventilateurs \u00e0 piles sont con\u00e7us pour \u00eatre l\u00e9gers et compacts, faciles \u00e0 transporter, et peuvent \u00eatre largement utilis\u00e9s dans diverses occasions telles que la maison, le bureau, les voyages en plein air, etc.<\/li>\n\n<li><strong>R\u00e9glage de la vitesse du vent \u00e0 3 vitesses pour r\u00e9pondre avec souplesse aux besoins : <\/strong>Ce ventilateur portable en vrac est \u00e9quip\u00e9 de trois modes de r\u00e9glage de la vitesse du vent, de la brise l\u00e9g\u00e8re au flux d'air puissant, pour s'adapter \u00e0 diff\u00e9rents environnements et besoins personnels, offrant ainsi une exp\u00e9rience d'utilisation personnalis\u00e9e.<\/li>\n\n<li><strong>Circulation efficace de l'air pour cr\u00e9er un espace frais : <\/strong>Ces ventilateurs \u00e0 piles en gros ont une excellente fonction de circulation de l'air, qui peut non seulement fournir de la fra\u00eecheur, mais aussi promouvoir la circulation de l'air \u00e0 l'int\u00e9rieur et optimiser la qualit\u00e9 de l'environnement spatial.<\/li>\n\n<li><strong>Batterie au lithium int\u00e9gr\u00e9e, longue dur\u00e9e de vie sans souci : <\/strong>Ce ventilateur portable en vrac est \u00e9quip\u00e9 d'une batterie au lithium int\u00e9gr\u00e9e de grande capacit\u00e9 qui ne n\u00e9cessite pas de prise de courant. Il peut fonctionner pendant une longue p\u00e9riode apr\u00e8s une charge compl\u00e8te. Il convient parfaitement aux activit\u00e9s de plein air ou aux pannes de courant.<\/li><\/ul><\/div>\n\n<div class=\"wp-block-column is-layout-flow wp-block-column-is-layout-flow\"><figure class=\"wp-block-image size-full\"><img decoding=\"async\" width=\"800\" height=\"800\" src=\"https:\/\/www.gdwanjiada.net\/wp-content\/uploads\/2025\/01\/White-Wholesale-Battery-Operated-Fans-Small-Portable-Fan-In-Bulk-1.webp\" alt=\"Ventilateur \u00e0 piles blanc en gros, petit ventilateur portable en vrac-1\" class=\"wp-image-1571\" srcset=\"https:\/\/www.gdwanjiada.net\/wp-content\/uploads\/2025\/01\/White-Wholesale-Battery-Operated-Fans-Small-Portable-Fan-In-Bulk-1.webp 800w, https:\/\/www.gdwanjiada.net\/wp-content\/uploads\/2025\/01\/White-Wholesale-Battery-Operated-Fans-Small-Portable-Fan-In-Bulk-1-300x300.webp 300w, https:\/\/www.gdwanjiada.net\/wp-content\/uploads\/2025\/01\/White-Wholesale-Battery-Operated-Fans-Small-Portable-Fan-In-Bulk-1-150x150.webp 150w, https:\/\/www.gdwanjiada.net\/wp-content\/uploads\/2025\/01\/White-Wholesale-Battery-Operated-Fans-Small-Portable-Fan-In-Bulk-1-768x768.webp 768w, https:\/\/www.gdwanjiada.net\/wp-content\/uploads\/2025\/01\/White-Wholesale-Battery-Operated-Fans-Small-Portable-Fan-In-Bulk-1-12x12.webp 12w, https:\/\/www.gdwanjiada.net\/wp-content\/uploads\/2025\/01\/White-Wholesale-Battery-Operated-Fans-Small-Portable-Fan-In-Bulk-1-600x600.webp 600w, https:\/\/www.gdwanjiada.net\/wp-content\/uploads\/2025\/01\/White-Wholesale-Battery-Operated-Fans-Small-Portable-Fan-In-Bulk-1-100x100.webp 100w\" sizes=\"(max-width: 800px) 100vw, 800px\" \/><\/figure><\/div><\/div>","protected":false},"excerpt":{"rendered":"<p>Bienvenue sur le site d'achat en gros de ventilateurs \u00e0 piles. Notre ventilateur portable blanc en vrac est connu pour son design compact et ses fonctions puissantes. Il dispose de 3 vitesses de vent, d'une batterie lithium int\u00e9gr\u00e9e et d'une fonction de circulation d'air efficace. Que ce soit \u00e0 la maison ou \u00e0 l'ext\u00e9rieur, il peut fournir une exp\u00e9rience confortable et fra\u00eeche, c'est un choix fiable sur le march\u00e9 de gros.<\/p>\n<h2>Caract\u00e9ristiques du produit\uff1a<\/h2>\n<ul>\n<li>Il peut \u00eatre utilis\u00e9 dans diff\u00e9rents sc\u00e9narios tels que sur pied, au mur, de bureau ou en ext\u00e9rieur.<\/li>\n<li>L'angle d'alimentation en air pivote sur 180 degr\u00e9s, la vitesse du vent est r\u00e9glable sur 3 niveaux et l'appareil est \u00e9quip\u00e9 d'une batterie au lithium int\u00e9gr\u00e9e.<\/li>\n<li>La m\u00e9moire intelligente de la luminosit\u00e9 et la gradation progressive permettent d'ajuster la luminosit\u00e9 \u00e0 volont\u00e9. La lampe peut \u00eatre utilis\u00e9e comme lampe de table, lampe d'ext\u00e9rieur, lampe d'appoint ou veilleuse.<\/li>\n<li>Faites circuler l'air et profitez de chaque bouff\u00e9e d'air frais.<\/li>\n<\/ul>","protected":false},"featured_media":1573,"comment_status":"closed","ping_status":"closed","template":"","meta":{"_acf_changed":false},"product_brand":[],"product_cat":[23,24],"product_tag":[],"class_list":{"0":"post-1570","1":"product","2":"type-product","3":"status-publish","4":"has-post-thumbnail","6":"product_cat-wholesale-portable-fans","7":"product_cat-air-circulation-fan-wholesale","9":"first","10":"instock","11":"shipping-taxable","12":"product-type-simple"},"acf":[],"_links":{"self":[{"href":"https:\/\/www.gdwanjiada.net\/fr\/wp-json\/wp\/v2\/product\/1570","targetHints":{"allow":["GET"]}}],"collection":[{"href":"https:\/\/www.gdwanjiada.net\/fr\/wp-json\/wp\/v2\/product"}],"about":[{"href":"https:\/\/www.gdwanjiada.net\/fr\/wp-json\/wp\/v2\/types\/product"}],"replies":[{"embeddable":true,"href":"https:\/\/www.gdwanjiada.net\/fr\/wp-json\/wp\/v2\/comments?post=1570"}],"wp:featuredmedia":[{"embeddable":true,"href":"https:\/\/www.gdwanjiada.net\/fr\/wp-json\/wp\/v2\/media\/1573"}],"wp:attachment":[{"href":"https:\/\/www.gdwanjiada.net\/fr\/wp-json\/wp\/v2\/media?parent=1570"}],"wp:term":[{"taxonomy":"product_brand","embeddable":true,"href":"https:\/\/www.gdwanjiada.net\/fr\/wp-json\/wp\/v2\/product_brand?post=1570"},{"taxonomy":"product_cat","embeddable":true,"href":"https:\/\/www.gdwanjiada.net\/fr\/wp-json\/wp\/v2\/product_cat?post=1570"},{"taxonomy":"product_tag","embeddable":true,"href":"https:\/\/www.gdwanjiada.net\/fr\/wp-json\/wp\/v2\/product_tag?post=1570"}],"curies":[{"name":"wp","href":"https:\/\/api.w.org\/{rel}","templated":true}]}}