{"id":1559,"date":"2025-01-16T02:59:15","date_gmt":"2025-01-16T02:59:15","guid":{"rendered":"https:\/\/www.gdwanjiada.net\/?post_type=product&#038;p=1559"},"modified":"2025-01-16T03:09:43","modified_gmt":"2025-01-16T03:09:43","slug":"portable-fan-wholesale","status":"publish","type":"product","link":"https:\/\/www.gdwanjiada.net\/fr\/produit\/portable-fan-wholesale\/","title":{"rendered":"Ventilateur portable rose Wholesale, Bulk Battery Operated Fans With Light"},"content":{"rendered":"<h3 class=\"wp-block-heading has-text-align-center\">Sp\u00e9cifications du ventilateur portable Wholesale<\/h3><figure class=\"wp-block-table\"><table class=\"has-fixed-layout\"><tbody><tr><td rowspan=\"2\">Mod\u00e8le<\/td><td rowspan=\"2\">Puissance\uff08W\uff09<\/td><td rowspan=\"2\">Tension\uff08V\uff09<\/td><td rowspan=\"2\">Mode vitesse<\/td><td rowspan=\"2\">G.W.\uff08g\uff09<\/td><td rowspan=\"2\">Taille du produit\uff08mm\uff09<\/td><td rowspan=\"2\">Taille de l'emballage\uff08mm\uff09<\/td><td rowspan=\"2\">Taille du carton\uff08mm\uff09<\/td><td rowspan=\"2\">Emballage Q'ty\uff08pc\uff09<\/td><td rowspan=\"2\">Carton G.W.\uff08kg\uff09<\/td><td rowspan=\"2\">Alimentation \u00e9lectrique<\/td><td rowspan=\"2\">Capacit\u00e9 de la batterie<\/td><td colspan=\"2\">Chargement Q'ty<\/td><\/tr><tr><td>20GP<\/td><td>40HQ<\/td><\/tr><tr><td>F04<\/td><td>5<\/td><td>5<\/td><td>3<\/td><td>650<\/td><td>190*200*230<\/td><td>367*184*184<\/td><td>820*420*615<\/td><td>24<\/td><td>17.6<\/td><td>Fiche<\/td><td>1200mh<\/td><td>3192<\/td><td>7704<\/td><\/tr><\/tbody><\/table><\/figure><div class=\"wp-block-columns is-layout-flex wp-container-core-columns-is-layout-9d6595d7 wp-block-columns-is-layout-flex\"><div class=\"wp-block-column is-layout-flow wp-block-column-is-layout-flow\" style=\"flex-basis:50%\"><h3 class=\"wp-block-heading has-text-align-left\">Avantages du ventilateur portable en gros<\/h3>\n\n<ul class=\"wp-block-list\"><li><strong>Conception polyvalente, adaptation flexible \u00e0 de multiples sc\u00e9narios : <\/strong>Que ce soit \u00e0 la maison, au bureau ou lors d'activit\u00e9s en plein air, ce ventilateur portable en gros peut facilement \u00eatre utilis\u00e9. Il peut \u00eatre install\u00e9 sur le sol, au mur ou sur un bureau, ce qui offre aux utilisateurs des options d'utilisation pratiques.<\/li>\n\n<li><strong>Alimentation en air \u00e0 grand angle, couverture de refroidissement plus compl\u00e8te : <\/strong>Ces ventilateurs \u00e0 piles en vrac sont dot\u00e9s d'une fonction de rotation \u00e0 180 degr\u00e9s, ce qui permet d'ajuster la direction de l'air et de couvrir une plus grande surface, de sorte que chaque coin puisse ressentir une brise fra\u00eeche uniforme et confortable.<\/li>\n\n<li><strong>R\u00e9glage personnalis\u00e9 de la vitesse du vent, pour r\u00e9pondre aux besoins : <\/strong>Ce ventilateur portable de gros a une fonction \u00e0 3 vitesses allant d'une brise l\u00e9g\u00e8re \u00e0 une forte fra\u00eecheur. Les utilisateurs peuvent librement choisir le vent en fonction de l'environnement et de leurs pr\u00e9f\u00e9rences pour profiter de la fra\u00eecheur.<\/li>\n\n<li><strong>Batterie au lithium de grande capacit\u00e9 int\u00e9gr\u00e9e, portable et durable :<\/strong> Nos ventilateurs \u00e0 piles en vrac sont dot\u00e9s de piles au lithium int\u00e9gr\u00e9es qui garantissent une longue dur\u00e9e de vie sans avoir besoin d'\u00eatre branch\u00e9es. Ils sont pratiques, rapides et faciles \u00e0 transporter pour une utilisation \u00e0 l'int\u00e9rieur et \u00e0 l'ext\u00e9rieur.<\/li><\/ul><\/div>\n\n<div class=\"wp-block-column is-layout-flow wp-block-column-is-layout-flow\"><figure class=\"wp-block-image size-full\"><img decoding=\"async\" width=\"800\" height=\"800\" src=\"https:\/\/www.gdwanjiada.net\/wp-content\/uploads\/2025\/01\/Pink-Portable-Fan-Wholesale-Bulk-Battery-Operated-Fans-With-Light-7.webp\" alt=\"Ventilateur portable rose Wholesale, Bulk Battery Operated Fans With Light-7\" class=\"wp-image-1562\" srcset=\"https:\/\/www.gdwanjiada.net\/wp-content\/uploads\/2025\/01\/Pink-Portable-Fan-Wholesale-Bulk-Battery-Operated-Fans-With-Light-7.webp 800w, https:\/\/www.gdwanjiada.net\/wp-content\/uploads\/2025\/01\/Pink-Portable-Fan-Wholesale-Bulk-Battery-Operated-Fans-With-Light-7-300x300.webp 300w, https:\/\/www.gdwanjiada.net\/wp-content\/uploads\/2025\/01\/Pink-Portable-Fan-Wholesale-Bulk-Battery-Operated-Fans-With-Light-7-150x150.webp 150w, https:\/\/www.gdwanjiada.net\/wp-content\/uploads\/2025\/01\/Pink-Portable-Fan-Wholesale-Bulk-Battery-Operated-Fans-With-Light-7-768x768.webp 768w, https:\/\/www.gdwanjiada.net\/wp-content\/uploads\/2025\/01\/Pink-Portable-Fan-Wholesale-Bulk-Battery-Operated-Fans-With-Light-7-12x12.webp 12w, https:\/\/www.gdwanjiada.net\/wp-content\/uploads\/2025\/01\/Pink-Portable-Fan-Wholesale-Bulk-Battery-Operated-Fans-With-Light-7-600x600.webp 600w, https:\/\/www.gdwanjiada.net\/wp-content\/uploads\/2025\/01\/Pink-Portable-Fan-Wholesale-Bulk-Battery-Operated-Fans-With-Light-7-100x100.webp 100w\" sizes=\"(max-width: 800px) 100vw, 800px\" \/><\/figure><\/div><\/div>","protected":false},"excerpt":{"rendered":"<p>Bienvenue dans l'achat de ventilateurs \u00e0 piles en gros. Notre ventilateur portable rose en gros a une apparence \u00e9l\u00e9gante et des fonctions puissantes, il peut \u00eatre utilis\u00e9 dans une vari\u00e9t\u00e9 de sc\u00e9narios, il a une alimentation en air \u00e0 180 degr\u00e9s, un r\u00e9glage de la vitesse du vent \u00e0 3 vitesses et une conception de batterie au lithium int\u00e9gr\u00e9e de longue dur\u00e9e, c'est un must-have pour la vie quotidienne et les voyages en plein air.<\/p>\n<h2>Caract\u00e9ristiques du produit\uff1a<\/h2>\n<ul>\n<li>Il peut \u00eatre utilis\u00e9 dans diff\u00e9rents sc\u00e9narios tels que sur pied, au mur, de bureau ou en ext\u00e9rieur.<\/li>\n<li>L'angle d'alimentation en air pivote sur 180 degr\u00e9s, la vitesse du vent est r\u00e9glable sur 3 niveaux et l'appareil est \u00e9quip\u00e9 d'une batterie au lithium int\u00e9gr\u00e9e.<\/li>\n<li>La m\u00e9moire intelligente de la luminosit\u00e9 et la gradation progressive permettent d'ajuster la luminosit\u00e9 \u00e0 volont\u00e9. La lampe peut \u00eatre utilis\u00e9e comme lampe de table, lampe d'ext\u00e9rieur, lampe d'appoint ou veilleuse.<\/li>\n<li>Faites circuler l'air et profitez de chaque bouff\u00e9e d'air frais.<\/li>\n<\/ul>","protected":false},"featured_media":1561,"comment_status":"closed","ping_status":"closed","template":"","meta":{"_acf_changed":false},"product_brand":[],"product_cat":[23,24],"product_tag":[],"class_list":{"0":"post-1559","1":"product","2":"type-product","3":"status-publish","4":"has-post-thumbnail","6":"product_cat-wholesale-portable-fans","7":"product_cat-air-circulation-fan-wholesale","9":"first","10":"instock","11":"shipping-taxable","12":"product-type-simple"},"acf":[],"_links":{"self":[{"href":"https:\/\/www.gdwanjiada.net\/fr\/wp-json\/wp\/v2\/product\/1559","targetHints":{"allow":["GET"]}}],"collection":[{"href":"https:\/\/www.gdwanjiada.net\/fr\/wp-json\/wp\/v2\/product"}],"about":[{"href":"https:\/\/www.gdwanjiada.net\/fr\/wp-json\/wp\/v2\/types\/product"}],"replies":[{"embeddable":true,"href":"https:\/\/www.gdwanjiada.net\/fr\/wp-json\/wp\/v2\/comments?post=1559"}],"wp:featuredmedia":[{"embeddable":true,"href":"https:\/\/www.gdwanjiada.net\/fr\/wp-json\/wp\/v2\/media\/1561"}],"wp:attachment":[{"href":"https:\/\/www.gdwanjiada.net\/fr\/wp-json\/wp\/v2\/media?parent=1559"}],"wp:term":[{"taxonomy":"product_brand","embeddable":true,"href":"https:\/\/www.gdwanjiada.net\/fr\/wp-json\/wp\/v2\/product_brand?post=1559"},{"taxonomy":"product_cat","embeddable":true,"href":"https:\/\/www.gdwanjiada.net\/fr\/wp-json\/wp\/v2\/product_cat?post=1559"},{"taxonomy":"product_tag","embeddable":true,"href":"https:\/\/www.gdwanjiada.net\/fr\/wp-json\/wp\/v2\/product_tag?post=1559"}],"curies":[{"name":"wp","href":"https:\/\/api.w.org\/{rel}","templated":true}]}}