{"id":1542,"date":"2025-01-07T02:12:32","date_gmt":"2025-01-07T02:12:32","guid":{"rendered":"https:\/\/www.gdwanjiada.net\/?post_type=product&#038;p=1542"},"modified":"2025-01-07T02:18:44","modified_gmt":"2025-01-07T02:18:44","slug":"desk-fans-wholesale","status":"publish","type":"product","link":"https:\/\/www.gdwanjiada.net\/fr\/produit\/desk-fans-wholesale\/","title":{"rendered":"Ventilateur de bureau rose en gros avec lumi\u00e8re, ventilateur portable en vrac"},"content":{"rendered":"<h3 class=\"wp-block-heading has-text-align-center\">Sp\u00e9cifications des ventilateurs de bureau en gros<\/h3><figure class=\"wp-block-table\"><table class=\"has-fixed-layout\"><tbody><tr><td rowspan=\"2\">Mod\u00e8le<\/td><td rowspan=\"2\">Puissance\uff08W\uff09<\/td><td rowspan=\"2\">Tension\uff08V\uff09<\/td><td rowspan=\"2\">Vitesse<\/td><td rowspan=\"2\">G.W.\uff08g\uff09<\/td><td rowspan=\"2\">Taille du produit\uff08mm\uff09<\/td><td rowspan=\"2\">Taille de l'emballage\uff08mm\uff09<\/td><td rowspan=\"2\">Taille du carton\uff08mm\uff09<\/td><td rowspan=\"2\">Emballage Q'ty\uff08pc\uff09<\/td><td rowspan=\"2\">Carton G.W.\uff08kg\uff09<\/td><td rowspan=\"2\">Alimentation \u00e9lectrique<\/td><td rowspan=\"2\">Capacit\u00e9 de la batterie<\/td><td colspan=\"2\">Chargement Q'ty<\/td><\/tr><tr><td>20GP<\/td><td>40HQ<\/td><\/tr><tr><td>F03<\/td><td>5<\/td><td>5<\/td><td>5<\/td><td>440<\/td><td>210*220*230<\/td><td>216*58*216<\/td><td>600*447*462<\/td><td>40<\/td><td>19.6<\/td><td>Type-C\/Batterie<\/td><td>1800mh<\/td><td>9040<\/td><td>21960<\/td><\/tr><\/tbody><\/table><\/figure><div class=\"wp-block-columns is-layout-flex wp-container-core-columns-is-layout-9d6595d7 wp-block-columns-is-layout-flex\"><div class=\"wp-block-column is-layout-flow wp-block-column-is-layout-flow\" style=\"flex-basis:50%\"><h3 class=\"wp-block-heading has-text-align-left\">Avantages des ventilateurs de bureau en gros<\/h3>\n\n<ul class=\"wp-block-list\"><li><strong>Application multi-sc\u00e9narios : <\/strong>Nos ventilateurs de bureau roses peuvent \u00eatre plac\u00e9s sur le bureau, suspendus au mur ou accroch\u00e9s \u00e0 un crochet. Que ce soit \u00e0 la maison, au bureau ou \u00e0 l'ext\u00e9rieur, il peut \u00eatre facilement adapt\u00e9 pour vous fournir une exp\u00e9rience cool \u00e0 tout moment et n'importe o\u00f9.<\/li>\n\n<li><strong>Vitesse du vent \u00e0 5 vitesses et double r\u00e9glage de l'\u00e9clairage :<\/strong> Notre ventilateur portable en vrac est \u00e9quip\u00e9 d'un r\u00e9glage de la vitesse du vent \u00e0 5 vitesses, offrant une vari\u00e9t\u00e9 d'options allant d'un vent doux \u00e0 un vent fort pour r\u00e9pondre aux besoins de diff\u00e9rents environnements. Le ventilateur est \u00e9quip\u00e9 d'une double source de lumi\u00e8re, la lumi\u00e8re blanche avant est utilis\u00e9e pour l'\u00e9clairage quotidien, et la lumi\u00e8re chaude de la base cr\u00e9e une atmosph\u00e8re chaleureuse. La luminosit\u00e9 peut \u00eatre r\u00e9gl\u00e9e en continu, ce qui est plus pratique.<\/li>\n\n<li><strong>Aromath\u00e9rapie et support liquide multifonctionnel : <\/strong>La conception sp\u00e9ciale de ces ventilateurs de bureau en gros permet d'ajouter un liquide d'aromath\u00e9rapie, un liquide anti-moustiques ou un d\u00e9sinfectant, qui non seulement apporte de l'air frais, mais fournit \u00e9galement des effets anti-moustiques et de st\u00e9rilisation, ajoutant plus d'options fonctionnelles pour une utilisation \u00e0 la maison ou \u00e0 l'ext\u00e9rieur.<\/li>\n\n<li><strong>Pliable et portable, facile \u00e0 ranger : <\/strong>Ce ventilateur portable en vrac adopte un design compact, permet un rangement pliant, est facile \u00e0 transporter, \u00e9conomise de l'espace et est pratique pour les voyages, le bureau et l'utilisation quotidienne \u00e0 la maison. Il s'agit d'un mini ventilateur qui allie fonctionnalit\u00e9 et commodit\u00e9.<\/li><\/ul><\/div>\n\n<div class=\"wp-block-column is-layout-flow wp-block-column-is-layout-flow\"><figure class=\"wp-block-image size-full\"><img decoding=\"async\" width=\"800\" height=\"800\" src=\"https:\/\/www.gdwanjiada.net\/wp-content\/uploads\/2024\/09\/Bulk-Portable-Fans-Wholesale-Desk-Fans-With-Dual-Light-7.webp\" alt=\"Ventilateurs portables en vrac, ventilateurs de bureau en gros avec double \u00e9clairage-7\" class=\"wp-image-764\" srcset=\"https:\/\/www.gdwanjiada.net\/wp-content\/uploads\/2024\/09\/Bulk-Portable-Fans-Wholesale-Desk-Fans-With-Dual-Light-7.webp 800w, https:\/\/www.gdwanjiada.net\/wp-content\/uploads\/2024\/09\/Bulk-Portable-Fans-Wholesale-Desk-Fans-With-Dual-Light-7-300x300.webp 300w, https:\/\/www.gdwanjiada.net\/wp-content\/uploads\/2024\/09\/Bulk-Portable-Fans-Wholesale-Desk-Fans-With-Dual-Light-7-150x150.webp 150w, https:\/\/www.gdwanjiada.net\/wp-content\/uploads\/2024\/09\/Bulk-Portable-Fans-Wholesale-Desk-Fans-With-Dual-Light-7-768x768.webp 768w, https:\/\/www.gdwanjiada.net\/wp-content\/uploads\/2024\/09\/Bulk-Portable-Fans-Wholesale-Desk-Fans-With-Dual-Light-7-600x600.webp 600w, https:\/\/www.gdwanjiada.net\/wp-content\/uploads\/2024\/09\/Bulk-Portable-Fans-Wholesale-Desk-Fans-With-Dual-Light-7-100x100.webp 100w\" sizes=\"(max-width: 800px) 100vw, 800px\" \/><\/figure><\/div><\/div>","protected":false},"excerpt":{"rendered":"<p>Nous vous invitons \u00e0 acheter des ventilateurs portables en gros. Ce ventilateur de bureau rose en gros prend en charge de multiples sc\u00e9narios, avec 5 vitesses de vent, un double r\u00e9glage de la source lumineuse et une fonction d'aromath\u00e9rapie. Il est l\u00e9ger et pliable, facile \u00e0 transporter et \u00e0 ranger. Qu'il s'agisse de la maison quotidienne, de l'environnement de bureau ou des voyages en plein air, il peut vous fournir une exp\u00e9rience multifonctionnelle fra\u00eeche, confortable et pratique, et est un compagnon id\u00e9al pour la vie moderne.<\/p>\n<h2>Caract\u00e9ristiques du produit\uff1a<\/h2>\n<ul>\n<li>Plusieurs sc\u00e9narios, tels que le bureau, l'accrochage mural, la suspension, etc.<\/li>\n<li>Vent r\u00e9glable \u00e0 5 vitesses, double r\u00e9glage de l'\u00e9clairage, lumi\u00e8re blanche \u00e0 l'avant et lumi\u00e8re chaude \u00e0 la base.<\/li>\n<li>Le centre peut ajouter de l'aromath\u00e9rapie, un liquide r\u00e9pulsif et un liquide d\u00e9sinfectant.<\/li>\n<li>Conception compacte pour un transport facile et un rangement pliant sans encombrement.<\/li>\n<li>\u00c9cran d'affichage = r\u00e9glage de la vitesse + gradation sans palier + quantit\u00e9 d'\u00e9lectricit\u00e9.<\/li>\n<\/ul>","protected":false},"featured_media":759,"comment_status":"closed","ping_status":"closed","template":"","meta":{"_acf_changed":false},"product_brand":[],"product_cat":[23],"product_tag":[],"class_list":{"0":"post-1542","1":"product","2":"type-product","3":"status-publish","4":"has-post-thumbnail","6":"product_cat-wholesale-portable-fans","8":"first","9":"instock","10":"shipping-taxable","11":"product-type-simple"},"acf":[],"_links":{"self":[{"href":"https:\/\/www.gdwanjiada.net\/fr\/wp-json\/wp\/v2\/product\/1542","targetHints":{"allow":["GET"]}}],"collection":[{"href":"https:\/\/www.gdwanjiada.net\/fr\/wp-json\/wp\/v2\/product"}],"about":[{"href":"https:\/\/www.gdwanjiada.net\/fr\/wp-json\/wp\/v2\/types\/product"}],"replies":[{"embeddable":true,"href":"https:\/\/www.gdwanjiada.net\/fr\/wp-json\/wp\/v2\/comments?post=1542"}],"wp:featuredmedia":[{"embeddable":true,"href":"https:\/\/www.gdwanjiada.net\/fr\/wp-json\/wp\/v2\/media\/759"}],"wp:attachment":[{"href":"https:\/\/www.gdwanjiada.net\/fr\/wp-json\/wp\/v2\/media?parent=1542"}],"wp:term":[{"taxonomy":"product_brand","embeddable":true,"href":"https:\/\/www.gdwanjiada.net\/fr\/wp-json\/wp\/v2\/product_brand?post=1542"},{"taxonomy":"product_cat","embeddable":true,"href":"https:\/\/www.gdwanjiada.net\/fr\/wp-json\/wp\/v2\/product_cat?post=1542"},{"taxonomy":"product_tag","embeddable":true,"href":"https:\/\/www.gdwanjiada.net\/fr\/wp-json\/wp\/v2\/product_tag?post=1542"}],"curies":[{"name":"wp","href":"https:\/\/api.w.org\/{rel}","templated":true}]}}