{"id":1541,"date":"2025-01-07T02:04:14","date_gmt":"2025-01-07T02:04:14","guid":{"rendered":"https:\/\/www.gdwanjiada.net\/?post_type=product&#038;p=1541"},"modified":"2025-01-07T02:12:19","modified_gmt":"2025-01-07T02:12:19","slug":"bulk-folding-fans","status":"publish","type":"product","link":"https:\/\/www.gdwanjiada.net\/fr\/produit\/bulk-folding-fans\/","title":{"rendered":"Ventilateurs pliants verts en vrac, mini ventilateurs de bureau Wholesale"},"content":{"rendered":"<h3 class=\"wp-block-heading has-text-align-center\">Sp\u00e9cifications des ventilateurs pliants en vrac<\/h3><figure class=\"wp-block-table\"><table class=\"has-fixed-layout\"><tbody><tr><td rowspan=\"2\">Mod\u00e8le<\/td><td rowspan=\"2\">Puissance\uff08W\uff09<\/td><td rowspan=\"2\">Tension\uff08V\uff09<\/td><td rowspan=\"2\">Vitesse<\/td><td rowspan=\"2\">G.W.\uff08g\uff09<\/td><td rowspan=\"2\">Taille du produit\uff08mm\uff09<\/td><td rowspan=\"2\">Taille de l'emballage\uff08mm\uff09<\/td><td rowspan=\"2\">Taille du carton\uff08mm\uff09<\/td><td rowspan=\"2\">Emballage Q'ty\uff08pc\uff09<\/td><td rowspan=\"2\">Carton G.W.\uff08kg\uff09<\/td><td rowspan=\"2\">Alimentation \u00e9lectrique<\/td><td rowspan=\"2\">Capacit\u00e9 de la batterie<\/td><td colspan=\"2\">Chargement Q'ty<\/td><\/tr><tr><td>20GP<\/td><td>40HQ<\/td><\/tr><tr><td>F03<\/td><td>5<\/td><td>5<\/td><td>5<\/td><td>440<\/td><td>210*220*230<\/td><td>216*58*216<\/td><td>600*447*462<\/td><td>40<\/td><td>19.6<\/td><td>Type-C\/Batterie<\/td><td>1800mh<\/td><td>9040<\/td><td>21960<\/td><\/tr><\/tbody><\/table><\/figure><div class=\"wp-block-columns is-layout-flex wp-container-core-columns-is-layout-9d6595d7 wp-block-columns-is-layout-flex\"><div class=\"wp-block-column is-layout-flow wp-block-column-is-layout-flow\" style=\"flex-basis:50%\"><h3 class=\"wp-block-heading has-text-align-left\">Avantages des ventilateurs pliants en vrac<\/h3>\n\n<ul class=\"wp-block-list\"><li><strong>Utilisation multi-sc\u00e9narios, flexible et pratique : <\/strong>Nos ventilateurs pliants en vrac ont un design vert frais, ils peuvent \u00eatre plac\u00e9s sur le bureau, fix\u00e9s au mur ou suspendus, et conviennent \u00e0 une grande vari\u00e9t\u00e9 de sc\u00e9narios. Que ce soit \u00e0 la maison, au bureau ou en plein air, ce ventilateur peut r\u00e9pondre aux besoins de refroidissement et fournir une exp\u00e9rience d'utilisation pratique.<\/li>\n\n<li><strong>R\u00e9glage de la vitesse du vent \u00e0 5 vitesses, double mode d'\u00e9clairage : <\/strong>Nos mini ventilateurs en gros sont \u00e9quip\u00e9s d'une fonction de r\u00e9glage de la vitesse du vent \u00e0 5 vitesses, ce qui permet de s\u00e9lectionner librement la vitesse du vent en fonction des besoins de l'environnement pour assurer une circulation d'air plus confortable. Le ventilateur est dot\u00e9 d'un double \u00e9clairage, une lumi\u00e8re blanche \u00e0 l'avant et une lumi\u00e8re chaude \u00e0 la base, avec une luminosit\u00e9 r\u00e9glable, ce qui convient \u00e0 l'\u00e9clairage quotidien.<\/li>\n\n<li><strong>Fonction d'aromath\u00e9rapie, exp\u00e9riences multiples : <\/strong>La partie centrale de ces ventilateurs pliants en vrac est sp\u00e9cialement con\u00e7ue pour ajouter un liquide d'aromath\u00e9rapie, un liquide anti-moustiques ou un d\u00e9sinfectant afin d'ajouter un parfum frais \u00e0 l'environnement, tout en ayant des fonctions anti-moustiques et de st\u00e9rilisation, convenant ainsi \u00e0 une vari\u00e9t\u00e9 de sc\u00e9narios d'utilisation.<\/li>\n\n<li><strong>Conception l\u00e9g\u00e8re et pliable, facile \u00e0 transporter et \u00e0 ranger : <\/strong>Ces mini ventilateurs en gros sont con\u00e7us de mani\u00e8re compacte et peuvent \u00eatre facilement pli\u00e9s et rang\u00e9s, sans prendre de place suppl\u00e9mentaire. Ils sont faciles \u00e0 transporter et conviennent pour les voyages, le bureau et le stockage \u00e0 la maison.<\/li><\/ul><\/div>\n\n<div class=\"wp-block-column is-layout-flow wp-block-column-is-layout-flow\"><figure class=\"wp-block-image size-full\"><img decoding=\"async\" width=\"800\" height=\"800\" src=\"https:\/\/www.gdwanjiada.net\/wp-content\/uploads\/2024\/09\/Bulk-Portable-Fans-Wholesale-Desk-Fans-With-Dual-Light-7.webp\" alt=\"Ventilateurs portables en vrac, ventilateurs de bureau en gros avec double \u00e9clairage, ventilateurs pliants en vrac\" class=\"wp-image-764\" srcset=\"https:\/\/www.gdwanjiada.net\/wp-content\/uploads\/2024\/09\/Bulk-Portable-Fans-Wholesale-Desk-Fans-With-Dual-Light-7.webp 800w, https:\/\/www.gdwanjiada.net\/wp-content\/uploads\/2024\/09\/Bulk-Portable-Fans-Wholesale-Desk-Fans-With-Dual-Light-7-300x300.webp 300w, https:\/\/www.gdwanjiada.net\/wp-content\/uploads\/2024\/09\/Bulk-Portable-Fans-Wholesale-Desk-Fans-With-Dual-Light-7-150x150.webp 150w, https:\/\/www.gdwanjiada.net\/wp-content\/uploads\/2024\/09\/Bulk-Portable-Fans-Wholesale-Desk-Fans-With-Dual-Light-7-768x768.webp 768w, https:\/\/www.gdwanjiada.net\/wp-content\/uploads\/2024\/09\/Bulk-Portable-Fans-Wholesale-Desk-Fans-With-Dual-Light-7-600x600.webp 600w, https:\/\/www.gdwanjiada.net\/wp-content\/uploads\/2024\/09\/Bulk-Portable-Fans-Wholesale-Desk-Fans-With-Dual-Light-7-100x100.webp 100w\" sizes=\"(max-width: 800px) 100vw, 800px\" \/><\/figure><\/div><\/div>","protected":false},"excerpt":{"rendered":"<p>Bienvenue pour acheter des mini ventilateurs en gros. Nos mini ventilateurs pliants verts en vrac conviennent \u00e0 de multiples sc\u00e9narios et disposent de 5 niveaux de r\u00e9glage de la vitesse du vent, de deux modes d'\u00e9clairage et de fonctions d'aromath\u00e9rapie. Il est l\u00e9ger et portable et ne prend pas de place lorsqu'il est rang\u00e9, ce qui en fait un compagnon id\u00e9al pour la vie quotidienne et les voyages.<\/p>\n<h2>Caract\u00e9ristiques du produit\uff1a<\/h2>\n<ul>\n<li>Plusieurs sc\u00e9narios, tels que le bureau, l'accrochage mural, la suspension, etc.<\/li>\n<li>Vent r\u00e9glable \u00e0 5 vitesses, double r\u00e9glage de l'\u00e9clairage, lumi\u00e8re blanche \u00e0 l'avant et lumi\u00e8re chaude \u00e0 la base.<\/li>\n<li>Le centre peut ajouter de l'aromath\u00e9rapie, un liquide r\u00e9pulsif et un liquide d\u00e9sinfectant.<\/li>\n<li>Conception compacte pour un transport facile et un rangement pliant sans encombrement.<\/li>\n<li>\u00c9cran d'affichage = r\u00e9glage de la vitesse + gradation sans palier + quantit\u00e9 d'\u00e9lectricit\u00e9.<\/li>\n<\/ul>","protected":false},"featured_media":758,"comment_status":"closed","ping_status":"closed","template":"","meta":{"_acf_changed":false},"product_brand":[],"product_cat":[23],"product_tag":[],"class_list":{"0":"post-1541","1":"product","2":"type-product","3":"status-publish","4":"has-post-thumbnail","6":"product_cat-wholesale-portable-fans","8":"first","9":"instock","10":"shipping-taxable","11":"product-type-simple"},"acf":[],"_links":{"self":[{"href":"https:\/\/www.gdwanjiada.net\/fr\/wp-json\/wp\/v2\/product\/1541","targetHints":{"allow":["GET"]}}],"collection":[{"href":"https:\/\/www.gdwanjiada.net\/fr\/wp-json\/wp\/v2\/product"}],"about":[{"href":"https:\/\/www.gdwanjiada.net\/fr\/wp-json\/wp\/v2\/types\/product"}],"replies":[{"embeddable":true,"href":"https:\/\/www.gdwanjiada.net\/fr\/wp-json\/wp\/v2\/comments?post=1541"}],"wp:featuredmedia":[{"embeddable":true,"href":"https:\/\/www.gdwanjiada.net\/fr\/wp-json\/wp\/v2\/media\/758"}],"wp:attachment":[{"href":"https:\/\/www.gdwanjiada.net\/fr\/wp-json\/wp\/v2\/media?parent=1541"}],"wp:term":[{"taxonomy":"product_brand","embeddable":true,"href":"https:\/\/www.gdwanjiada.net\/fr\/wp-json\/wp\/v2\/product_brand?post=1541"},{"taxonomy":"product_cat","embeddable":true,"href":"https:\/\/www.gdwanjiada.net\/fr\/wp-json\/wp\/v2\/product_cat?post=1541"},{"taxonomy":"product_tag","embeddable":true,"href":"https:\/\/www.gdwanjiada.net\/fr\/wp-json\/wp\/v2\/product_tag?post=1541"}],"curies":[{"name":"wp","href":"https:\/\/api.w.org\/{rel}","templated":true}]}}