{"id":1485,"date":"2024-12-11T07:26:56","date_gmt":"2024-12-11T07:26:56","guid":{"rendered":"https:\/\/www.gdwanjiada.net\/?post_type=product&#038;p=1485"},"modified":"2024-12-11T07:26:57","modified_gmt":"2024-12-11T07:26:57","slug":"commercial-air-purifier","status":"publish","type":"product","link":"https:\/\/www.gdwanjiada.net\/fr\/produit\/commercial-air-purifier\/","title":{"rendered":"Purificateur d'air commercial intelligent avec ventilateur pour grandes pi\u00e8ces"},"content":{"rendered":"<h3 class=\"wp-block-heading has-text-align-center\">Sp\u00e9cifications du purificateur d'air commercial<\/h3><figure class=\"wp-block-table\"><table class=\"has-fixed-layout\"><tbody><tr><td rowspan=\"2\">Mod\u00e8le<\/td><td rowspan=\"2\">Puissance (w)<\/td><td rowspan=\"2\">Volt\/Freq<\/td><td rowspan=\"2\">Zone d'application (\u33a1)<\/td><td rowspan=\"2\">R\u00e9servoir d'eau (L)<\/td><td rowspan=\"2\">Capacit\u00e9 d'\u00e9vaporation (ml\/h)<\/td><td rowspan=\"2\">Taille du produit<br>(mm)<\/td><td rowspan=\"2\">Taille de l'emballage<br>(mm)<\/td><td rowspan=\"2\">N.W. (kg)<\/td><td rowspan=\"2\">Poids (kg)<\/td><td colspan=\"2\">Chargement Qt\u00e9(pcs)<\/td><\/tr><tr><td>20'GP<\/td><td>40'HQ<\/td><\/tr><tr><td>WJD8060B<\/td><td>55<\/td><td>220V\/50Hz<\/td><td>60<\/td><td>\/<\/td><td>\/<\/td><td>250*250*610<\/td><td>295*295*660<\/td><td>4.9<\/td><td>5.9<\/td><td>520<\/td><td>1280<\/td><\/tr><\/tbody><\/table><\/figure><div class=\"wp-block-columns is-layout-flex wp-container-core-columns-is-layout-9d6595d7 wp-block-columns-is-layout-flex\"><div class=\"wp-block-column is-layout-flow wp-block-column-is-layout-flow\" style=\"flex-basis:50%\"><h3 class=\"wp-block-heading has-text-align-left\">Avantages des purificateurs d'air commerciaux<\/h3>\n\n<ul class=\"wp-block-list\"><li><strong>Fonctionnement par touche intelligente et par t\u00e9l\u00e9commande :<\/strong> Notre purificateur d'air commercial est \u00e9quip\u00e9 d'un \u00e9cran tactile et d'une t\u00e9l\u00e9commande. Le dispositif de contr\u00f4le est facile \u00e0 utiliser, il permet de r\u00e9gler la vitesse du vent ou de changer de fonction en fonction de ses propres besoins, et de fonctionner de mani\u00e8re tr\u00e8s pratique.<\/li>\n\n<li><strong>D\u00e9tection intelligente de la qualit\u00e9 de l'air : <\/strong>Nous avons un syst\u00e8me de d\u00e9tection de la qualit\u00e9 de l'air intelligent de premier ordre int\u00e9gr\u00e9 dans nos meilleurs purificateurs d'air intelligents en gros qui peut efficacement fournir une surveillance de la qualit\u00e9 de l'air int\u00e9rieur en temps r\u00e9el et ajuster le mode de fonctionnement automatiquement pour un air frais et propre dans votre environnement int\u00e9rieur.<\/li>\n\n<li><strong>R\u00e9glage de la vitesse du vent \u00e0 trois vitesses :<\/strong> Ce purificateur d'air commercial en gros pour la chambre \u00e0 coucher poss\u00e8de trois vitesses de vent. Les utilisateurs du purificateur d'air peuvent r\u00e9pondre \u00e0 diff\u00e9rents besoins environnementaux en r\u00e9glant la vitesse du vent pour se sentir \u00e0 l'aise dans la circulation de l'air.<\/li>\n\n<li><strong>Purification efficace + \u00e9limination du formald\u00e9hyde + fonction ventilateur : <\/strong>Notre purificateur d'air intelligent avec filtre lavable est \u00e9quip\u00e9 d'un filtre H11, qui purifie efficacement l'air pour \u00e9liminer le formald\u00e9hyde et les substances nocives, et ses fonctions de ventilation rendent l'air frais et naturel.<\/li><\/ul><\/div>\n\n<div class=\"wp-block-column is-layout-flow wp-block-column-is-layout-flow\"><figure class=\"wp-block-image size-full\"><img decoding=\"async\" width=\"800\" height=\"800\" src=\"https:\/\/www.gdwanjiada.net\/wp-content\/uploads\/2024\/12\/Best-Air-Purifier-with-washable-H11-Filter-for-Large-Room-7.webp\" alt=\"Purificateur d&#039;air commercial intelligent avec ventilateur pour grandes pi\u00e8ces-1\" class=\"wp-image-1492\" srcset=\"https:\/\/www.gdwanjiada.net\/wp-content\/uploads\/2024\/12\/Best-Air-Purifier-with-washable-H11-Filter-for-Large-Room-7.webp 800w, https:\/\/www.gdwanjiada.net\/wp-content\/uploads\/2024\/12\/Best-Air-Purifier-with-washable-H11-Filter-for-Large-Room-7-300x300.webp 300w, https:\/\/www.gdwanjiada.net\/wp-content\/uploads\/2024\/12\/Best-Air-Purifier-with-washable-H11-Filter-for-Large-Room-7-150x150.webp 150w, https:\/\/www.gdwanjiada.net\/wp-content\/uploads\/2024\/12\/Best-Air-Purifier-with-washable-H11-Filter-for-Large-Room-7-768x768.webp 768w, https:\/\/www.gdwanjiada.net\/wp-content\/uploads\/2024\/12\/Best-Air-Purifier-with-washable-H11-Filter-for-Large-Room-7-12x12.webp 12w, https:\/\/www.gdwanjiada.net\/wp-content\/uploads\/2024\/12\/Best-Air-Purifier-with-washable-H11-Filter-for-Large-Room-7-600x600.webp 600w, https:\/\/www.gdwanjiada.net\/wp-content\/uploads\/2024\/12\/Best-Air-Purifier-with-washable-H11-Filter-for-Large-Room-7-100x100.webp 100w\" sizes=\"(max-width: 800px) 100vw, 800px\" \/><\/figure><\/div><\/div>","protected":false},"excerpt":{"rendered":"<p>Nous vous invitons \u00e0 acheter des purificateurs d'air commerciaux en gros aupr\u00e8s du fabricant. Notre purificateur d'air intelligent int\u00e8gre des op\u00e9rations tactiles et de contr\u00f4le \u00e0 distance, et est \u00e9quip\u00e9 d'un syst\u00e8me intelligent de d\u00e9tection de la qualit\u00e9 de l'air pour assurer la surveillance en temps r\u00e9el et l'optimisation de la qualit\u00e9 de l'air. Le couvercle arri\u00e8re amovible facilite le nettoyage de l'\u00e9l\u00e9ment filtrant et constitue une solution id\u00e9ale pour la purification de l'air int\u00e9rieur.<\/p>\n<h2>Caract\u00e9ristiques du produit\uff1a<\/h2>\n<ul>\n<li>Panneau de commande tactile, t\u00e9l\u00e9commande infrarouge.<\/li>\n<li>D\u00e9tection intelligente de la qualit\u00e9 de l'air, affichage de la temp\u00e9rature et de l'humidit\u00e9.<\/li>\n<li>Trois vitesses de vent au choix.<\/li>\n<li>Gauche-droite par pivotement automatique, Haut-bas par r\u00e9glage de l'angle directionnel (0\u00b0\/30\u00b0\/60\u00b0\/90\u00b0) du ventilateur de circulation d'air.<\/li>\n<li>Vent fort pour la circulation de l'air, arriv\u00e9e d'air de 8 m, entreprise de climatisation.<\/li>\n<li>Fonction anionique, purifie l'air.<\/li>\n<li>Poign\u00e9e cach\u00e9e, facile \u00e0 transporter.<\/li>\n<li>Panneau arri\u00e8re amovible, facilitant le nettoyage de l'\u00e9l\u00e9ment filtrant.<\/li>\n<li>Purification\/\u00e9limination du formald\u00e9hyde + ventilateur<\/li>\n<\/ul>","protected":false},"featured_media":1486,"comment_status":"closed","ping_status":"closed","template":"","meta":{"_acf_changed":false},"product_brand":[],"product_cat":[25],"product_tag":[],"class_list":{"0":"post-1485","1":"product","2":"type-product","3":"status-publish","4":"has-post-thumbnail","6":"product_cat-wholesale-air-purifiers","8":"first","9":"instock","10":"shipping-taxable","11":"product-type-simple"},"acf":[],"_links":{"self":[{"href":"https:\/\/www.gdwanjiada.net\/fr\/wp-json\/wp\/v2\/product\/1485","targetHints":{"allow":["GET"]}}],"collection":[{"href":"https:\/\/www.gdwanjiada.net\/fr\/wp-json\/wp\/v2\/product"}],"about":[{"href":"https:\/\/www.gdwanjiada.net\/fr\/wp-json\/wp\/v2\/types\/product"}],"replies":[{"embeddable":true,"href":"https:\/\/www.gdwanjiada.net\/fr\/wp-json\/wp\/v2\/comments?post=1485"}],"wp:featuredmedia":[{"embeddable":true,"href":"https:\/\/www.gdwanjiada.net\/fr\/wp-json\/wp\/v2\/media\/1486"}],"wp:attachment":[{"href":"https:\/\/www.gdwanjiada.net\/fr\/wp-json\/wp\/v2\/media?parent=1485"}],"wp:term":[{"taxonomy":"product_brand","embeddable":true,"href":"https:\/\/www.gdwanjiada.net\/fr\/wp-json\/wp\/v2\/product_brand?post=1485"},{"taxonomy":"product_cat","embeddable":true,"href":"https:\/\/www.gdwanjiada.net\/fr\/wp-json\/wp\/v2\/product_cat?post=1485"},{"taxonomy":"product_tag","embeddable":true,"href":"https:\/\/www.gdwanjiada.net\/fr\/wp-json\/wp\/v2\/product_tag?post=1485"}],"curies":[{"name":"wp","href":"https:\/\/api.w.org\/{rel}","templated":true}]}}