{"id":1476,"date":"2024-12-11T07:15:50","date_gmt":"2024-12-11T07:15:50","guid":{"rendered":"https:\/\/www.gdwanjiada.net\/?post_type=product&#038;p=1476"},"modified":"2024-12-11T07:15:52","modified_gmt":"2024-12-11T07:15:52","slug":"commercial-air-cooler","status":"publish","type":"product","link":"https:\/\/www.gdwanjiada.net\/fr\/produit\/commercial-air-cooler\/","title":{"rendered":"Refroidisseur d'air commercial ext\u00e9rieur en gros pour terrasse de piscine, patio"},"content":{"rendered":"<h3 class=\"wp-block-heading has-text-align-center\">Sp\u00e9cifications de Commercial Air Cooler Wholesale<\/h3><figure class=\"wp-block-table\"><table class=\"has-fixed-layout\"><tbody><tr><td rowspan=\"2\">Mod\u00e8le<\/td><td rowspan=\"2\">Puissance (W)&nbsp;<\/td><td colspan=\"3\">D\u00e9bit d'air (m\u00b3\/h)<\/td><td rowspan=\"2\">Capacit\u00e9 du r\u00e9servoir d'eau (L)<\/td><td colspan=\"3\">Taille du produit (mm)&nbsp;<\/td><td rowspan=\"2\">Consommation d'eau (L\/H)<\/td><td rowspan=\"2\">Taille du coussin de refroidissement (mm)<\/td><td rowspan=\"2\">Emballage<\/td><td rowspan=\"2\">Poids net \/ poids brut (kg)&nbsp;&nbsp;<\/td><td rowspan=\"2\">Taille de l'emballage (mm)&nbsp;<\/td><td colspan=\"2\">Chargement Qt\u00e9<\/td><\/tr><tr><td>H<\/td><td>M<\/td><td>L<\/td><td>L<\/td><td>W<\/td><td>H<\/td><td>20'GP<\/td><td>40'HQ<\/td><\/tr><tr><td>WJD4500F-2Z<\/td><td>125<\/td><td>4500<\/td><td>3200<\/td><td>1800<\/td><td>42.0<\/td><td>500<\/td><td>410<\/td><td>960<\/td><td>5.0<\/td><td>385*90*530<\/td><td>1 pi\u00e8ce<\/td><td>12.6\/14.6<\/td><td>550*460*1020<\/td><td>122<\/td><td>278<\/td><\/tr><\/tbody><\/table><\/figure><div class=\"wp-block-columns is-layout-flex wp-container-core-columns-is-layout-9d6595d7 wp-block-columns-is-layout-flex\"><div class=\"wp-block-column is-layout-flow wp-block-column-is-layout-flow\" style=\"flex-basis:50%\"><h3 class=\"wp-block-heading has-text-align-left\">Avantages de la vente en gros de refroidisseurs d'air commerciaux<\/h3>\n\n<ul class=\"wp-block-list\"><li><strong>Flexible et stable : <\/strong>Nos refroidisseurs d'air commerciaux en gros sont \u00e9quip\u00e9s d'une fonction de blocage des roues avant, le climatiseur peut \u00eatre facilement d\u00e9plac\u00e9 dans la position requise et peut \u00eatre fermement fix\u00e9 pour assurer la s\u00e9curit\u00e9 et la commodit\u00e9 pendant l'utilisation, particuli\u00e8rement adapt\u00e9 \u00e0 l'utilisation dans de multiples sc\u00e9narios.<\/li>\n\n<li><strong>Protection de la s\u00e9curit\u00e9 : <\/strong>Ce refroidisseur d'air par \u00e9vaporation en gros est dot\u00e9 d'une fonction de verrouillage pour les enfants, qui peut emp\u00eacher les enfants de le toucher accidentellement ou de le faire fonctionner incorrectement, ce qui am\u00e9liore la s\u00e9curit\u00e9. Il est particuli\u00e8rement adapt\u00e9 \u00e0 la maison ou aux lieux publics, garantissant que l'appareil peut fonctionner en toute s\u00e9curit\u00e9 dans un environnement o\u00f9 les enfants sont expos\u00e9s.<\/li>\n\n<li><strong>Conception avec retournement par le haut : <\/strong>Les utilisateurs peuvent facilement ajouter de l'eau, de la glace ou placer des cristaux de glace pour am\u00e9liorer l'effet de refroidissement et fournir une exp\u00e9rience plus fra\u00eeche, particuli\u00e8rement adapt\u00e9e \u00e0 une utilisation \u00e0 des temp\u00e9ratures \u00e9lev\u00e9es en \u00e9t\u00e9.<\/li>\n\n<li><strong>Commande \u00e0 distance, intelligente et pratique : <\/strong>La t\u00e9l\u00e9commande permet aux utilisateurs de contr\u00f4ler les diff\u00e9rentes fonctions du refroidisseur d'air \u00e9vaporatif en gros \u00e0 distance, ce qui rend l'utilisation plus pratique et \u00e9vite les r\u00e9glages manuels fr\u00e9quents de l'\u00e9quipement.<\/li><\/ul><\/div>\n\n<div class=\"wp-block-column is-layout-flow wp-block-column-is-layout-flow\"><figure class=\"wp-block-image size-full\"><img decoding=\"async\" width=\"1126\" height=\"1126\" src=\"https:\/\/www.gdwanjiada.net\/wp-content\/uploads\/2024\/12\/42L-best-bulk-outdoor-patio-evaporative-air-cooler-8.webp\" alt=\"Refroidisseur d&#039;air commercial ext\u00e9rieur en gros pour terrasse de piscine, patio-1\" class=\"wp-image-1484\" srcset=\"https:\/\/www.gdwanjiada.net\/wp-content\/uploads\/2024\/12\/42L-best-bulk-outdoor-patio-evaporative-air-cooler-8.webp 1126w, https:\/\/www.gdwanjiada.net\/wp-content\/uploads\/2024\/12\/42L-best-bulk-outdoor-patio-evaporative-air-cooler-8-300x300.webp 300w, https:\/\/www.gdwanjiada.net\/wp-content\/uploads\/2024\/12\/42L-best-bulk-outdoor-patio-evaporative-air-cooler-8-150x150.webp 150w, https:\/\/www.gdwanjiada.net\/wp-content\/uploads\/2024\/12\/42L-best-bulk-outdoor-patio-evaporative-air-cooler-8-768x768.webp 768w, https:\/\/www.gdwanjiada.net\/wp-content\/uploads\/2024\/12\/42L-best-bulk-outdoor-patio-evaporative-air-cooler-8-12x12.webp 12w, https:\/\/www.gdwanjiada.net\/wp-content\/uploads\/2024\/12\/42L-best-bulk-outdoor-patio-evaporative-air-cooler-8-600x600.webp 600w, https:\/\/www.gdwanjiada.net\/wp-content\/uploads\/2024\/12\/42L-best-bulk-outdoor-patio-evaporative-air-cooler-8-100x100.webp 100w\" sizes=\"(max-width: 1126px) 100vw, 1126px\" \/><\/figure><\/div><\/div><p><\/p>","protected":false},"excerpt":{"rendered":"<p>Nous vous invitons \u00e0 acheter des refroidisseurs d'air commerciaux aupr\u00e8s de notre usine. Notre refroidisseur d'air \u00e9vaporatif en gros a une roue avant avec une fonction de blocage de frein pour la flexibilit\u00e9 et la stabilit\u00e9, une fonction de blocage de l'enfant pour assurer la s\u00e9curit\u00e9 de l'enfant. La conception du couvercle rabattable facilite le remplissage d'eau et de glace, ce qui am\u00e9liore encore l'effet de refroidissement.<\/p>\n<h2>Caract\u00e9ristiques du produit\uff1a<\/h2>\n<ul>\n<li>Refroidissement, humidification et purification, une machine polyvalente.<\/li>\n<li>Il utilise une entr\u00e9e d'air sur trois c\u00f4t\u00e9s et des rideaux humides de refroidissement par \u00e9vaporation \u00e0 haute efficacit\u00e9, et l'effet de refroidissement est plus \u00e9vident.<\/li>\n<li>Panneau de contr\u00f4le multifonctionnel, affichage dynamique des LED et de la temp\u00e9rature, fonction intelligente de contr\u00f4le \u00e0 distance.<\/li>\n<li>Fonction de bar \u00e0 oxyg\u00e8ne \u00e0 ions n\u00e9gatifs, augmentation de l'oxyg\u00e8ne actif, purification de l'air.<\/li>\n<li>Roue \u00e0 flux axial de grand diam\u00e8tre, grand volume d'air et faible bruit.<\/li>\n<li>Trois types d'options de vent : imitation de vent naturel, vent de sommeil et vent standard.<\/li>\n<li>Fonction d'arr\u00eat automatique programm\u00e9 de 1 \u00e0 12 heures.<\/li>\n<li>Fonction d'enroulement manuel vers le haut et vers le bas, fonction d'enroulement automatique vers la gauche et vers la droite, trois options de vitesse d'enroulement.<\/li>\n<li>Pompe submersible avec fonctions de protection multiples, eau suffisante, s\u00fbre et garantie.<\/li>\n<li>La roue avant est dot\u00e9e d'une fonction de blocage du frein, ce qui est pratique pour le d\u00e9placement et la mise en place.<\/li>\n<li>Avec une fonction de verrouillage pour les enfants afin d'\u00e9viter qu'ils n'utilisent l'appareil de mani\u00e8re incorrecte.<\/li>\n<li>La partie sup\u00e9rieure du fuselage peut \u00eatre retourn\u00e9e pour ajouter de l'eau, de la glace et des cristaux de glace afin de rafra\u00eechir le fuselage.<\/li>\n<li>Moteur en cuivre pur.<\/li>\n<\/ul>","protected":false},"featured_media":1477,"comment_status":"closed","ping_status":"closed","template":"","meta":{"_acf_changed":false},"product_brand":[],"product_cat":[26],"product_tag":[28],"class_list":{"0":"post-1476","1":"product","2":"type-product","3":"status-publish","4":"has-post-thumbnail","6":"product_cat-wholesale-air-coolers","7":"product_tag-commercial-air-coolers-wholesale","9":"first","10":"instock","11":"shipping-taxable","12":"product-type-simple"},"acf":[],"_links":{"self":[{"href":"https:\/\/www.gdwanjiada.net\/fr\/wp-json\/wp\/v2\/product\/1476","targetHints":{"allow":["GET"]}}],"collection":[{"href":"https:\/\/www.gdwanjiada.net\/fr\/wp-json\/wp\/v2\/product"}],"about":[{"href":"https:\/\/www.gdwanjiada.net\/fr\/wp-json\/wp\/v2\/types\/product"}],"replies":[{"embeddable":true,"href":"https:\/\/www.gdwanjiada.net\/fr\/wp-json\/wp\/v2\/comments?post=1476"}],"wp:featuredmedia":[{"embeddable":true,"href":"https:\/\/www.gdwanjiada.net\/fr\/wp-json\/wp\/v2\/media\/1477"}],"wp:attachment":[{"href":"https:\/\/www.gdwanjiada.net\/fr\/wp-json\/wp\/v2\/media?parent=1476"}],"wp:term":[{"taxonomy":"product_brand","embeddable":true,"href":"https:\/\/www.gdwanjiada.net\/fr\/wp-json\/wp\/v2\/product_brand?post=1476"},{"taxonomy":"product_cat","embeddable":true,"href":"https:\/\/www.gdwanjiada.net\/fr\/wp-json\/wp\/v2\/product_cat?post=1476"},{"taxonomy":"product_tag","embeddable":true,"href":"https:\/\/www.gdwanjiada.net\/fr\/wp-json\/wp\/v2\/product_tag?post=1476"}],"curies":[{"name":"wp","href":"https:\/\/api.w.org\/{rel}","templated":true}]}}