{"id":1467,"date":"2024-12-11T07:07:10","date_gmt":"2024-12-11T07:07:10","guid":{"rendered":"https:\/\/www.gdwanjiada.net\/?post_type=product&#038;p=1467"},"modified":"2025-02-11T02:55:33","modified_gmt":"2025-02-11T02:55:33","slug":"evaporative-air-cooler-commercial","status":"publish","type":"product","link":"https:\/\/www.gdwanjiada.net\/fr\/produit\/evaporative-air-cooler-commercial\/","title":{"rendered":"Wholesale Evaporative Air Cooler Commercial For Whole House"},"content":{"rendered":"<h3 class=\"wp-block-heading has-text-align-center\">Sp\u00e9cifications du refroidisseur d'air \u00e9vaporatif commercial<\/h3><figure class=\"wp-block-table\"><table class=\"has-fixed-layout\"><tbody><tr><td rowspan=\"2\">Mod\u00e8le<\/td><td rowspan=\"2\">Puissance (W)&nbsp;<\/td><td colspan=\"3\">D\u00e9bit d'air (m\u00b3\/h)<\/td><td rowspan=\"2\">Capacit\u00e9 du r\u00e9servoir d'eau (L)<\/td><td colspan=\"3\">Taille du produit (mm)&nbsp;<\/td><td rowspan=\"2\">Consommation d'eau (L\/H)<\/td><td rowspan=\"2\">Taille du coussin de refroidissement (mm)<\/td><td rowspan=\"2\">Emballage<\/td><td rowspan=\"2\">Poids net \/ poids brut (kg)&nbsp;&nbsp;<\/td><td rowspan=\"2\">Taille de l'emballage (mm)&nbsp;<\/td><td colspan=\"2\">Chargement Qt\u00e9<\/td><\/tr><tr><td>H<\/td><td>M<\/td><td>L<\/td><td>L<\/td><td>W<\/td><td>H<\/td><td>20'GP<\/td><td>40'HQ<\/td><\/tr><tr><td>WJD4500F-1Z<\/td><td>125<\/td><td>4500<\/td><td>3200<\/td><td>1800<\/td><td>42.0<\/td><td>500<\/td><td>410<\/td><td>960<\/td><td>5.0<\/td><td>385*90*530<\/td><td>1 pi\u00e8ce<\/td><td>12.6\/14.6<\/td><td>550*460*1020<\/td><td>122<\/td><td>278<\/td><\/tr><\/tbody><\/table><\/figure><div class=\"wp-block-columns is-layout-flex wp-container-core-columns-is-layout-9d6595d7 wp-block-columns-is-layout-flex\"><div class=\"wp-block-column is-layout-flow wp-block-column-is-layout-flow\" style=\"flex-basis:50%\"><h3 class=\"wp-block-heading has-text-align-left\">Avantages du refroidisseur d'air par \u00e9vaporation commercial<\/h3>\n\n<ul class=\"wp-block-list\"><li><strong>Roue \u00e0 flux axial de grand diam\u00e8tre : <\/strong>Ce meilleur refroidisseur d'air \u00e9vaporatif commercial pour chambre \u00e0 coucher est \u00e9quip\u00e9 d'une roue \u00e0 flux axial de grand diam\u00e8tre, qui peut fournir un volume d'air important pour garder votre maison fra\u00eeche, couvrir rapidement une grande surface, et maintenir un fonctionnement silencieux, assurant le confort et la tranquillit\u00e9 dans les environnements int\u00e9rieurs et ext\u00e9rieurs.<\/li>\n\n<li><strong>Trois types de vent au choix :<\/strong> Notre refroidisseur \u00e9vaporatif commercial le mieux class\u00e9 peut choisir l'imitation du vent naturel, le vent de sommeil et le vent standard selon diff\u00e9rentes sc\u00e8nes, et profiter d'une exp\u00e9rience de confort plus personnalis\u00e9e, adapt\u00e9e \u00e0 l'utilisation quotidienne et \u00e0 la commutation de sc\u00e8nes multiples.<\/li>\n\n<li><strong>\u00c9conomie d'\u00e9nergie et tranquillit\u00e9 d'esprit : <\/strong>Ce refroidisseur d'air \u00e9vaporatif commercial \u00e0 haut rendement \u00e9nerg\u00e9tique est dot\u00e9 d'une fonction d'arr\u00eat automatique programm\u00e9 de 1 \u00e0 12 heures. Les utilisateurs peuvent facilement r\u00e9gler la dur\u00e9e de fonctionnement afin d'\u00e9viter une consommation d'\u00e9nergie excessive due \u00e0 une utilisation prolong\u00e9e. Il est \u00e9conome en \u00e9nergie et respectueux de l'environnement, tout en \u00e9tant facile \u00e0 utiliser.<\/li>\n\n<li><strong>R\u00e9glage de la vitesse du vent \u00e0 trois vitesses :<\/strong> Notre refroidisseur \u00e9vaporatif commercial en gros pour climat humide prend en charge la mont\u00e9e et la descente manuelles, la rotation automatique du vent \u00e0 gauche et \u00e0 droite, peut ajuster de mani\u00e8re flexible la zone de couverture de la direction du vent, et est \u00e9quip\u00e9 d'un r\u00e9glage de la vitesse du vent \u00e0 trois vitesses pour r\u00e9pondre aux diff\u00e9rentes temp\u00e9ratures et exigences d'utilisation.<\/li><\/ul><\/div>\n\n<div class=\"wp-block-column is-layout-flow wp-block-column-is-layout-flow\"><figure class=\"wp-block-image size-full\"><img decoding=\"async\" width=\"800\" height=\"800\" src=\"https:\/\/www.gdwanjiada.net\/wp-content\/uploads\/2024\/12\/42L-Best-Portable-Swamp-Cooler-for-Whole-House-8.webp\" alt=\"Wholesale Evaporative Air Cooler Commercial For Whole House-1\" class=\"wp-image-1475\" srcset=\"https:\/\/www.gdwanjiada.net\/wp-content\/uploads\/2024\/12\/42L-Best-Portable-Swamp-Cooler-for-Whole-House-8.webp 800w, https:\/\/www.gdwanjiada.net\/wp-content\/uploads\/2024\/12\/42L-Best-Portable-Swamp-Cooler-for-Whole-House-8-300x300.webp 300w, https:\/\/www.gdwanjiada.net\/wp-content\/uploads\/2024\/12\/42L-Best-Portable-Swamp-Cooler-for-Whole-House-8-150x150.webp 150w, https:\/\/www.gdwanjiada.net\/wp-content\/uploads\/2024\/12\/42L-Best-Portable-Swamp-Cooler-for-Whole-House-8-768x768.webp 768w, https:\/\/www.gdwanjiada.net\/wp-content\/uploads\/2024\/12\/42L-Best-Portable-Swamp-Cooler-for-Whole-House-8-12x12.webp 12w, https:\/\/www.gdwanjiada.net\/wp-content\/uploads\/2024\/12\/42L-Best-Portable-Swamp-Cooler-for-Whole-House-8-600x600.webp 600w, https:\/\/www.gdwanjiada.net\/wp-content\/uploads\/2024\/12\/42L-Best-Portable-Swamp-Cooler-for-Whole-House-8-100x100.webp 100w\" sizes=\"(max-width: 800px) 100vw, 800px\" \/><\/figure><\/div><\/div><p><\/p>","protected":false},"excerpt":{"rendered":"<p>Bienvenue sur le site d'achat en gros de refroidisseurs d'air \u00e9vaporatifs. Ce refroidisseur d'air \u00e9vaporatif commercial est \u00e9quip\u00e9 d'une roue \u00e0 flux axial de grand diam\u00e8tre et d'une fonction d'arr\u00eat temporis\u00e9. Il fournit un volume d'air important et un faible niveau sonore. Le mat\u00e9riau de son corps est durable et convient \u00e0 une utilisation int\u00e9rieure et ext\u00e9rieure.<\/p>\n<h2>Caract\u00e9ristiques du produit\uff1a<\/h2>\n<ul>\n<li>Il combine des capacit\u00e9s de refroidissement, d'humidification et de purification, ce qui en fait un appareil polyvalent.<\/li>\n<li>Il utilise une entr\u00e9e d'air sur trois c\u00f4t\u00e9s et des rideaux humides de refroidissement par \u00e9vaporation \u00e0 haut rendement, et l'effet de refroidissement est plus \u00e9vident.<\/li>\n<li>Panneau de contr\u00f4le multifonctionnel, affichage dynamique des LED et de la temp\u00e9rature, fonction intelligente de contr\u00f4le \u00e0 distance.<\/li>\n<li>Fonction de purification de l'air par ions n\u00e9gatifs, augmentation de l'oxyg\u00e8ne actif, purification de l'air.<\/li>\n<li>Roue \u00e0 flux axial de grand diam\u00e8tre, grand volume d'air et faible bruit.<\/li>\n<li>Trois types d'options de vent : imitation de vent naturel, vent de sommeil et vent standard.<\/li>\n<li>Fonction d'arr\u00eat automatique programm\u00e9 de 1 \u00e0 12 heures.<\/li>\n<li>Fonction d'enroulement manuel vers le haut et vers le bas, fonction d'enroulement automatique vers la gauche et vers la droite, trois options de vitesse d'enroulement.<\/li>\n<li>Pompe submersible avec fonctions de protection multiples, eau suffisante, s\u00fbre et garantie.<\/li>\n<li>La roue avant est dot\u00e9e d'une fonction de blocage du frein, ce qui est pratique pour le d\u00e9placement et la mise en place.<\/li>\n<li>Avec une fonction de verrouillage pour les enfants afin d'\u00e9viter qu'ils n'utilisent l'appareil de mani\u00e8re incorrecte.<\/li>\n<li>La partie sup\u00e9rieure du fuselage peut \u00eatre retourn\u00e9e pour ajouter de l'eau, de la glace et des cristaux de glace afin de rafra\u00eechir le fuselage.<\/li>\n<li>Aliment\u00e9 par un moteur en cuivre pur.<\/li>\n<\/ul>","protected":false},"featured_media":1468,"comment_status":"closed","ping_status":"closed","template":"","meta":{"_acf_changed":false},"product_brand":[],"product_cat":[26],"product_tag":[27],"class_list":{"0":"post-1467","1":"product","2":"type-product","3":"status-publish","4":"has-post-thumbnail","6":"product_cat-wholesale-air-coolers","7":"product_tag-wholesale-home-air-coolers","9":"first","10":"instock","11":"shipping-taxable","12":"product-type-simple"},"acf":[],"_links":{"self":[{"href":"https:\/\/www.gdwanjiada.net\/fr\/wp-json\/wp\/v2\/product\/1467","targetHints":{"allow":["GET"]}}],"collection":[{"href":"https:\/\/www.gdwanjiada.net\/fr\/wp-json\/wp\/v2\/product"}],"about":[{"href":"https:\/\/www.gdwanjiada.net\/fr\/wp-json\/wp\/v2\/types\/product"}],"replies":[{"embeddable":true,"href":"https:\/\/www.gdwanjiada.net\/fr\/wp-json\/wp\/v2\/comments?post=1467"}],"wp:featuredmedia":[{"embeddable":true,"href":"https:\/\/www.gdwanjiada.net\/fr\/wp-json\/wp\/v2\/media\/1468"}],"wp:attachment":[{"href":"https:\/\/www.gdwanjiada.net\/fr\/wp-json\/wp\/v2\/media?parent=1467"}],"wp:term":[{"taxonomy":"product_brand","embeddable":true,"href":"https:\/\/www.gdwanjiada.net\/fr\/wp-json\/wp\/v2\/product_brand?post=1467"},{"taxonomy":"product_cat","embeddable":true,"href":"https:\/\/www.gdwanjiada.net\/fr\/wp-json\/wp\/v2\/product_cat?post=1467"},{"taxonomy":"product_tag","embeddable":true,"href":"https:\/\/www.gdwanjiada.net\/fr\/wp-json\/wp\/v2\/product_tag?post=1467"}],"curies":[{"name":"wp","href":"https:\/\/api.w.org\/{rel}","templated":true}]}}