{"id":1391,"date":"2024-12-03T06:56:05","date_gmt":"2024-12-03T06:56:05","guid":{"rendered":"https:\/\/www.gdwanjiada.net\/?post_type=product&#038;p=1391"},"modified":"2025-01-16T02:25:43","modified_gmt":"2025-01-16T02:25:43","slug":"wholesale-tower-fans","status":"publish","type":"product","link":"https:\/\/www.gdwanjiada.net\/fr\/produit\/wholesale-tower-fans\/","title":{"rendered":"Ventilateurs de tour de qualit\u00e9 en gros, ventilateurs sans pale fournis par l'usine"},"content":{"rendered":"<h3 class=\"wp-block-heading has-text-align-center\">Sp\u00e9cifications des ventilateurs de tour en gros<\/h3><figure class=\"wp-block-table\"><table class=\"has-fixed-layout\"><tbody><tr><td rowspan=\"2\">Mod\u00e8le<\/td><td rowspan=\"2\">Puissance\uff08W\uff09<\/td><td rowspan=\"2\">Tension\uff08V\uff09<\/td><td rowspan=\"2\">Mode vitesse<\/td><td rowspan=\"2\">G.W.\uff08g\uff09<\/td><td rowspan=\"2\">Taille du produit\uff08mm\uff09<\/td><td rowspan=\"2\">Taille de l'emballage\uff08mm\uff09<\/td><td rowspan=\"2\">Taille du carton\uff08mm\uff09<\/td><td rowspan=\"2\">Emballage Q'ty\uff08pc\uff09<\/td><td rowspan=\"2\">Carton G.W.\uff08kg\uff09<\/td><td rowspan=\"2\">Alimentation \u00e9lectrique<\/td><td rowspan=\"2\">Capacit\u00e9 de la batterie<\/td><td colspan=\"2\">Chargement Q'ty<\/td><\/tr><tr><td>20GP<\/td><td>40HQ<\/td><\/tr><tr><td>X28<\/td><td>5<\/td><td>5<\/td><td>6<\/td><td>882<\/td><td>138*138*370<\/td><td>168*168*363<\/td><td>530*530*745<\/td><td>18<\/td><td>18<\/td><td>Type-C\/Batterie<\/td><td>1800mh<\/td><td>2960<\/td><td>6860<\/td><\/tr><\/tbody><\/table><\/figure><div class=\"wp-block-columns is-layout-flex wp-container-core-columns-is-layout-9d6595d7 wp-block-columns-is-layout-flex\"><div class=\"wp-block-column is-layout-flow wp-block-column-is-layout-flow\" style=\"flex-basis:50%\"><h3 class=\"wp-block-heading has-text-align-left\">Avantages des ventilateurs de tour en gros<\/h3>\n\n<ul class=\"wp-block-list\"><li><strong>Conception sans lame : <\/strong>Nos ventilateurs de tour en gros adoptent la conception avanc\u00e9e sans pales qui se d\u00e9barrasse des pales rotatives des ventilateurs traditionnels, ce qui rend le ventilateur beaucoup plus s\u00fbr, en particulier pour les maisons avec des enfants et des animaux de compagnie. En outre, l'absence de pales facilite le nettoyage sans que la poussi\u00e8re ne s'accumule sur les pales du ventilateur, comme c'est le cas avec les anciens ventilateurs \u00e9lectriques, afin que la circulation de l'air reste fra\u00eeche et saine.<\/li>\n\n<li><strong>Refroidissement rapide : <\/strong>Bien que sans pales, nos ventilateurs sans pales en gros peuvent toujours fournir une force de vent puissante et constante pour refroidir l'environnement rapidement. Il peut \u00eatre utilis\u00e9 dans les bureaux, les salles de s\u00e9jour, les chambres \u00e0 coucher, etc. et peut apporter une fra\u00eecheur rapide, en particulier en \u00e9t\u00e9 chaud ou dans un espace ferm\u00e9, pour cr\u00e9er une exp\u00e9rience de circulation d'air confortable.<\/li>\n\n<li><strong>Gain de place : <\/strong>Ces ventilateurs de tour en gros adoptent un design moderne et simple. La forme \u00e9troite de la tour permet une int\u00e9gration facile dans la maison, le bureau ou l'espace commercial. Non seulement il est \u00e9l\u00e9gant, mais il permet \u00e9galement d'\u00e9conomiser de l'espace, ce qui est id\u00e9al pour les petits espaces et aide \u00e0 garder l'environnement propre.<\/li>\n\n<li><strong>R\u00e9duire la consommation d'\u00e9nergie : <\/strong>Ces ventilateurs sans pales sont dot\u00e9s de moteurs \u00e0 haut rendement et de syst\u00e8mes de contr\u00f4le intelligents pour minimiser la consommation d'\u00e9nergie tout en produisant des vents forts pour vous aider \u00e0 \u00e9conomiser sur vos factures d'\u00e9lectricit\u00e9. Il dispose d'un mode d'\u00e9conomie d'\u00e9nergie qui peut optimiser le fonctionnement du ventilateur et minimiser le gaspillage d'\u00e9nergie inutile, ce qui correspond exactement \u00e0 la tendance moderne de protection de l'environnement et devient le premier choix pour les consommateurs \u00e9conomes en \u00e9nergie.<\/li><\/ul><\/div>\n\n<div class=\"wp-block-column is-layout-flow wp-block-column-is-layout-flow\"><figure class=\"wp-block-image size-full\"><img decoding=\"async\" width=\"800\" height=\"800\" src=\"https:\/\/www.gdwanjiada.net\/wp-content\/uploads\/2024\/12\/Quality-Wholesale-Tower-Fans-Factory-Supply-Bladeless-Fans-2.webp\" alt=\"Ventilateurs de tour de qualit\u00e9 en gros, ventilateurs sans pale fournis par l&#039;usine-2\" class=\"wp-image-1393\" srcset=\"https:\/\/www.gdwanjiada.net\/wp-content\/uploads\/2024\/12\/Quality-Wholesale-Tower-Fans-Factory-Supply-Bladeless-Fans-2.webp 800w, https:\/\/www.gdwanjiada.net\/wp-content\/uploads\/2024\/12\/Quality-Wholesale-Tower-Fans-Factory-Supply-Bladeless-Fans-2-300x300.webp 300w, https:\/\/www.gdwanjiada.net\/wp-content\/uploads\/2024\/12\/Quality-Wholesale-Tower-Fans-Factory-Supply-Bladeless-Fans-2-150x150.webp 150w, https:\/\/www.gdwanjiada.net\/wp-content\/uploads\/2024\/12\/Quality-Wholesale-Tower-Fans-Factory-Supply-Bladeless-Fans-2-768x768.webp 768w, https:\/\/www.gdwanjiada.net\/wp-content\/uploads\/2024\/12\/Quality-Wholesale-Tower-Fans-Factory-Supply-Bladeless-Fans-2-12x12.webp 12w, https:\/\/www.gdwanjiada.net\/wp-content\/uploads\/2024\/12\/Quality-Wholesale-Tower-Fans-Factory-Supply-Bladeless-Fans-2-600x600.webp 600w, https:\/\/www.gdwanjiada.net\/wp-content\/uploads\/2024\/12\/Quality-Wholesale-Tower-Fans-Factory-Supply-Bladeless-Fans-2-100x100.webp 100w\" sizes=\"(max-width: 800px) 100vw, 800px\" \/><\/figure><\/div><\/div>","protected":false},"excerpt":{"rendered":"<p>Bienvenue sur le site d'achat en gros de ventilateurs sans pale. Nos ventilateurs de tour sans pale combinent l'efficacit\u00e9 de l'\u00e9nergie \u00e9olienne avec un design moderne et simple pour fournir un refroidissement puissant pour la maison, le bureau et les environnements commerciaux. La conception sans pale garantit la s\u00e9curit\u00e9 et un nettoyage facile, et le mode d'\u00e9conomie d'\u00e9nergie aide \u00e0 r\u00e9duire la consommation d'\u00e9nergie. Il convient aux achats en gros et pr\u00e9sente un tr\u00e8s bon rapport co\u00fbt-efficacit\u00e9. C'est un ventilateur id\u00e9al.<\/p>\n<h2>Caract\u00e9ristiques du produit\uff1a<\/h2>\n<ul>\n<li>Fonctionnement marche\/arr\u00eat par simple pression d'une touche.<\/li>\n<li>Sans feuille pour alimenter le vent.<\/li>\n<li>Vitesse du vent r\u00e9glable 5+1.<\/li>\n<li>\u00c9cran d'affichage de la puissance par LED.<\/li>\n<li>2,5 m d'alimentation en air, circulation de l'air.<\/li>\n<li>Mat\u00e9riau ABS.<\/li>\n<li>Grande capacit\u00e9 de la batterie au lithium.<\/li>\n<\/ul>","protected":false},"featured_media":1392,"comment_status":"closed","ping_status":"closed","template":"","meta":{"_acf_changed":false},"product_brand":[],"product_cat":[23,24],"product_tag":[38],"class_list":{"0":"post-1391","1":"product","2":"type-product","3":"status-publish","4":"has-post-thumbnail","6":"product_cat-wholesale-portable-fans","7":"product_cat-air-circulation-fan-wholesale","8":"product_tag-wholesale-bladeless-fans","10":"first","11":"instock","12":"shipping-taxable","13":"product-type-simple"},"acf":[],"_links":{"self":[{"href":"https:\/\/www.gdwanjiada.net\/fr\/wp-json\/wp\/v2\/product\/1391","targetHints":{"allow":["GET"]}}],"collection":[{"href":"https:\/\/www.gdwanjiada.net\/fr\/wp-json\/wp\/v2\/product"}],"about":[{"href":"https:\/\/www.gdwanjiada.net\/fr\/wp-json\/wp\/v2\/types\/product"}],"replies":[{"embeddable":true,"href":"https:\/\/www.gdwanjiada.net\/fr\/wp-json\/wp\/v2\/comments?post=1391"}],"wp:featuredmedia":[{"embeddable":true,"href":"https:\/\/www.gdwanjiada.net\/fr\/wp-json\/wp\/v2\/media\/1392"}],"wp:attachment":[{"href":"https:\/\/www.gdwanjiada.net\/fr\/wp-json\/wp\/v2\/media?parent=1391"}],"wp:term":[{"taxonomy":"product_brand","embeddable":true,"href":"https:\/\/www.gdwanjiada.net\/fr\/wp-json\/wp\/v2\/product_brand?post=1391"},{"taxonomy":"product_cat","embeddable":true,"href":"https:\/\/www.gdwanjiada.net\/fr\/wp-json\/wp\/v2\/product_cat?post=1391"},{"taxonomy":"product_tag","embeddable":true,"href":"https:\/\/www.gdwanjiada.net\/fr\/wp-json\/wp\/v2\/product_tag?post=1391"}],"curies":[{"name":"wp","href":"https:\/\/api.w.org\/{rel}","templated":true}]}}