{"id":1388,"date":"2024-12-03T06:41:36","date_gmt":"2024-12-03T06:41:36","guid":{"rendered":"https:\/\/www.gdwanjiada.net\/?post_type=product&#038;p=1388"},"modified":"2025-01-16T02:25:50","modified_gmt":"2025-01-16T02:25:50","slug":"tower-fan-wholesale","status":"publish","type":"product","link":"https:\/\/www.gdwanjiada.net\/fr\/produit\/tower-fan-wholesale\/","title":{"rendered":"Ventilateur de tour sans pale Wholesale, Ventilateur portable commercial Bulk"},"content":{"rendered":"<h3 class=\"wp-block-heading has-text-align-center\">Sp\u00e9cifications du ventilateur de tour Wholesale<\/h3><figure class=\"wp-block-table\"><table class=\"has-fixed-layout\"><tbody><tr><td rowspan=\"2\">Mod\u00e8le<\/td><td rowspan=\"2\">Puissance\uff08W\uff09<\/td><td rowspan=\"2\">Tension\uff08V\uff09<\/td><td rowspan=\"2\">Mode vitesse<\/td><td rowspan=\"2\">G.W.\uff08g\uff09<\/td><td rowspan=\"2\">Taille du produit\uff08mm\uff09<\/td><td rowspan=\"2\">Taille de l'emballage\uff08mm\uff09<\/td><td rowspan=\"2\">Taille du carton\uff08mm\uff09<\/td><td rowspan=\"2\">Emballage Q'ty\uff08pc\uff09<\/td><td rowspan=\"2\">Carton G.W.\uff08kg\uff09<\/td><td rowspan=\"2\">Alimentation \u00e9lectrique<\/td><td rowspan=\"2\">Capacit\u00e9 de la batterie<\/td><td colspan=\"2\">Chargement Q'ty<\/td><\/tr><tr><td>20GP<\/td><td>40HQ<\/td><\/tr><tr><td>X28<\/td><td>5<\/td><td>5<\/td><td>6<\/td><td>882<\/td><td>138*138*370<\/td><td>168*168*363<\/td><td>530*530*745<\/td><td>18<\/td><td>18<\/td><td>Type-C\/Batterie<\/td><td>1800mh<\/td><td>2960<\/td><td>6860<\/td><\/tr><\/tbody><\/table><\/figure><div class=\"wp-block-columns is-layout-flex wp-container-core-columns-is-layout-9d6595d7 wp-block-columns-is-layout-flex\"><div class=\"wp-block-column is-layout-flow wp-block-column-is-layout-flow\" style=\"flex-basis:50%\"><h3 class=\"wp-block-heading has-text-align-left\">Avantages de la vente en gros de ventilateurs \u00e0 tour<\/h3>\n\n<ul class=\"wp-block-list\"><li><strong>Conception sans lame, s\u00fbre et efficace :<\/strong> Notre ventilateur de tour sans pales utilise une conception sans pales tr\u00e8s avanc\u00e9e qui \u00e9limine les pales rotatives des ventilateurs traditionnels pour des raisons de s\u00e9curit\u00e9. Il est \u00e9galement particuli\u00e8rement adapt\u00e9 \u00e0 un environnement o\u00f9 des enfants ou des animaux domestiques sont pr\u00e9sents \u00e0 la maison. Il r\u00e9duit \u00e9galement l'accumulation de poussi\u00e8re et le bruit, offrant une exp\u00e9rience de circulation d'air plus fra\u00eeche et plus confortable.<\/li>\n\n<li><strong>Vent fort, refroidissement rapide :<\/strong> Bien que le ventilateur n'ait pas de pales, ces ventilateurs portables commerciaux en gros peuvent tout de m\u00eame fournir un vent fort pour r\u00e9duire rapidement et efficacement la temp\u00e9rature de l'environnement. Que ce soit pendant la chaleur de l'\u00e9t\u00e9 ou dans un espace de travail qui a besoin de circulation d'air, il peut vous apporter fra\u00eecheur et confort, rendant votre environnement de travail et de loisir plus agr\u00e9able.<\/li>\n\n<li><strong>Design moderne et esth\u00e9tique, peu encombrant : <\/strong>Ce ventilateur \u00e0 tour sans pale a une apparence simple et moderne, avec un design \u00e9l\u00e9gant sans prendre de place, convenant \u00e0 une vari\u00e9t\u00e9 d'environnements domestiques et de bureaux. Son design de tour mince peut \u00eatre facilement int\u00e9gr\u00e9 dans diff\u00e9rents styles de d\u00e9coration int\u00e9rieure, tout en \u00e9conomisant efficacement l'espace au sol, ce qui en fait un choix id\u00e9al pour les petits bureaux et l'utilisation \u00e0 la maison.<\/li>\n\n<li><strong>Haut rendement et mode d'\u00e9conomie d'\u00e9nergie, r\u00e9duisant la consommation d'\u00e9nergie : <\/strong>Nos ventilateurs portables commerciaux en gros sont dot\u00e9s d'un mode d'\u00e9conomie d'\u00e9nergie, qui minimise la consommation d'\u00e9nergie tout en fournissant un vent fort, ce qui vous permet d'\u00e9conomiser sur vos factures d'\u00e9lectricit\u00e9. La combinaison d'un moteur efficace et d'un syst\u00e8me de contr\u00f4le intelligent rend ce ventilateur de tour non seulement exceptionnel en termes de performances, mais aussi attentif \u00e0 l'utilisation rationnelle de l'\u00e9nergie, conform\u00e9ment aux concepts modernes de protection de l'environnement.<\/li><\/ul><\/div>\n\n<div class=\"wp-block-column is-layout-flow wp-block-column-is-layout-flow\"><figure class=\"wp-block-image size-full\"><img decoding=\"async\" width=\"800\" height=\"800\" src=\"https:\/\/www.gdwanjiada.net\/wp-content\/uploads\/2024\/12\/Bladeless-Tower-Fan-Wholesale-Commercial-Portable-Fans-Bulk-1.webp\" alt=\"Ventilateur de tour sans pale Wholesale, Ventilateurs portables commerciaux Bulk-1\" class=\"wp-image-1389\" srcset=\"https:\/\/www.gdwanjiada.net\/wp-content\/uploads\/2024\/12\/Bladeless-Tower-Fan-Wholesale-Commercial-Portable-Fans-Bulk-1.webp 800w, https:\/\/www.gdwanjiada.net\/wp-content\/uploads\/2024\/12\/Bladeless-Tower-Fan-Wholesale-Commercial-Portable-Fans-Bulk-1-300x300.webp 300w, https:\/\/www.gdwanjiada.net\/wp-content\/uploads\/2024\/12\/Bladeless-Tower-Fan-Wholesale-Commercial-Portable-Fans-Bulk-1-150x150.webp 150w, https:\/\/www.gdwanjiada.net\/wp-content\/uploads\/2024\/12\/Bladeless-Tower-Fan-Wholesale-Commercial-Portable-Fans-Bulk-1-768x768.webp 768w, https:\/\/www.gdwanjiada.net\/wp-content\/uploads\/2024\/12\/Bladeless-Tower-Fan-Wholesale-Commercial-Portable-Fans-Bulk-1-12x12.webp 12w, https:\/\/www.gdwanjiada.net\/wp-content\/uploads\/2024\/12\/Bladeless-Tower-Fan-Wholesale-Commercial-Portable-Fans-Bulk-1-600x600.webp 600w, https:\/\/www.gdwanjiada.net\/wp-content\/uploads\/2024\/12\/Bladeless-Tower-Fan-Wholesale-Commercial-Portable-Fans-Bulk-1-100x100.webp 100w\" sizes=\"(max-width: 800px) 100vw, 800px\" \/><\/figure><\/div><\/div>","protected":false},"excerpt":{"rendered":"<p>Nous vous invitons \u00e0 acheter des ventilateurs portables commerciaux en gros. Notre ventilateur de tour sans pale en gros a une forte puissance \u00e9olienne, fournit un refroidissement efficace et une circulation d'air frais, convenant \u00e0 la maison et au bureau. Son design esth\u00e9tique moderne permet d'\u00e9conomiser de l'espace, et le mode d'\u00e9conomie d'\u00e9nergie peut r\u00e9duire efficacement la consommation d'\u00e9nergie. Les ventilateurs de tour sans pale ne sont pas seulement s\u00fbrs, mais ont \u00e9galement un rapport co\u00fbt-efficacit\u00e9 \u00e9lev\u00e9 dans les achats commerciaux en gros, convenant aux achats en vrac.<\/p>\n<h2>Caract\u00e9ristiques du produit\uff1a<\/h2>\n<ul>\n<li>Fonctionnement marche\/arr\u00eat par simple pression d'une touche.<\/li>\n<li>Sans feuille pour alimenter le vent.<\/li>\n<li>Vitesse du vent r\u00e9glable 5+1.<\/li>\n<li>\u00c9cran d'affichage de la puissance par LED.<\/li>\n<li>2,5 m d'alimentation en air, circulation de l'air.<\/li>\n<li>Mat\u00e9riau ABS.<\/li>\n<li>Grande capacit\u00e9 de la batterie au lithium.<\/li>\n<\/ul>","protected":false},"featured_media":1390,"comment_status":"closed","ping_status":"closed","template":"","meta":{"_acf_changed":false},"product_brand":[],"product_cat":[23,24],"product_tag":[38],"class_list":{"0":"post-1388","1":"product","2":"type-product","3":"status-publish","4":"has-post-thumbnail","6":"product_cat-wholesale-portable-fans","7":"product_cat-air-circulation-fan-wholesale","8":"product_tag-wholesale-bladeless-fans","10":"first","11":"instock","12":"shipping-taxable","13":"product-type-simple"},"acf":[],"_links":{"self":[{"href":"https:\/\/www.gdwanjiada.net\/fr\/wp-json\/wp\/v2\/product\/1388","targetHints":{"allow":["GET"]}}],"collection":[{"href":"https:\/\/www.gdwanjiada.net\/fr\/wp-json\/wp\/v2\/product"}],"about":[{"href":"https:\/\/www.gdwanjiada.net\/fr\/wp-json\/wp\/v2\/types\/product"}],"replies":[{"embeddable":true,"href":"https:\/\/www.gdwanjiada.net\/fr\/wp-json\/wp\/v2\/comments?post=1388"}],"wp:featuredmedia":[{"embeddable":true,"href":"https:\/\/www.gdwanjiada.net\/fr\/wp-json\/wp\/v2\/media\/1390"}],"wp:attachment":[{"href":"https:\/\/www.gdwanjiada.net\/fr\/wp-json\/wp\/v2\/media?parent=1388"}],"wp:term":[{"taxonomy":"product_brand","embeddable":true,"href":"https:\/\/www.gdwanjiada.net\/fr\/wp-json\/wp\/v2\/product_brand?post=1388"},{"taxonomy":"product_cat","embeddable":true,"href":"https:\/\/www.gdwanjiada.net\/fr\/wp-json\/wp\/v2\/product_cat?post=1388"},{"taxonomy":"product_tag","embeddable":true,"href":"https:\/\/www.gdwanjiada.net\/fr\/wp-json\/wp\/v2\/product_tag?post=1388"}],"curies":[{"name":"wp","href":"https:\/\/api.w.org\/{rel}","templated":true}]}}