{"id":1374,"date":"2024-12-03T06:18:00","date_gmt":"2024-12-03T06:18:00","guid":{"rendered":"https:\/\/www.gdwanjiada.net\/?post_type=product&#038;p=1374"},"modified":"2024-12-03T06:29:27","modified_gmt":"2024-12-03T06:29:27","slug":"wholesale-mini-fans","status":"publish","type":"product","link":"https:\/\/www.gdwanjiada.net\/fr\/produit\/wholesale-mini-fans\/","title":{"rendered":"Mini ventilateurs en gros de qualit\u00e9 sup\u00e9rieure, ventilateurs \u00e0 main roses en vrac"},"content":{"rendered":"<h3 class=\"wp-block-heading has-text-align-center\">Sp\u00e9cifications des mini ventilateurs en gros<\/h3><figure class=\"wp-block-table\"><table class=\"has-fixed-layout\"><tbody><tr><td rowspan=\"2\">Mod\u00e8le<\/td><td rowspan=\"2\">Puissance\uff08W\uff09<\/td><td rowspan=\"2\">Tension\uff08V\uff09<\/td><td rowspan=\"2\">Mode vitesse<\/td><td rowspan=\"2\">G.W.\uff08g\uff09<\/td><td rowspan=\"2\">Taille du produit\uff08mm\uff09<\/td><td rowspan=\"2\">Taille de l'emballage\uff08mm\uff09<\/td><td rowspan=\"2\">Taille du carton\uff08mm\uff09<\/td><td rowspan=\"2\">Emballage Q'ty\uff08pc\uff09<\/td><td rowspan=\"2\">Carton G.W.\uff08kg\uff09<\/td><td rowspan=\"2\">Alimentation \u00e9lectrique<\/td><td rowspan=\"2\">Capacit\u00e9 de la batterie<\/td><td colspan=\"2\">Chargement Q'ty<\/td><\/tr><tr><td>20GP<\/td><td>40HQ<\/td><\/tr><tr><td>F02<\/td><td>9<\/td><td>5<\/td><td>5<\/td><td>268<\/td><td>114*56*45<\/td><td>107*52*152<\/td><td>445*340*335<\/td><td>45<\/td><td>14.4<\/td><td>Type-C\/Batterie<\/td><td>2400mh<\/td><td>26880<\/td><td>65280<\/td><\/tr><\/tbody><\/table><\/figure><div class=\"wp-block-columns is-layout-flex wp-container-core-columns-is-layout-9d6595d7 wp-block-columns-is-layout-flex\"><div class=\"wp-block-column is-layout-flow wp-block-column-is-layout-flow\" style=\"flex-basis:50%\"><h3 class=\"wp-block-heading has-text-align-left\">Avantages des mini-ventilateurs en gros<\/h3>\n\n<ul class=\"wp-block-list\"><li><strong>Design rose \u00e0 la mode : <\/strong>Ces mini-\u00e9ventails en gros sont \u00e9l\u00e9gants et pleins de vitalit\u00e9 avec un design rose exquis. Qu'il s'agisse de sorties quotidiennes, de shopping ou de voyages en plein air, l'aspect rose peut ajouter une touche de personnalit\u00e9 et de charme et devenir le point fort de votre tenue. De plus, le design exquis et la couleur se compl\u00e8tent, ce qui en fait un choix id\u00e9al pour les amateurs de tendances.<\/li>\n\n<li><strong>Une \u00e9nergie \u00e9olienne efficace :<\/strong> Bien que ces ventilateurs de poche soient de petite taille, leur forte puissance \u00e9olienne peut rapidement vous rafra\u00eechir et vous procurer une exp\u00e9rience de refroidissement confortable. Qu'il fasse extr\u00eamement chaud en \u00e9t\u00e9 ou que l'on se trouve dans un environnement o\u00f9 il n'y a pas de circulation d'air \u00e0 l'int\u00e9rieur, ce produit augmente rapidement la circulation de l'air pour que vous restiez toujours frais.<\/li>\n\n<li><strong>R\u00e9glage de la vitesse du vent \u00e0 cinq vitesses : <\/strong>Nos mini ventilateurs en gros peuvent r\u00e9gler ind\u00e9pendamment cinq vitesses et fournir une vitesse de vent variable en fonction de la demande. Le vent peut \u00eatre balay\u00e9 en douceur ou souffl\u00e9 avec force pour satisfaire les diff\u00e9rents sc\u00e9narios d'utilisation.<\/li>\n\n<li><strong>Convient pour les achats commerciaux et de d\u00e9tail : <\/strong>Nous fournissons des services d'approvisionnement en vrac pour les ventilateurs de poche en vrac pour les entreprises et les d\u00e9taillants, en particulier pour les besoins en vrac et les activit\u00e9s promotionnelles. Ce ventilateur de poche rose a un rapport qualit\u00e9-prix tr\u00e8s \u00e9lev\u00e9. Les ventes directes d'usine garantissent des prix de gros comp\u00e9titifs, ce qui est un choix id\u00e9al pour les commer\u00e7ants afin d'augmenter les ventes de produits.<\/li><\/ul><\/div>\n\n<div class=\"wp-block-column is-layout-flow wp-block-column-is-layout-flow\"><figure class=\"wp-block-image size-full\"><img decoding=\"async\" width=\"800\" height=\"800\" src=\"https:\/\/www.gdwanjiada.net\/wp-content\/uploads\/2024\/12\/Top-Quality-Wholesale-Mini-Fans-Pink-Handheld-Fans-Bulk-2.webp\" alt=\"Mini ventilateurs en gros de qualit\u00e9 sup\u00e9rieure, ventilateurs de poche roses en vrac-2\" class=\"wp-image-1376\" srcset=\"https:\/\/www.gdwanjiada.net\/wp-content\/uploads\/2024\/12\/Top-Quality-Wholesale-Mini-Fans-Pink-Handheld-Fans-Bulk-2.webp 800w, https:\/\/www.gdwanjiada.net\/wp-content\/uploads\/2024\/12\/Top-Quality-Wholesale-Mini-Fans-Pink-Handheld-Fans-Bulk-2-300x300.webp 300w, https:\/\/www.gdwanjiada.net\/wp-content\/uploads\/2024\/12\/Top-Quality-Wholesale-Mini-Fans-Pink-Handheld-Fans-Bulk-2-150x150.webp 150w, https:\/\/www.gdwanjiada.net\/wp-content\/uploads\/2024\/12\/Top-Quality-Wholesale-Mini-Fans-Pink-Handheld-Fans-Bulk-2-768x768.webp 768w, https:\/\/www.gdwanjiada.net\/wp-content\/uploads\/2024\/12\/Top-Quality-Wholesale-Mini-Fans-Pink-Handheld-Fans-Bulk-2-12x12.webp 12w, https:\/\/www.gdwanjiada.net\/wp-content\/uploads\/2024\/12\/Top-Quality-Wholesale-Mini-Fans-Pink-Handheld-Fans-Bulk-2-600x600.webp 600w, https:\/\/www.gdwanjiada.net\/wp-content\/uploads\/2024\/12\/Top-Quality-Wholesale-Mini-Fans-Pink-Handheld-Fans-Bulk-2-100x100.webp 100w\" sizes=\"(max-width: 800px) 100vw, 800px\" \/><\/figure><\/div><\/div>","protected":false},"excerpt":{"rendered":"<p>Bienvenue pour l'achat en gros de ventilateurs portatifs. Nos mini ventilateurs roses en gros combinent un design \u00e0 la mode et une puissance \u00e9olienne efficace. Les cinq r\u00e9glages de la vitesse du vent vous permettent de choisir librement la sensation de vent la plus confortable. Son design petit et l\u00e9ger est facile \u00e0 transporter et convient parfaitement aux activit\u00e9s de plein air et \u00e0 l'utilisation quotidienne. Gr\u00e2ce aux ventes directes en gros de l'usine, aux prix abordables, c'est un choix id\u00e9al pour les marchands et les d\u00e9taillants.<\/p>\n<h2>Caract\u00e9ristiques du produit\uff1a<\/h2>\n<ul>\n<li>Plusieurs m\u00e9thodes de port : peut \u00eatre accroch\u00e9 autour du cou ou de la taille, ou plac\u00e9 sur le bureau ou \u00e0 c\u00f4t\u00e9 de l'ordinateur.<\/li>\n<li>Utilisation multifonctionnelle pour r\u00e9pondre \u00e0 diff\u00e9rents besoins : peut \u00eatre utilis\u00e9 pour souffler les peintures \u00e0 l'huile, souffler les cils ou rafra\u00eechir en camping.<\/li>\n<li>Cinq vitesses de vent et r\u00e9glage de la lumi\u00e8re \u00e0 deux vitesses : souplesse d'adaptation \u00e0 diff\u00e9rents environnements pour une exp\u00e9rience confortable.<\/li>\n<li>Compact et l\u00e9ger : facile \u00e0 transporter, il vous permet de profiter du vent rafra\u00eechissant \u00e0 tout moment et en tout lieu.<\/li>\n<li>Affichage intelligent : affichage de la vitesse du vent, des r\u00e9glages de l'\u00e9clairage et de la puissance de la batterie, fonctionnement intuitif et utilisation pratique.<\/li>\n<\/ul>","protected":false},"featured_media":1375,"comment_status":"closed","ping_status":"closed","template":"","meta":{"_acf_changed":false},"product_brand":[],"product_cat":[23],"product_tag":[],"class_list":{"0":"post-1374","1":"product","2":"type-product","3":"status-publish","4":"has-post-thumbnail","6":"product_cat-wholesale-portable-fans","8":"first","9":"instock","10":"shipping-taxable","11":"product-type-simple"},"acf":[],"_links":{"self":[{"href":"https:\/\/www.gdwanjiada.net\/fr\/wp-json\/wp\/v2\/product\/1374","targetHints":{"allow":["GET"]}}],"collection":[{"href":"https:\/\/www.gdwanjiada.net\/fr\/wp-json\/wp\/v2\/product"}],"about":[{"href":"https:\/\/www.gdwanjiada.net\/fr\/wp-json\/wp\/v2\/types\/product"}],"replies":[{"embeddable":true,"href":"https:\/\/www.gdwanjiada.net\/fr\/wp-json\/wp\/v2\/comments?post=1374"}],"wp:featuredmedia":[{"embeddable":true,"href":"https:\/\/www.gdwanjiada.net\/fr\/wp-json\/wp\/v2\/media\/1375"}],"wp:attachment":[{"href":"https:\/\/www.gdwanjiada.net\/fr\/wp-json\/wp\/v2\/media?parent=1374"}],"wp:term":[{"taxonomy":"product_brand","embeddable":true,"href":"https:\/\/www.gdwanjiada.net\/fr\/wp-json\/wp\/v2\/product_brand?post=1374"},{"taxonomy":"product_cat","embeddable":true,"href":"https:\/\/www.gdwanjiada.net\/fr\/wp-json\/wp\/v2\/product_cat?post=1374"},{"taxonomy":"product_tag","embeddable":true,"href":"https:\/\/www.gdwanjiada.net\/fr\/wp-json\/wp\/v2\/product_tag?post=1374"}],"curies":[{"name":"wp","href":"https:\/\/api.w.org\/{rel}","templated":true}]}}