{"id":1367,"date":"2024-12-03T06:02:34","date_gmt":"2024-12-03T06:02:34","guid":{"rendered":"https:\/\/www.gdwanjiada.net\/?post_type=product&#038;p=1367"},"modified":"2024-12-03T06:17:19","modified_gmt":"2024-12-03T06:17:19","slug":"bulk-mini-fans","status":"publish","type":"product","link":"https:\/\/www.gdwanjiada.net\/fr\/produit\/bulk-mini-fans\/","title":{"rendered":"Mini ventilateurs blancs en vrac, Mini ventilateurs portables en gros pour l'ext\u00e9rieur"},"content":{"rendered":"<h3 class=\"wp-block-heading has-text-align-center\">Sp\u00e9cifications des mini ventilateurs en vrac<\/h3><figure class=\"wp-block-table\"><table class=\"has-fixed-layout\"><tbody><tr><td rowspan=\"2\">Mod\u00e8le<\/td><td rowspan=\"2\">Puissance\uff08W\uff09<\/td><td rowspan=\"2\">Tension\uff08V\uff09<\/td><td rowspan=\"2\">Mode vitesse<\/td><td rowspan=\"2\">G.W.\uff08g\uff09<\/td><td rowspan=\"2\">Taille du produit\uff08mm\uff09<\/td><td rowspan=\"2\">Taille de l'emballage\uff08mm\uff09<\/td><td rowspan=\"2\">Taille du carton\uff08mm\uff09<\/td><td rowspan=\"2\">Emballage Q'ty\uff08pc\uff09<\/td><td rowspan=\"2\">Carton G.W.\uff08kg\uff09<\/td><td rowspan=\"2\">Alimentation \u00e9lectrique<\/td><td rowspan=\"2\">Capacit\u00e9 de la batterie<\/td><td colspan=\"2\">Chargement Q'ty<\/td><\/tr><tr><td>20GP<\/td><td>40HQ<\/td><\/tr><tr><td>F02<\/td><td>9<\/td><td>5<\/td><td>5<\/td><td>268<\/td><td>114*56*45<\/td><td>107*52*152<\/td><td>445*340*335<\/td><td>45<\/td><td>14.4<\/td><td>Type-C\/Batterie<\/td><td>2400mh<\/td><td>26880<\/td><td>65280<\/td><\/tr><\/tbody><\/table><\/figure><div class=\"wp-block-columns is-layout-flex wp-container-core-columns-is-layout-9d6595d7 wp-block-columns-is-layout-flex\"><div class=\"wp-block-column is-layout-flow wp-block-column-is-layout-flow\" style=\"flex-basis:50%\"><h3 class=\"wp-block-heading has-text-align-left\">Avantages des mini-ventilateurs en vrac<\/h3>\n\n<ul class=\"wp-block-list\"><li><strong>Profitez de la fra\u00eecheur \u00e0 tout moment : <\/strong>Ces mini ventilateurs blancs en vrac sont tr\u00e8s flexibles et peuvent \u00eatre utilis\u00e9s dans de nombreux sc\u00e9narios. Qu'il s'agisse de sports de plein air, de voyages, de camping, de f\u00eates en plein air ou d'activit\u00e9s en plein air, il peut fournir une forte puissance \u00e9olienne, vous permettant de profiter de l'air frais \u00e0 tout moment. Son design pratique en fait un compagnon de fra\u00eecheur indispensable pour les sorties estivales.<\/li>\n\n<li><strong>R\u00e9glage de la vitesse du vent \u00e0 cinq vitesses : <\/strong>Notre mini ventilateur portable en gros a cinq vitesses de vent r\u00e9glables, et les utilisateurs peuvent facilement ajuster le niveau de vent le plus confortable en fonction des diff\u00e9rents besoins de l'environnement. Que vous soyez en plein \u00e9t\u00e9 ou que vous ayez besoin de la douce sensation d'une brise, vous pouvez trouver l'\u00e9quipement de vitesse de vent le plus appropri\u00e9 pour vous assurer que vous pouvez profiter de la sensation de vent id\u00e9ale \u00e0 tout moment.<\/li>\n\n<li><strong>L\u00e9ger et portable : <\/strong>Nos mini ventilateurs en vrac sont compacts et l\u00e9gers, donc tr\u00e8s faciles \u00e0 transporter. Qu'il soit plac\u00e9 dans un sac \u00e0 dos, un sac \u00e0 main ou une poche, il n'occupera pas trop d'espace. Il est donc facile \u00e0 utiliser \u00e0 tout moment et en toute occasion, en particulier pour les voyageurs, les amateurs de sports de plein air et les autres utilisateurs qui doivent rester \u00e0 l'ext\u00e9rieur pendant une longue p\u00e9riode.<\/li>\n\n<li><strong>Rentable : <\/strong>Nous fournissons aux clients des mini ventilateurs portables en gros, en particulier aux d\u00e9taillants, aux entreprises d'organisation d'\u00e9v\u00e9nements et aux clients effectuant des achats en gros. Gr\u00e2ce \u00e0 la vente directe, nous pouvons fournir des prix de gros plus comp\u00e9titifs, aider les entreprises \u00e0 r\u00e9duire leurs co\u00fbts d'approvisionnement et constituer un choix id\u00e9al pour les commer\u00e7ants et les groupes de clients.<\/li><\/ul><\/div>\n\n<div class=\"wp-block-column is-layout-flow wp-block-column-is-layout-flow\"><figure class=\"wp-block-image size-full\"><img decoding=\"async\" width=\"800\" height=\"800\" src=\"https:\/\/www.gdwanjiada.net\/wp-content\/uploads\/2024\/12\/Bulk-Mini-Fans-Wholesale-Mini-Portable-Fans-For-Outdoor-2.webp\" alt=\"Mini ventilateurs en vrac, Mini ventilateurs portables en gros pour l&#039;ext\u00e9rieur-2\" class=\"wp-image-1369\" srcset=\"https:\/\/www.gdwanjiada.net\/wp-content\/uploads\/2024\/12\/Bulk-Mini-Fans-Wholesale-Mini-Portable-Fans-For-Outdoor-2.webp 800w, https:\/\/www.gdwanjiada.net\/wp-content\/uploads\/2024\/12\/Bulk-Mini-Fans-Wholesale-Mini-Portable-Fans-For-Outdoor-2-300x300.webp 300w, https:\/\/www.gdwanjiada.net\/wp-content\/uploads\/2024\/12\/Bulk-Mini-Fans-Wholesale-Mini-Portable-Fans-For-Outdoor-2-150x150.webp 150w, https:\/\/www.gdwanjiada.net\/wp-content\/uploads\/2024\/12\/Bulk-Mini-Fans-Wholesale-Mini-Portable-Fans-For-Outdoor-2-768x768.webp 768w, https:\/\/www.gdwanjiada.net\/wp-content\/uploads\/2024\/12\/Bulk-Mini-Fans-Wholesale-Mini-Portable-Fans-For-Outdoor-2-12x12.webp 12w, https:\/\/www.gdwanjiada.net\/wp-content\/uploads\/2024\/12\/Bulk-Mini-Fans-Wholesale-Mini-Portable-Fans-For-Outdoor-2-600x600.webp 600w, https:\/\/www.gdwanjiada.net\/wp-content\/uploads\/2024\/12\/Bulk-Mini-Fans-Wholesale-Mini-Portable-Fans-For-Outdoor-2-100x100.webp 100w\" sizes=\"(max-width: 800px) 100vw, 800px\" \/><\/figure><\/div><\/div>","protected":false},"excerpt":{"rendered":"<p>Nous vous invitons \u00e0 acheter des mini ventilateurs portables en gros. Nos mini ventilateurs blancs en vrac sont compacts, puissants, avec cinq vitesses de vent r\u00e9glables et une fonction de refroidissement efficace, ce qui en fait un compagnon parfait pour les activit\u00e9s de plein air et les voyages. Sa caract\u00e9ristique facile \u00e0 transporter vous permet de profiter de la fra\u00eecheur \u00e0 tout moment, n'importe o\u00f9, et le prix de gros d'usine est favorable et rentable, ce qui en fait un choix id\u00e9al pour les achats en gros.<\/p>\n<h2>Caract\u00e9ristiques du produit\uff1a<\/h2>\n<ul>\n<li>Convient pour \u00eatre accroch\u00e9 autour du cou ou de la taille, et plac\u00e9 sur le bureau ou \u00e0 c\u00f4t\u00e9 de l'ordinateur.<\/li>\n<li>Peut \u00eatre utilis\u00e9 pour souffler de l'huile, des cils, des peintures, ou pour profiter de la fra\u00eecheur en camping.<\/li>\n<li>5 moules \u00e0 vitesse r\u00e9glable et 2 vitesses de r\u00e9glage de la lumi\u00e8re sont pr\u00e9vus pour r\u00e9pondre de mani\u00e8re flexible aux diff\u00e9rents besoins environnementaux.<\/li>\n<li>Conception compacte et petite taille, facile \u00e0 transporter, pour profiter de la fra\u00eecheur \u00e0 tout moment et en tout lieu.<\/li>\n<li>L'\u00e9cran intelligent peut afficher la vitesse du vent, les r\u00e9glages de l'\u00e9clairage et la puissance de la batterie.<\/li>\n<\/ul>","protected":false},"featured_media":1368,"comment_status":"closed","ping_status":"closed","template":"","meta":{"_acf_changed":false},"product_brand":[],"product_cat":[23],"product_tag":[],"class_list":{"0":"post-1367","1":"product","2":"type-product","3":"status-publish","4":"has-post-thumbnail","6":"product_cat-wholesale-portable-fans","8":"first","9":"instock","10":"shipping-taxable","11":"product-type-simple"},"acf":[],"_links":{"self":[{"href":"https:\/\/www.gdwanjiada.net\/fr\/wp-json\/wp\/v2\/product\/1367","targetHints":{"allow":["GET"]}}],"collection":[{"href":"https:\/\/www.gdwanjiada.net\/fr\/wp-json\/wp\/v2\/product"}],"about":[{"href":"https:\/\/www.gdwanjiada.net\/fr\/wp-json\/wp\/v2\/types\/product"}],"replies":[{"embeddable":true,"href":"https:\/\/www.gdwanjiada.net\/fr\/wp-json\/wp\/v2\/comments?post=1367"}],"wp:featuredmedia":[{"embeddable":true,"href":"https:\/\/www.gdwanjiada.net\/fr\/wp-json\/wp\/v2\/media\/1368"}],"wp:attachment":[{"href":"https:\/\/www.gdwanjiada.net\/fr\/wp-json\/wp\/v2\/media?parent=1367"}],"wp:term":[{"taxonomy":"product_brand","embeddable":true,"href":"https:\/\/www.gdwanjiada.net\/fr\/wp-json\/wp\/v2\/product_brand?post=1367"},{"taxonomy":"product_cat","embeddable":true,"href":"https:\/\/www.gdwanjiada.net\/fr\/wp-json\/wp\/v2\/product_cat?post=1367"},{"taxonomy":"product_tag","embeddable":true,"href":"https:\/\/www.gdwanjiada.net\/fr\/wp-json\/wp\/v2\/product_tag?post=1367"}],"curies":[{"name":"wp","href":"https:\/\/api.w.org\/{rel}","templated":true}]}}