{"id":1360,"date":"2024-12-03T03:50:25","date_gmt":"2024-12-03T03:50:25","guid":{"rendered":"https:\/\/www.gdwanjiada.net\/?post_type=product&#038;p=1360"},"modified":"2024-12-03T04:02:18","modified_gmt":"2024-12-03T04:02:18","slug":"wholesale-desk-fans","status":"publish","type":"product","link":"https:\/\/www.gdwanjiada.net\/fr\/produit\/wholesale-desk-fans\/","title":{"rendered":"Ventilateurs de bureau en gros, Mini ventilateurs personnels portables verts en vrac"},"content":{"rendered":"<h3 class=\"wp-block-heading has-text-align-center\">Sp\u00e9cifications des ventilateurs de bureau en gros<\/h3><figure class=\"wp-block-table\"><table class=\"has-fixed-layout\"><tbody><tr><td rowspan=\"2\">Mod\u00e8le<\/td><td rowspan=\"2\">Puissance\uff08W\uff09<\/td><td rowspan=\"2\">Tension\uff08V\uff09<\/td><td rowspan=\"2\">Mode vitesse<\/td><td rowspan=\"2\">G.W.\uff08g\uff09<\/td><td rowspan=\"2\">Taille du produit\uff08mm\uff09<\/td><td rowspan=\"2\">Taille de l'emballage\uff08mm\uff09<\/td><td rowspan=\"2\">Taille du carton\uff08mm\uff09<\/td><td rowspan=\"2\">Emballage Q'ty\uff08pc\uff09<\/td><td rowspan=\"2\">Carton G.W.\uff08kg\uff09<\/td><td rowspan=\"2\">Alimentation \u00e9lectrique<\/td><td rowspan=\"2\">Capacit\u00e9 de la batterie<\/td><td colspan=\"2\">Chargement Q'ty<\/td><\/tr><tr><td>20GP<\/td><td>40HQ<\/td><\/tr><tr><td>F02<\/td><td>9<\/td><td>5<\/td><td>5<\/td><td>268<\/td><td>114*56*45<\/td><td>107*52*152<\/td><td>445*340*335<\/td><td>45<\/td><td>14.4<\/td><td>Type-C\/Batterie<\/td><td>2400mh<\/td><td>26880<\/td><td>65280<\/td><\/tr><\/tbody><\/table><\/figure><div class=\"wp-block-columns is-layout-flex wp-container-core-columns-is-layout-9d6595d7 wp-block-columns-is-layout-flex\"><div class=\"wp-block-column is-layout-flow wp-block-column-is-layout-flow\" style=\"flex-basis:50%\"><h3 class=\"wp-block-heading has-text-align-left\">Avantages des ventilateurs de bureau en gros<\/h3>\n\n<ul class=\"wp-block-list\"><li><strong>\u00c9nergie \u00e9olienne \u00e0 haut rendement : <\/strong>Nos ventilateurs de bureau en gros sont compacts mais puissants, et peuvent rapidement fournir un flux d'air frais. M\u00eame par temps chaud, ils peuvent refroidir efficacement et apporter une exp\u00e9rience de fra\u00eecheur confortable. Qu'il s'agisse d'un bureau, d'une chambre ou d'un environnement ext\u00e9rieur, ils peuvent cr\u00e9er un flux d'air frais et agr\u00e9able pour vous.<\/li>\n\n<li><strong>Conception portable : <\/strong>Ces mini ventilateurs personnels en vrac adoptent un design l\u00e9ger et portable, avec une petite taille, facile \u00e0 transporter et \u00e0 ranger. Que vous soyez en voyage, en camping, ou que vous travailliez dans un bureau o\u00f9 vous devez ajuster l'environnement de travail \u00e0 tout moment, vous pouvez facilement l'emporter avec vous et profiter de la fra\u00eecheur \u00e0 tout moment, n'importe o\u00f9.<\/li>\n\n<li><strong>Economies d'\u00e9nergie et silence : <\/strong>Nos ventilateurs de bureau en gros sont dot\u00e9s d'une technologie avanc\u00e9e \u00e0 faible bruit pour garantir que presque aucun bruit ne sera produit pendant le fonctionnement, offrant ainsi aux utilisateurs une exp\u00e9rience d'utilisation plus silencieuse. Il convient parfaitement aux bureaux, aux chambres \u00e0 coucher et aux endroits o\u00f9 le calme est n\u00e9cessaire pour travailler ou se reposer sans interf\u00e9rence.<\/li>\n\n<li><strong>Tr\u00e8s rentable : <\/strong>Nous fournissons des services d'approvisionnement en gros pour les mini ventilateurs personnels en vrac, qui conviennent aux commer\u00e7ants, aux soci\u00e9t\u00e9s d'organisation d'\u00e9v\u00e9nements et aux utilisateurs de groupes pour acheter en vrac. Gr\u00e2ce \u00e0 la vente directe, nous pouvons fournir aux clients des prix de gros tr\u00e8s comp\u00e9titifs, ce qui est un choix id\u00e9al pour les d\u00e9taillants et les acheteurs en gros.<\/li><\/ul><\/div>\n\n<div class=\"wp-block-column is-layout-flow wp-block-column-is-layout-flow\"><figure class=\"wp-block-image size-full\"><img decoding=\"async\" width=\"800\" height=\"800\" src=\"https:\/\/www.gdwanjiada.net\/wp-content\/uploads\/2024\/12\/Wholesale-Desk-Fans-Green-Portable-Personal-Mini-Fans-Bulk-1.webp\" alt=\"Vente en gros de ventilateurs de bureau, Mini ventilateurs personnels portables verts Bulk-1\" class=\"wp-image-1361\" srcset=\"https:\/\/www.gdwanjiada.net\/wp-content\/uploads\/2024\/12\/Wholesale-Desk-Fans-Green-Portable-Personal-Mini-Fans-Bulk-1.webp 800w, https:\/\/www.gdwanjiada.net\/wp-content\/uploads\/2024\/12\/Wholesale-Desk-Fans-Green-Portable-Personal-Mini-Fans-Bulk-1-300x300.webp 300w, https:\/\/www.gdwanjiada.net\/wp-content\/uploads\/2024\/12\/Wholesale-Desk-Fans-Green-Portable-Personal-Mini-Fans-Bulk-1-150x150.webp 150w, https:\/\/www.gdwanjiada.net\/wp-content\/uploads\/2024\/12\/Wholesale-Desk-Fans-Green-Portable-Personal-Mini-Fans-Bulk-1-768x768.webp 768w, https:\/\/www.gdwanjiada.net\/wp-content\/uploads\/2024\/12\/Wholesale-Desk-Fans-Green-Portable-Personal-Mini-Fans-Bulk-1-12x12.webp 12w, https:\/\/www.gdwanjiada.net\/wp-content\/uploads\/2024\/12\/Wholesale-Desk-Fans-Green-Portable-Personal-Mini-Fans-Bulk-1-600x600.webp 600w, https:\/\/www.gdwanjiada.net\/wp-content\/uploads\/2024\/12\/Wholesale-Desk-Fans-Green-Portable-Personal-Mini-Fans-Bulk-1-100x100.webp 100w\" sizes=\"(max-width: 800px) 100vw, 800px\" \/><\/figure><\/div><\/div>","protected":false},"excerpt":{"rendered":"<p>Bienvenue pour l'achat en gros de mini ventilateurs personnels. Nos ventilateurs de bureau en gros sont des compagnons id\u00e9aux pour le bureau, la maison et les voyages avec leur vent fort, leur design silencieux et leur poids l\u00e9ger. Quel que soit l'environnement dans lequel vous vous trouvez, ils peuvent vous apporter une exp\u00e9rience fra\u00eeche et confortable. Les prix de gros de l'usine sont abordables et conviennent aux achats en gros pour r\u00e9pondre aux besoins des d\u00e9taillants et des groupes.<\/p>\n<h2>Caract\u00e9ristiques du produit\uff1a<\/h2>\n<ul>\n<li>Convient pour \u00eatre accroch\u00e9 autour du cou ou de la taille, et plac\u00e9 sur le bureau ou \u00e0 c\u00f4t\u00e9 de l'ordinateur.<\/li>\n<li>Il peut \u00eatre utilis\u00e9 pour souffler des peintures \u00e0 l'huile, souffler des cils ou profiter de la fra\u00eecheur en camping.<\/li>\n<li>Il y a cinq vitesses r\u00e9glables pour r\u00e9pondre \u00e0 diff\u00e9rents besoins, et deux vitesses de r\u00e9glage de la lumi\u00e8re sont pr\u00e9vues pour r\u00e9pondre de mani\u00e8re flexible aux diff\u00e9rents besoins environnementaux.<\/li>\n<li>Son design compact et sa petite taille permettent de le transporter facilement et de profiter de la fra\u00eecheur \u00e0 tout moment et en tout lieu.<\/li>\n<li>L'\u00e9cran intelligent affiche clairement la vitesse du vent, les r\u00e9glages de l'\u00e9clairage et la puissance de la batterie.<\/li>\n<\/ul>","protected":false},"featured_media":1366,"comment_status":"closed","ping_status":"closed","template":"","meta":{"_acf_changed":false},"product_brand":[],"product_cat":[23],"product_tag":[],"class_list":{"0":"post-1360","1":"product","2":"type-product","3":"status-publish","4":"has-post-thumbnail","6":"product_cat-wholesale-portable-fans","8":"first","9":"instock","10":"shipping-taxable","11":"product-type-simple"},"acf":[],"_links":{"self":[{"href":"https:\/\/www.gdwanjiada.net\/fr\/wp-json\/wp\/v2\/product\/1360","targetHints":{"allow":["GET"]}}],"collection":[{"href":"https:\/\/www.gdwanjiada.net\/fr\/wp-json\/wp\/v2\/product"}],"about":[{"href":"https:\/\/www.gdwanjiada.net\/fr\/wp-json\/wp\/v2\/types\/product"}],"replies":[{"embeddable":true,"href":"https:\/\/www.gdwanjiada.net\/fr\/wp-json\/wp\/v2\/comments?post=1360"}],"wp:featuredmedia":[{"embeddable":true,"href":"https:\/\/www.gdwanjiada.net\/fr\/wp-json\/wp\/v2\/media\/1366"}],"wp:attachment":[{"href":"https:\/\/www.gdwanjiada.net\/fr\/wp-json\/wp\/v2\/media?parent=1360"}],"wp:term":[{"taxonomy":"product_brand","embeddable":true,"href":"https:\/\/www.gdwanjiada.net\/fr\/wp-json\/wp\/v2\/product_brand?post=1360"},{"taxonomy":"product_cat","embeddable":true,"href":"https:\/\/www.gdwanjiada.net\/fr\/wp-json\/wp\/v2\/product_cat?post=1360"},{"taxonomy":"product_tag","embeddable":true,"href":"https:\/\/www.gdwanjiada.net\/fr\/wp-json\/wp\/v2\/product_tag?post=1360"}],"curies":[{"name":"wp","href":"https:\/\/api.w.org\/{rel}","templated":true}]}}