{"id":1354,"date":"2024-12-03T03:40:15","date_gmt":"2024-12-03T03:40:15","guid":{"rendered":"https:\/\/www.gdwanjiada.net\/?post_type=product&#038;p=1354"},"modified":"2024-12-03T03:50:05","modified_gmt":"2024-12-03T03:50:05","slug":"mini-portable-fans-in-bulk","status":"publish","type":"product","link":"https:\/\/www.gdwanjiada.net\/fr\/produit\/mini-portable-fans-in-bulk\/","title":{"rendered":"Mini ventilateurs portables verts en vrac, ventilateurs \u00e0 main en gros de l'usine"},"content":{"rendered":"<h3 class=\"wp-block-heading has-text-align-center\">Sp\u00e9cifications des mini ventilateurs portables en vrac<\/h3><figure class=\"wp-block-table\"><table class=\"has-fixed-layout\"><tbody><tr><td rowspan=\"2\">Mod\u00e8le<\/td><td rowspan=\"2\">Puissance\uff08W\uff09<\/td><td rowspan=\"2\">Tension\uff08V\uff09<\/td><td rowspan=\"2\">Mode vitesse<\/td><td rowspan=\"2\">G.W.\uff08g\uff09<\/td><td rowspan=\"2\">Taille du produit\uff08mm\uff09<\/td><td rowspan=\"2\">Taille de l'emballage\uff08mm\uff09<\/td><td rowspan=\"2\">Taille du carton\uff08mm\uff09<\/td><td rowspan=\"2\">Emballage Q'ty\uff08pc\uff09<\/td><td rowspan=\"2\">Carton G.W.\uff08kg\uff09<\/td><td rowspan=\"2\">Alimentation \u00e9lectrique<\/td><td rowspan=\"2\">Capacit\u00e9 de la batterie<\/td><td colspan=\"2\">Chargement Q'ty<\/td><\/tr><tr><td>20GP<\/td><td>40HQ<\/td><\/tr><tr><td>F02<\/td><td>9<\/td><td>5<\/td><td>5<\/td><td>268<\/td><td>114*56*45<\/td><td>107*52*152<\/td><td>445*340*335<\/td><td>45<\/td><td>14.4<\/td><td>Type-C\/Batterie<\/td><td>2400mh<\/td><td>26880<\/td><td>65280<\/td><\/tr><\/tbody><\/table><\/figure><div class=\"wp-block-columns is-layout-flex wp-container-core-columns-is-layout-9d6595d7 wp-block-columns-is-layout-flex\"><div class=\"wp-block-column is-layout-flow wp-block-column-is-layout-flow\" style=\"flex-basis:50%\"><h3 class=\"wp-block-heading has-text-align-left\">Avantages des mini ventilateurs portables en vrac<\/h3>\n\n<ul class=\"wp-block-list\"><li><strong>Conception \u00e9cologique et respectueuse de l'environnement :<\/strong> Nos mini ventilateurs portables en vrac adoptent un design vert frais, qui non seulement t\u00e9moigne d'un sens unique de la mode, mais pr\u00e9sente \u00e9galement des caract\u00e9ristiques de protection de l'environnement. Le vert repr\u00e9sente non seulement la fra\u00eecheur et la nature, mais il peut \u00e9galement s'int\u00e9grer au style d\u00e9coratif de diverses occasions, devenant ainsi un article tendance incontournable en \u00e9t\u00e9.<\/li>\n\n<li><strong>L\u00e9ger et portable : <\/strong>Nos ventilateurs portatifs en gros sont con\u00e7us pour \u00eatre tr\u00e8s l\u00e9gers, ne pesant que quelques centaines de grammes, ce qui est pratique pour une utilisation \u00e0 la main. Qu'il s'agisse de sports de plein air, de voyages, d'utilisation au bureau ou \u00e0 la maison, il peut \u00eatre facilement transport\u00e9 et profiter de la fra\u00eecheur \u00e0 tout moment, n'importe o\u00f9.<\/li>\n\n<li><strong>Refroidissement efficace : <\/strong>Bien que ces mini ventilateurs portables en vrac soient de petite taille, leur vent puissant peut rapidement rafra\u00eechir et fournir un flux d'air frais. Que ce soit en \u00e9t\u00e9 ou dans un environnement \u00e9touffant, il peut vous apporter une sensation de fra\u00eecheur confortable et vous aider \u00e0 vous rafra\u00eechir.<\/li>\n\n<li><strong>Co\u00fbt \u00e9lev\u00e9 : <\/strong>Nous fournissons des services de vente en gros d'\u00e9ventails portatifs, qui conviennent aux marchands ou aux organisations d'\u00e9v\u00e9nements de toutes tailles. Gr\u00e2ce \u00e0 l'approvisionnement direct de l'usine, nous garantissons des prix comp\u00e9titifs, et les achats en gros r\u00e9duiront consid\u00e9rablement les co\u00fbts, ce qui est un choix id\u00e9al pour les promotions d'\u00e9t\u00e9 et les d\u00e9taillants.<\/li><\/ul><\/div>\n\n<div class=\"wp-block-column is-layout-flow wp-block-column-is-layout-flow\"><figure class=\"wp-block-image size-full\"><img decoding=\"async\" width=\"800\" height=\"800\" src=\"https:\/\/www.gdwanjiada.net\/wp-content\/uploads\/2024\/12\/Mini-Portable-Fans-In-Bulk-Factory-Wholesale-Hand-Held-Fans-4.webp\" alt=\"Mini ventilateurs portables en vrac, Vente en gros de ventilateurs \u00e0 main-4\" class=\"wp-image-1358\" srcset=\"https:\/\/www.gdwanjiada.net\/wp-content\/uploads\/2024\/12\/Mini-Portable-Fans-In-Bulk-Factory-Wholesale-Hand-Held-Fans-4.webp 800w, https:\/\/www.gdwanjiada.net\/wp-content\/uploads\/2024\/12\/Mini-Portable-Fans-In-Bulk-Factory-Wholesale-Hand-Held-Fans-4-300x300.webp 300w, https:\/\/www.gdwanjiada.net\/wp-content\/uploads\/2024\/12\/Mini-Portable-Fans-In-Bulk-Factory-Wholesale-Hand-Held-Fans-4-150x150.webp 150w, https:\/\/www.gdwanjiada.net\/wp-content\/uploads\/2024\/12\/Mini-Portable-Fans-In-Bulk-Factory-Wholesale-Hand-Held-Fans-4-768x768.webp 768w, https:\/\/www.gdwanjiada.net\/wp-content\/uploads\/2024\/12\/Mini-Portable-Fans-In-Bulk-Factory-Wholesale-Hand-Held-Fans-4-12x12.webp 12w, https:\/\/www.gdwanjiada.net\/wp-content\/uploads\/2024\/12\/Mini-Portable-Fans-In-Bulk-Factory-Wholesale-Hand-Held-Fans-4-600x600.webp 600w, https:\/\/www.gdwanjiada.net\/wp-content\/uploads\/2024\/12\/Mini-Portable-Fans-In-Bulk-Factory-Wholesale-Hand-Held-Fans-4-100x100.webp 100w\" sizes=\"(max-width: 800px) 100vw, 800px\" \/><\/figure><\/div><\/div>","protected":false},"excerpt":{"rendered":"<p>Nous vous invitons \u00e0 acheter en gros des ventilateurs portatifs. Nos mini ventilateurs portables verts en vrac sont id\u00e9aux pour les chaudes journ\u00e9es d'\u00e9t\u00e9 gr\u00e2ce \u00e0 leur conception l\u00e9g\u00e8re et \u00e0 leur fonction de refroidissement efficace. Non seulement ils sont \u00e0 la mode, mais ils sont \u00e9galement faciles \u00e0 transporter et conviennent \u00e0 une vari\u00e9t\u00e9 d'occasions. Les prix d'achat en gros de l'usine sont favorables, avec un rapport qualit\u00e9-prix tr\u00e8s \u00e9lev\u00e9 pour r\u00e9pondre aux besoins d'achat en gros.<\/p>\n<h2>Caract\u00e9ristiques du produit\uff1a<\/h2>\n<ul>\n<li>\n<p>Une vari\u00e9t\u00e9 de sc\u00e8nes, telles que la suspension autour du cou, le bureau de la taille, l'ordinateur, la peinture \u00e0 l'huile, les cils, le camping, etc.<\/p>\n<\/li>\n<li>\n<p>5 niveaux de r\u00e9glage de la vitesse du vent, 2 niveaux de r\u00e9glage de la lumi\u00e8re ;<\/p>\n<\/li>\n<li>\n<p>Conception compacte, facile \u00e0 transporter.<\/p>\n<\/li>\n<li>\n<p>\u00c9cran d'affichage = engrenage + lumi\u00e8re + alimentation<\/p>\n<\/li>\n<\/ul>","protected":false},"featured_media":1355,"comment_status":"closed","ping_status":"closed","template":"","meta":{"_acf_changed":false},"product_brand":[],"product_cat":[23],"product_tag":[],"class_list":{"0":"post-1354","1":"product","2":"type-product","3":"status-publish","4":"has-post-thumbnail","6":"product_cat-wholesale-portable-fans","8":"first","9":"instock","10":"shipping-taxable","11":"product-type-simple"},"acf":[],"_links":{"self":[{"href":"https:\/\/www.gdwanjiada.net\/fr\/wp-json\/wp\/v2\/product\/1354","targetHints":{"allow":["GET"]}}],"collection":[{"href":"https:\/\/www.gdwanjiada.net\/fr\/wp-json\/wp\/v2\/product"}],"about":[{"href":"https:\/\/www.gdwanjiada.net\/fr\/wp-json\/wp\/v2\/types\/product"}],"replies":[{"embeddable":true,"href":"https:\/\/www.gdwanjiada.net\/fr\/wp-json\/wp\/v2\/comments?post=1354"}],"wp:featuredmedia":[{"embeddable":true,"href":"https:\/\/www.gdwanjiada.net\/fr\/wp-json\/wp\/v2\/media\/1355"}],"wp:attachment":[{"href":"https:\/\/www.gdwanjiada.net\/fr\/wp-json\/wp\/v2\/media?parent=1354"}],"wp:term":[{"taxonomy":"product_brand","embeddable":true,"href":"https:\/\/www.gdwanjiada.net\/fr\/wp-json\/wp\/v2\/product_brand?post=1354"},{"taxonomy":"product_cat","embeddable":true,"href":"https:\/\/www.gdwanjiada.net\/fr\/wp-json\/wp\/v2\/product_cat?post=1354"},{"taxonomy":"product_tag","embeddable":true,"href":"https:\/\/www.gdwanjiada.net\/fr\/wp-json\/wp\/v2\/product_tag?post=1354"}],"curies":[{"name":"wp","href":"https:\/\/api.w.org\/{rel}","templated":true}]}}