{"id":1317,"date":"2024-11-27T04:10:07","date_gmt":"2024-11-27T04:10:07","guid":{"rendered":"https:\/\/www.gdwanjiada.net\/?post_type=product&#038;p=1317"},"modified":"2024-11-27T04:10:08","modified_gmt":"2024-11-27T04:10:08","slug":"bulk-air-coolers","status":"publish","type":"product","link":"https:\/\/www.gdwanjiada.net\/fr\/produit\/bulk-air-coolers\/","title":{"rendered":"Refroidisseurs d'air en vrac, Refroidisseurs d'air portables industriels en gros"},"content":{"rendered":"<h3 class=\"wp-block-heading has-text-align-center\">Sp\u00e9cifications des refroidisseurs d'air en vrac<\/h3><figure class=\"wp-block-table\"><table class=\"has-fixed-layout\"><tbody><tr><td rowspan=\"2\">Mod\u00e8le<\/td><td rowspan=\"2\">Puissance (W)&nbsp;<\/td><td colspan=\"3\">D\u00e9bit d'air (m\u00b3\/h)<\/td><td rowspan=\"2\">Capacit\u00e9 du r\u00e9servoir d'eau (L)<\/td><td colspan=\"3\">Taille du produit (mm)&nbsp;<\/td><td rowspan=\"2\">Taille du coussin de refroidissement (mm)<\/td><td rowspan=\"2\">Emballage<\/td><td rowspan=\"2\">Poids net \/ poids brut (kg)&nbsp;&nbsp;<\/td><td rowspan=\"2\">Taille de l'emballage (mm)&nbsp;<\/td><td colspan=\"2\">Chargement Qt\u00e9<\/td><\/tr><tr><td>H<\/td><td>M<\/td><td>L<\/td><td>L<\/td><td>W<\/td><td>H<\/td><td>20'GP<\/td><td>40'HQ<\/td><\/tr><tr><td>WJD8000F-1Z<\/td><td>200<\/td><td>8000<\/td><td>6000<\/td><td>3500<\/td><td>80.0<\/td><td>680<\/td><td>410<\/td><td>1250<\/td><td>75*520*690<\/td><td>1 pi\u00e8ce<\/td><td>18\/21<\/td><td>695*460*980<\/td><td>98<\/td><td>230<\/td><\/tr><\/tbody><\/table><\/figure><div class=\"wp-block-columns is-layout-flex wp-container-core-columns-is-layout-9d6595d7 wp-block-columns-is-layout-flex\"><div class=\"wp-block-column is-layout-flow wp-block-column-is-layout-flow\" style=\"flex-basis:50%\"><h3 class=\"wp-block-heading has-text-align-left\">Avantages des refroidisseurs d'air en vrac<\/h3>\n\n<ul class=\"wp-block-list\"><li><strong>Fonctions de refroidissement, d'humidification et de purification :<\/strong> Nos refroidisseurs d'air en vrac int\u00e8grent de multiples fonctions, permettant non seulement de refroidir rapidement, mais aussi d'humidifier l'air et de purifier l'environnement, de r\u00e9pondre aux divers besoins des sites industriels et de fournir une gamme compl\u00e8te d'exp\u00e9riences confortables.<\/li>\n\n<li><strong>Conception de l'entr\u00e9e d'air sur trois c\u00f4t\u00e9s :<\/strong> Ce refroidisseur d'air par \u00e9vaporation de grande capacit\u00e9 adopte une conception d'entr\u00e9e d'air \u00e0 trois c\u00f4t\u00e9s, avec des rideaux humides de refroidissement par \u00e9vaporation \u00e0 haute efficacit\u00e9, ce qui am\u00e9liore consid\u00e9rablement la circulation de l'air et les effets de refroidissement, assurant des services de refroidissement rapides et efficaces dans les grands environnements industriels.<\/li>\n\n<li><strong>Am\u00e9lioration de l'effet de refroidissement : <\/strong>La partie sup\u00e9rieure de nos refroidisseurs d'air en vrac peut \u00eatre retourn\u00e9e, et les utilisateurs peuvent facilement ajouter de l'eau, des gla\u00e7ons ou des cristaux de glace pour am\u00e9liorer encore l'effet de refroidissement. Il est particuli\u00e8rement adapt\u00e9 aux sites industriels dans des environnements \u00e0 haute temp\u00e9rature, apportant une sensation de fra\u00eecheur durable.<\/li>\n\n<li><strong>Refroidissement continu et efficace : <\/strong>Ce refroidisseur d'air par \u00e9vaporation de grande capacit\u00e9 est \u00e9quip\u00e9 en gros d'un r\u00e9servoir d'eau de 80 litres, qui peut continuer \u00e0 fonctionner pendant une p\u00e9riode assez longue, r\u00e9duisant ainsi la n\u00e9cessit\u00e9 d'ajouter fr\u00e9quemment de l'eau. Il assure un refroidissement continu sur les sites industriels et am\u00e9liore l'efficacit\u00e9 du fonctionnement des \u00e9quipements.<\/li><\/ul><\/div>\n\n<div class=\"wp-block-column is-layout-flow wp-block-column-is-layout-flow\"><figure class=\"wp-block-image size-full\"><img decoding=\"async\" width=\"1128\" height=\"1128\" src=\"https:\/\/www.gdwanjiada.net\/wp-content\/uploads\/2024\/11\/80L-quiet-portable-evaporative-air-cooler-industrial-10.webp\" alt=\"Refroidisseurs d&#039;air en vrac, Refroidisseurs d&#039;air portables industriels en gros-1\" class=\"wp-image-1327\" srcset=\"https:\/\/www.gdwanjiada.net\/wp-content\/uploads\/2024\/11\/80L-quiet-portable-evaporative-air-cooler-industrial-10.webp 1128w, https:\/\/www.gdwanjiada.net\/wp-content\/uploads\/2024\/11\/80L-quiet-portable-evaporative-air-cooler-industrial-10-300x300.webp 300w, https:\/\/www.gdwanjiada.net\/wp-content\/uploads\/2024\/11\/80L-quiet-portable-evaporative-air-cooler-industrial-10-150x150.webp 150w, https:\/\/www.gdwanjiada.net\/wp-content\/uploads\/2024\/11\/80L-quiet-portable-evaporative-air-cooler-industrial-10-768x768.webp 768w, https:\/\/www.gdwanjiada.net\/wp-content\/uploads\/2024\/11\/80L-quiet-portable-evaporative-air-cooler-industrial-10-12x12.webp 12w, https:\/\/www.gdwanjiada.net\/wp-content\/uploads\/2024\/11\/80L-quiet-portable-evaporative-air-cooler-industrial-10-600x600.webp 600w, https:\/\/www.gdwanjiada.net\/wp-content\/uploads\/2024\/11\/80L-quiet-portable-evaporative-air-cooler-industrial-10-100x100.webp 100w\" sizes=\"(max-width: 1128px) 100vw, 1128px\" \/><\/figure><\/div><\/div><p><\/p>","protected":false},"excerpt":{"rendered":"<p>Nous vous invitons \u00e0 acheter un refroidisseur d'air \u00e9vaporatif en gros. Notre refroidisseur d'air en vrac d'usine est \u00e9quip\u00e9 d'un rideau humide de refroidissement par \u00e9vaporation \u00e0 haute efficacit\u00e9, qui am\u00e9liore consid\u00e9rablement l'effet de refroidissement. Le r\u00e9servoir d'eau de grande capacit\u00e9 de 80L convient \u00e0 toutes sortes de sites industriels.<\/p>\n<h2>Caract\u00e9ristiques du produit\uff1a<\/h2>\n<ul>\n<li>Il int\u00e8gre les fonctions de refroidissement, d'humidification et de purification et constitue un appareil polyvalent.<\/li>\n<li>Il utilise une entr\u00e9e d'air sur trois c\u00f4t\u00e9s et des rideaux humides de refroidissement par \u00e9vaporation \u00e0 haut rendement, et l'effet de refroidissement est plus \u00e9vident.<\/li>\n<li>Fonction d'enroulement manuel vers le haut et vers le bas, fonction d'enroulement automatique vers la gauche et vers la droite, s\u00e9lection de trois vitesses d'enroulement.<\/li>\n<li>Roue \u00e0 flux axial de grand diam\u00e8tre, grand volume d'air, faible bruit.<\/li>\n<li>R\u00e9servoir d'eau divis\u00e9 de grande capacit\u00e9, facile \u00e0 nettoyer.<\/li>\n<li>La partie sup\u00e9rieure du corps de la machine peut \u00eatre retourn\u00e9e pour ajouter de l'eau, de la glace et des cristaux de glace afin de la rendre plus fra\u00eeche.<\/li>\n<li>Filet anti-poussi\u00e8re amovible pour un nettoyage facile.<\/li>\n<li>La roue avant est dot\u00e9e d'une fonction de blocage du frein, ce qui est pratique pour le d\u00e9placement et la mise en place.<\/li>\n<li>La pompe submersible poss\u00e8de de multiples fonctions de protection, une quantit\u00e9 d'eau suffisante, et elle est s\u00fbre et garantie.<\/li>\n<li>Moteur en cuivre pur.<\/li>\n<li>Le r\u00e9servoir d'eau est empil\u00e9 dans un emballage invers\u00e9 pour \u00e9conomiser de l'espace et des co\u00fbts pendant le transport.<\/li>\n<\/ul>","protected":false},"featured_media":1318,"comment_status":"closed","ping_status":"closed","template":"","meta":{"_acf_changed":false},"product_brand":[],"product_cat":[26],"product_tag":[29],"class_list":{"0":"post-1317","1":"product","2":"type-product","3":"status-publish","4":"has-post-thumbnail","6":"product_cat-wholesale-air-coolers","7":"product_tag-wholesale-industrial-evaporative-air-coolers","9":"first","10":"instock","11":"shipping-taxable","12":"product-type-simple"},"acf":[],"_links":{"self":[{"href":"https:\/\/www.gdwanjiada.net\/fr\/wp-json\/wp\/v2\/product\/1317","targetHints":{"allow":["GET"]}}],"collection":[{"href":"https:\/\/www.gdwanjiada.net\/fr\/wp-json\/wp\/v2\/product"}],"about":[{"href":"https:\/\/www.gdwanjiada.net\/fr\/wp-json\/wp\/v2\/types\/product"}],"replies":[{"embeddable":true,"href":"https:\/\/www.gdwanjiada.net\/fr\/wp-json\/wp\/v2\/comments?post=1317"}],"wp:featuredmedia":[{"embeddable":true,"href":"https:\/\/www.gdwanjiada.net\/fr\/wp-json\/wp\/v2\/media\/1318"}],"wp:attachment":[{"href":"https:\/\/www.gdwanjiada.net\/fr\/wp-json\/wp\/v2\/media?parent=1317"}],"wp:term":[{"taxonomy":"product_brand","embeddable":true,"href":"https:\/\/www.gdwanjiada.net\/fr\/wp-json\/wp\/v2\/product_brand?post=1317"},{"taxonomy":"product_cat","embeddable":true,"href":"https:\/\/www.gdwanjiada.net\/fr\/wp-json\/wp\/v2\/product_cat?post=1317"},{"taxonomy":"product_tag","embeddable":true,"href":"https:\/\/www.gdwanjiada.net\/fr\/wp-json\/wp\/v2\/product_tag?post=1317"}],"curies":[{"name":"wp","href":"https:\/\/api.w.org\/{rel}","templated":true}]}}