{"id":1289,"date":"2024-11-27T04:25:49","date_gmt":"2024-11-27T04:25:49","guid":{"rendered":"https:\/\/www.gdwanjiada.net\/?post_type=product&#038;p=1289"},"modified":"2024-11-27T04:25:50","modified_gmt":"2024-11-27T04:25:50","slug":"wholesale-commercial-evaporative-cooler","status":"publish","type":"product","link":"https:\/\/www.gdwanjiada.net\/fr\/produit\/wholesale-commercial-evaporative-cooler\/","title":{"rendered":"80L Wholesale Commercial Evaporative Cooler For Industrial Spaces (Refroidisseur d'\u00e9vaporation commercial pour espaces industriels)"},"content":{"rendered":"<h3 class=\"wp-block-heading has-text-align-center\">Sp\u00e9cifications du refroidisseur d'\u00e9vaporation commercial en gros<\/h3><figure class=\"wp-block-table\"><table class=\"has-fixed-layout\"><tbody><tr><td rowspan=\"2\">Mod\u00e8le<\/td><td rowspan=\"2\">Puissance (W)&nbsp;<\/td><td colspan=\"3\">D\u00e9bit d'air (m\u00b3\/h)<\/td><td rowspan=\"2\">Capacit\u00e9 du r\u00e9servoir d'eau (L)<\/td><td colspan=\"3\">Taille du produit (mm)&nbsp;<\/td><td rowspan=\"2\">Taille du coussin de refroidissement (mm)<\/td><td rowspan=\"2\">Emballage<\/td><td rowspan=\"2\">Poids net \/ poids brut (kg)&nbsp;&nbsp;<\/td><td rowspan=\"2\">Taille de l'emballage (mm)&nbsp;<\/td><td colspan=\"2\">Chargement Qt\u00e9<\/td><\/tr><tr><td>H<\/td><td>M<\/td><td>L<\/td><td>L<\/td><td>W<\/td><td>H<\/td><td>20'GP<\/td><td>40'HQ<\/td><\/tr><tr><td>WJD8000F-1M<\/td><td>200<\/td><td>8000<\/td><td>6000<\/td><td>3500<\/td><td>80.0<\/td><td>680<\/td><td>410<\/td><td>1250<\/td><td>75*520*690<\/td><td>1 pi\u00e8ce<\/td><td>18\/21<\/td><td>695*460*980<\/td><td>98<\/td><td>230<\/td><\/tr><\/tbody><\/table><\/figure><div class=\"wp-block-columns is-layout-flex wp-container-core-columns-is-layout-9d6595d7 wp-block-columns-is-layout-flex\"><div class=\"wp-block-column is-layout-flow wp-block-column-is-layout-flow\" style=\"flex-basis:50%\"><h3 class=\"wp-block-heading has-text-align-left\">Avantages de la vente en gros de refroidisseurs \u00e9vaporatifs commerciaux<\/h3>\n\n<ul class=\"wp-block-list\"><li><strong>Facile \u00e0 nettoyer et \u00e0 entretenir : <\/strong>\u00c9quip\u00e9 d'un \u00e9cran anti-poussi\u00e8re amovible, ce refroidisseur commercial \u00e0 \u00e9vaporation en gros permet aux utilisateurs de nettoyer et d'entretenir r\u00e9guli\u00e8rement l'\u00e9quipement pour obtenir de l'air frais et un fonctionnement efficace, ce qui prolonge efficacement sa dur\u00e9e de vie. Il est particuli\u00e8rement adapt\u00e9 \u00e0 une utilisation \u00e0 long terme dans les environnements industriels.<\/li>\n\n<li><strong>Flexible et stable : <\/strong>Nos refroidisseurs d'air industriels en gros sont \u00e9quip\u00e9s d'une fonction de blocage des roues avant, qui est facile \u00e0 d\u00e9placer et fermement fix\u00e9e, de sorte que l'\u00e9quipement peut \u00eatre librement d\u00e9plac\u00e9 et plac\u00e9 de mani\u00e8re stable dans de grands environnements industriels, s'adaptant aux besoins de multiples sc\u00e9narios.<\/li>\n\n<li><strong>Emballage de r\u00e9servoir d'eau invers\u00e9 : <\/strong>Ce puissant refroidisseur commercial \u00e0 \u00e9vaporation adopte une conception innovante d'emballage de r\u00e9servoir d'eau invers\u00e9 pour maximiser les \u00e9conomies d'espace de transport, r\u00e9duire les co\u00fbts de logistique et d'entreposage, et convient parfaitement aux achats en vrac et \u00e0 l'am\u00e9lioration de l'efficacit\u00e9 op\u00e9rationnelle globale.<\/li>\n\n<li><strong>S'adapter aux besoins de l'industrie :<\/strong> Nos refroidisseurs d'air industriels en gros sont dot\u00e9s d'un r\u00e9servoir d'eau de grande capacit\u00e9 de 80 litres, qui peut fournir un effet de refroidissement puissant pendant une longue p\u00e9riode. Il convient \u00e0 divers sites industriels de grande taille, garantissant que l'\u00e9quipement peut toujours fournir des services de refroidissement continus et stables dans des environnements \u00e0 haute temp\u00e9rature.<\/li><\/ul><\/div>\n\n<div class=\"wp-block-column is-layout-flow wp-block-column-is-layout-flow\"><figure class=\"wp-block-image size-full\"><img decoding=\"async\" width=\"1126\" height=\"1126\" src=\"https:\/\/www.gdwanjiada.net\/wp-content\/uploads\/2024\/11\/80L-Industrial-Evaporative-Swamp-Cooler-Wholesale-5.webp\" alt=\"80L Wholesale Commercial Evaporative Cooler For Industrial Spaces-5\" class=\"wp-image-1294\" srcset=\"https:\/\/www.gdwanjiada.net\/wp-content\/uploads\/2024\/11\/80L-Industrial-Evaporative-Swamp-Cooler-Wholesale-5.webp 1126w, https:\/\/www.gdwanjiada.net\/wp-content\/uploads\/2024\/11\/80L-Industrial-Evaporative-Swamp-Cooler-Wholesale-5-300x300.webp 300w, https:\/\/www.gdwanjiada.net\/wp-content\/uploads\/2024\/11\/80L-Industrial-Evaporative-Swamp-Cooler-Wholesale-5-150x150.webp 150w, https:\/\/www.gdwanjiada.net\/wp-content\/uploads\/2024\/11\/80L-Industrial-Evaporative-Swamp-Cooler-Wholesale-5-768x768.webp 768w, https:\/\/www.gdwanjiada.net\/wp-content\/uploads\/2024\/11\/80L-Industrial-Evaporative-Swamp-Cooler-Wholesale-5-12x12.webp 12w, https:\/\/www.gdwanjiada.net\/wp-content\/uploads\/2024\/11\/80L-Industrial-Evaporative-Swamp-Cooler-Wholesale-5-600x600.webp 600w, https:\/\/www.gdwanjiada.net\/wp-content\/uploads\/2024\/11\/80L-Industrial-Evaporative-Swamp-Cooler-Wholesale-5-100x100.webp 100w\" sizes=\"(max-width: 1126px) 100vw, 1126px\" \/><\/figure><\/div><\/div><p><\/p>","protected":false},"excerpt":{"rendered":"<p>Bienvenue pour acheter des refroidisseurs d'air industriels en gros. Notre refroidisseur commercial \u00e0 \u00e9vaporation est con\u00e7u pour les environnements industriels, facile \u00e0 nettoyer et \u00e0 entretenir, flexible et stable. Le r\u00e9servoir d'eau de 80L assure une r\u00e9frig\u00e9ration continue et efficace, adapt\u00e9e aux besoins de refroidissement des grands sites industriels.<\/p>\n<h2>Caract\u00e9ristiques du produit\uff1a<\/h2>\n<ul>\n<li>Il int\u00e8gre les fonctions de refroidissement, d'humidification et de purification et constitue un appareil polyvalent.<\/li>\n<li>Il utilise une entr\u00e9e d'air sur trois c\u00f4t\u00e9s et des rideaux humides de refroidissement par \u00e9vaporation \u00e0 haut rendement, et l'effet de refroidissement est plus \u00e9vident.<\/li>\n<li>Fonction d'enroulement manuel vers le haut et vers le bas, fonction d'enroulement automatique vers la gauche et vers la droite, s\u00e9lection de trois vitesses d'enroulement.<\/li>\n<li>Roue \u00e0 flux axial de grand diam\u00e8tre, grand volume d'air, faible bruit.<\/li>\n<li>R\u00e9servoir d'eau divis\u00e9 de grande capacit\u00e9, facile \u00e0 nettoyer.<\/li>\n<li>La partie sup\u00e9rieure du corps de la machine peut \u00eatre retourn\u00e9e pour ajouter de l'eau, de la glace et des cristaux de glace afin de la rendre plus fra\u00eeche.<\/li>\n<li>Filet anti-poussi\u00e8re amovible pour un nettoyage facile.<\/li>\n<li>La roue avant est dot\u00e9e d'une fonction de blocage du frein, ce qui est pratique pour le d\u00e9placement et la mise en place.<\/li>\n<li>La pompe submersible poss\u00e8de de multiples fonctions de protection, une quantit\u00e9 d'eau suffisante, et elle est s\u00fbre et garantie.<\/li>\n<li>Moteur en cuivre pur.<\/li>\n<li>Le r\u00e9servoir d'eau est empil\u00e9 dans un emballage invers\u00e9 pour \u00e9conomiser de l'espace et des co\u00fbts pendant le transport.<\/li>\n<\/ul>","protected":false},"featured_media":1290,"comment_status":"closed","ping_status":"closed","template":"","meta":{"_acf_changed":false},"product_brand":[],"product_cat":[26],"product_tag":[29],"class_list":{"0":"post-1289","1":"product","2":"type-product","3":"status-publish","4":"has-post-thumbnail","6":"product_cat-wholesale-air-coolers","7":"product_tag-wholesale-industrial-evaporative-air-coolers","9":"first","10":"instock","11":"shipping-taxable","12":"product-type-simple"},"acf":[],"_links":{"self":[{"href":"https:\/\/www.gdwanjiada.net\/fr\/wp-json\/wp\/v2\/product\/1289","targetHints":{"allow":["GET"]}}],"collection":[{"href":"https:\/\/www.gdwanjiada.net\/fr\/wp-json\/wp\/v2\/product"}],"about":[{"href":"https:\/\/www.gdwanjiada.net\/fr\/wp-json\/wp\/v2\/types\/product"}],"replies":[{"embeddable":true,"href":"https:\/\/www.gdwanjiada.net\/fr\/wp-json\/wp\/v2\/comments?post=1289"}],"wp:featuredmedia":[{"embeddable":true,"href":"https:\/\/www.gdwanjiada.net\/fr\/wp-json\/wp\/v2\/media\/1290"}],"wp:attachment":[{"href":"https:\/\/www.gdwanjiada.net\/fr\/wp-json\/wp\/v2\/media?parent=1289"}],"wp:term":[{"taxonomy":"product_brand","embeddable":true,"href":"https:\/\/www.gdwanjiada.net\/fr\/wp-json\/wp\/v2\/product_brand?post=1289"},{"taxonomy":"product_cat","embeddable":true,"href":"https:\/\/www.gdwanjiada.net\/fr\/wp-json\/wp\/v2\/product_cat?post=1289"},{"taxonomy":"product_tag","embeddable":true,"href":"https:\/\/www.gdwanjiada.net\/fr\/wp-json\/wp\/v2\/product_tag?post=1289"}],"curies":[{"name":"wp","href":"https:\/\/api.w.org\/{rel}","templated":true}]}}