{"id":1264,"date":"2024-11-27T03:52:47","date_gmt":"2024-11-27T03:52:47","guid":{"rendered":"https:\/\/www.gdwanjiada.net\/?post_type=product&#038;p=1264"},"modified":"2024-11-27T03:52:48","modified_gmt":"2024-11-27T03:52:48","slug":"evaporative-cooler-wholesale","status":"publish","type":"product","link":"https:\/\/www.gdwanjiada.net\/fr\/produit\/evaporative-cooler-wholesale\/","title":{"rendered":"Commercial Evaporative Cooler Wholesale With 3 Sides Cooling Pads"},"content":{"rendered":"<h3 class=\"wp-block-heading has-text-align-center\">Sp\u00e9cifications des refroidisseurs par \u00e9vaporation en gros<\/h3><figure class=\"wp-block-table\"><table class=\"has-fixed-layout\"><tbody><tr><td rowspan=\"2\">Mod\u00e8le<\/td><td rowspan=\"2\">Puissance (W)&nbsp;<\/td><td colspan=\"3\">D\u00e9bit d'air (m\u00b3\/h)<\/td><td rowspan=\"2\">Capacit\u00e9 du r\u00e9servoir d'eau (L)<\/td><td colspan=\"3\">Taille du produit (mm)&nbsp;<\/td><td rowspan=\"2\">Consommation d'eau (L\/H)<\/td><td rowspan=\"2\">Taille du coussin de refroidissement (mm)<\/td><td rowspan=\"2\">Emballage<\/td><td rowspan=\"2\">Poids net \/ poids brut (kg)&nbsp;&nbsp;<\/td><td rowspan=\"2\">Taille de l'emballage (mm)&nbsp;<\/td><td colspan=\"2\">Chargement Qt\u00e9<\/td><\/tr><tr><td>H<\/td><td>M<\/td><td>L<\/td><td>L<\/td><td>W<\/td><td>H<\/td><td>20'GP<\/td><td>40'HQ<\/td><\/tr><tr><td>WJD2800F-2Z<\/td><td>125<\/td><td>2500<\/td><td>1800<\/td><td>1300<\/td><td>28.0<\/td><td>470<\/td><td>345<\/td><td>950<\/td><td>4.0<\/td><td>360*65*495<\/td><td>1 pi\u00e8ce<\/td><td>12\/14.1<\/td><td>520*390*930<\/td><td>155<\/td><td>368<\/td><\/tr><\/tbody><\/table><\/figure><div class=\"wp-block-columns is-layout-flex wp-container-core-columns-is-layout-9d6595d7 wp-block-columns-is-layout-flex\"><div class=\"wp-block-column is-layout-flow wp-block-column-is-layout-flow\" style=\"flex-basis:50%\"><h3 class=\"wp-block-heading has-text-align-left\">Avantages de la vente en gros de refroidisseurs par \u00e9vaporation<\/h3>\n\n<ul class=\"wp-block-list\"><li><strong>Multifonctionnel : <\/strong>Ce refroidisseur \u00e0 \u00e9vaporation en gros int\u00e8gre le refroidissement, l'humidification et la purification de l'air. Gr\u00e2ce \u00e0 son fonctionnement, il peut am\u00e9liorer efficacement la qualit\u00e9 de l'air et fournir un environnement frais et humide, ce qui peut permettre aux utilisateurs en ext\u00e9rieur et dans les lieux commerciaux de b\u00e9n\u00e9ficier d'une gamme compl\u00e8te d'exp\u00e9riences confortables.<\/li>\n\n<li><strong>Contr\u00f4le intelligent : <\/strong>Notre refroidisseur d'air en gros est \u00e9quip\u00e9 d'un contr\u00f4le intelligent, et l'utilisateur peut facilement contr\u00f4ler toutes les fonctions du climatiseur par le biais d'un panneau de contr\u00f4le multifonction et d'un \u00e9cran LED. En outre, il est plus pratique et plus adapt\u00e9 aux op\u00e9rations de contr\u00f4le \u00e0 distance dans les zones \u00e9tendues.<\/li>\n\n<li><strong>Utilisation durable : <\/strong>Gr\u00e2ce \u00e0 son r\u00e9servoir d'eau ultra-large de 28 litres, ce refroidisseur \u00e9vaporatif en gros pour la chambre \u00e0 coucher garantit un fonctionnement continu de longue dur\u00e9e sans ajout fr\u00e9quent d'eau. En particulier, il convient parfaitement \u00e0 une utilisation prolong\u00e9e \u00e0 l'ext\u00e9rieur ou dans le commerce et peut continuer \u00e0 fournir un effet de refroidissement continu.<\/li>\n\n<li><strong>Robuste et durable : <\/strong>Notre refroidisseur d'air en gros adopte un corps en cuivre pur qui offre une bonne durabilit\u00e9 et une bonne r\u00e9sistance \u00e0 la corrosion, de mani\u00e8re \u00e0 ce que le produit fonctionne bien m\u00eame dans des conditions ext\u00e9rieures et commerciales extr\u00eames, ce qui lui assure une longue dur\u00e9e de vie.<\/li><\/ul><\/div>\n\n<div class=\"wp-block-column is-layout-flow wp-block-column-is-layout-flow\"><figure class=\"wp-block-image size-full\"><img decoding=\"async\" width=\"800\" height=\"800\" src=\"https:\/\/www.gdwanjiada.net\/wp-content\/uploads\/2024\/11\/Best-28L-Indoor-Evaporative-Swamp-Cooler-With-3-sides-Cooling-Pads-10.webp\" alt=\"Commercial Evaporative Cooler Wholesale With 3 Sides Cooling Pads-1\" class=\"wp-image-1274\" srcset=\"https:\/\/www.gdwanjiada.net\/wp-content\/uploads\/2024\/11\/Best-28L-Indoor-Evaporative-Swamp-Cooler-With-3-sides-Cooling-Pads-10.webp 800w, https:\/\/www.gdwanjiada.net\/wp-content\/uploads\/2024\/11\/Best-28L-Indoor-Evaporative-Swamp-Cooler-With-3-sides-Cooling-Pads-10-300x300.webp 300w, https:\/\/www.gdwanjiada.net\/wp-content\/uploads\/2024\/11\/Best-28L-Indoor-Evaporative-Swamp-Cooler-With-3-sides-Cooling-Pads-10-150x150.webp 150w, https:\/\/www.gdwanjiada.net\/wp-content\/uploads\/2024\/11\/Best-28L-Indoor-Evaporative-Swamp-Cooler-With-3-sides-Cooling-Pads-10-768x768.webp 768w, https:\/\/www.gdwanjiada.net\/wp-content\/uploads\/2024\/11\/Best-28L-Indoor-Evaporative-Swamp-Cooler-With-3-sides-Cooling-Pads-10-12x12.webp 12w, https:\/\/www.gdwanjiada.net\/wp-content\/uploads\/2024\/11\/Best-28L-Indoor-Evaporative-Swamp-Cooler-With-3-sides-Cooling-Pads-10-600x600.webp 600w, https:\/\/www.gdwanjiada.net\/wp-content\/uploads\/2024\/11\/Best-28L-Indoor-Evaporative-Swamp-Cooler-With-3-sides-Cooling-Pads-10-100x100.webp 100w\" sizes=\"(max-width: 800px) 100vw, 800px\" \/><\/figure><\/div><\/div>","protected":false},"excerpt":{"rendered":"<p>Nous vous invitons \u00e0 acheter des refroidisseurs d'air en gros. Ce refroidisseur commercial \u00e0 \u00e9vaporation int\u00e8gre trois fonctions : refroidissement, humidification et purification. Il est \u00e9quip\u00e9 d'un r\u00e9servoir d'eau de grande capacit\u00e9 (28L), d'un panneau de contr\u00f4le intelligent, d'un \u00e9cran LED et d'une commande \u00e0 distance. Il peut \u00eatre utilis\u00e9 \u00e0 l'ext\u00e9rieur et dans les commerces.<\/p>\n<h2>Caract\u00e9ristiques du produit\uff1a<\/h2>\n<ul>\n<li>Refroidissement, humidification et purification, une machine polyvalente.<\/li>\n<li>L'admission d'air sur 3 c\u00f4t\u00e9s rend l'effet de refroidissement plus \u00e9vident.<\/li>\n<li>Panneau de commande multifonctions, affichage LED, fonction de t\u00e9l\u00e9commande intelligente.<\/li>\n<li>Fonction de bar \u00e0 oxyg\u00e8ne \u00e0 ions n\u00e9gatifs, augmentation de l'oxyg\u00e8ne actif, purification de l'air.<\/li>\n<li>Roue \u00e0 flux axial de grand diam\u00e8tre, grand volume d'air, faible bruit.<\/li>\n<li>Trois types d'options de vent : imitation de vent naturel, vent de sommeil et vent standard.<\/li>\n<li>Fonction d'arr\u00eat automatique programm\u00e9 de 0,5 \u00e0 7,5 heures.<\/li>\n<li>Mont\u00e9e et descente manuelles, fonction d'enroulement automatique \u00e0 gauche et \u00e0 droite, 3 options de vitesse d'enroulement.<\/li>\n<li>Pompe \u00e0 eau \u00e0 protection multiple, volume d'eau suffisant et s\u00e9curit\u00e9 garantie.<\/li>\n<li>Fonction de verrouillage des roulettes avant, pratique pour le d\u00e9placement et la mise en place.<\/li>\n<li>Moteur en cuivre pur.<\/li>\n<\/ul>","protected":false},"featured_media":1265,"comment_status":"closed","ping_status":"closed","template":"","meta":{"_acf_changed":false},"product_brand":[],"product_cat":[26],"product_tag":[28],"class_list":{"0":"post-1264","1":"product","2":"type-product","3":"status-publish","4":"has-post-thumbnail","6":"product_cat-wholesale-air-coolers","7":"product_tag-commercial-air-coolers-wholesale","9":"first","10":"instock","11":"shipping-taxable","12":"product-type-simple"},"acf":[],"_links":{"self":[{"href":"https:\/\/www.gdwanjiada.net\/fr\/wp-json\/wp\/v2\/product\/1264","targetHints":{"allow":["GET"]}}],"collection":[{"href":"https:\/\/www.gdwanjiada.net\/fr\/wp-json\/wp\/v2\/product"}],"about":[{"href":"https:\/\/www.gdwanjiada.net\/fr\/wp-json\/wp\/v2\/types\/product"}],"replies":[{"embeddable":true,"href":"https:\/\/www.gdwanjiada.net\/fr\/wp-json\/wp\/v2\/comments?post=1264"}],"wp:featuredmedia":[{"embeddable":true,"href":"https:\/\/www.gdwanjiada.net\/fr\/wp-json\/wp\/v2\/media\/1265"}],"wp:attachment":[{"href":"https:\/\/www.gdwanjiada.net\/fr\/wp-json\/wp\/v2\/media?parent=1264"}],"wp:term":[{"taxonomy":"product_brand","embeddable":true,"href":"https:\/\/www.gdwanjiada.net\/fr\/wp-json\/wp\/v2\/product_brand?post=1264"},{"taxonomy":"product_cat","embeddable":true,"href":"https:\/\/www.gdwanjiada.net\/fr\/wp-json\/wp\/v2\/product_cat?post=1264"},{"taxonomy":"product_tag","embeddable":true,"href":"https:\/\/www.gdwanjiada.net\/fr\/wp-json\/wp\/v2\/product_tag?post=1264"}],"curies":[{"name":"wp","href":"https:\/\/api.w.org\/{rel}","templated":true}]}}