{"id":1192,"date":"2024-11-15T06:11:12","date_gmt":"2024-11-15T06:11:12","guid":{"rendered":"https:\/\/www.gdwanjiada.net\/?post_type=product&#038;p=1192"},"modified":"2024-11-15T06:11:13","modified_gmt":"2024-11-15T06:11:13","slug":"air-coolers-wholesale","status":"publish","type":"product","link":"https:\/\/www.gdwanjiada.net\/fr\/produit\/air-coolers-wholesale\/","title":{"rendered":"Best Evaporative Air Coolers Wholesale With 4 sides Cooling Pads (Refroidisseurs d'air \u00e0 \u00e9vaporation)"},"content":{"rendered":"<h3 class=\"wp-block-heading has-text-align-center\">Sp\u00e9cifications des refroidisseurs d'air en gros<\/h3><figure class=\"wp-block-table\"><table class=\"has-fixed-layout\"><tbody><tr><td rowspan=\"2\">Mod\u00e8le<\/td><td rowspan=\"2\">Puissance (W)&nbsp;<\/td><td colspan=\"3\">D\u00e9bit d'air (m\u00b3\/h)<\/td><td rowspan=\"2\">Capacit\u00e9 du r\u00e9servoir d'eau (L)<\/td><td colspan=\"3\">Taille du produit (mm)&nbsp;<\/td><td rowspan=\"2\">Consommation d'eau (L\/H)<\/td><td rowspan=\"2\">Taille du coussin de refroidissement (mm)<\/td><td rowspan=\"2\">Emballage<\/td><td rowspan=\"2\">Poids net \/ poids brut (kg)&nbsp;&nbsp;<\/td><td rowspan=\"2\">Taille de l'emballage (mm)&nbsp;<\/td><td colspan=\"2\">Chargement Qt\u00e9<\/td><\/tr><tr><td>H<\/td><td>M<\/td><td>L<\/td><td>L<\/td><td>W<\/td><td>H<\/td><td>20'GP<\/td><td>40'HQ<\/td><\/tr><tr><td>WJD980F-1L<\/td><td>90<\/td><td>980<\/td><td>750<\/td><td>550<\/td><td>18.0<\/td><td>335<\/td><td>340<\/td><td>840<\/td><td>1.5<\/td><td>215*40*270<\/td><td>1 pi\u00e8ce<\/td><td>7.5\/9.5<\/td><td>392*385*870<\/td><td>240<\/td><td>536<\/td><\/tr><\/tbody><\/table><\/figure><div class=\"wp-block-columns is-layout-flex wp-container-core-columns-is-layout-9d6595d7 wp-block-columns-is-layout-flex\"><div class=\"wp-block-column is-layout-flow wp-block-column-is-layout-flow\" style=\"flex-basis:50%\"><h3 class=\"wp-block-heading has-text-align-left\">Avantages des refroidisseurs d'air en gros<\/h3>\n\n<ul class=\"wp-block-list\"><li><strong>Prise d'air \u00e0 quatre c\u00f4t\u00e9s :<\/strong> Ces refroidisseurs d'air commerciaux adoptent en gros une conception d'admission d'air sur quatre c\u00f4t\u00e9s. Tout en refroidissant le rideau humide, il am\u00e9liore efficacement l'efficacit\u00e9 du refroidissement en augmentant l'humidit\u00e9 de l'air et en refroidissant rapidement l'air int\u00e9rieur. Il peut \u00eatre utilis\u00e9 dans les grandes surfaces commerciales.<\/li>\n\n<li><strong>Faible niveau sonore et grand volume d'air :<\/strong> Ce refroidisseur d'air \u00e9vaporatif en gros adopte un design de roue centrifuge avec un volume d'air important, qui peut rapidement faire circuler l'air int\u00e9rieur et couvrir une grande surface. En m\u00eame temps, il peut fonctionner silencieusement pour ne pas perturber le travail quotidien du personnel et l'exp\u00e9rience des clients. Il convient parfaitement aux locaux commerciaux.<\/li>\n\n<li><strong>Purification de l'air par ions n\u00e9gatifs : <\/strong>Ces refroidisseurs d'air en gros sont \u00e9quip\u00e9s d'une fonction de purification de l'air par ions n\u00e9gatifs qui leur permet de cr\u00e9er de l'oxyg\u00e8ne actif et de purifier efficacement l'air. Vos clients et vos employ\u00e9s peuvent ainsi profiter de la fra\u00eecheur tout en respirant un air plus frais.\u00a0<\/li>\n\n<li><strong>Effet de refroidissement renforc\u00e9 : <\/strong>Le design de la partie sup\u00e9rieure de ce refroidisseur d'air \u00e9vaporatif est pratique, et de l'eau, de la glace ou des cristaux de glace peuvent \u00eatre facilement ajout\u00e9s, ce qui am\u00e9liore grandement l'effet de refroidissement. Les utilisateurs peuvent l'ajuster en fonction des besoins de l'environnement pour apporter une exp\u00e9rience plus fra\u00eeche dans la pi\u00e8ce.<\/li><\/ul><\/div>\n\n<div class=\"wp-block-column is-layout-flow wp-block-column-is-layout-flow\"><figure class=\"wp-block-image size-full\"><img decoding=\"async\" width=\"1127\" height=\"1127\" src=\"https:\/\/www.gdwanjiada.net\/wp-content\/uploads\/2024\/11\/18L-evaporative-air-cooler-commercial-6.webp\" alt=\"Best Evaporative Air Coolers Wholesale With 4 sides Cooling Pads-1\" class=\"wp-image-1198\" srcset=\"https:\/\/www.gdwanjiada.net\/wp-content\/uploads\/2024\/11\/18L-evaporative-air-cooler-commercial-6.webp 1127w, https:\/\/www.gdwanjiada.net\/wp-content\/uploads\/2024\/11\/18L-evaporative-air-cooler-commercial-6-300x300.webp 300w, https:\/\/www.gdwanjiada.net\/wp-content\/uploads\/2024\/11\/18L-evaporative-air-cooler-commercial-6-150x150.webp 150w, https:\/\/www.gdwanjiada.net\/wp-content\/uploads\/2024\/11\/18L-evaporative-air-cooler-commercial-6-768x768.webp 768w, https:\/\/www.gdwanjiada.net\/wp-content\/uploads\/2024\/11\/18L-evaporative-air-cooler-commercial-6-12x12.webp 12w, https:\/\/www.gdwanjiada.net\/wp-content\/uploads\/2024\/11\/18L-evaporative-air-cooler-commercial-6-600x600.webp 600w, https:\/\/www.gdwanjiada.net\/wp-content\/uploads\/2024\/11\/18L-evaporative-air-cooler-commercial-6-100x100.webp 100w\" sizes=\"(max-width: 1127px) 100vw, 1127px\" \/><\/figure><\/div><\/div>","protected":false},"excerpt":{"rendered":"<p>Nous vous invitons \u00e0 acheter des refroidisseurs d'air \u00e9vaporatifs en gros. Ce refroidisseur d'air ext\u00e9rieur est dot\u00e9 d'une entr\u00e9e d'air \u00e0 quatre c\u00f4t\u00e9s et d'un rideau humide de refroidissement, ce qui am\u00e9liore consid\u00e9rablement l'effet de refroidissement. La roue du ventilateur centrifuge assure un grand volume d'air et un faible bruit. Le corps en cuivre pur de haute qualit\u00e9 est durable et convient aux grandes surfaces commerciales.<\/p>\n<h2>Caract\u00e9ristiques du produit\uff1a<\/h2>\n<ul>\n<li>Refroidissement, humidification et purification, une machine polyvalente.<\/li>\n<li>Le vent entre par les 4 c\u00f4t\u00e9s, ce qui rend l'effet de refroidissement plus \u00e9vident.<\/li>\n<li>Un panneau de commande dot\u00e9 de fonctions multiples, d'un affichage LED et d'une t\u00e9l\u00e9commande intelligente.<\/li>\n<li>Fonction d'ions n\u00e9gatifs pour la purification de l'air.<\/li>\n<li>Roue centrifuge pour un flux d'air puissant et un bruit minimal.<\/li>\n<li>Options de brise naturelle, de mode veille et de r\u00e9glage standard du vent.<\/li>\n<li>Fonction minuterie r\u00e9glable de 1 \u00e0 7 heures.<\/li>\n<li>R\u00e9servoir d'eau d\u00e9tachable de l'appareil pour faciliter le nettoyage.<\/li>\n<li>Mont\u00e9e et descente manuelles, gauche et droite automatiques par les pales. 3 vitesses de vent au choix.<\/li>\n<li>Il est possible d'ajouter de l'eau ou de la glace dans la partie sup\u00e9rieure, pour un meilleur refroidissement.<\/li>\n<li>\u00c9quip\u00e9 d'un moteur en cuivre de haute qualit\u00e9.<\/li>\n<\/ul>","protected":false},"featured_media":1194,"comment_status":"closed","ping_status":"closed","template":"","meta":{"_acf_changed":false},"product_brand":[],"product_cat":[26],"product_tag":[27],"class_list":{"0":"post-1192","1":"product","2":"type-product","3":"status-publish","4":"has-post-thumbnail","6":"product_cat-wholesale-air-coolers","7":"product_tag-wholesale-home-air-coolers","9":"first","10":"instock","11":"shipping-taxable","12":"product-type-simple"},"acf":[],"_links":{"self":[{"href":"https:\/\/www.gdwanjiada.net\/fr\/wp-json\/wp\/v2\/product\/1192","targetHints":{"allow":["GET"]}}],"collection":[{"href":"https:\/\/www.gdwanjiada.net\/fr\/wp-json\/wp\/v2\/product"}],"about":[{"href":"https:\/\/www.gdwanjiada.net\/fr\/wp-json\/wp\/v2\/types\/product"}],"replies":[{"embeddable":true,"href":"https:\/\/www.gdwanjiada.net\/fr\/wp-json\/wp\/v2\/comments?post=1192"}],"wp:featuredmedia":[{"embeddable":true,"href":"https:\/\/www.gdwanjiada.net\/fr\/wp-json\/wp\/v2\/media\/1194"}],"wp:attachment":[{"href":"https:\/\/www.gdwanjiada.net\/fr\/wp-json\/wp\/v2\/media?parent=1192"}],"wp:term":[{"taxonomy":"product_brand","embeddable":true,"href":"https:\/\/www.gdwanjiada.net\/fr\/wp-json\/wp\/v2\/product_brand?post=1192"},{"taxonomy":"product_cat","embeddable":true,"href":"https:\/\/www.gdwanjiada.net\/fr\/wp-json\/wp\/v2\/product_cat?post=1192"},{"taxonomy":"product_tag","embeddable":true,"href":"https:\/\/www.gdwanjiada.net\/fr\/wp-json\/wp\/v2\/product_tag?post=1192"}],"curies":[{"name":"wp","href":"https:\/\/api.w.org\/{rel}","templated":true}]}}