{"id":1171,"date":"2024-11-15T03:31:17","date_gmt":"2024-11-15T03:31:17","guid":{"rendered":"https:\/\/www.gdwanjiada.net\/?post_type=product&#038;p=1171"},"modified":"2024-11-15T03:31:18","modified_gmt":"2024-11-15T03:31:18","slug":"commercial-wholesale-air-cooler","status":"publish","type":"product","link":"https:\/\/www.gdwanjiada.net\/fr\/produit\/commercial-wholesale-air-cooler\/","title":{"rendered":"28L Tank Commercial Wholesale Air Cooler with 3-Sided Air Intake (r\u00e9servoir d'air r\u00e9frig\u00e9r\u00e9 commercial avec prise d'air sur 3 c\u00f4t\u00e9s)"},"content":{"rendered":"<h3 class=\"wp-block-heading has-text-align-center\">Sp\u00e9cifications du refroidisseur d'air commercial de gros<\/h3><figure class=\"wp-block-table\"><table class=\"has-fixed-layout\"><tbody><tr><td rowspan=\"2\">Mod\u00e8le<\/td><td rowspan=\"2\">Puissance (W)&nbsp;<\/td><td colspan=\"3\">D\u00e9bit d'air (m\u00b3\/h)<\/td><td rowspan=\"2\">Capacit\u00e9 du r\u00e9servoir d'eau (L)<\/td><td colspan=\"3\">Taille du produit (mm)&nbsp;<\/td><td rowspan=\"2\">Consommation d'eau (L\/H)<\/td><td rowspan=\"2\">Taille du coussin de refroidissement (mm)<\/td><td rowspan=\"2\">Emballage<\/td><td rowspan=\"2\">Poids net \/ poids brut (kg)&nbsp;&nbsp;<\/td><td rowspan=\"2\">Taille de l'emballage (mm)&nbsp;<\/td><td colspan=\"2\">Chargement Qt\u00e9<\/td><\/tr><tr><td>H<\/td><td>M<\/td><td>L<\/td><td>L<\/td><td>W<\/td><td>H<\/td><td>20'GP<\/td><td>40'HQ<\/td><\/tr><tr><td>WJD2800F-1Z<\/td><td>125<\/td><td>2500<\/td><td>1800<\/td><td>1300<\/td><td>28.0<\/td><td>470<\/td><td>345<\/td><td>950<\/td><td>4.0<\/td><td>360*65*495<\/td><td>1 pi\u00e8ce<\/td><td>12\/14.1<\/td><td>520*390*930<\/td><td>155<\/td><td>368<\/td><\/tr><\/tbody><\/table><\/figure><div class=\"wp-block-columns is-layout-flex wp-container-core-columns-is-layout-9d6595d7 wp-block-columns-is-layout-flex\"><div class=\"wp-block-column is-layout-flow wp-block-column-is-layout-flow\" style=\"flex-basis:50%\"><h3 class=\"wp-block-heading has-text-align-left\">Avantages des refroidisseurs d'air commerciaux en gros<\/h3>\n\n<ul class=\"wp-block-list\"><li><strong>Roue avant avec blocage du frein : <\/strong>Ce refroidisseur d'air commercial de gros est \u00e9quip\u00e9 d'une fonction de blocage des roues avant afin de garantir qu'il peut \u00eatre fermement fix\u00e9 lorsqu'il est utilis\u00e9 dans diff\u00e9rentes positions, qu'il est facile \u00e0 d\u00e9placer et s\u00fbr, et qu'il convient \u00e0 une utilisation flexible dans de multiples sc\u00e9narios dans des environnements commerciaux.<\/li>\n\n<li><strong>Purification de l'air par ions n\u00e9gatifs : <\/strong>Notre refroidisseur commercial est \u00e9quip\u00e9 d'une fonction d'ions n\u00e9gatifs, qui augmente l'oxyg\u00e8ne actif et purifie efficacement l'air, permettant \u00e0 vos clients et employ\u00e9s de profiter de la fra\u00eecheur tout en respirant un air plus frais.<\/li>\n\n<li><strong>Entr\u00e9e d'air \u00e0 trois c\u00f4t\u00e9s : <\/strong>Notre refroidisseur d'air commercial en gros adopte une conception d'admission d'air sur trois c\u00f4t\u00e9s pour am\u00e9liorer l'efficacit\u00e9 de la circulation de l'air, refroidir rapidement une grande surface, assurer un effet de refroidissement uniforme et fournir un environnement plus confortable pour les lieux commerciaux.<\/li>\n\n<li><strong>Utilisation plus s\u00fbre : <\/strong>Ce refroidisseur \u00e9vaporatif en gros est \u00e9quip\u00e9 d'une pompe submersible int\u00e9gr\u00e9e et de plusieurs dispositifs de protection pour \u00e9viter les pannes de la pompe \u00e0 eau ou les probl\u00e8mes \u00e9lectriques, assurer la s\u00e9curit\u00e9 pendant le fonctionnement \u00e0 long terme et am\u00e9liorer consid\u00e9rablement la fiabilit\u00e9 de l'utilisation.<\/li><\/ul><\/div>\n\n<div class=\"wp-block-column is-layout-flow wp-block-column-is-layout-flow\"><figure class=\"wp-block-image size-full\"><img decoding=\"async\" width=\"800\" height=\"800\" src=\"https:\/\/www.gdwanjiada.net\/wp-content\/uploads\/2024\/11\/28L-Commercial-Wholesale-Evaporative-Air-Cooler-7.webp\" alt=\"28L Tank Commercial Wholesale Air Cooler with 3-Sided Air Intake-1\" class=\"wp-image-1178\" srcset=\"https:\/\/www.gdwanjiada.net\/wp-content\/uploads\/2024\/11\/28L-Commercial-Wholesale-Evaporative-Air-Cooler-7.webp 800w, https:\/\/www.gdwanjiada.net\/wp-content\/uploads\/2024\/11\/28L-Commercial-Wholesale-Evaporative-Air-Cooler-7-300x300.webp 300w, https:\/\/www.gdwanjiada.net\/wp-content\/uploads\/2024\/11\/28L-Commercial-Wholesale-Evaporative-Air-Cooler-7-150x150.webp 150w, https:\/\/www.gdwanjiada.net\/wp-content\/uploads\/2024\/11\/28L-Commercial-Wholesale-Evaporative-Air-Cooler-7-768x768.webp 768w, https:\/\/www.gdwanjiada.net\/wp-content\/uploads\/2024\/11\/28L-Commercial-Wholesale-Evaporative-Air-Cooler-7-12x12.webp 12w, https:\/\/www.gdwanjiada.net\/wp-content\/uploads\/2024\/11\/28L-Commercial-Wholesale-Evaporative-Air-Cooler-7-600x600.webp 600w, https:\/\/www.gdwanjiada.net\/wp-content\/uploads\/2024\/11\/28L-Commercial-Wholesale-Evaporative-Air-Cooler-7-100x100.webp 100w\" sizes=\"(max-width: 800px) 100vw, 800px\" \/><\/figure><\/div><\/div>","protected":false},"excerpt":{"rendered":"<p>Bienvenue sur le site d'achat en gros de refroidisseurs d'air. Notre refroidisseur d'air 28L purifie l'air, augmente l'oxyg\u00e8ne actif et cr\u00e9e un environnement plus sain pour tous. La roue avant nouvellement ajout\u00e9e avec fonction de blocage du frein facilite le d\u00e9placement et le rend plus s\u00fbr, ce qui en fait une solution de refroidissement id\u00e9ale pour les grands espaces commerciaux.<\/p>\n<h2>Caract\u00e9ristiques du produit\uff1a<\/h2>\n<ul>\n<li>Il combine des capacit\u00e9s de refroidissement, d'humidification et de purification, ce qui en fait un appareil polyvalent.<\/li>\n<li>Il utilise une entr\u00e9e d'air \u00e0 trois c\u00f4t\u00e9s et des rideaux humides de refroidissement par \u00e9vaporation efficaces, ce qui accentue l'effet de refroidissement.<\/li>\n<li>Il est dot\u00e9 d'un panneau de commande multifonctions, d'un \u00e9cran couleur \u00e0 LED et d'une t\u00e9l\u00e9commande intelligente.<\/li>\n<li>Fonction de bar \u00e0 oxyg\u00e8ne \u00e0 ions n\u00e9gatifs, augmentation de l'oxyg\u00e8ne actif, purification de l'air.<\/li>\n<li>Il est dot\u00e9 d'une roue \u00e0 flux axial de grand diam\u00e8tre, offrant un grand volume d'air avec un faible niveau de bruit.<\/li>\n<li>Il offre trois types d'options de vent : le vent naturel simul\u00e9, le vent en sommeil et le vent standard.<\/li>\n<li>Fonction d'arr\u00eat automatique programm\u00e9 de 0,5 \u00e0 7,5 heures.<\/li>\n<li>Il permet une mont\u00e9e et une descente manuelles, ainsi qu'un enroulement automatique \u00e0 gauche et \u00e0 droite, avec trois options de vitesse d'enroulement.<\/li>\n<li>Pompe submersible dot\u00e9e de multiples fonctions de protection, d'un volume d'eau suffisant et d'une s\u00e9curit\u00e9 garantie.<\/li>\n<li>La roue avant est dot\u00e9e d'une fonction de blocage du frein, ce qui est pratique pour le d\u00e9placement et la mise en place.<\/li>\n<li>Aliment\u00e9 par un moteur en cuivre pur.<\/li>\n<\/ul>","protected":false},"featured_media":1172,"comment_status":"closed","ping_status":"closed","template":"","meta":{"_acf_changed":false},"product_brand":[],"product_cat":[26],"product_tag":[28],"class_list":{"0":"post-1171","1":"product","2":"type-product","3":"status-publish","4":"has-post-thumbnail","6":"product_cat-wholesale-air-coolers","7":"product_tag-commercial-air-coolers-wholesale","9":"first","10":"instock","11":"shipping-taxable","12":"product-type-simple"},"acf":[],"_links":{"self":[{"href":"https:\/\/www.gdwanjiada.net\/fr\/wp-json\/wp\/v2\/product\/1171","targetHints":{"allow":["GET"]}}],"collection":[{"href":"https:\/\/www.gdwanjiada.net\/fr\/wp-json\/wp\/v2\/product"}],"about":[{"href":"https:\/\/www.gdwanjiada.net\/fr\/wp-json\/wp\/v2\/types\/product"}],"replies":[{"embeddable":true,"href":"https:\/\/www.gdwanjiada.net\/fr\/wp-json\/wp\/v2\/comments?post=1171"}],"wp:featuredmedia":[{"embeddable":true,"href":"https:\/\/www.gdwanjiada.net\/fr\/wp-json\/wp\/v2\/media\/1172"}],"wp:attachment":[{"href":"https:\/\/www.gdwanjiada.net\/fr\/wp-json\/wp\/v2\/media?parent=1171"}],"wp:term":[{"taxonomy":"product_brand","embeddable":true,"href":"https:\/\/www.gdwanjiada.net\/fr\/wp-json\/wp\/v2\/product_brand?post=1171"},{"taxonomy":"product_cat","embeddable":true,"href":"https:\/\/www.gdwanjiada.net\/fr\/wp-json\/wp\/v2\/product_cat?post=1171"},{"taxonomy":"product_tag","embeddable":true,"href":"https:\/\/www.gdwanjiada.net\/fr\/wp-json\/wp\/v2\/product_tag?post=1171"}],"curies":[{"name":"wp","href":"https:\/\/api.w.org\/{rel}","templated":true}]}}