{"id":1152,"date":"2024-10-30T01:46:03","date_gmt":"2024-10-30T01:46:03","guid":{"rendered":"https:\/\/www.gdwanjiada.net\/?post_type=product&#038;p=1152"},"modified":"2024-10-30T01:54:43","modified_gmt":"2024-10-30T01:54:43","slug":"bulk-plastic-storage-containers","status":"publish","type":"product","link":"https:\/\/www.gdwanjiada.net\/fr\/produit\/bulk-plastic-storage-containers\/","title":{"rendered":"Conteneurs de stockage en plastique en vrac, armoires \u00e0 5 niveaux, vente en gros"},"content":{"rendered":"<h3 class=\"wp-block-heading has-text-align-center\">Sp\u00e9cifications des conteneurs de stockage en plastique en vrac<\/h3><figure class=\"wp-block-table\"><table class=\"has-fixed-layout\"><tbody><tr><td>Mod\u00e8le<\/td><td>Mat\u00e9riau<\/td><td>Taille du produit\uff08cm\uff09<\/td><td>Taille du carton\uff08cm\uff09<\/td><td>Qt\u00e9 d'emballage\uff08pcs\uff09<\/td><td>G.W.\uff08kg\uff09<\/td><td>N.W.\uff08kg\uff09<\/td><\/tr><tr><td>315\uff085 couches\uff09<\/td><td>PP<\/td><td>30*38*79.8<\/td><td>51.5*36.5*25<\/td><td>1<\/td><td>4.524<\/td><td>3.804<\/td><\/tr><\/tbody><\/table><\/figure><div class=\"wp-block-columns is-layout-flex wp-container-core-columns-is-layout-9d6595d7 wp-block-columns-is-layout-flex\"><div class=\"wp-block-column is-layout-flow wp-block-column-is-layout-flow\" style=\"flex-basis:50%\"><h3 class=\"wp-block-heading has-text-align-left\">Avantages des conteneurs de stockage en plastique en vrac<\/h3>\n\n<ul class=\"wp-block-list\"><li><strong>Conception \u00e0 cinq couches de grande capacit\u00e9 :<\/strong> Ces conteneurs de stockage en plastique en vrac \u00e0 cinq couches offrent un vaste espace de stockage, aidant les utilisateurs \u00e0 stocker et \u00e0 trier facilement divers articles. Ils conviennent \u00e0 une utilisation dans une vari\u00e9t\u00e9 d'endroits tels que la maison, le bureau, le dortoir, etc.<\/li>\n\n<li><strong>Mat\u00e9riau de haute qualit\u00e9, robuste et durable : <\/strong>Ces armoires en gros sont fabriqu\u00e9es en plastique de haute qualit\u00e9, avec une structure stable, une excellente r\u00e9sistance \u00e0 la pression et une grande durabilit\u00e9, ce qui garantit qu'elles restent en bon \u00e9tat lors d'une utilisation quotidienne.<\/li>\n\n<li><strong>Tiroir de conception simple : <\/strong>Nos conteneurs de stockage en plastique en vrac sont \u00e9quip\u00e9s de tiroirs lisses, que les utilisateurs peuvent facilement ouvrir ou fermer, ce qui permet de prendre et de ranger rapidement les articles et d'am\u00e9liorer l'exp\u00e9rience d'utilisation quotidienne.<\/li>\n\n<li><strong>Aspect \u00e9l\u00e9gant et s\u00e9lection de plusieurs couleurs : <\/strong>Le design de nos armoires en plastique en gros est simple et \u00e9l\u00e9gant, et offre une vari\u00e9t\u00e9 d'options de couleurs, convenant \u00e0 diff\u00e9rents styles de besoins de d\u00e9coration, ajoutant de la couleur et de la vitalit\u00e9 \u00e0 l'espace.<\/li><\/ul><\/div>\n\n<div class=\"wp-block-column is-layout-flow wp-block-column-is-layout-flow\"><figure class=\"wp-block-image size-full\"><img decoding=\"async\" width=\"800\" height=\"800\" src=\"https:\/\/www.gdwanjiada.net\/wp-content\/uploads\/2024\/10\/Bulk-Plastic-Storage-Containers-5-Layers-Cabinets-Wholesale.webp\" alt=\"Conteneurs de stockage en plastique en vrac, armoires \u00e0 5 niveaux, vente en gros\" class=\"wp-image-1153\" srcset=\"https:\/\/www.gdwanjiada.net\/wp-content\/uploads\/2024\/10\/Bulk-Plastic-Storage-Containers-5-Layers-Cabinets-Wholesale.webp 800w, https:\/\/www.gdwanjiada.net\/wp-content\/uploads\/2024\/10\/Bulk-Plastic-Storage-Containers-5-Layers-Cabinets-Wholesale-300x300.webp 300w, https:\/\/www.gdwanjiada.net\/wp-content\/uploads\/2024\/10\/Bulk-Plastic-Storage-Containers-5-Layers-Cabinets-Wholesale-150x150.webp 150w, https:\/\/www.gdwanjiada.net\/wp-content\/uploads\/2024\/10\/Bulk-Plastic-Storage-Containers-5-Layers-Cabinets-Wholesale-768x768.webp 768w, https:\/\/www.gdwanjiada.net\/wp-content\/uploads\/2024\/10\/Bulk-Plastic-Storage-Containers-5-Layers-Cabinets-Wholesale-12x12.webp 12w, https:\/\/www.gdwanjiada.net\/wp-content\/uploads\/2024\/10\/Bulk-Plastic-Storage-Containers-5-Layers-Cabinets-Wholesale-600x600.webp 600w, https:\/\/www.gdwanjiada.net\/wp-content\/uploads\/2024\/10\/Bulk-Plastic-Storage-Containers-5-Layers-Cabinets-Wholesale-100x100.webp 100w\" sizes=\"(max-width: 800px) 100vw, 800px\" \/><\/figure><\/div><\/div>","protected":false},"excerpt":{"rendered":"<p>Bienvenue pour acheter des armoires en gros. Nos conteneurs de stockage en plastique en vrac \u00e0 cinq couches ont une grande capacit\u00e9 et une structure robuste, convenant \u00e0 une utilisation dans une vari\u00e9t\u00e9 de sc\u00e9narios. Son apparence simple et \u00e9l\u00e9gante et ses options multicolores ajoutent de la couleur \u00e0 l'espace et constituent un choix de stockage id\u00e9al pour les achats en gros.<\/p>\n<h2>Caract\u00e9ristiques du produit\uff1a<\/h2>\n<ul>\n<li>La conception \u00e0 5 couches offre un vaste espace de rangement, adapt\u00e9 au rangement de divers articles tels que la papeterie, les documents, les v\u00eatements, etc.<\/li>\n<li>Les tiroirs sont disponibles dans une vari\u00e9t\u00e9 de couleurs, et les utilisateurs peuvent les assortir en fonction de leurs pr\u00e9f\u00e9rences personnelles et de l'environnement de leur bureau pour ajouter de la beaut\u00e9 et de la vitalit\u00e9 \u00e0 l'espace.<\/li>\n<li>L\u00e9ger et durable, il peut r\u00e9sister \u00e0 l'usure quotidienne, ce qui garantit qu'il ne sera pas facilement endommag\u00e9 lors d'une utilisation \u00e0 long terme.<\/li>\n<li>Les utilisateurs peuvent l'assembler rapidement, ce qui leur permet d'\u00e9conomiser du temps et de l'\u00e9nergie, et le mettre rapidement en service.<\/li>\n<li>Convient \u00e0 une vari\u00e9t\u00e9 d'occasions, telles que la maison, le bureau, l'\u00e9cole, etc., offrant des solutions de stockage flexibles.<\/li>\n<\/ul>","protected":false},"featured_media":1153,"comment_status":"closed","ping_status":"closed","template":"","meta":{"_acf_changed":false},"product_brand":[],"product_cat":[20],"product_tag":[],"class_list":{"0":"post-1152","1":"product","2":"type-product","3":"status-publish","4":"has-post-thumbnail","6":"product_cat-plastic-cabinets-wholesale","8":"first","9":"instock","10":"shipping-taxable","11":"product-type-simple"},"acf":[],"_links":{"self":[{"href":"https:\/\/www.gdwanjiada.net\/fr\/wp-json\/wp\/v2\/product\/1152","targetHints":{"allow":["GET"]}}],"collection":[{"href":"https:\/\/www.gdwanjiada.net\/fr\/wp-json\/wp\/v2\/product"}],"about":[{"href":"https:\/\/www.gdwanjiada.net\/fr\/wp-json\/wp\/v2\/types\/product"}],"replies":[{"embeddable":true,"href":"https:\/\/www.gdwanjiada.net\/fr\/wp-json\/wp\/v2\/comments?post=1152"}],"wp:featuredmedia":[{"embeddable":true,"href":"https:\/\/www.gdwanjiada.net\/fr\/wp-json\/wp\/v2\/media\/1153"}],"wp:attachment":[{"href":"https:\/\/www.gdwanjiada.net\/fr\/wp-json\/wp\/v2\/media?parent=1152"}],"wp:term":[{"taxonomy":"product_brand","embeddable":true,"href":"https:\/\/www.gdwanjiada.net\/fr\/wp-json\/wp\/v2\/product_brand?post=1152"},{"taxonomy":"product_cat","embeddable":true,"href":"https:\/\/www.gdwanjiada.net\/fr\/wp-json\/wp\/v2\/product_cat?post=1152"},{"taxonomy":"product_tag","embeddable":true,"href":"https:\/\/www.gdwanjiada.net\/fr\/wp-json\/wp\/v2\/product_tag?post=1152"}],"curies":[{"name":"wp","href":"https:\/\/api.w.org\/{rel}","templated":true}]}}