{"id":1150,"date":"2024-10-30T01:38:16","date_gmt":"2024-10-30T01:38:16","guid":{"rendered":"https:\/\/www.gdwanjiada.net\/?post_type=product&#038;p=1150"},"modified":"2024-10-30T01:45:42","modified_gmt":"2024-10-30T01:45:42","slug":"wholesale-cabinet","status":"publish","type":"product","link":"https:\/\/www.gdwanjiada.net\/fr\/produit\/wholesale-cabinet\/","title":{"rendered":"Armoire de vente en gros en plastique \u00e0 4 niveaux, armoires de stockage en vrac empilables"},"content":{"rendered":"<h3 class=\"wp-block-heading has-text-align-center\">Sp\u00e9cifications de l'armoire de gros<\/h3><figure class=\"wp-block-table\"><table class=\"has-fixed-layout\"><tbody><tr><td>Mod\u00e8le<\/td><td>Mat\u00e9riau<\/td><td>Taille du produit\uff08cm\uff09<\/td><td>Taille du carton\uff08cm\uff09<\/td><td>Qt\u00e9 d'emballage\uff08pcs\uff09<\/td><td>G.W.\uff08kg\uff09<\/td><td>N.W.\uff08kg\uff09<\/td><\/tr><tr><td>314\uff084 couches\uff09<\/td><td>PP<\/td><td>30*38*64.6<\/td><td>51.5*36.5*23.5<\/td><td>1<\/td><td>3.816<\/td><td>3.116<\/td><\/tr><\/tbody><\/table><\/figure><div class=\"wp-block-columns is-layout-flex wp-container-core-columns-is-layout-9d6595d7 wp-block-columns-is-layout-flex\"><div class=\"wp-block-column is-layout-flow wp-block-column-is-layout-flow\" style=\"flex-basis:50%\"><h3 class=\"wp-block-heading has-text-align-left\">Avantages de l'armoire de gros<\/h3>\n\n<ul class=\"wp-block-list\"><li><strong>Conception \u00e0 grande capacit\u00e9 : <\/strong>Ce meuble de vente en gros en plastique comporte quatre niveaux de tiroirs, offrant un vaste espace de rangement, permettant aux utilisateurs d'organiser et de ranger facilement divers articles. Il convient \u00e0 la maison, au bureau et au dortoir.<\/li>\n\n<li><strong>Flexibilit\u00e9 d'empilage : <\/strong>Ces armoires de stockage en vrac sont empilables, les utilisateurs peuvent empiler plusieurs armoires en fonction de leurs besoins, maximiser l'utilisation de l'espace vertical, et conviennent parfaitement aux petits espaces.<\/li>\n\n<li><strong>Mat\u00e9riaux respectueux de l'environnement :<\/strong> Nos armoires de gros en plastique sont fabriqu\u00e9es \u00e0 partir de mat\u00e9riaux plastiques de haute qualit\u00e9 et durables, qui r\u00e9sistent \u00e0 la pression et \u00e0 l'humidit\u00e9, ce qui garantit qu'elles restent en bon \u00e9tat pendant une utilisation \u00e0 long terme. En outre, ces mat\u00e9riaux sont respectueux de l'environnement, s\u00fbrs et fiables.<\/li>\n\n<li><strong>Design \u00e9l\u00e9gant et color\u00e9 : <\/strong>Ces armoires de stockage en vrac adoptent des designs color\u00e9s simples et \u00e0 la mode, ajoutant de la vitalit\u00e9 \u00e0 l'environnement int\u00e9rieur, s'adaptant \u00e0 diff\u00e9rents styles de d\u00e9coration et permettant de trier les articles par couleur.<\/li><\/ul><\/div>\n\n<div class=\"wp-block-column is-layout-flow wp-block-column-is-layout-flow\"><figure class=\"wp-block-image size-full\"><img decoding=\"async\" width=\"800\" height=\"800\" src=\"https:\/\/www.gdwanjiada.net\/wp-content\/uploads\/2024\/10\/4-Layers-Plastic-Wholesale-Cabinet-Stackable-Bulk-Storage-Cabinets.webp\" alt=\"Armoire de vente en gros en plastique \u00e0 4 niveaux, armoires de stockage en vrac empilables\" class=\"wp-image-1151\" srcset=\"https:\/\/www.gdwanjiada.net\/wp-content\/uploads\/2024\/10\/4-Layers-Plastic-Wholesale-Cabinet-Stackable-Bulk-Storage-Cabinets.webp 800w, https:\/\/www.gdwanjiada.net\/wp-content\/uploads\/2024\/10\/4-Layers-Plastic-Wholesale-Cabinet-Stackable-Bulk-Storage-Cabinets-300x300.webp 300w, https:\/\/www.gdwanjiada.net\/wp-content\/uploads\/2024\/10\/4-Layers-Plastic-Wholesale-Cabinet-Stackable-Bulk-Storage-Cabinets-150x150.webp 150w, https:\/\/www.gdwanjiada.net\/wp-content\/uploads\/2024\/10\/4-Layers-Plastic-Wholesale-Cabinet-Stackable-Bulk-Storage-Cabinets-768x768.webp 768w, https:\/\/www.gdwanjiada.net\/wp-content\/uploads\/2024\/10\/4-Layers-Plastic-Wholesale-Cabinet-Stackable-Bulk-Storage-Cabinets-12x12.webp 12w, https:\/\/www.gdwanjiada.net\/wp-content\/uploads\/2024\/10\/4-Layers-Plastic-Wholesale-Cabinet-Stackable-Bulk-Storage-Cabinets-600x600.webp 600w, https:\/\/www.gdwanjiada.net\/wp-content\/uploads\/2024\/10\/4-Layers-Plastic-Wholesale-Cabinet-Stackable-Bulk-Storage-Cabinets-100x100.webp 100w\" sizes=\"(max-width: 800px) 100vw, 800px\" \/><\/figure><\/div><\/div>","protected":false},"excerpt":{"rendered":"<p>Nous vous invitons \u00e0 acheter des armoires de rangement en vrac. Cette armoire de gros en plastique \u00e0 4 couches adopte un design empilable, avec une excellente utilisation de l'espace et une grande capacit\u00e9 de stockage, convenant \u00e0 la maison et au bureau. Fabriqu\u00e9e en plastique \u00e9cologique de haute qualit\u00e9, l'apparence est color\u00e9e et \u00e0 la mode, et c'est un choix id\u00e9al pour les achats en gros.<\/p>\n<h2>Caract\u00e9ristiques du produit\uff1a<\/h2>\n<ul>\n<li>Conception \u00e0 4 couches avec un grand espace de rangement, adapt\u00e9 \u00e0 l'organisation des v\u00eatements, des jouets et d'autres articles.<\/li>\n<li>Les tiroirs sont disponibles dans une vari\u00e9t\u00e9 de couleurs, ce qui ajoute de la beaut\u00e9 \u00e0 l'espace.<\/li>\n<li>Utilise des mat\u00e9riaux plastiques l\u00e9gers, durables et capables de r\u00e9sister \u00e0 l'usure quotidienne.<\/li>\n<li>Assemblage pratique, aucun outil professionnel n'est n\u00e9cessaire, ce qui permet d'\u00e9conomiser du temps et de l'\u00e9nergie.<\/li>\n<li>Il est largement utilis\u00e9 dans les maisons, les bureaux, les \u00e9coles et d'autres lieux, offrant aux utilisateurs des solutions de stockage flexibles.<\/li>\n<\/ul>","protected":false},"featured_media":1151,"comment_status":"closed","ping_status":"closed","template":"","meta":{"_acf_changed":false},"product_brand":[],"product_cat":[20],"product_tag":[],"class_list":{"0":"post-1150","1":"product","2":"type-product","3":"status-publish","4":"has-post-thumbnail","6":"product_cat-plastic-cabinets-wholesale","8":"first","9":"instock","10":"shipping-taxable","11":"product-type-simple"},"acf":[],"_links":{"self":[{"href":"https:\/\/www.gdwanjiada.net\/fr\/wp-json\/wp\/v2\/product\/1150","targetHints":{"allow":["GET"]}}],"collection":[{"href":"https:\/\/www.gdwanjiada.net\/fr\/wp-json\/wp\/v2\/product"}],"about":[{"href":"https:\/\/www.gdwanjiada.net\/fr\/wp-json\/wp\/v2\/types\/product"}],"replies":[{"embeddable":true,"href":"https:\/\/www.gdwanjiada.net\/fr\/wp-json\/wp\/v2\/comments?post=1150"}],"wp:featuredmedia":[{"embeddable":true,"href":"https:\/\/www.gdwanjiada.net\/fr\/wp-json\/wp\/v2\/media\/1151"}],"wp:attachment":[{"href":"https:\/\/www.gdwanjiada.net\/fr\/wp-json\/wp\/v2\/media?parent=1150"}],"wp:term":[{"taxonomy":"product_brand","embeddable":true,"href":"https:\/\/www.gdwanjiada.net\/fr\/wp-json\/wp\/v2\/product_brand?post=1150"},{"taxonomy":"product_cat","embeddable":true,"href":"https:\/\/www.gdwanjiada.net\/fr\/wp-json\/wp\/v2\/product_cat?post=1150"},{"taxonomy":"product_tag","embeddable":true,"href":"https:\/\/www.gdwanjiada.net\/fr\/wp-json\/wp\/v2\/product_tag?post=1150"}],"curies":[{"name":"wp","href":"https:\/\/api.w.org\/{rel}","templated":true}]}}