{"id":1116,"date":"2024-10-19T09:44:46","date_gmt":"2024-10-19T09:44:46","guid":{"rendered":"https:\/\/www.gdwanjiada.net\/?post_type=product&#038;p=1116"},"modified":"2024-10-19T10:01:08","modified_gmt":"2024-10-19T10:01:08","slug":"wholesale-storage-cabinets","status":"publish","type":"product","link":"https:\/\/www.gdwanjiada.net\/fr\/produit\/wholesale-storage-cabinets\/","title":{"rendered":"Armoires de rangement en gros \u00e0 3 niveaux, armoires en plastique personnalis\u00e9es pour le rangement \u00e0 domicile"},"content":{"rendered":"<h3 class=\"wp-block-heading has-text-align-center\">Sp\u00e9cifications des armoires de stockage en gros<\/h3><figure class=\"wp-block-table\"><table class=\"has-fixed-layout\"><tbody><tr><td>Mod\u00e8le<\/td><td>Mat\u00e9riau<\/td><td>Taille du produit\uff08cm\uff09<\/td><td>Taille du carton\uff08cm\uff09<\/td><td>Qt\u00e9 d'emballage\uff08pcs\uff09<\/td><td>G.W.\uff08kg\uff09<\/td><td>N.W.\uff08kg\uff09<\/td><\/tr><tr><td>213\uff083layers\uff09<\/td><td>PP<\/td><td>20*38*49.4<\/td><td>41*36.5*20<\/td><td>1<\/td><td>2.312<\/td><td>1.762<\/td><\/tr><\/tbody><\/table><\/figure><div class=\"wp-block-columns is-layout-flex wp-container-core-columns-is-layout-9d6595d7 wp-block-columns-is-layout-flex\"><div class=\"wp-block-column is-layout-flow wp-block-column-is-layout-flow\" style=\"flex-basis:50%\"><h3 class=\"wp-block-heading has-text-align-left\">Avantages des armoires de stockage en gros<\/h3>\n\n<ul class=\"wp-block-list\"><li><strong>Des solutions de stockage flexibles :<\/strong> Ces armoires de rangement en plastique \u00e0 trois couches offrent un vaste espace de stockage, ce qui permet aux utilisateurs d'organiser et de classer les v\u00eatements, les jouets et d'autres articles, et d'am\u00e9liorer la propret\u00e9 et l'efficacit\u00e9 de la maison et du bureau.<\/li>\n\n<li><strong>Un design personnalis\u00e9 qui ajoute de la beaut\u00e9 : <\/strong>Ces armoires en plastique personnalis\u00e9es disposent d'une vari\u00e9t\u00e9 de couleurs de tiroirs, qui peuvent facilement s'adapter \u00e0 diff\u00e9rents styles de d\u00e9coration int\u00e9rieure, ajouter de la vitalit\u00e9 et de la beaut\u00e9 \u00e0 l'environnement, et cr\u00e9er un espace de vie confortable.<\/li>\n\n<li><strong>Mat\u00e9riaux de haute qualit\u00e9, durables et r\u00e9sistants : <\/strong>Nos armoires de rangement en gros sont fabriqu\u00e9es \u00e0 partir de mat\u00e9riaux plastiques de haute qualit\u00e9, \u00e0 la fois l\u00e9gers et robustes, garantissant que les armoires de rangement ne sont pas facilement endommag\u00e9es lors de l'utilisation quotidienne, offrant aux utilisateurs une exp\u00e9rience d'utilisation \u00e0 long terme, convenant \u00e0 une vari\u00e9t\u00e9 d'endroits tels que la maison et l'\u00e9cole.<\/li>\n\n<li><strong>Processus d'installation facile : <\/strong>Nos armoires plastiques personnalis\u00e9es sont bien con\u00e7ues et peuvent \u00eatre assembl\u00e9es rapidement par les utilisateurs sans outils ou \u00e9tapes compliqu\u00e9es, ce qui permet aux utilisateurs de gagner du temps et de profiter facilement de solutions de stockage efficaces.<\/li><\/ul><\/div>\n\n<div class=\"wp-block-column is-layout-flow wp-block-column-is-layout-flow\"><figure class=\"wp-block-image size-full\"><img decoding=\"async\" width=\"800\" height=\"800\" src=\"https:\/\/www.gdwanjiada.net\/wp-content\/uploads\/2024\/10\/3-Layers-Wholesale-Storage-Cabinets-Custom-Plastic-Cabinets-For-Home-Storage.webp\" alt=\"Armoires de rangement en gros \u00e0 3 niveaux, armoires en plastique personnalis\u00e9es pour le rangement \u00e0 domicile\" class=\"wp-image-1117\" srcset=\"https:\/\/www.gdwanjiada.net\/wp-content\/uploads\/2024\/10\/3-Layers-Wholesale-Storage-Cabinets-Custom-Plastic-Cabinets-For-Home-Storage.webp 800w, https:\/\/www.gdwanjiada.net\/wp-content\/uploads\/2024\/10\/3-Layers-Wholesale-Storage-Cabinets-Custom-Plastic-Cabinets-For-Home-Storage-300x300.webp 300w, https:\/\/www.gdwanjiada.net\/wp-content\/uploads\/2024\/10\/3-Layers-Wholesale-Storage-Cabinets-Custom-Plastic-Cabinets-For-Home-Storage-150x150.webp 150w, https:\/\/www.gdwanjiada.net\/wp-content\/uploads\/2024\/10\/3-Layers-Wholesale-Storage-Cabinets-Custom-Plastic-Cabinets-For-Home-Storage-768x768.webp 768w, https:\/\/www.gdwanjiada.net\/wp-content\/uploads\/2024\/10\/3-Layers-Wholesale-Storage-Cabinets-Custom-Plastic-Cabinets-For-Home-Storage-12x12.webp 12w, https:\/\/www.gdwanjiada.net\/wp-content\/uploads\/2024\/10\/3-Layers-Wholesale-Storage-Cabinets-Custom-Plastic-Cabinets-For-Home-Storage-600x600.webp 600w, https:\/\/www.gdwanjiada.net\/wp-content\/uploads\/2024\/10\/3-Layers-Wholesale-Storage-Cabinets-Custom-Plastic-Cabinets-For-Home-Storage-100x100.webp 100w\" sizes=\"(max-width: 800px) 100vw, 800px\" \/><\/figure><\/div><\/div>","protected":false},"excerpt":{"rendered":"<p>Bienvenue dans les armoires en plastique personnalis\u00e9es. Nos armoires de rangement en gros \u00e0 3 couches sont une solution de rangement id\u00e9ale, offrant un espace de rangement abondant et une vari\u00e9t\u00e9 de couleurs. Elles sont l\u00e9g\u00e8res et durables, et conviennent \u00e0 un usage domestique et commercial. Elle est largement utilis\u00e9e pour le stockage des v\u00eatements, des jouets et d'autres articles, cr\u00e9ant un environnement propre et ordonn\u00e9 pour les utilisateurs.<\/p>\n<h2>Caract\u00e9ristiques du produit\uff1a<\/h2>\n<ul>\n<li>Offre un grand espace de rangement pour les v\u00eatements, les jouets et autres objets.<\/li>\n<li>Les tiroirs sont disponibles dans une vari\u00e9t\u00e9 de couleurs pour ajouter de la vitalit\u00e9 et de la beaut\u00e9 \u00e0 l'espace.<\/li>\n<li>L\u00e9ger et durable, il peut r\u00e9sister \u00e0 l'usure quotidienne.<\/li>\n<li>Les utilisateurs peuvent l'assembler rapidement sans outils professionnels ni \u00e9tapes compliqu\u00e9es.<\/li>\n<li>Largement utilis\u00e9 \u00e0 la maison, \u00e0 l'\u00e9cole et au bureau.<\/li>\n<\/ul>","protected":false},"featured_media":1117,"comment_status":"closed","ping_status":"closed","template":"","meta":{"_acf_changed":false},"product_brand":[],"product_cat":[20],"product_tag":[],"class_list":{"0":"post-1116","1":"product","2":"type-product","3":"status-publish","4":"has-post-thumbnail","6":"product_cat-plastic-cabinets-wholesale","8":"first","9":"instock","10":"shipping-taxable","11":"product-type-simple"},"acf":[],"_links":{"self":[{"href":"https:\/\/www.gdwanjiada.net\/fr\/wp-json\/wp\/v2\/product\/1116","targetHints":{"allow":["GET"]}}],"collection":[{"href":"https:\/\/www.gdwanjiada.net\/fr\/wp-json\/wp\/v2\/product"}],"about":[{"href":"https:\/\/www.gdwanjiada.net\/fr\/wp-json\/wp\/v2\/types\/product"}],"replies":[{"embeddable":true,"href":"https:\/\/www.gdwanjiada.net\/fr\/wp-json\/wp\/v2\/comments?post=1116"}],"wp:featuredmedia":[{"embeddable":true,"href":"https:\/\/www.gdwanjiada.net\/fr\/wp-json\/wp\/v2\/media\/1117"}],"wp:attachment":[{"href":"https:\/\/www.gdwanjiada.net\/fr\/wp-json\/wp\/v2\/media?parent=1116"}],"wp:term":[{"taxonomy":"product_brand","embeddable":true,"href":"https:\/\/www.gdwanjiada.net\/fr\/wp-json\/wp\/v2\/product_brand?post=1116"},{"taxonomy":"product_cat","embeddable":true,"href":"https:\/\/www.gdwanjiada.net\/fr\/wp-json\/wp\/v2\/product_cat?post=1116"},{"taxonomy":"product_tag","embeddable":true,"href":"https:\/\/www.gdwanjiada.net\/fr\/wp-json\/wp\/v2\/product_tag?post=1116"}],"curies":[{"name":"wp","href":"https:\/\/api.w.org\/{rel}","templated":true}]}}