{"id":1081,"date":"2024-10-07T08:20:46","date_gmt":"2024-10-07T08:20:46","guid":{"rendered":"https:\/\/www.gdwanjiada.net\/?post_type=product&#038;p=1081"},"modified":"2024-10-07T08:32:59","modified_gmt":"2024-10-07T08:32:59","slug":"plastic-cabinets-wholesale","status":"publish","type":"product","link":"https:\/\/www.gdwanjiada.net\/fr\/produit\/plastic-cabinets-wholesale\/","title":{"rendered":"Armoires en plastique \u00e0 5 niveaux Wholesale pour le stockage \u00e0 la maison et au bureau"},"content":{"rendered":"<h3 class=\"wp-block-heading has-text-align-center\">Sp\u00e9cifications des armoires en plastique en gros<\/h3><figure class=\"wp-block-table\"><table class=\"has-fixed-layout\"><tbody><tr><td>Mod\u00e8le<\/td><td>Mat\u00e9riau<\/td><td>Taille du produit\uff08cm\uff09<\/td><td>Taille du carton\uff08cm\uff09<\/td><td>Qt\u00e9 d'emballage\uff08pcs\uff09<\/td><td>G.W.\uff08kg\uff09<\/td><td>N.W.\uff08kg\uff09<\/td><\/tr><tr><td>705\uff085 couches\uff09<\/td><td>ABS+PP<\/td><td>69*38*179.5<\/td><td>72*42.5*42.5<\/td><td>1<\/td><td>14.5<\/td><td>13.03<\/td><\/tr><\/tbody><\/table><\/figure><div class=\"wp-block-columns is-layout-flex wp-container-core-columns-is-layout-9d6595d7 wp-block-columns-is-layout-flex\"><div class=\"wp-block-column is-layout-flow wp-block-column-is-layout-flow\" style=\"flex-basis:50%\"><h3 class=\"wp-block-heading has-text-align-left\">Avantages des armoires en plastique en gros<\/h3>\n\n<ul class=\"wp-block-list\"><li><strong>R\u00e9pondre \u00e0 divers besoins de stockage : <\/strong>La conception \u00e0 cinq couches de nos armoires plastiques en gros offre un grand espace de stockage pour les maisons et les bureaux, et permet d'organiser et de classer efficacement divers articles afin d'am\u00e9liorer la propret\u00e9 de l'espace.<\/li>\n\n<li><strong>Mati\u00e8re plastique de haute qualit\u00e9 : <\/strong>Ces armoires de stockage en gros sont fabriqu\u00e9es en plastique de haute qualit\u00e9, r\u00e9sistant \u00e0 l'humidit\u00e9, \u00e0 la rouille et aux rayures, garantissant une utilisation \u00e0 long terme dans divers environnements et ne s'ab\u00eemant pas facilement.<\/li>\n\n<li><strong>L\u00e9ger et facile \u00e0 d\u00e9placer, il permet un r\u00e9glage et une mise en place flexibles : <\/strong>Nos armoires en plastique sont l\u00e9g\u00e8res, de sorte que les utilisateurs peuvent facilement les d\u00e9placer, ce qui est particuli\u00e8rement adapt\u00e9 aux maisons ou aux bureaux qui doivent fr\u00e9quemment modifier leur agencement.<\/li>\n\n<li><strong>Un service sur mesure pour r\u00e9pondre \u00e0 des besoins personnalis\u00e9s : <\/strong>Ces armoires de rangement en gros permettent aux clients de personnaliser les couleurs, les tailles et les couches en fonction de leurs besoins, ce qui garantit que chaque produit s'adapte parfaitement aux besoins d\u00e9coratifs et fonctionnels des diff\u00e9rentes sc\u00e8nes.<\/li><\/ul><\/div>\n\n<div class=\"wp-block-column is-layout-flow wp-block-column-is-layout-flow\"><figure class=\"wp-block-image size-full\"><img decoding=\"async\" width=\"800\" height=\"800\" src=\"https:\/\/www.gdwanjiada.net\/wp-content\/uploads\/2024\/10\/5-Layers-Plastic-Cabinets-Wholesale-For-Home-and-Office-Storage-4.webp\" alt=\"Armoires en plastique \u00e0 5 niveaux Wholesale pour le stockage \u00e0 la maison et au bureau-4\" class=\"wp-image-1085\" srcset=\"https:\/\/www.gdwanjiada.net\/wp-content\/uploads\/2024\/10\/5-Layers-Plastic-Cabinets-Wholesale-For-Home-and-Office-Storage-4.webp 800w, https:\/\/www.gdwanjiada.net\/wp-content\/uploads\/2024\/10\/5-Layers-Plastic-Cabinets-Wholesale-For-Home-and-Office-Storage-4-300x300.webp 300w, https:\/\/www.gdwanjiada.net\/wp-content\/uploads\/2024\/10\/5-Layers-Plastic-Cabinets-Wholesale-For-Home-and-Office-Storage-4-150x150.webp 150w, https:\/\/www.gdwanjiada.net\/wp-content\/uploads\/2024\/10\/5-Layers-Plastic-Cabinets-Wholesale-For-Home-and-Office-Storage-4-768x768.webp 768w, https:\/\/www.gdwanjiada.net\/wp-content\/uploads\/2024\/10\/5-Layers-Plastic-Cabinets-Wholesale-For-Home-and-Office-Storage-4-12x12.webp 12w, https:\/\/www.gdwanjiada.net\/wp-content\/uploads\/2024\/10\/5-Layers-Plastic-Cabinets-Wholesale-For-Home-and-Office-Storage-4-600x600.webp 600w, https:\/\/www.gdwanjiada.net\/wp-content\/uploads\/2024\/10\/5-Layers-Plastic-Cabinets-Wholesale-For-Home-and-Office-Storage-4-100x100.webp 100w\" sizes=\"(max-width: 800px) 100vw, 800px\" \/><\/figure><\/div><\/div>","protected":false},"excerpt":{"rendered":"<p>Nous vous invitons \u00e0 acheter ces armoires de rangement en gros. Nos armoires en plastique \u00e0 cinq couches ont une grande capacit\u00e9 et conviennent \u00e0 une vari\u00e9t\u00e9 de besoins de stockage dans les maisons et les bureaux. Elles sont fabriqu\u00e9es en plastique robuste et durable, r\u00e9sistant \u00e0 l'humidit\u00e9, \u00e0 la rouille et aux rayures pour garantir une utilisation \u00e0 long terme.<\/p>\n<h2>Caract\u00e9ristiques du produit\uff1a<\/h2>\n<ul>\n<li>La conception \u00e0 cinq couches offre plus d'espace de rangement et convient aux besoins de rangement de divers articles \u00e0 la maison et au bureau.<\/li>\n<li>Fabriqu\u00e9 en plastique robuste et durable, il est r\u00e9sistant \u00e0 l'humidit\u00e9, \u00e0 la rouille et aux rayures, et a une longue dur\u00e9e de vie.<\/li>\n<li>L'armoire est l\u00e9g\u00e8re et facile \u00e0 d\u00e9placer et \u00e0 ajuster pour s'adapter aux sc\u00e9narios d'utilisation des diff\u00e9rents espaces.<\/li>\n<li>Chaque niveau de tiroirs est \u00e9quip\u00e9 d'une glissi\u00e8re lisse qui assure une ouverture et une fermeture en douceur, ce qui est pratique pour l'acc\u00e8s quotidien aux objets.<\/li>\n<li>Permet de personnaliser les couleurs, les tailles et les couches afin de r\u00e9pondre aux besoins sp\u00e9cifiques des diff\u00e9rents clients.<\/li>\n<\/ul>","protected":false},"featured_media":1083,"comment_status":"closed","ping_status":"closed","template":"","meta":{"_acf_changed":false},"product_brand":[],"product_cat":[20],"product_tag":[],"class_list":{"0":"post-1081","1":"product","2":"type-product","3":"status-publish","4":"has-post-thumbnail","6":"product_cat-plastic-cabinets-wholesale","8":"first","9":"instock","10":"shipping-taxable","11":"product-type-simple"},"acf":[],"_links":{"self":[{"href":"https:\/\/www.gdwanjiada.net\/fr\/wp-json\/wp\/v2\/product\/1081","targetHints":{"allow":["GET"]}}],"collection":[{"href":"https:\/\/www.gdwanjiada.net\/fr\/wp-json\/wp\/v2\/product"}],"about":[{"href":"https:\/\/www.gdwanjiada.net\/fr\/wp-json\/wp\/v2\/types\/product"}],"replies":[{"embeddable":true,"href":"https:\/\/www.gdwanjiada.net\/fr\/wp-json\/wp\/v2\/comments?post=1081"}],"wp:featuredmedia":[{"embeddable":true,"href":"https:\/\/www.gdwanjiada.net\/fr\/wp-json\/wp\/v2\/media\/1083"}],"wp:attachment":[{"href":"https:\/\/www.gdwanjiada.net\/fr\/wp-json\/wp\/v2\/media?parent=1081"}],"wp:term":[{"taxonomy":"product_brand","embeddable":true,"href":"https:\/\/www.gdwanjiada.net\/fr\/wp-json\/wp\/v2\/product_brand?post=1081"},{"taxonomy":"product_cat","embeddable":true,"href":"https:\/\/www.gdwanjiada.net\/fr\/wp-json\/wp\/v2\/product_cat?post=1081"},{"taxonomy":"product_tag","embeddable":true,"href":"https:\/\/www.gdwanjiada.net\/fr\/wp-json\/wp\/v2\/product_tag?post=1081"}],"curies":[{"name":"wp","href":"https:\/\/api.w.org\/{rel}","templated":true}]}}