{"id":1073,"date":"2024-10-07T07:50:31","date_gmt":"2024-10-07T07:50:31","guid":{"rendered":"https:\/\/www.gdwanjiada.net\/?post_type=product&#038;p=1073"},"modified":"2024-10-07T08:20:19","modified_gmt":"2024-10-07T08:20:19","slug":"wholesale-cabinets-for-clothes","status":"publish","type":"product","link":"https:\/\/www.gdwanjiada.net\/fr\/produit\/wholesale-cabinets-for-clothes\/","title":{"rendered":"4 couches d'armoires \u00e0 v\u00eatements en gros, armoires en plastique personnalis\u00e9es en vrac"},"content":{"rendered":"<h3 class=\"wp-block-heading has-text-align-center\">Sp\u00e9cifications de Wholesale Cabinets<\/h3><figure class=\"wp-block-table\"><table class=\"has-fixed-layout\"><tbody><tr><td>Mod\u00e8le<\/td><td>Mat\u00e9riau<\/td><td>Taille du produit\uff08cm\uff09<\/td><td>Taille du carton\uff08cm\uff09<\/td><td>Qt\u00e9 d'emballage\uff08pcs\uff09<\/td><td>G.W.\uff08kg\uff09<\/td><td>N.W.\uff08kg\uff09<\/td><\/tr><tr><td>704\uff084 couches\uff09<\/td><td>ABS+PP<\/td><td>69*38*144<\/td><td>72*42.5*34.5<\/td><td>1<\/td><td>12.1<\/td><td>10.57<\/td><\/tr><\/tbody><\/table><\/figure><div class=\"wp-block-columns is-layout-flex wp-container-core-columns-is-layout-9d6595d7 wp-block-columns-is-layout-flex\"><div class=\"wp-block-column is-layout-flow wp-block-column-is-layout-flow\" style=\"flex-basis:50%\"><h3 class=\"wp-block-heading has-text-align-left\">Avantages des armoires en gros<\/h3>\n\n<ul class=\"wp-block-list\"><li><strong>Stockage de grande capacit\u00e9 : <\/strong>Ces armoires de gros ont quatre couches de grande capacit\u00e9, ce qui permet de ranger facilement les v\u00eatements, la literie, etc. Elles conviennent aux chambres \u00e0 coucher familiales, aux dortoirs ou aux chambres d'enfants et aident les utilisateurs \u00e0 organiser l'espace de mani\u00e8re efficace.<\/li>\n\n<li><strong>Durable et facile \u00e0 nettoyer : <\/strong>Nos armoires plastiques personnalis\u00e9es en vrac sont fabriqu\u00e9es en plastique de haute qualit\u00e9, qui est non seulement r\u00e9sistant \u00e0 l'humidit\u00e9 et \u00e0 l'usure, mais aussi facile \u00e0 nettoyer, ce qui garantit l'utilisation \u00e0 long terme de l'armoire et lui permet de conserver son aspect neuf.<\/li>\n\n<li><strong>L\u00e9ger et facile \u00e0 d\u00e9placer : <\/strong>Nos armoires de gros ont une structure l\u00e9g\u00e8re et les utilisateurs peuvent facilement les d\u00e9placer ou les r\u00e9organiser, ce qui est particuli\u00e8rement adapt\u00e9 aux petits appartements ou aux sc\u00e8nes qui doivent \u00eatre d\u00e9plac\u00e9es fr\u00e9quemment.<\/li>\n\n<li><strong>Design personnalisable : <\/strong>Nos armoires plastiques personnalis\u00e9es en vrac offrent des options personnalis\u00e9es de tailles, de couleurs et de couches multiples, ce qui rend le produit plus conforme aux besoins d'une vie personnalis\u00e9e.<\/li><\/ul><\/div>\n\n<div class=\"wp-block-column is-layout-flow wp-block-column-is-layout-flow\"><figure class=\"wp-block-image size-full\"><img decoding=\"async\" width=\"800\" height=\"800\" src=\"https:\/\/www.gdwanjiada.net\/wp-content\/uploads\/2024\/10\/4-Layers-Wholesale-Cabinets-For-Clothes-Custom-Plastic-Cabinets-Bulk-2.webp\" alt=\"Armoires \u00e0 v\u00eatements 4 couches en gros, Armoires \u00e0 v\u00eatements en plastique sur mesure Bulk-2\" class=\"wp-image-1075\" srcset=\"https:\/\/www.gdwanjiada.net\/wp-content\/uploads\/2024\/10\/4-Layers-Wholesale-Cabinets-For-Clothes-Custom-Plastic-Cabinets-Bulk-2.webp 800w, https:\/\/www.gdwanjiada.net\/wp-content\/uploads\/2024\/10\/4-Layers-Wholesale-Cabinets-For-Clothes-Custom-Plastic-Cabinets-Bulk-2-300x300.webp 300w, https:\/\/www.gdwanjiada.net\/wp-content\/uploads\/2024\/10\/4-Layers-Wholesale-Cabinets-For-Clothes-Custom-Plastic-Cabinets-Bulk-2-150x150.webp 150w, https:\/\/www.gdwanjiada.net\/wp-content\/uploads\/2024\/10\/4-Layers-Wholesale-Cabinets-For-Clothes-Custom-Plastic-Cabinets-Bulk-2-768x768.webp 768w, https:\/\/www.gdwanjiada.net\/wp-content\/uploads\/2024\/10\/4-Layers-Wholesale-Cabinets-For-Clothes-Custom-Plastic-Cabinets-Bulk-2-12x12.webp 12w, https:\/\/www.gdwanjiada.net\/wp-content\/uploads\/2024\/10\/4-Layers-Wholesale-Cabinets-For-Clothes-Custom-Plastic-Cabinets-Bulk-2-600x600.webp 600w, https:\/\/www.gdwanjiada.net\/wp-content\/uploads\/2024\/10\/4-Layers-Wholesale-Cabinets-For-Clothes-Custom-Plastic-Cabinets-Bulk-2-100x100.webp 100w\" sizes=\"(max-width: 800px) 100vw, 800px\" \/><\/figure><\/div><\/div>","protected":false},"excerpt":{"rendered":"<p>Bienvenue sur le site des armoires en plastique personnalis\u00e9es en gros. Ces armoires en gros offrent un espace de stockage de grande capacit\u00e9, adapt\u00e9 \u00e0 l'organisation des v\u00eatements et des n\u00e9cessit\u00e9s quotidiennes. Fabriqu\u00e9es en plastique de haute qualit\u00e9, elles sont r\u00e9sistantes \u00e0 l'humidit\u00e9, durables et faciles \u00e0 nettoyer. Le design de l'armoire est l\u00e9ger et facile \u00e0 d\u00e9placer, ce qui en fait un choix id\u00e9al pour la maison et le dortoir.<\/p>\n<h2>Caract\u00e9ristiques du produit\uff1a<\/h2>\n<ul>\n<li>La conception de la cloison \u00e0 quatre couches offre un vaste espace de rangement pour les v\u00eatements et les articles quotidiens.<\/li>\n<li>Utilisant des mat\u00e9riaux plastiques de haute qualit\u00e9, l'armoire est robuste et durable, r\u00e9sistante \u00e0 l'humidit\u00e9 et \u00e0 la rouille, adapt\u00e9e \u00e0 une utilisation \u00e0 long terme.<\/li>\n<li>La conception est l\u00e9g\u00e8re et facile \u00e0 d\u00e9placer sans trop de travail.<\/li>\n<li>Permet de personnaliser la taille, la couleur et le nombre de couches pour r\u00e9pondre aux besoins des diff\u00e9rentes familles et des diff\u00e9rents espaces.<\/li>\n<li>Chaque couche de tiroirs est \u00e9quip\u00e9e d'une serrure de s\u00e9curit\u00e9 pour \u00e9viter que les objets ne tombent ou ne basculent facilement.<\/li>\n<\/ul>","protected":false},"featured_media":1078,"comment_status":"closed","ping_status":"closed","template":"","meta":{"_acf_changed":false},"product_brand":[],"product_cat":[20],"product_tag":[],"class_list":{"0":"post-1073","1":"product","2":"type-product","3":"status-publish","4":"has-post-thumbnail","6":"product_cat-plastic-cabinets-wholesale","8":"first","9":"instock","10":"shipping-taxable","11":"product-type-simple"},"acf":[],"_links":{"self":[{"href":"https:\/\/www.gdwanjiada.net\/fr\/wp-json\/wp\/v2\/product\/1073","targetHints":{"allow":["GET"]}}],"collection":[{"href":"https:\/\/www.gdwanjiada.net\/fr\/wp-json\/wp\/v2\/product"}],"about":[{"href":"https:\/\/www.gdwanjiada.net\/fr\/wp-json\/wp\/v2\/types\/product"}],"replies":[{"embeddable":true,"href":"https:\/\/www.gdwanjiada.net\/fr\/wp-json\/wp\/v2\/comments?post=1073"}],"wp:featuredmedia":[{"embeddable":true,"href":"https:\/\/www.gdwanjiada.net\/fr\/wp-json\/wp\/v2\/media\/1078"}],"wp:attachment":[{"href":"https:\/\/www.gdwanjiada.net\/fr\/wp-json\/wp\/v2\/media?parent=1073"}],"wp:term":[{"taxonomy":"product_brand","embeddable":true,"href":"https:\/\/www.gdwanjiada.net\/fr\/wp-json\/wp\/v2\/product_brand?post=1073"},{"taxonomy":"product_cat","embeddable":true,"href":"https:\/\/www.gdwanjiada.net\/fr\/wp-json\/wp\/v2\/product_cat?post=1073"},{"taxonomy":"product_tag","embeddable":true,"href":"https:\/\/www.gdwanjiada.net\/fr\/wp-json\/wp\/v2\/product_tag?post=1073"}],"curies":[{"name":"wp","href":"https:\/\/api.w.org\/{rel}","templated":true}]}}