{"id":1044,"date":"2024-10-06T09:47:42","date_gmt":"2024-10-06T09:47:42","guid":{"rendered":"https:\/\/www.gdwanjiada.net\/?post_type=product&#038;p=1044"},"modified":"2024-10-06T10:00:29","modified_gmt":"2024-10-06T10:00:29","slug":"wholesale-clothes-dryer","status":"publish","type":"product","link":"https:\/\/www.gdwanjiada.net\/fr\/produit\/wholesale-clothes-dryer\/","title":{"rendered":"S\u00e9choir \u00e0 linge en gros 750L, 1300W avec design pliable"},"content":{"rendered":"<h3 class=\"wp-block-heading has-text-align-center\">Sp\u00e9cifications du s\u00e9choir \u00e0 linge en gros<\/h3><figure class=\"wp-block-table\"><table class=\"has-fixed-layout\"><tbody><tr><td rowspan=\"2\">Mod\u00e8le<\/td><td rowspan=\"2\">Volt\/Freq<\/td><td rowspan=\"2\">Puissance (W)&nbsp;<\/td><td rowspan=\"2\">Temps de s\u00e9chage<\/td><td rowspan=\"2\">Volume<\/td><td rowspan=\"2\">Capacit\u00e9<\/td><td rowspan=\"2\">Taille du produit<\/td><td rowspan=\"2\">N.W.<\/td><td rowspan=\"2\">G.W.<\/td><td>Chargement Qt\u00e9<\/td><td>Chargement Qt\u00e9<\/td><\/tr><tr><td>20'GP<\/td><td>40'HQ<\/td><\/tr><tr><td>WJD12G-2R<\/td><td>220V\uff5e50Hz<\/td><td>1300W<\/td><td>20-240MIN<\/td><td>750L<\/td><td>13-20KG<\/td><td>95*48*185cm<\/td><td>5kg<\/td><td>5,5 kg<\/td><td>645pcs<\/td><td>1430pcs<\/td><\/tr><\/tbody><\/table><\/figure><div class=\"wp-block-columns is-layout-flex wp-container-core-columns-is-layout-9d6595d7 wp-block-columns-is-layout-flex\"><div class=\"wp-block-column is-layout-flow wp-block-column-is-layout-flow\" style=\"flex-basis:50%\"><h3 class=\"wp-block-heading has-text-align-left\">Avantages de la vente en gros de s\u00e8che-linge<\/h3>\n\n<ul class=\"wp-block-list\"><li><strong>T\u00e9l\u00e9commande intelligente, fonctionnement pratique : <\/strong>Ce s\u00e8che-linge pliable est \u00e9quip\u00e9 d'une fonction de t\u00e9l\u00e9commande intelligente. Les utilisateurs peuvent facilement faire fonctionner le s\u00e8che-linge \u00e0 distance sans r\u00e9glage manuel. Le mode de s\u00e9chage peut \u00eatre ajust\u00e9 \u00e0 tout moment, ce qui est tr\u00e8s pratique.<\/li>\n\n<li><strong>Conception anti-goutte, utilisation s\u00fbre : <\/strong>Notre grossiste en s\u00e9choirs \u00e0 linge adopte une conception anti-gouttes pour garantir que les gouttes d'eau ne p\u00e9n\u00e8trent pas dans le corps pendant l'utilisation, prolonger la dur\u00e9e de vie de l'\u00e9quipement et assurer une plus grande s\u00e9curit\u00e9.<\/li>\n\n<li><strong>Conception pliante, peu encombrante : <\/strong>Le design unique et pliable de notre s\u00e9choir \u00e0 linge en gros permet de le plier et de le ranger facilement lorsqu'il n'est pas utilis\u00e9. Il prend tr\u00e8s peu de place et convient \u00e0 tous les types d'environnements domestiques, en particulier aux familles de petite taille.<\/li>\n\n<li><strong>Grande capacit\u00e9, s\u00e9chage rapide : <\/strong>Ce s\u00e8che-linge en gros peut supporter jusqu'\u00e0 20 kg de v\u00eatements. Associ\u00e9 \u00e0 un syst\u00e8me de chauffage haute puissance de 1300 W, il peut s\u00e9cher rapidement et efficacement une grande quantit\u00e9 de v\u00eatements pour r\u00e9pondre aux besoins quotidiens de s\u00e9chage de la famille.<\/li><\/ul><\/div>\n\n<div class=\"wp-block-column is-layout-flow wp-block-column-is-layout-flow\"><figure class=\"wp-block-image size-full\"><img decoding=\"async\" width=\"800\" height=\"800\" src=\"https:\/\/www.gdwanjiada.net\/wp-content\/uploads\/2024\/10\/750L-1300W-Wholesale-Clothes-Dryer-With-Foldable-Design-8.webp\" alt=\"S\u00e9choir \u00e0 linge en gros 750L, 1300W avec design pliable-8\" class=\"wp-image-1052\" srcset=\"https:\/\/www.gdwanjiada.net\/wp-content\/uploads\/2024\/10\/750L-1300W-Wholesale-Clothes-Dryer-With-Foldable-Design-8.webp 800w, https:\/\/www.gdwanjiada.net\/wp-content\/uploads\/2024\/10\/750L-1300W-Wholesale-Clothes-Dryer-With-Foldable-Design-8-300x300.webp 300w, https:\/\/www.gdwanjiada.net\/wp-content\/uploads\/2024\/10\/750L-1300W-Wholesale-Clothes-Dryer-With-Foldable-Design-8-150x150.webp 150w, https:\/\/www.gdwanjiada.net\/wp-content\/uploads\/2024\/10\/750L-1300W-Wholesale-Clothes-Dryer-With-Foldable-Design-8-768x768.webp 768w, https:\/\/www.gdwanjiada.net\/wp-content\/uploads\/2024\/10\/750L-1300W-Wholesale-Clothes-Dryer-With-Foldable-Design-8-12x12.webp 12w, https:\/\/www.gdwanjiada.net\/wp-content\/uploads\/2024\/10\/750L-1300W-Wholesale-Clothes-Dryer-With-Foldable-Design-8-600x600.webp 600w, https:\/\/www.gdwanjiada.net\/wp-content\/uploads\/2024\/10\/750L-1300W-Wholesale-Clothes-Dryer-With-Foldable-Design-8-100x100.webp 100w\" sizes=\"(max-width: 800px) 100vw, 800px\" \/><\/figure><\/div><\/div><p><\/p>","protected":false},"excerpt":{"rendered":"<p>Nous vous invitons \u00e0 acheter des s\u00e9choirs \u00e0 linge de haute qualit\u00e9. Ce s\u00e8che-linge pliable en gros est dot\u00e9 d'une fonction de t\u00e9l\u00e9commande intelligente, d'une charge maximale de 20 kg et d'une conception anti-goutte pour garantir la s\u00e9curit\u00e9 et la fiabilit\u00e9. Il s'agit d'un appareil de s\u00e9chage domestique id\u00e9al, efficace et peu encombrant.<\/p>\n<h2>Caract\u00e9ristiques du produit\uff1a<\/h2>\n<ul>\n<li>Fonction de t\u00e9l\u00e9commande intelligente.<\/li>\n<li>La temp\u00e9rature d'utilisation est comprise entre 10 et 35 degr\u00e9s.<\/li>\n<li>Temps de s\u00e9chage r\u00e9glable de 20 \u00e0 240 minutes.<\/li>\n<li>Meilleure capacit\u00e9 \u00e0 sec de 13KG, capacit\u00e9 maximale de 20KG.<\/li>\n<li>L'appareil s'arr\u00eate automatiquement lorsque le<\/li>\n<li>le r\u00e9chauffement de la temp\u00e9rature d\u00e9passe les 70 degr\u00e9s.<\/li>\n<li>Le fusible interne se d\u00e9connecte lorsque la temp\u00e9rature<\/li>\n<li>le r\u00e9chauffement d\u00e9passe 105 degr\u00e9s ou la puissance d\u00e9passe 10A.<\/li>\n<li>Type pliable, facile \u00e0 ranger.<\/li>\n<li>La machine principale est \u00e9quip\u00e9e d'un syst\u00e8me anti-gouttes, ce qui rend son utilisation plus s\u00fbre.<\/li>\n<\/ul>","protected":false},"featured_media":1051,"comment_status":"closed","ping_status":"closed","template":"","meta":{"_acf_changed":false},"product_brand":[],"product_cat":[21],"product_tag":[],"class_list":{"0":"post-1044","1":"product","2":"type-product","3":"status-publish","4":"has-post-thumbnail","6":"product_cat-wholesale-clothes-dryers","8":"first","9":"instock","10":"shipping-taxable","11":"product-type-simple"},"acf":[],"_links":{"self":[{"href":"https:\/\/www.gdwanjiada.net\/fr\/wp-json\/wp\/v2\/product\/1044","targetHints":{"allow":["GET"]}}],"collection":[{"href":"https:\/\/www.gdwanjiada.net\/fr\/wp-json\/wp\/v2\/product"}],"about":[{"href":"https:\/\/www.gdwanjiada.net\/fr\/wp-json\/wp\/v2\/types\/product"}],"replies":[{"embeddable":true,"href":"https:\/\/www.gdwanjiada.net\/fr\/wp-json\/wp\/v2\/comments?post=1044"}],"wp:featuredmedia":[{"embeddable":true,"href":"https:\/\/www.gdwanjiada.net\/fr\/wp-json\/wp\/v2\/media\/1051"}],"wp:attachment":[{"href":"https:\/\/www.gdwanjiada.net\/fr\/wp-json\/wp\/v2\/media?parent=1044"}],"wp:term":[{"taxonomy":"product_brand","embeddable":true,"href":"https:\/\/www.gdwanjiada.net\/fr\/wp-json\/wp\/v2\/product_brand?post=1044"},{"taxonomy":"product_cat","embeddable":true,"href":"https:\/\/www.gdwanjiada.net\/fr\/wp-json\/wp\/v2\/product_cat?post=1044"},{"taxonomy":"product_tag","embeddable":true,"href":"https:\/\/www.gdwanjiada.net\/fr\/wp-json\/wp\/v2\/product_tag?post=1044"}],"curies":[{"name":"wp","href":"https:\/\/api.w.org\/{rel}","templated":true}]}}