{"id":1026,"date":"2024-10-06T08:48:08","date_gmt":"2024-10-06T08:48:08","guid":{"rendered":"https:\/\/www.gdwanjiada.net\/?post_type=product&#038;p=1026"},"modified":"2024-10-23T04:21:45","modified_gmt":"2024-10-23T04:21:45","slug":"electric-heaters-wholesale","status":"publish","type":"product","link":"https:\/\/www.gdwanjiada.net\/fr\/produit\/electric-heaters-wholesale\/","title":{"rendered":"Chauffage \u00e9lectrique Wholesale, Chauffage par ventilateur avec chauffage PTC"},"content":{"rendered":"<h3 class=\"wp-block-heading has-text-align-center\">Sp\u00e9cifications des chauffages \u00e9lectriques en gros<\/h3><figure class=\"wp-block-table\"><table class=\"has-fixed-layout\"><tbody><tr><td>Mod\u00e8le<\/td><td>Mode chauffage<\/td><td>Volt\/Freq<\/td><td colspan=\"2\">Puissance (W)&nbsp;<\/td><td colspan=\"3\">Taille du produit (mm)&nbsp;<\/td><td colspan=\"2\">Emballage<\/td><td>Poids net \/ poids brut (kg)&nbsp;<\/td><td>Taille de l'emballage (mm)&nbsp;<\/td><td colspan=\"2\">Chargement Qt\u00e9 (pcs)<\/td><\/tr><tr><td rowspan=\"2\">WJD1302R<\/td><td rowspan=\"2\">PTC<\/td><td rowspan=\"2\">220V\/50Hz<\/td><td>Vent froid<\/td><td>Vent de chaleur<\/td><td>Longueur<\/td><td>Largeur<\/td><td>Hauteur<\/td><td>Bo\u00eete int\u00e9rieure<\/td><td>1 pi\u00e8ce<\/td><td>1.5\/1.7<\/td><td>210*170*310<\/td><td>20'GP<\/td><td>40'HQ<\/td><\/tr><tr><td>8<\/td><td>900\/<br>1300<\/td><td>205<\/td><td>165<\/td><td>305<\/td><td>Carton<\/td><td>6 pi\u00e8ces<\/td><td>10.2\/11.2<\/td><td>435*525*330<\/td><td>2238<\/td><td>5436<\/td><\/tr><\/tbody><\/table><\/figure><div class=\"wp-block-columns is-layout-flex wp-container-core-columns-is-layout-9d6595d7 wp-block-columns-is-layout-flex\"><div class=\"wp-block-column is-layout-flow wp-block-column-is-layout-flow\" style=\"flex-basis:50%\"><h3 class=\"wp-block-heading has-text-align-left\">Avantages des chauffages \u00e9lectriques en gros<\/h3>\n\n<ul class=\"wp-block-list\"><li><strong>R\u00e9glage de la temp\u00e9rature \u00e0 trois vitesses : <\/strong>Ces radiateurs \u00e9lectriques portables sont \u00e9quip\u00e9s d'un syst\u00e8me de r\u00e9glage \u00e0 trois vitesses (vent naturel, basse temp\u00e9rature et haute temp\u00e9rature). Les utilisateurs peuvent choisir librement en fonction de la temp\u00e9rature int\u00e9rieure, ce qui convient \u00e0 une vari\u00e9t\u00e9 de sc\u00e9narios d'utilisation tout au long de l'ann\u00e9e. Qu'il s'agisse d'un r\u00e9chauffement l\u00e9ger ou rapide, le r\u00e9glage flexible permet d'obtenir de la chaleur \u00e0 la demande.<\/li>\n\n<li><strong>Vent de balancier \u00e0 grand angle : <\/strong>Nos radiateurs \u00e9lectriques en gros sont dot\u00e9s d'un syst\u00e8me de rotation automatique \u00e0 gauche et \u00e0 droite, qui permet de distribuer uniform\u00e9ment l'air chaud dans tous les coins de la pi\u00e8ce, d'\u00e9viter les surchauffes locales ou les diff\u00e9rences de temp\u00e9rature in\u00e9gales, afin que vous puissiez b\u00e9n\u00e9ficier d'une temp\u00e9rature confortable dans diff\u00e9rentes positions.<\/li>\n\n<li><strong>Double protection de s\u00e9curit\u00e9 : <\/strong>Nos chauffages \u00e9lectriques en gros sont dot\u00e9s de fonctions int\u00e9gr\u00e9es de protection contre les surchauffes et les surintensit\u00e9s anormales, qui coupent automatiquement le courant en cas d'accident, \u00e9vitent les risques de s\u00e9curit\u00e9 caus\u00e9s par les surchauffes ou les courants anormaux, garantissent la s\u00e9curit\u00e9 pendant l'utilisation et vous permettent de vous sentir plus \u00e0 l'aise.<\/li>\n\n<li><strong>Ventilateur silencieux, pour un sommeil confortable<\/strong>: Nos chauffages \u00e9lectriques en gros sont \u00e9quip\u00e9s d'un ventilateur silencieux, qui ne fait presque pas de bruit pendant le fonctionnement, particuli\u00e8rement adapt\u00e9 \u00e0 l'utilisation nocturne, garantissant qu'il n'interf\u00e9rera pas avec votre sommeil ou votre vie quotidienne, vous permettant de dormir paisiblement au chaud.<\/li><\/ul><\/div>\n\n<div class=\"wp-block-column is-layout-flow wp-block-column-is-layout-flow\"><figure class=\"wp-block-image size-full\"><img decoding=\"async\" width=\"800\" height=\"800\" src=\"https:\/\/www.gdwanjiada.net\/wp-content\/uploads\/2024\/10\/Electric-Heaters-Wholesale-Fan-Heaters-With-PTC-Heating-8.webp\" alt=\"Chauffage \u00e9lectrique Wholesale, Chauffage par ventilateur avec chauffage PTC-8\" class=\"wp-image-1034\" srcset=\"https:\/\/www.gdwanjiada.net\/wp-content\/uploads\/2024\/10\/Electric-Heaters-Wholesale-Fan-Heaters-With-PTC-Heating-8.webp 800w, https:\/\/www.gdwanjiada.net\/wp-content\/uploads\/2024\/10\/Electric-Heaters-Wholesale-Fan-Heaters-With-PTC-Heating-8-300x300.webp 300w, https:\/\/www.gdwanjiada.net\/wp-content\/uploads\/2024\/10\/Electric-Heaters-Wholesale-Fan-Heaters-With-PTC-Heating-8-150x150.webp 150w, https:\/\/www.gdwanjiada.net\/wp-content\/uploads\/2024\/10\/Electric-Heaters-Wholesale-Fan-Heaters-With-PTC-Heating-8-768x768.webp 768w, https:\/\/www.gdwanjiada.net\/wp-content\/uploads\/2024\/10\/Electric-Heaters-Wholesale-Fan-Heaters-With-PTC-Heating-8-12x12.webp 12w, https:\/\/www.gdwanjiada.net\/wp-content\/uploads\/2024\/10\/Electric-Heaters-Wholesale-Fan-Heaters-With-PTC-Heating-8-600x600.webp 600w, https:\/\/www.gdwanjiada.net\/wp-content\/uploads\/2024\/10\/Electric-Heaters-Wholesale-Fan-Heaters-With-PTC-Heating-8-100x100.webp 100w\" sizes=\"(max-width: 800px) 100vw, 800px\" \/><\/figure><\/div><\/div>","protected":false},"excerpt":{"rendered":"<p>Nous vous invitons \u00e0 acheter des radiateurs \u00e9lectriques portables en gros. Ce ventilateur de chauffage \u00e9lectrique en gros est dot\u00e9 d'un r\u00e9glage de la temp\u00e9rature \u00e0 trois vitesses et d'une fonction de balancement du vent \u00e0 gauche et \u00e0 droite, ce qui permet de fournir une chaleur uniforme et confortable en fonction des diff\u00e9rents besoins. La double protection de s\u00e9curit\u00e9 garantit une utilisation s\u00fbre.<\/p>\n<h2>Caract\u00e9ristiques du produit\uff1a<\/h2>\n<ul>\n<li>Chauffage PTC, haute efficacit\u00e9 thermique, longue dur\u00e9e de vie.<\/li>\n<li>Contr\u00f4le par micro-ordinateur, plus pratique \u00e0 utiliser.<\/li>\n<li>Trois modes de fonctionnement : vent naturel, basse temp\u00e9rature et haute temp\u00e9rature.<\/li>\n<li>Balancement \u00e0 gauche et \u00e0 droite avec un grand angle de vent.<\/li>\n<li>R\u00e9glage de la minuterie de 1 \u00e0 7 heures.<\/li>\n<li>Protection contre la chute d'\u00e9nergie.<\/li>\n<li>Protection multiple contre la surchauffe et la surintensit\u00e9.<\/li>\n<li>Mat\u00e9riau ABS ignifuge, plus s\u00fbr \u00e0 utiliser.<\/li>\n<li>Peu bruyant, il ne perturbe pas le sommeil.<\/li>\n<\/ul>","protected":false},"featured_media":1029,"comment_status":"closed","ping_status":"closed","template":"","meta":{"_acf_changed":false},"product_brand":[],"product_cat":[22],"product_tag":[],"class_list":{"0":"post-1026","1":"product","2":"type-product","3":"status-publish","4":"has-post-thumbnail","6":"product_cat-wholesale-fan-heaters","8":"first","9":"instock","10":"shipping-taxable","11":"product-type-simple"},"acf":[],"_links":{"self":[{"href":"https:\/\/www.gdwanjiada.net\/fr\/wp-json\/wp\/v2\/product\/1026","targetHints":{"allow":["GET"]}}],"collection":[{"href":"https:\/\/www.gdwanjiada.net\/fr\/wp-json\/wp\/v2\/product"}],"about":[{"href":"https:\/\/www.gdwanjiada.net\/fr\/wp-json\/wp\/v2\/types\/product"}],"replies":[{"embeddable":true,"href":"https:\/\/www.gdwanjiada.net\/fr\/wp-json\/wp\/v2\/comments?post=1026"}],"wp:featuredmedia":[{"embeddable":true,"href":"https:\/\/www.gdwanjiada.net\/fr\/wp-json\/wp\/v2\/media\/1029"}],"wp:attachment":[{"href":"https:\/\/www.gdwanjiada.net\/fr\/wp-json\/wp\/v2\/media?parent=1026"}],"wp:term":[{"taxonomy":"product_brand","embeddable":true,"href":"https:\/\/www.gdwanjiada.net\/fr\/wp-json\/wp\/v2\/product_brand?post=1026"},{"taxonomy":"product_cat","embeddable":true,"href":"https:\/\/www.gdwanjiada.net\/fr\/wp-json\/wp\/v2\/product_cat?post=1026"},{"taxonomy":"product_tag","embeddable":true,"href":"https:\/\/www.gdwanjiada.net\/fr\/wp-json\/wp\/v2\/product_tag?post=1026"}],"curies":[{"name":"wp","href":"https:\/\/api.w.org\/{rel}","templated":true}]}}