{"id":1019,"date":"2024-10-06T08:23:25","date_gmt":"2024-10-06T08:23:25","guid":{"rendered":"https:\/\/www.gdwanjiada.net\/?post_type=product&#038;p=1019"},"modified":"2024-10-06T08:48:00","modified_gmt":"2024-10-06T08:48:00","slug":"wholesale-electric-heaters","status":"publish","type":"product","link":"https:\/\/www.gdwanjiada.net\/fr\/produit\/wholesale-electric-heaters\/","title":{"rendered":"Petits chauffages \u00e9lectriques carr\u00e9s en gros, chauffages portatifs \u00e0 ventilateur"},"content":{"rendered":"<h3 class=\"wp-block-heading has-text-align-center\">Sp\u00e9cifications des chauffages \u00e9lectriques en gros<\/h3><figure class=\"wp-block-table\"><table class=\"has-fixed-layout\"><tbody><tr><td>Mod\u00e8le<\/td><td>Mode chauffage<\/td><td>Volt\/Freq<\/td><td colspan=\"2\">Puissance (W)&nbsp;<\/td><td colspan=\"3\">Taille du produit (mm)&nbsp;<\/td><td colspan=\"2\">Emballage<\/td><td>Poids net \/ poids brut (kg)&nbsp;<\/td><td>Taille de l'emballage (mm)&nbsp;<\/td><td colspan=\"2\">Chargement Qt\u00e9 (pcs)<\/td><\/tr><tr><td rowspan=\"2\">WJD1301R<\/td><td rowspan=\"2\">PTC<\/td><td rowspan=\"2\">220V\/50Hz<\/td><td>Vent froid<\/td><td>Vent de chaleur<\/td><td>Longueur<\/td><td>Largeur<\/td><td>Hauteur<\/td><td>Bo\u00eete int\u00e9rieure<\/td><td>1 pi\u00e8ce<\/td><td>1.5\/1.7<\/td><td>210*185*290<\/td><td>20'GP<\/td><td>40'HQ<\/td><\/tr><tr><td>8<\/td><td>900\/<br>1300<\/td><td>205<\/td><td>180<\/td><td>285<\/td><td>Carton<\/td><td>6 pi\u00e8ces<\/td><td>10.2\/11.2<\/td><td>435*570*310<\/td><td>2184<\/td><td>5298<\/td><\/tr><\/tbody><\/table><\/figure><div class=\"wp-block-columns is-layout-flex wp-container-core-columns-is-layout-9d6595d7 wp-block-columns-is-layout-flex\"><div class=\"wp-block-column is-layout-flow wp-block-column-is-layout-flow\" style=\"flex-basis:50%\"><h3 class=\"wp-block-heading has-text-align-left\">Avantages de la vente en gros de radiateurs \u00e9lectriques<\/h3>\n\n<ul class=\"wp-block-list\"><li><strong>Conception compacte, peu encombrante :<\/strong> Nos petits chauffages \u00e9lectriques carr\u00e9s en gros sont con\u00e7us pour les petits espaces. Son style moderne et simple peut \u00e9galement \u00eatre int\u00e9gr\u00e9 dans divers environnements domestiques ou professionnels, ce qui permet d'\u00e9conomiser de l'espace sans affecter l'apparence g\u00e9n\u00e9rale.<\/li>\n\n<li><strong>Chauffage efficace, chauffage rapide : <\/strong>Nos radiateurs \u00e9lectriques portables adoptent une technologie avanc\u00e9e de chauffage rapide, qui peut rapidement augmenter la temp\u00e9rature de la pi\u00e8ce en quelques minutes, fournissant une chaleur confortable m\u00eame dans le froid de l'hiver. Qu'il soit utilis\u00e9 pour le chauffage local ou pour r\u00e9chauffer toute la pi\u00e8ce, il peut fonctionner efficacement.<\/li>\n\n<li><strong>Conception portative, facile \u00e0 d\u00e9placer : <\/strong>Nos chauffages \u00e9lectriques en gros sont con\u00e7us pour \u00eatre l\u00e9gers et \u00e9quip\u00e9s de poign\u00e9es confortables, ce qui permet de les d\u00e9placer \u00e0 tout moment. Ils peuvent \u00eatre facilement transport\u00e9s et garder la chaleur avec vous \u00e0 tout moment.<\/li>\n\n<li><strong>Protection de la s\u00e9curit\u00e9, utilisation sans souci : <\/strong>Ces chauffages \u00e9lectriques portables sont \u00e9quip\u00e9s d'une fonction de protection contre la surchauffe qui garantit que l'alimentation \u00e9lectrique est automatiquement coup\u00e9e lorsque la temp\u00e9rature est trop \u00e9lev\u00e9e, afin d'\u00e9viter les risques de s\u00e9curit\u00e9 li\u00e9s \u00e0 la surchauffe.<\/li><\/ul><\/div>\n\n<div class=\"wp-block-column is-layout-flow wp-block-column-is-layout-flow\"><figure class=\"wp-block-image size-full\"><img decoding=\"async\" width=\"800\" height=\"800\" src=\"https:\/\/www.gdwanjiada.net\/wp-content\/uploads\/2024\/10\/Small-Square-Wholesale-Electric-Heaters-Portable-Fan-Heater-5.webp\" alt=\"Petits chauffages \u00e9lectriques carr\u00e9s en gros, chauffages portatifs \u00e0 ventilateur-5\" class=\"wp-image-1024\" srcset=\"https:\/\/www.gdwanjiada.net\/wp-content\/uploads\/2024\/10\/Small-Square-Wholesale-Electric-Heaters-Portable-Fan-Heater-5.webp 800w, https:\/\/www.gdwanjiada.net\/wp-content\/uploads\/2024\/10\/Small-Square-Wholesale-Electric-Heaters-Portable-Fan-Heater-5-300x300.webp 300w, https:\/\/www.gdwanjiada.net\/wp-content\/uploads\/2024\/10\/Small-Square-Wholesale-Electric-Heaters-Portable-Fan-Heater-5-150x150.webp 150w, https:\/\/www.gdwanjiada.net\/wp-content\/uploads\/2024\/10\/Small-Square-Wholesale-Electric-Heaters-Portable-Fan-Heater-5-768x768.webp 768w, https:\/\/www.gdwanjiada.net\/wp-content\/uploads\/2024\/10\/Small-Square-Wholesale-Electric-Heaters-Portable-Fan-Heater-5-12x12.webp 12w, https:\/\/www.gdwanjiada.net\/wp-content\/uploads\/2024\/10\/Small-Square-Wholesale-Electric-Heaters-Portable-Fan-Heater-5-600x600.webp 600w, https:\/\/www.gdwanjiada.net\/wp-content\/uploads\/2024\/10\/Small-Square-Wholesale-Electric-Heaters-Portable-Fan-Heater-5-100x100.webp 100w\" sizes=\"(max-width: 800px) 100vw, 800px\" \/><\/figure><\/div><\/div>","protected":false},"excerpt":{"rendered":"<p>Bienvenue sur le site d'achat en gros de radiateurs portatifs \u00e0 ventilateur. Ces petits chauffages \u00e9lectriques carr\u00e9s en gros sont con\u00e7us pour \u00e9conomiser de l'espace, avec une technologie de chauffage efficace, et peuvent chauffer rapidement en quelques minutes. Avec son design portable et sa fonction de protection contre la surchauffe int\u00e9gr\u00e9e, c'est un compagnon id\u00e9al pour les saisons froides.<\/p>\n<h2>Caract\u00e9ristiques du produit\uff1a<\/h2>\n<ul>\n<li>Chauffage par PTC, haute efficacit\u00e9 thermique, longue dur\u00e9e de vie.<\/li>\n<li>Commande par micro-ordinateur, plus pratique.<\/li>\n<li>3 types de mode de fonctionnement : Vent naturel, faible<\/li>\n<li>et des temp\u00e9ratures \u00e9lev\u00e9es.<\/li>\n<li>Vent grand angle de la balan\u00e7oire gauche-droite.<\/li>\n<li>R\u00e9glage de la dur\u00e9e de 1 \u00e0 7 heures.<\/li>\n<li>Protection contre la chute d'\u00e9nergie.<\/li>\n<li>Protection multiple contre la surchauffe ou la surintensit\u00e9.<\/li>\n<li>ABS Mat\u00e9riau ignifuge pour la s\u00e9curit\u00e9.<\/li>\n<li>Peu bruyant, il ne perturbe pas le sommeil.<\/li>\n<\/ul>","protected":false},"featured_media":1025,"comment_status":"closed","ping_status":"closed","template":"","meta":{"_acf_changed":false},"product_brand":[],"product_cat":[22],"product_tag":[],"class_list":{"0":"post-1019","1":"product","2":"type-product","3":"status-publish","4":"has-post-thumbnail","6":"product_cat-wholesale-fan-heaters","8":"first","9":"instock","10":"shipping-taxable","11":"product-type-simple"},"acf":[],"_links":{"self":[{"href":"https:\/\/www.gdwanjiada.net\/fr\/wp-json\/wp\/v2\/product\/1019","targetHints":{"allow":["GET"]}}],"collection":[{"href":"https:\/\/www.gdwanjiada.net\/fr\/wp-json\/wp\/v2\/product"}],"about":[{"href":"https:\/\/www.gdwanjiada.net\/fr\/wp-json\/wp\/v2\/types\/product"}],"replies":[{"embeddable":true,"href":"https:\/\/www.gdwanjiada.net\/fr\/wp-json\/wp\/v2\/comments?post=1019"}],"wp:featuredmedia":[{"embeddable":true,"href":"https:\/\/www.gdwanjiada.net\/fr\/wp-json\/wp\/v2\/media\/1025"}],"wp:attachment":[{"href":"https:\/\/www.gdwanjiada.net\/fr\/wp-json\/wp\/v2\/media?parent=1019"}],"wp:term":[{"taxonomy":"product_brand","embeddable":true,"href":"https:\/\/www.gdwanjiada.net\/fr\/wp-json\/wp\/v2\/product_brand?post=1019"},{"taxonomy":"product_cat","embeddable":true,"href":"https:\/\/www.gdwanjiada.net\/fr\/wp-json\/wp\/v2\/product_cat?post=1019"},{"taxonomy":"product_tag","embeddable":true,"href":"https:\/\/www.gdwanjiada.net\/fr\/wp-json\/wp\/v2\/product_tag?post=1019"}],"curies":[{"name":"wp","href":"https:\/\/api.w.org\/{rel}","templated":true}]}}