{"id":862,"date":"2024-09-28T07:24:24","date_gmt":"2024-09-28T07:24:24","guid":{"rendered":"https:\/\/www.gdwanjiada.net\/?post_type=product&#038;p=862"},"modified":"2025-01-16T02:26:26","modified_gmt":"2025-01-16T02:26:26","slug":"wholesale-portable-fans","status":"publish","type":"product","link":"https:\/\/www.gdwanjiada.net\/es\/producto\/wholesale-portable-fans\/","title":{"rendered":"Ventiladores Port\u00e1tiles al por mayor, Ventiladores sin aspas a granel de material ABS"},"content":{"rendered":"<h3 class=\"wp-block-heading has-text-align-center\">Especificaciones de los ventiladores port\u00e1tiles al por mayor<\/h3><figure class=\"wp-block-table\"><table class=\"has-fixed-layout\"><tbody><tr><td rowspan=\"2\">Modelo<\/td><td rowspan=\"2\">Potencia\uff08W\uff09<\/td><td rowspan=\"2\">Tensi\u00f3n\uff08V\uff09<\/td><td rowspan=\"2\">Modo de velocidad<\/td><td rowspan=\"2\">G.W.\uff08g\uff09<\/td><td rowspan=\"2\">Tama\u00f1o del producto\uff08mm\uff09<\/td><td rowspan=\"2\">Tama\u00f1o del embalaje\uff08mm\uff09<\/td><td rowspan=\"2\">Tama\u00f1o de la caja\uff08mm\uff09<\/td><td rowspan=\"2\">Embalaje Q'ty\uff08pc\uff09<\/td><td rowspan=\"2\">Cart\u00f3n G.W.\uff08kg\uff09<\/td><td rowspan=\"2\">Alimentaci\u00f3n<\/td><td rowspan=\"2\">Capacidad de la bater\u00eda<\/td><td colspan=\"2\">Tipo de carga<\/td><\/tr><tr><td>20GP<\/td><td>40HQ<\/td><\/tr><tr><td>A-01<\/td><td>5<\/td><td>5<\/td><td>6<\/td><td>780<\/td><td>362*182*182<\/td><td>367*184*184<\/td><td>750*750*380<\/td><td>16<\/td><td>16.8<\/td><td>Tipo-C\/Bater\u00eda<\/td><td>1800mh<\/td><td>2096<\/td><td>5108<\/td><\/tr><\/tbody><\/table><\/figure><div class=\"wp-block-columns is-layout-flex wp-container-core-columns-is-layout-9d6595d7 wp-block-columns-is-layout-flex\"><div class=\"wp-block-column is-layout-flow wp-block-column-is-layout-flow\" style=\"flex-basis:50%\"><h3 class=\"wp-block-heading has-text-align-left\">Ventajas de los ventiladores port\u00e1tiles al por mayor<\/h3>\n\n<ul class=\"wp-block-list\"><li><strong>Dise\u00f1o sin cuchillas, seguro y c\u00f3modo:<\/strong> Nuestros ventiladores port\u00e1tiles al por mayor utilizan tecnolog\u00eda de suministro de aire sin aspas para proporcionar una salida de flujo de aire suave y uniforme, evitando los peligros potenciales de los ventiladores de aspas tradicionales, especialmente adecuados para un uso seguro por parte de ni\u00f1os y mascotas.<\/li>\n\n<li><strong>Suministro de aire a larga distancia, buen efecto de circulaci\u00f3n del aire:<\/strong> Estos ventiladores sin aspas a granel tienen una distancia de suministro de aire de 2,5 metros, promueven eficazmente la circulaci\u00f3n del aire interior, proporcionan un ambiente fresco y confortable, y son adecuados para su uso en una variedad de escenarios.<\/li>\n\n<li><strong>Material ABS de alta calidad, resistente y duradero: <\/strong>La carcasa de nuestros ventiladores port\u00e1tiles al por mayor esta hecha de material ABS duradero, resistente a impactos y rayones, garantizando estabilidad y durabilidad en uso a largo plazo.<\/li>\n\n<li><strong>Bater\u00eda de litio de gran capacidad y larga duraci\u00f3n: <\/strong>Estos ventiladores sin aspas a granel llevan incorporadas bater\u00edas de litio de gran capacidad, que proporcionan una larga duraci\u00f3n de la bater\u00eda, no necesitan cargarse con frecuencia, son f\u00e1ciles de transportar y resultan adecuados para el hogar, la oficina y el uso en exteriores.<\/li><\/ul><\/div>\n\n<div class=\"wp-block-column is-layout-flow wp-block-column-is-layout-flow\"><figure class=\"wp-block-image size-full\"><img decoding=\"async\" width=\"800\" height=\"800\" src=\"https:\/\/www.gdwanjiada.net\/wp-content\/uploads\/2024\/09\/Wholesale-Portable-Fans-Bulk-Bladeless-Fan-of-ABS-Material-2.webp\" alt=\"Venta al por mayor de ventiladores port\u00e1tiles, ventilador sin aspas a granel de material ABS-2\" class=\"wp-image-864\" srcset=\"https:\/\/www.gdwanjiada.net\/wp-content\/uploads\/2024\/09\/Wholesale-Portable-Fans-Bulk-Bladeless-Fan-of-ABS-Material-2.webp 800w, https:\/\/www.gdwanjiada.net\/wp-content\/uploads\/2024\/09\/Wholesale-Portable-Fans-Bulk-Bladeless-Fan-of-ABS-Material-2-300x300.webp 300w, https:\/\/www.gdwanjiada.net\/wp-content\/uploads\/2024\/09\/Wholesale-Portable-Fans-Bulk-Bladeless-Fan-of-ABS-Material-2-150x150.webp 150w, https:\/\/www.gdwanjiada.net\/wp-content\/uploads\/2024\/09\/Wholesale-Portable-Fans-Bulk-Bladeless-Fan-of-ABS-Material-2-768x768.webp 768w, https:\/\/www.gdwanjiada.net\/wp-content\/uploads\/2024\/09\/Wholesale-Portable-Fans-Bulk-Bladeless-Fan-of-ABS-Material-2-600x600.webp 600w, https:\/\/www.gdwanjiada.net\/wp-content\/uploads\/2024\/09\/Wholesale-Portable-Fans-Bulk-Bladeless-Fan-of-ABS-Material-2-100x100.webp 100w\" sizes=\"(max-width: 800px) 100vw, 800px\" \/><\/figure><\/div><\/div>","protected":false},"excerpt":{"rendered":"<p>Bienvenido a comprar ventiladores sin aspas al por mayor. Nuestros ventiladores port\u00e1tiles al por mayor adoptan un dise\u00f1o seguro sin aspas, proporcionan una distancia de suministro de aire de 2.5 metros y favorecen la circulaci\u00f3n del aire. El material ABS de alta calidad garantiza su durabilidad, combinado con bater\u00edas de litio de gran capacidad, proporciona una larga duraci\u00f3n de la bater\u00eda, y es una opci\u00f3n ideal para el hogar, la oficina y el uso al aire libre.<\/p>\n<h2>Caracter\u00edsticas del producto\uff1a<\/h2>\n<ul>\n<li>Encendido y apagado con una sola pulsaci\u00f3n.<\/li>\n<li>Suministro de aire sin aspas.<\/li>\n<li>Suministro de aire de 2,5 m, aire circulante.<\/li>\n<li>Material ABS.<\/li>\n<li>Bater\u00eda de litio de gran capacidad.<\/li>\n<\/ul>","protected":false},"featured_media":863,"comment_status":"closed","ping_status":"closed","template":"","meta":{"_acf_changed":false},"product_brand":[],"product_cat":[23,24],"product_tag":[38],"class_list":{"0":"post-862","1":"product","2":"type-product","3":"status-publish","4":"has-post-thumbnail","6":"product_cat-wholesale-portable-fans","7":"product_cat-air-circulation-fan-wholesale","8":"product_tag-wholesale-bladeless-fans","10":"first","11":"instock","12":"shipping-taxable","13":"product-type-simple"},"acf":[],"_links":{"self":[{"href":"https:\/\/www.gdwanjiada.net\/es\/wp-json\/wp\/v2\/product\/862","targetHints":{"allow":["GET"]}}],"collection":[{"href":"https:\/\/www.gdwanjiada.net\/es\/wp-json\/wp\/v2\/product"}],"about":[{"href":"https:\/\/www.gdwanjiada.net\/es\/wp-json\/wp\/v2\/types\/product"}],"replies":[{"embeddable":true,"href":"https:\/\/www.gdwanjiada.net\/es\/wp-json\/wp\/v2\/comments?post=862"}],"wp:featuredmedia":[{"embeddable":true,"href":"https:\/\/www.gdwanjiada.net\/es\/wp-json\/wp\/v2\/media\/863"}],"wp:attachment":[{"href":"https:\/\/www.gdwanjiada.net\/es\/wp-json\/wp\/v2\/media?parent=862"}],"wp:term":[{"taxonomy":"product_brand","embeddable":true,"href":"https:\/\/www.gdwanjiada.net\/es\/wp-json\/wp\/v2\/product_brand?post=862"},{"taxonomy":"product_cat","embeddable":true,"href":"https:\/\/www.gdwanjiada.net\/es\/wp-json\/wp\/v2\/product_cat?post=862"},{"taxonomy":"product_tag","embeddable":true,"href":"https:\/\/www.gdwanjiada.net\/es\/wp-json\/wp\/v2\/product_tag?post=862"}],"curies":[{"name":"wp","href":"https:\/\/api.w.org\/{rel}","templated":true}]}}