{"id":830,"date":"2024-09-28T06:31:13","date_gmt":"2024-09-28T06:31:13","guid":{"rendered":"https:\/\/www.gdwanjiada.net\/?post_type=product&#038;p=830"},"modified":"2024-09-28T06:50:34","modified_gmt":"2024-09-28T06:50:34","slug":"bulk-handheld-fans","status":"publish","type":"product","link":"https:\/\/www.gdwanjiada.net\/es\/producto\/bulk-handheld-fans\/","title":{"rendered":"Ventiladores De Mano Al Por Mayor, Mini Ventiladores Con Iluminaci\u00f3n Al Por Mayor"},"content":{"rendered":"<h3 class=\"wp-block-heading has-text-align-center\">Especificaciones de los ventiladores de mano a granel<\/h3><figure class=\"wp-block-table\"><table class=\"has-fixed-layout\"><tbody><tr><td rowspan=\"2\">Modelo<\/td><td rowspan=\"2\">Potencia\uff08W\uff09<\/td><td rowspan=\"2\">Tensi\u00f3n\uff08V\uff09<\/td><td rowspan=\"2\">Modo de velocidad<\/td><td rowspan=\"2\">G.W.\uff08g\uff09<\/td><td rowspan=\"2\">Tama\u00f1o del producto\uff08mm\uff09<\/td><td rowspan=\"2\">Tama\u00f1o del embalaje\uff08mm\uff09<\/td><td rowspan=\"2\">Tama\u00f1o de la caja\uff08mm\uff09<\/td><td rowspan=\"2\">Embalaje Q'ty\uff08pc\uff09<\/td><td rowspan=\"2\">Cart\u00f3n G.W.\uff08kg\uff09<\/td><td rowspan=\"2\">Alimentaci\u00f3n<\/td><td rowspan=\"2\">Capacidad de la bater\u00eda<\/td><td colspan=\"2\">Tipo de carga<\/td><\/tr><tr><td>20GP<\/td><td>40HQ<\/td><\/tr><tr><td>F02<\/td><td>9<\/td><td>5<\/td><td>5<\/td><td>268<\/td><td>114*56*45<\/td><td>107*52*152<\/td><td>445*340*335<\/td><td>45<\/td><td>14.4<\/td><td>Tipo-C\/Bater\u00eda<\/td><td>2400mh<\/td><td>26880<\/td><td>65280<\/td><\/tr><\/tbody><\/table><\/figure><div class=\"wp-block-columns is-layout-flex wp-container-core-columns-is-layout-9d6595d7 wp-block-columns-is-layout-flex\"><div class=\"wp-block-column is-layout-flow wp-block-column-is-layout-flow\" style=\"flex-basis:50%\"><h3 class=\"wp-block-heading has-text-align-left\">Ventajas de los ventiladores de mano a granel<\/h3>\n\n<ul class=\"wp-block-list\"><li><strong>Dise\u00f1o port\u00e1til, f\u00e1cil de transportar: <\/strong>Nuestros ventiladores de mano a granel son compactos y f\u00e1ciles de transportar, adecuados para viajes, actividades al aire libre, la oficina o el uso diario.<\/li>\n\n<li><strong>Ajuste de la velocidad del viento con varias velocidades: <\/strong>Estos mini ventiladores al por mayor proporcionan un ajuste de la velocidad del viento de 5 velocidades, los usuarios pueden elegir la velocidad del viento adecuada seg\u00fan sus necesidades y disfrutar de una experiencia de refrigeraci\u00f3n personalizada.<\/li>\n\n<li><strong>Funci\u00f3n de iluminaci\u00f3n, pr\u00e1ctica y diversa: <\/strong>Nuestros ventiladores de mano a granel tienen un dise\u00f1o de iluminaci\u00f3n incorporado y 2 modos regulables. Pueden utilizarse como ventiladores de mano y proporcionar iluminaci\u00f3n. Son adecuados para uso nocturno o al aire libre y tienen varias funciones.<\/li>\n\n<li><strong>Ahorro de energ\u00eda y eficiencia, c\u00f3modo de usar:<\/strong> Estos miniventiladores al por mayor con iluminaci\u00f3n tienen un dise\u00f1o que ahorra energ\u00eda, una bater\u00eda de larga duraci\u00f3n y un funcionamiento sencillo. Un bot\u00f3n de control de la velocidad del viento y la iluminaci\u00f3n es conveniente y r\u00e1pido.<\/li><\/ul><\/div>\n\n<div class=\"wp-block-column is-layout-flow wp-block-column-is-layout-flow\"><figure class=\"wp-block-image size-full\"><img decoding=\"async\" width=\"800\" height=\"800\" src=\"https:\/\/www.gdwanjiada.net\/wp-content\/uploads\/2024\/09\/Bulk-Handheld-Fans-Wholesale-Mini-Fans-With-Lighting-Design-5.webp\" alt=\"Ventiladores De Mano Al Por Mayor, Mini Ventiladores Con Iluminaci\u00f3n Al Por Mayor Dise\u00f1o-5\" class=\"wp-image-840\" srcset=\"https:\/\/www.gdwanjiada.net\/wp-content\/uploads\/2024\/09\/Bulk-Handheld-Fans-Wholesale-Mini-Fans-With-Lighting-Design-5.webp 800w, https:\/\/www.gdwanjiada.net\/wp-content\/uploads\/2024\/09\/Bulk-Handheld-Fans-Wholesale-Mini-Fans-With-Lighting-Design-5-300x300.webp 300w, https:\/\/www.gdwanjiada.net\/wp-content\/uploads\/2024\/09\/Bulk-Handheld-Fans-Wholesale-Mini-Fans-With-Lighting-Design-5-150x150.webp 150w, https:\/\/www.gdwanjiada.net\/wp-content\/uploads\/2024\/09\/Bulk-Handheld-Fans-Wholesale-Mini-Fans-With-Lighting-Design-5-768x768.webp 768w, https:\/\/www.gdwanjiada.net\/wp-content\/uploads\/2024\/09\/Bulk-Handheld-Fans-Wholesale-Mini-Fans-With-Lighting-Design-5-600x600.webp 600w, https:\/\/www.gdwanjiada.net\/wp-content\/uploads\/2024\/09\/Bulk-Handheld-Fans-Wholesale-Mini-Fans-With-Lighting-Design-5-100x100.webp 100w\" sizes=\"(max-width: 800px) 100vw, 800px\" \/><\/figure><\/div><\/div>","protected":false},"excerpt":{"rendered":"<p>Bienvenido a comprar mini ventiladores al por mayor. Nuestros ventiladores de mano al por mayor tienen un dise\u00f1o compacto, con 5 ajustes de velocidad del viento y 2 modos de iluminaci\u00f3n, que son f\u00e1ciles de transportar. Integra las funciones de ventilador e iluminaci\u00f3n, adecuado para exteriores, viajes y uso diario, proporcionando refrigeraci\u00f3n e iluminaci\u00f3n. Ahorra energ\u00eda y es eficiente, f\u00e1cil de manejar, satisface diversas necesidades de uso.<\/p>\n<h2>Caracter\u00edsticas del producto\uff1a<\/h2>\n<ul>\n<li>M\u00faltiples escenarios, tales como colgar en el cuello, escritorio de la cintura, la computadora, soplar-secar pinturas al \u00f3leo, soplar-secar las pesta\u00f1as, camping y as\u00ed sucesivamente.\u00a0<\/li>\n<li>5 velocidades regulables por viento, 2 regulaciones de iluminaci\u00f3n regulables\uff1b<\/li>\n<li>Dise\u00f1o compacto para facilitar su transporte.<\/li>\n<li>Pantalla = Velocidad + Luz + Potencia<\/li>\n<\/ul>","protected":false},"featured_media":845,"comment_status":"closed","ping_status":"closed","template":"","meta":{"_acf_changed":false},"product_brand":[],"product_cat":[23],"product_tag":[],"class_list":{"0":"post-830","1":"product","2":"type-product","3":"status-publish","4":"has-post-thumbnail","6":"product_cat-wholesale-portable-fans","8":"first","9":"instock","10":"shipping-taxable","11":"product-type-simple"},"acf":[],"_links":{"self":[{"href":"https:\/\/www.gdwanjiada.net\/es\/wp-json\/wp\/v2\/product\/830","targetHints":{"allow":["GET"]}}],"collection":[{"href":"https:\/\/www.gdwanjiada.net\/es\/wp-json\/wp\/v2\/product"}],"about":[{"href":"https:\/\/www.gdwanjiada.net\/es\/wp-json\/wp\/v2\/types\/product"}],"replies":[{"embeddable":true,"href":"https:\/\/www.gdwanjiada.net\/es\/wp-json\/wp\/v2\/comments?post=830"}],"wp:featuredmedia":[{"embeddable":true,"href":"https:\/\/www.gdwanjiada.net\/es\/wp-json\/wp\/v2\/media\/845"}],"wp:attachment":[{"href":"https:\/\/www.gdwanjiada.net\/es\/wp-json\/wp\/v2\/media?parent=830"}],"wp:term":[{"taxonomy":"product_brand","embeddable":true,"href":"https:\/\/www.gdwanjiada.net\/es\/wp-json\/wp\/v2\/product_brand?post=830"},{"taxonomy":"product_cat","embeddable":true,"href":"https:\/\/www.gdwanjiada.net\/es\/wp-json\/wp\/v2\/product_cat?post=830"},{"taxonomy":"product_tag","embeddable":true,"href":"https:\/\/www.gdwanjiada.net\/es\/wp-json\/wp\/v2\/product_tag?post=830"}],"curies":[{"name":"wp","href":"https:\/\/api.w.org\/{rel}","templated":true}]}}