{"id":814,"date":"2024-09-28T06:12:38","date_gmt":"2024-09-28T06:12:38","guid":{"rendered":"https:\/\/www.gdwanjiada.net\/?post_type=product&#038;p=814"},"modified":"2025-01-16T02:48:09","modified_gmt":"2025-01-16T02:48:09","slug":"portable-fans-bulk","status":"publish","type":"product","link":"https:\/\/www.gdwanjiada.net\/es\/producto\/portable-fans-bulk\/","title":{"rendered":"Ventiladores port\u00e1tiles a granel, ventiladores de escritorio al por mayor, ventilador de circulaci\u00f3n de aire"},"content":{"rendered":"<h3 class=\"wp-block-heading has-text-align-center\">Especificaciones de los ventiladores port\u00e1tiles a granel<\/h3><figure class=\"wp-block-table\"><table class=\"has-fixed-layout\"><tbody><tr><td rowspan=\"2\">Modelo<\/td><td rowspan=\"2\">Potencia\uff08W\uff09<\/td><td rowspan=\"2\">Tensi\u00f3n\uff08V\uff09<\/td><td rowspan=\"2\">Modo de velocidad<\/td><td rowspan=\"2\">G.W.\uff08g\uff09<\/td><td rowspan=\"2\">Tama\u00f1o del producto\uff08mm\uff09<\/td><td rowspan=\"2\">Tama\u00f1o del embalaje\uff08mm\uff09<\/td><td rowspan=\"2\">Tama\u00f1o de la caja\uff08mm\uff09<\/td><td rowspan=\"2\">Embalaje Q'ty\uff08pc\uff09<\/td><td rowspan=\"2\">Cart\u00f3n G.W.\uff08kg\uff09<\/td><td rowspan=\"2\">Alimentaci\u00f3n<\/td><td rowspan=\"2\">Capacidad de la bater\u00eda<\/td><td colspan=\"2\">Tipo de carga<\/td><\/tr><tr><td>20GP<\/td><td>40HQ<\/td><\/tr><tr><td>F04<\/td><td>5<\/td><td>5<\/td><td>3<\/td><td>650<\/td><td>190*200*230<\/td><td>367*184*184<\/td><td>820*420*615<\/td><td>24<\/td><td>17.6<\/td><td>Enchufe<\/td><td>1200mh<\/td><td>3192<\/td><td>7704<\/td><\/tr><\/tbody><\/table><\/figure><div class=\"wp-block-columns is-layout-flex wp-container-core-columns-is-layout-9d6595d7 wp-block-columns-is-layout-flex\"><div class=\"wp-block-column is-layout-flow wp-block-column-is-layout-flow\" style=\"flex-basis:50%\"><h3 class=\"wp-block-heading has-text-align-left\">Ventajas de los ventiladores port\u00e1tiles a granel<\/h3>\n\n<ul class=\"wp-block-list\"><li><strong>Aplicabilidad en m\u00faltiples escenarios: <\/strong>Nuestros ventiladores port\u00e1tiles de circulaci\u00f3n de aire a granel son adecuados para m\u00faltiples escenarios de uso, como de pie, de pared, de sobremesa y de exterior, proporcionando soluciones flexibles de circulaci\u00f3n de aire, que pueden utilizarse f\u00e1cilmente en casa, en la oficina o en entornos exteriores.<\/li>\n\n<li><strong>Regulaci\u00f3n inteligente y funci\u00f3n de memoria: <\/strong>Este ventilador de circulaci\u00f3n de aire al por mayor tiene brillo de memoria inteligente y funciones de atenuaci\u00f3n continua, que puede ajustar libremente el brillo y se puede utilizar como una l\u00e1mpara de escritorio, l\u00e1mpara al aire libre, luz de relleno o luz de noche para satisfacer las necesidades de iluminaci\u00f3n en diferentes entornos.<\/li>\n\n<li><strong>\u00c1ngulo y potencia de viento ajustables: <\/strong>Nuestros ventiladores de escritorio al por mayor admiten una rotaci\u00f3n del \u00e1ngulo de suministro de aire de 180 grados, con un ajuste de la velocidad del viento de 3 velocidades, que puede ajustar de forma flexible la potencia del viento y la direcci\u00f3n del suministro de aire seg\u00fan las necesidades personales para garantizar una experiencia c\u00f3moda.<\/li>\n\n<li><strong>Bater\u00eda de litio incorporada, uso port\u00e1til: <\/strong>Estos ventiladores port\u00e1tiles a granel tienen un dise\u00f1o de bater\u00eda de litio incorporada, proporcionan una bater\u00eda de larga duraci\u00f3n, son port\u00e1tiles y f\u00e1ciles de transportar, se pueden utilizar en cualquier ocasi\u00f3n sin necesidad de enchufarlos y son ideales para bloggers de belleza como Youtubers.<\/li><\/ul><\/div>\n\n<div class=\"wp-block-column is-layout-flow wp-block-column-is-layout-flow\"><figure class=\"wp-block-image size-full\"><img decoding=\"async\" width=\"800\" height=\"800\" src=\"https:\/\/www.gdwanjiada.net\/wp-content\/uploads\/2024\/09\/Portable-Fans-Bulk-Wholesale-Desk-Fans-Air-Circulation-Fan-1.webp\" alt=\"Ventiladores Port\u00e1tiles a Granel, Ventiladores de Escritorio al por Mayor, Ventilador de Circulaci\u00f3n de Aire-1\" class=\"wp-image-818\" srcset=\"https:\/\/www.gdwanjiada.net\/wp-content\/uploads\/2024\/09\/Portable-Fans-Bulk-Wholesale-Desk-Fans-Air-Circulation-Fan-1.webp 800w, https:\/\/www.gdwanjiada.net\/wp-content\/uploads\/2024\/09\/Portable-Fans-Bulk-Wholesale-Desk-Fans-Air-Circulation-Fan-1-300x300.webp 300w, https:\/\/www.gdwanjiada.net\/wp-content\/uploads\/2024\/09\/Portable-Fans-Bulk-Wholesale-Desk-Fans-Air-Circulation-Fan-1-150x150.webp 150w, https:\/\/www.gdwanjiada.net\/wp-content\/uploads\/2024\/09\/Portable-Fans-Bulk-Wholesale-Desk-Fans-Air-Circulation-Fan-1-768x768.webp 768w, https:\/\/www.gdwanjiada.net\/wp-content\/uploads\/2024\/09\/Portable-Fans-Bulk-Wholesale-Desk-Fans-Air-Circulation-Fan-1-600x600.webp 600w, https:\/\/www.gdwanjiada.net\/wp-content\/uploads\/2024\/09\/Portable-Fans-Bulk-Wholesale-Desk-Fans-Air-Circulation-Fan-1-100x100.webp 100w\" sizes=\"(max-width: 800px) 100vw, 800px\" \/><\/figure><\/div><\/div>","protected":false},"excerpt":{"rendered":"<p>Bienvenido a comprar ventiladores port\u00e1tiles al por mayor. Este ventilador de escritorio al por mayor con funci\u00f3n de circulaci\u00f3n de aire es adecuado para colocar en el suelo, en la pared, en el escritorio y en exteriores. Tiene una bater\u00eda de litio incorporada, soporta rotaci\u00f3n de 180 grados y ajuste de velocidad de viento de 3 velocidades, brillo de memoria inteligente y funci\u00f3n de atenuaci\u00f3n continua. Es una herramienta auxiliar ideal para bloggers de belleza como Youtubers, port\u00e1til y eficiente.<\/p>\n<h2>Caracter\u00edsticas del producto\uff1a<\/h2>\n<ul>\n<li>M\u00faltiples escenarios de uso, como el suelo, colgado en la pared, escritorio y al aire libre todo lo que se puede aplicar.<\/li>\n<li>Suministro de aire con \u00e1ngulo de rotaci\u00f3n de 180 grados, 3 velocidades de viento ajustables, bater\u00eda de litio incorporada.<\/li>\n<li>La mejor elecci\u00f3n de herramientas auxiliares cosm\u00e9ticas para youtuber.<\/li>\n<li>Aire circulante para disfrutar de cada bocanada de aire fresco.<\/li>\n<li>Luminosidad con memoria inteligente y atenuaci\u00f3n gradual para ajustar la luminosidad a voluntad. Puede utilizarse como l\u00e1mpara de sobremesa, l\u00e1mpara de exterior, luz de relleno o luz nocturna.<\/li>\n<\/ul>","protected":false},"featured_media":820,"comment_status":"closed","ping_status":"closed","template":"","meta":{"_acf_changed":false},"product_brand":[],"product_cat":[23,24],"product_tag":[],"class_list":{"0":"post-814","1":"product","2":"type-product","3":"status-publish","4":"has-post-thumbnail","6":"product_cat-wholesale-portable-fans","7":"product_cat-air-circulation-fan-wholesale","9":"first","10":"instock","11":"shipping-taxable","12":"product-type-simple"},"acf":[],"_links":{"self":[{"href":"https:\/\/www.gdwanjiada.net\/es\/wp-json\/wp\/v2\/product\/814","targetHints":{"allow":["GET"]}}],"collection":[{"href":"https:\/\/www.gdwanjiada.net\/es\/wp-json\/wp\/v2\/product"}],"about":[{"href":"https:\/\/www.gdwanjiada.net\/es\/wp-json\/wp\/v2\/types\/product"}],"replies":[{"embeddable":true,"href":"https:\/\/www.gdwanjiada.net\/es\/wp-json\/wp\/v2\/comments?post=814"}],"wp:featuredmedia":[{"embeddable":true,"href":"https:\/\/www.gdwanjiada.net\/es\/wp-json\/wp\/v2\/media\/820"}],"wp:attachment":[{"href":"https:\/\/www.gdwanjiada.net\/es\/wp-json\/wp\/v2\/media?parent=814"}],"wp:term":[{"taxonomy":"product_brand","embeddable":true,"href":"https:\/\/www.gdwanjiada.net\/es\/wp-json\/wp\/v2\/product_brand?post=814"},{"taxonomy":"product_cat","embeddable":true,"href":"https:\/\/www.gdwanjiada.net\/es\/wp-json\/wp\/v2\/product_cat?post=814"},{"taxonomy":"product_tag","embeddable":true,"href":"https:\/\/www.gdwanjiada.net\/es\/wp-json\/wp\/v2\/product_tag?post=814"}],"curies":[{"name":"wp","href":"https:\/\/api.w.org\/{rel}","templated":true}]}}