{"id":793,"date":"2024-09-28T03:30:24","date_gmt":"2024-09-28T03:30:24","guid":{"rendered":"https:\/\/www.gdwanjiada.net\/?post_type=product&#038;p=793"},"modified":"2026-03-10T02:15:21","modified_gmt":"2026-03-10T02:15:21","slug":"food-storage-bins-bulk","status":"publish","type":"product","link":"https:\/\/www.gdwanjiada.net\/es\/producto\/food-storage-bins-bulk\/","title":{"rendered":"Recipientes de Almacenamiento de Alimentos a Granel, Recipientes de Almacenamiento Herm\u00e9ticos Suministro"},"content":{"rendered":"<h3 class=\"wp-block-heading has-text-align-center\">Especificaciones de las ubicaciones a granel<\/h3><figure class=\"wp-block-table\"><table class=\"has-fixed-layout\"><tbody><tr><td>Modelo<\/td><td>Material<\/td><td>Tama\u00f1o del producto\uff08cm\uff09<\/td><td>Tama\u00f1o de la caja\uff08cm\uff09<\/td><td>Cantidad por embalaje\uff08pcs\uff09<\/td><td>G.W.\uff08kg\uff09<\/td><td>N.W.\uff08kg\uff09<\/td><\/tr><tr><td>317<\/td><td>PP<\/td><td>34.5*23.5*14.5<\/td><td>48.5*36*66.5<\/td><td>20<\/td><td>0.4\/8<\/td><td>0.34\/6.8<\/td><\/tr><\/tbody><\/table><\/figure><div class=\"wp-block-columns is-layout-flex wp-container-core-columns-is-layout-9d6595d7 wp-block-columns-is-layout-flex\"><div class=\"wp-block-column is-layout-flow wp-block-column-is-layout-flow\" style=\"flex-basis:50%\"><h3 class=\"wp-block-heading has-text-align-left\">Ventajas de las ubicaciones a granel<\/h3>\n\n<ul class=\"wp-block-list\"><li><strong>Garant\u00eda de seguridad alimentaria: <\/strong>Nuestros contenedores de almacenamiento de alimentos a granel, hechos de pl\u00e1stico PP de calidad alimentaria, garantizan que no haya sustancias nocivas cuando entran en contacto con los alimentos, son seguros y respetuosos con el medio ambiente, adecuados para el almacenamiento a largo plazo de diversos productos secos, condimentos, granos y otros alimentos.<\/li>\n\n<li><strong>Excelente rendimiento de sellado: <\/strong>El dise\u00f1o de tapa sellada de estos recipientes herm\u00e9ticos para almacenamiento a granel a\u00edsla eficazmente el aire y la humedad, mantiene los alimentos frescos, evita el moho y la humedad y garantiza la calidad de los alimentos para su almacenamiento a largo plazo.<\/li>\n\n<li><strong>Soluci\u00f3n de almacenamiento polivalente: <\/strong>Proporcionamos cubos de almacenamiento de alimentos a granel en una variedad de colores y tama\u00f1os, adecuados para uso dom\u00e9stico, en restaurantes y cocinas comerciales, para satisfacer las necesidades de almacenamiento de diferentes alimentos, y facilitar la clasificaci\u00f3n y gesti\u00f3n de los ingredientes.<\/li>\n\n<li><strong>Resistente y f\u00e1cil de limpiar:<\/strong> Estos recipientes herm\u00e9ticos de almacenamiento a granel est\u00e1n fabricados con pl\u00e1stico PP duradero, antica\u00edda y antidesgaste, y la superficie lisa de nuestros recipientes de almacenamiento de alimentos a granel es f\u00e1cil de limpiar, lo que garantiza la comodidad de uso a largo plazo.<\/li><\/ul><\/div>\n\n<div class=\"wp-block-column is-layout-flow wp-block-column-is-layout-flow\"><figure class=\"wp-block-image size-full\"><img decoding=\"async\" width=\"800\" height=\"800\" src=\"https:\/\/www.gdwanjiada.net\/wp-content\/uploads\/2024\/09\/Food-Storage-Bins-Bulk-Airtight-Bulk-Storage-Containers-4.webp\" alt=\"Recipientes de Almacenamiento de Alimentos a Granel, Recipientes Herm\u00e9ticos de Almacenamiento a Granel-4\" class=\"wp-image-797\" srcset=\"https:\/\/www.gdwanjiada.net\/wp-content\/uploads\/2024\/09\/Food-Storage-Bins-Bulk-Airtight-Bulk-Storage-Containers-4.webp 800w, https:\/\/www.gdwanjiada.net\/wp-content\/uploads\/2024\/09\/Food-Storage-Bins-Bulk-Airtight-Bulk-Storage-Containers-4-300x300.webp 300w, https:\/\/www.gdwanjiada.net\/wp-content\/uploads\/2024\/09\/Food-Storage-Bins-Bulk-Airtight-Bulk-Storage-Containers-4-150x150.webp 150w, https:\/\/www.gdwanjiada.net\/wp-content\/uploads\/2024\/09\/Food-Storage-Bins-Bulk-Airtight-Bulk-Storage-Containers-4-768x768.webp 768w, https:\/\/www.gdwanjiada.net\/wp-content\/uploads\/2024\/09\/Food-Storage-Bins-Bulk-Airtight-Bulk-Storage-Containers-4-600x600.webp 600w, https:\/\/www.gdwanjiada.net\/wp-content\/uploads\/2024\/09\/Food-Storage-Bins-Bulk-Airtight-Bulk-Storage-Containers-4-100x100.webp 100w\" sizes=\"(max-width: 800px) 100vw, 800px\" \/><\/figure><\/div><\/div>","protected":false},"excerpt":{"rendered":"<p>Bienvenido a comprar recipientes herm\u00e9ticos para almacenar alimentos a granel. Nuestros recipientes de almacenamiento de alimentos a granel est\u00e1n hechos de pl\u00e1stico PP de calidad alimentaria, seguro y no t\u00f3xico, adecuado para el almacenamiento a largo plazo de diversos alimentos. El dise\u00f1o de tapa sellada garantiza la hermeticidad, mantiene eficazmente los alimentos frescos, evita la humedad y el deterioro. Resistentes y f\u00e1ciles de limpiar, garantizan la comodidad.<\/p>\n<h2>Caracter\u00edsticas del producto\uff1a<\/h2>\n<ul>\n<li>Fabricado en pl\u00e1stico PP de calidad alimentaria, seguro, no t\u00f3xico y sin BPA.<\/li>\n<li>La tapa sellada con dise\u00f1o abatible garantiza una buena hermeticidad.<\/li>\n<li>Adecuado para guardar todo tipo de alimentos y mantenerlos frescos.<\/li>\n<li>Duradero, a prueba de ca\u00eddas y f\u00e1cil de limpiar.<\/li>\n<li>Disponible en varios colores para adaptarse a diferentes necesidades de almacenamiento.<\/li>\n<li>Dise\u00f1o transl\u00facido para ver f\u00e1cilmente el contenido.<\/li>\n<\/ul>","protected":false},"featured_media":794,"comment_status":"closed","ping_status":"closed","template":"","meta":{"_acf_changed":false},"product_brand":[],"product_cat":[19],"product_tag":[],"class_list":{"0":"post-793","1":"product","2":"type-product","3":"status-publish","4":"has-post-thumbnail","6":"product_cat-storage-bins-in-bulk","8":"first","9":"instock","10":"shipping-taxable","11":"product-type-simple"},"acf":[],"_links":{"self":[{"href":"https:\/\/www.gdwanjiada.net\/es\/wp-json\/wp\/v2\/product\/793","targetHints":{"allow":["GET"]}}],"collection":[{"href":"https:\/\/www.gdwanjiada.net\/es\/wp-json\/wp\/v2\/product"}],"about":[{"href":"https:\/\/www.gdwanjiada.net\/es\/wp-json\/wp\/v2\/types\/product"}],"replies":[{"embeddable":true,"href":"https:\/\/www.gdwanjiada.net\/es\/wp-json\/wp\/v2\/comments?post=793"}],"wp:featuredmedia":[{"embeddable":true,"href":"https:\/\/www.gdwanjiada.net\/es\/wp-json\/wp\/v2\/media\/794"}],"wp:attachment":[{"href":"https:\/\/www.gdwanjiada.net\/es\/wp-json\/wp\/v2\/media?parent=793"}],"wp:term":[{"taxonomy":"product_brand","embeddable":true,"href":"https:\/\/www.gdwanjiada.net\/es\/wp-json\/wp\/v2\/product_brand?post=793"},{"taxonomy":"product_cat","embeddable":true,"href":"https:\/\/www.gdwanjiada.net\/es\/wp-json\/wp\/v2\/product_cat?post=793"},{"taxonomy":"product_tag","embeddable":true,"href":"https:\/\/www.gdwanjiada.net\/es\/wp-json\/wp\/v2\/product_tag?post=793"}],"curies":[{"name":"wp","href":"https:\/\/api.w.org\/{rel}","templated":true}]}}