{"id":773,"date":"2024-09-27T15:48:04","date_gmt":"2024-09-27T15:48:04","guid":{"rendered":"https:\/\/www.gdwanjiada.net\/?post_type=product&#038;p=773"},"modified":"2026-03-10T02:00:24","modified_gmt":"2026-03-10T02:00:24","slug":"plastic-storage-boxes-wholesale","status":"publish","type":"product","link":"https:\/\/www.gdwanjiada.net\/es\/producto\/plastic-storage-boxes-wholesale\/","title":{"rendered":"Cajas de Almacenaje de Pl\u00e1stico al por Mayor, Contenedores de Almacenaje a Granel de 4 Tama\u00f1os"},"content":{"rendered":"<h3 class=\"wp-block-heading has-text-align-center\">Especificaciones de las cajas de almacenamiento de pl\u00e1stico al por mayor<\/h3><figure class=\"wp-block-table\"><table class=\"has-fixed-layout\"><tbody><tr><td>Modelo<\/td><td>Material<\/td><td>Tama\u00f1o del producto\uff08cm\uff09<\/td><td>Embalaje Cantidad<br>\uff08pcs\uff09<\/td><td>Tama\u00f1o de la caja\uff08cm\uff09<\/td><td>Cantidad por embalaje\uff08pcs\uff09<\/td><td>G.W.\uff08kg\uff09<\/td><td>N.W.\uff08kg\uff09<\/td><\/tr><tr><td>9905<\/td><td>PP<\/td><td>49*32*26<\/td><td>15<\/td><td>0.96<\/td><td>0.96<\/td><td>14.9<\/td><td>14.4<\/td><\/tr><tr><td>9906<\/td><td>PP<\/td><td>57*38*31<\/td><td>15<\/td><td>1.37<\/td><td>1.37<\/td><td>21.1<\/td><td>20.6<\/td><\/tr><tr><td>9908<\/td><td>PP<\/td><td>73*50*41<\/td><td>10<\/td><td>2.6<\/td><td>2.6<\/td><td>26.5<\/td><td>26<\/td><\/tr><tr><td>9909<\/td><td>PP<\/td><td>80*56*46<\/td><td>10<\/td><td>3.37<\/td><td>3.37<\/td><td>34.2<\/td><td>33.7<\/td><\/tr><\/tbody><\/table><\/figure><div class=\"wp-block-columns is-layout-flex wp-container-core-columns-is-layout-9d6595d7 wp-block-columns-is-layout-flex\"><div class=\"wp-block-column is-layout-flow wp-block-column-is-layout-flow\" style=\"flex-basis:50%\"><h3 class=\"wp-block-heading has-text-align-left\">Ventajas de las cajas de pl\u00e1stico al por mayor<\/h3>\n\n<ul class=\"wp-block-list\"><li><strong>Material PP de alta calidad: <\/strong>Nuestras cajas de almacenamiento de pl\u00e1stico al por mayor est\u00e1n hechas de material de polipropileno de alta calidad, que es respetuoso con el medio ambiente y no t\u00f3xico, con una excelente durabilidad y resistencia, anti-ca\u00edda y duradero, lo que garantiza el uso a largo plazo sin ser f\u00e1cilmente da\u00f1ado.<\/li>\n\n<li><strong>Selecci\u00f3n de varios tama\u00f1os, almacenamiento flexible:<\/strong> Nuestros contenedores de almacenamiento a granel con tapa est\u00e1n disponibles en cuatro tama\u00f1os diferentes, adecuados para necesidades de almacenamiento diversificadas, desde art\u00edculos peque\u00f1os a art\u00edculos grandes, y son ampliamente utilizados en hogares, oficinas, almacenes y otros lugares, flexibles y pr\u00e1cticos.<\/li>\n\n<li><strong>Colores personalizables, dise\u00f1o personalizado: <\/strong>Los colores de estas cajas de almacenamiento de pl\u00e1stico al por mayor pueden personalizarse seg\u00fan las necesidades del cliente, proporcionando opciones de apariencia personalizada para garantizar que los productos combinen perfectamente con el estilo de decoraci\u00f3n y la imagen de marca de los distintos espacios.<\/li>\n\n<li><strong>Ligero y f\u00e1cil de mover, ahorra espacio: <\/strong>Estos contenedores de almacenamiento a granel con tapa son ligeros y f\u00e1ciles de mover. Es muy f\u00e1cil colocarlos o cambiarlos de posici\u00f3n. Al mismo tiempo, el dise\u00f1o apilable maximiza el ahorro de espacio de almacenamiento y optimiza la experiencia de uso.<\/li><\/ul><\/div>\n\n<div class=\"wp-block-column is-layout-flow wp-block-column-is-layout-flow\"><figure class=\"wp-block-image size-full\"><img decoding=\"async\" width=\"800\" height=\"800\" src=\"https:\/\/www.gdwanjiada.net\/wp-content\/uploads\/2024\/09\/Plastic-Storage-Boxes-Wholesale-4-Size-Bulk-Storage-Containers.webp\" alt=\"Cajas de Almacenaje de Pl\u00e1stico al por Mayor, Contenedores de Almacenaje a Granel de 4 Tama\u00f1os\" class=\"wp-image-774\" srcset=\"https:\/\/www.gdwanjiada.net\/wp-content\/uploads\/2024\/09\/Plastic-Storage-Boxes-Wholesale-4-Size-Bulk-Storage-Containers.webp 800w, https:\/\/www.gdwanjiada.net\/wp-content\/uploads\/2024\/09\/Plastic-Storage-Boxes-Wholesale-4-Size-Bulk-Storage-Containers-300x300.webp 300w, https:\/\/www.gdwanjiada.net\/wp-content\/uploads\/2024\/09\/Plastic-Storage-Boxes-Wholesale-4-Size-Bulk-Storage-Containers-150x150.webp 150w, https:\/\/www.gdwanjiada.net\/wp-content\/uploads\/2024\/09\/Plastic-Storage-Boxes-Wholesale-4-Size-Bulk-Storage-Containers-768x768.webp 768w, https:\/\/www.gdwanjiada.net\/wp-content\/uploads\/2024\/09\/Plastic-Storage-Boxes-Wholesale-4-Size-Bulk-Storage-Containers-600x600.webp 600w, https:\/\/www.gdwanjiada.net\/wp-content\/uploads\/2024\/09\/Plastic-Storage-Boxes-Wholesale-4-Size-Bulk-Storage-Containers-100x100.webp 100w\" sizes=\"(max-width: 800px) 100vw, 800px\" \/><\/figure><\/div><\/div>","protected":false},"excerpt":{"rendered":"<p>Bienvenido a comprar contenedores de almacenamiento al por mayor. Nuestras cajas de almacenamiento de pl\u00e1stico al por mayor est\u00e1n fabricadas con material PP de alta calidad, que es resistente, duradero, respetuoso con el medio ambiente y no t\u00f3xico. Est\u00e1n disponibles en cuatro tama\u00f1os diferentes y son adecuados para una variedad de usos. Admiten la personalizaci\u00f3n del color, su dise\u00f1o es ligero y f\u00e1cil de mover, por lo que es una opci\u00f3n ideal para el almacenamiento en el hogar, la oficina y el almac\u00e9n.<\/p>\n<h2>Caracter\u00edsticas del producto\uff1a<\/h2>\n<ul>\n<li>Fabricado con material PP (polipropileno) de alta calidad, respetuoso con el medio ambiente y duradero.<\/li>\n<li>Disponible en cuatro tama\u00f1os diferentes, adecuados para una gran variedad de usos.<\/li>\n<li>Admite colores personalizados para satisfacer diferentes necesidades.<\/li>\n<li>Dise\u00f1o ligero, f\u00e1cil de mover y almacenar.<\/li>\n<\/ul>","protected":false},"featured_media":774,"comment_status":"closed","ping_status":"closed","template":"","meta":{"_acf_changed":false},"product_brand":[],"product_cat":[19],"product_tag":[],"class_list":{"0":"post-773","1":"product","2":"type-product","3":"status-publish","4":"has-post-thumbnail","6":"product_cat-storage-bins-in-bulk","8":"first","9":"instock","10":"shipping-taxable","11":"product-type-simple"},"acf":[],"_links":{"self":[{"href":"https:\/\/www.gdwanjiada.net\/es\/wp-json\/wp\/v2\/product\/773","targetHints":{"allow":["GET"]}}],"collection":[{"href":"https:\/\/www.gdwanjiada.net\/es\/wp-json\/wp\/v2\/product"}],"about":[{"href":"https:\/\/www.gdwanjiada.net\/es\/wp-json\/wp\/v2\/types\/product"}],"replies":[{"embeddable":true,"href":"https:\/\/www.gdwanjiada.net\/es\/wp-json\/wp\/v2\/comments?post=773"}],"wp:featuredmedia":[{"embeddable":true,"href":"https:\/\/www.gdwanjiada.net\/es\/wp-json\/wp\/v2\/media\/774"}],"wp:attachment":[{"href":"https:\/\/www.gdwanjiada.net\/es\/wp-json\/wp\/v2\/media?parent=773"}],"wp:term":[{"taxonomy":"product_brand","embeddable":true,"href":"https:\/\/www.gdwanjiada.net\/es\/wp-json\/wp\/v2\/product_brand?post=773"},{"taxonomy":"product_cat","embeddable":true,"href":"https:\/\/www.gdwanjiada.net\/es\/wp-json\/wp\/v2\/product_cat?post=773"},{"taxonomy":"product_tag","embeddable":true,"href":"https:\/\/www.gdwanjiada.net\/es\/wp-json\/wp\/v2\/product_tag?post=773"}],"curies":[{"name":"wp","href":"https:\/\/api.w.org\/{rel}","templated":true}]}}